{"id":5451,"date":"2016-02-10T19:02:55","date_gmt":"2016-02-10T21:02:55","guid":{"rendered":"https:\/\/www.atins.me\/pt-br\/travel\/from-atins-2\/"},"modified":"2019-08-24T09:46:46","modified_gmt":"2019-08-24T12:46:46","slug":"de-atins","status":"publish","type":"page","link":"https:\/\/www.atins.me\/pt-br\/viagem\/de-atins\/","title":{"rendered":"De Atins"},"content":{"rendered":"<h2 id=\"atins-barreirinhas\">Atins\u00a0\u2013\u00a0Barreirinhas (~30km)<\/h2>\n<p><iframe loading=\"lazy\" src=\"https:\/\/mapsengine.google.com\/map\/embed?mid=zxSI7JzleyhY.kmaIFKULF_yo\" width=\"535\" height=\"225\"><\/iframe><\/p>\n<div class='box yellow' ><h3 class='title'><i class='icon-jeep'><\/i>Toyota<\/h3><\/p>\n<p>Normalmente todos os dias exceto domingos. Pe\u00e7a a sua pousada para confirmar e fa\u00e7a a sua reserva.<\/p>\n<ul>\n<li>Entre 05h00 &#8211; 06h00<\/li>\n<li>~ 2 horas<\/li>\n<li>R$ 40<\/li>\n<\/ul>\n<p>T\u00eam um Toyota saindo as 14h00 tamb\u00e9m.<\/p>\n<p>\n<\/div>\n<div class='box gray' ><h3 class='title'><i class='icon-boat'><\/i>Lancha Voadeira<\/h3><\/p>\n<p>H\u00e1 duas lanchas de linha entre Atins e Barreirinhas.<\/p>\n<p><strong>Satur:<\/strong> WA +55 98 99232 8780<\/p>\n<ul>\n<li>06h30, 14h00 (na temporada alta)<\/li>\n<li>~ 1,5 hora<\/li>\n<li>R$ 60 por pessoa<\/li>\n<\/ul>\n<p><strong>K-Be\u00e7a Turismo:<\/strong> WA +55 98 98827\u00a07715<\/p>\n<ul>\n<li>07h00<\/li>\n<li>~ 1,5 hora<\/li>\n<li>R$ 60 por pessoa<\/li>\n<\/ul>\n<p>Uma alternativa seria pedir uma passagem no retorno do passeio tur\u00edstico.<\/p>\n<ul>\n<li>~ 14h00<\/li>\n<li>~ 1,5 hora<\/li>\n<li>R$ 70 por pessoa<\/li>\n<\/ul>\n<p><strong>Alternativa:<\/strong> WA +55 98 98865 0905<\/p>\n<p><strong>Malibu:<\/strong> WA +55 98 98842 1660<\/p>\n<p class=\"p1\"><span class=\"s1\">Enfim, tem a op\u00e7\u00e3o fretar uma voadeira privativa.\u00a0<\/span><\/p>\n<ul class=\"ul1\">\n<li class=\"li2\"><span class=\"s1\">~ 1 hora<\/span><\/li>\n<li class=\"li2\"><span class=\"s1\">R$ 400 &#8211; 450 (4 pessoas)<\/span><\/li>\n<\/ul>\n<p class=\"p1\"><span class=\"s1\">Al\u00e9m das operadores acima tem:\u00a0<\/span><\/p>\n<p class=\"p1\"><span class=\"s1\"><b>Atins Len\u00e7\u00f3is:<\/b> WA +55 98 99104 9770<\/span><\/p>\n<p class=\"p1\"><span class=\"s1\"><b>Chico da Fia:<\/b> WA +55 98 99233 0708<\/span><\/p>\n<p>\n<\/div>\n<h3 id=\"barreirinhas-sao-luis\">Barreirinhas\u00a0\u2013\u00a0S\u00e3o Lu\u00eds (280km)<\/h3>\n<p><iframe loading=\"lazy\" src=\"https:\/\/mapsengine.google.com\/map\/embed?mid=zxSI7JzleyhY.kHKl5c3apIEI\" width=\"535\" height=\"225\"><\/iframe><\/p>\n<div class='box green' ><h3 class='title'><i class='icon-bus'><\/i>\u00d4nibus<\/h3><\/p>\n<p>O \u00f4nibus comum te leva \u00e0 rodovi\u00e1ria de S\u00e3o Lu\u00eds. Tamb\u00e9m deixam passageiros descer na rotat\u00f3ria do aeroporto (800m). Se for levado para o centro hist\u00f3rico, lembre-se que ter\u00e1 que pegar um outro t\u00e1xi da rodovi\u00e1ria ao seu hotel.<\/p>\n<p><strong><a href=\"http:\/\/www.cisnebrancoturismo.com.br\/\" target=\"_blank\" rel=\"noopener noreferrer\">Cisne Branco<\/a><\/strong><\/p>\n<ul>\n<li><span style=\"line-height: 1.5;\">06h00 \u00a0 &#8211; \u00a0 09h00 \u00a0 &#8211; \u00a0 14h00 \u00a0 &#8211; \u00a0 18h45<\/span><\/li>\n<li>~ 5 horas<\/li>\n<li>R$ 60<\/li>\n<\/ul>\n<p><strong><a href=\"https:\/\/www.expressoguanabara.com.br\/\" target=\"_blank\" rel=\"noopener noreferrer\">Guanabara<\/a><\/strong><\/p>\n<ul>\n<li>00h16\u00a0 \u00a0&#8211;\u00a0 \u00a009h40\u00a0 \u00a0&#8211;\u00a0 16h40<\/li>\n<li>~ 4,5 horas<\/li>\n<li>R$ 60,50<\/li>\n<\/ul>\n<p>\n<\/div>\n<div class='box yellow' ><h3 class='title'><i class='icon-taxi'><\/i>T\u00e1xi<\/h3><\/p>\n<p>A Cooperativa \u00e9 localizada na esquina da Pra\u00e7a do Trabalhador. O taxista leva os passageiros ao hotel ou diretamente ao aeroporto em S\u00e3o Lu\u00eds.<\/p>\n<ul>\n<li>~ 3,5 horas<\/li>\n<li>R$ 70 por pessoa<\/li>\n<li>R$ 400 privativo (4 pessoas)<\/li>\n<\/ul>\n<p><strong>Coopcart:<\/strong> WA <span class=\"s1\">+55 98 99132 9047<\/span><\/p>\n<p>\n<\/div>\n<div class='box green' ><h3 class='title'><i class='icon-minibus'><\/i>Micro\u00f4nibus<\/h3><\/p>\n<p>O micro\u00f4nibus leva os passageiros ao hotel ou diretamente ao aeroporto em S\u00e3o Lu\u00eds. Melhor agendar com anteced\u00eancia e confirmar os hor\u00e1rios e o lugar de encontro.<\/p>\n<ul>\n<li>~4,5 horas<\/li>\n<li>R$ 60 por pessoa<\/li>\n<\/ul>\n<p><strong>BRTur: <\/strong>WA\u00a0+ 55 98 98114 3649, reservasbrtur@gmail.com<\/p>\n<ul>\n<li>16h30<\/li>\n<\/ul>\n<p><strong>Divertix:<\/strong> WA +55 98 99115 1558<\/p>\n<ul>\n<li>08h30<\/li>\n<\/ul>\n<p><strong>Encanto dos Len\u00e7\u00f3is:<\/strong> WA +55 98 99607 3792<\/p>\n<ul>\n<li>16h30<\/li>\n<\/ul>\n<p><strong>Fanttur: <\/strong>WA +55 98 98876 1610, fanttur.turismo@hotmail.com<\/p>\n<ul>\n<li>16h30<\/li>\n<\/ul>\n<p><strong>Tigre: <\/strong>WA +55 98 99611 3331<\/p>\n<ul>\n<li>08h30\u00a0 &#8211; \u00a0 16h30<\/li>\n<\/ul>\n<p>\n<\/div>\n<h3 id=\"barreirinhas-santo-amaro\">Barreirinhas \u2013 Santo Amaro (100km)<\/h3>\n<p><iframe loading=\"lazy\" src=\"https:\/\/www.google.com\/maps\/d\/embed?mid=1VS59ss_nvlWCJuIDZ3D0Z7L0wqBQnkbe\" width=\"535\" height=\"225\"><\/iframe><\/p>\n<div class='box yellow' ><h3 class='title'><i class='icon-taxi'><\/i>T\u00e1xi<\/h3><\/p>\n<p><strong>Coopcart:<\/strong> WA <span class=\"s1\">+55 98 99132 9047<\/span><\/p>\n<ul>\n<li>~ 1,5 hora<\/li>\n<li>R$ 300 privativo (at\u00e9 4 pessoas)<\/li>\n<\/ul>\n<p>\n<\/div>\n<div class='box green' ><h3 class='title'><i class='icon-minibus'><\/i>Micro\u00f4nibus<\/h3><\/p>\n<p><strong>Cacau Viagens &amp; Denilson Viagens:\u00a0<\/strong>WA +55 98 98752 9762<\/p>\n<ul>\n<li>12h00<\/li>\n<li>~2 horas<\/li>\n<li>R$ 30 por pessoa<\/li>\n<\/ul>\n<p>\n<\/div>\n<h3 id=\"barreirinhas-sao-luis\"><\/h3>\n<h3 id=\"barreirinhas-parnaiba\">Barreirinhas \u2013 Parna\u00edba (200km)<\/h3>\n<p><iframe loading=\"lazy\" src=\"https:\/\/www.google.com\/maps\/d\/embed?mid=1CgxFTzsPpyBuIM_pPVS14utP2h4CsPfA\" width=\"535\" height=\"225\"><\/iframe><\/p>\n<div class='box yellow' ><h3 class='title'><i class='icon-taxi'><\/i>T\u00e1xi<\/h3><\/p>\n<ul>\n<li>~ 3,5 horas<\/li>\n<li>R$ 550 privativo (at\u00e9 4 pessoas)<\/li>\n<\/ul>\n<p><strong>Coopcart:<\/strong> WA <span class=\"s1\">+55 98 99132 9047<\/span><\/p>\n<p>\n<\/div>\n<div class='box green' ><h3 class='title'><i class='icon-bus'><\/i>\u00d4nibus<\/h3><\/p>\n<p><strong><em>Barreirinhas &#8211; Tutoia<\/em><\/strong><\/p>\n<p><strong><a href=\"http:\/\/www.cisnebrancoturismo.com.br\/\" target=\"_blank\" rel=\"noopener noreferrer\">Cisne Branco<\/a><\/strong><\/p>\n<ul>\n<li><span style=\"line-height: 1.5;\">11h00 \u00a0 &#8211;\u00a0 \u00a019h00\u00a0 \u00a0\u00a0<\/span><\/li>\n<li>~ 2 horas<\/li>\n<li>R$ 18 por pessoa<\/li>\n<\/ul>\n<p><strong><a href=\"https:\/\/www.expressoguanabara.com.br\/\" target=\"_blank\" rel=\"noopener noreferrer\">Guanabara<\/a>\u00a0<\/strong><\/p>\n<ul>\n<li>12h00\u00a0 \u00a0&#8211;\u00a0 \u00a022h00\u00a0 \u00a0&#8211;\u00a0 01h00<\/li>\n<li>~ 2 horas<\/li>\n<li>R$ 16 por pessoa<\/li>\n<\/ul>\n<p>Os bilhetes sejam dispon\u00edvel do <a href=\"http:\/\/www.santosturismo.com\" target=\"_blank\" rel=\"noopener noreferrer\">Santos Turismo<\/a> na rotat\u00f3ria.<\/p>\n<p><a href=\"http:\/\/www.santosturismo.com\" target=\"_blank\" rel=\"noopener noreferrer\">Santos Turismo<\/a><\/p>\n<p><strong><em>Tutoia &#8211; Parna\u00edba<\/em><\/strong><\/p>\n<p><strong>Rota do Mar:<\/strong> WA +55 86 98805 7228<\/p>\n<ul>\n<li>04h30 \u00a0 \u2013\u00a0 \u00a009h30 \u00a0 \u2013 \u00a0 15h00<\/li>\n<li>~ 3 horas<\/li>\n<li>R$ 20 por pessoa<\/li>\n<\/ul>\n<p>\n<\/div>\n<div class='box green' ><h3 class='title'><i class='icon-minibus'><\/i>Micro\u00f4nibus<\/h3><\/p>\n<p>Roteiro de\u00a0 Barreirinhas &#8211; Parna\u00edba &#8211; Jericoacoara feito em dois trechos em dias seguidos.<\/p>\n<p>Barreirinhas &#8211; Parna\u00edba :<\/p>\n<ul>\n<li>~ 09h00<\/li>\n<li>4 horas<\/li>\n<li>ter\u00e7as, quintas<\/li>\n<li>R$ 125 por pessoa<\/li>\n<\/ul>\n<p>Parna\u00edba &#8211; Jericoacoara (via Barra Grande e com visita a Lagoa do Para\u00ed\u00adso):<\/p>\n<ul>\n<li>~06h00<\/li>\n<li>7 horas<\/li>\n<li>segundas, quartas, sextas<\/li>\n<li>R$ 125 por pessoa<\/li>\n<\/ul>\n<p><strong><a href=\"https:\/\/www.rotacombo.com\" target=\"_blank\" rel=\"noopener noreferrer\">Rota Combo<\/a>:<\/strong> WA +55 86 99993-0111<\/p>\n<p>\n<\/div>\n","protected":false},"excerpt":{"rendered":"<p>Atins\u00a0\u2013\u00a0Barreirinhas (~30km) Barreirinhas\u00a0\u2013\u00a0S\u00e3o Lu\u00eds (280km) Barreirinhas \u2013 Santo Amaro (100km) Barreirinhas \u2013 Parna\u00edba (200km)<\/p>\n","protected":false},"author":2,"featured_media":0,"parent":1672,"menu_order":2,"comment_status":"closed","ping_status":"closed","template":"template-with-sidebar.php","meta":{"_mi_skip_tracking":false,"_monsterinsights_sitenote_active":false,"_monsterinsights_sitenote_note":"","_monsterinsights_sitenote_category":0,"footnotes":""},"yoast_head":"<!-- This site is optimized with the Yoast SEO plugin v21.0 - https:\/\/yoast.com\/wordpress\/plugins\/seo\/ -->\n<title>De Atins &ndash; Atins<\/title>\n<meta name=\"robots\" content=\"index, follow, max-snippet:-1, max-image-preview:large, max-video-preview:-1\" \/>\n<link rel=\"canonical\" href=\"https:\/\/www.atins.me\/pt-br\/viagem\/de-atins\/\" \/>\n<meta property=\"og:locale\" content=\"pt_PT\" \/>\n<meta property=\"og:type\" content=\"article\" \/>\n<meta property=\"og:title\" content=\"De Atins &ndash; Atins\" \/>\n<meta property=\"og:description\" content=\"Atins\u00a0\u2013\u00a0Barreirinhas (~30km) Barreirinhas\u00a0\u2013\u00a0S\u00e3o Lu\u00eds (280km) Barreirinhas \u2013 Santo Amaro (100km) Barreirinhas \u2013 Parna\u00edba (200km)\" \/>\n<meta property=\"og:url\" content=\"https:\/\/www.atins.me\/pt-br\/viagem\/de-atins\/\" \/>\n<meta property=\"og:site_name\" content=\"Atins\" \/>\n<meta property=\"article:publisher\" content=\"http:\/\/www.facebook.com\/conventoarcadia\" \/>\n<meta property=\"article:modified_time\" content=\"2019-08-24T12:46:46+00:00\" \/>\n<meta name=\"twitter:card\" content=\"summary_large_image\" \/>\n<meta name=\"twitter:site\" content=\"@atinsme\" \/>\n<meta name=\"twitter:label1\" content=\"Est. reading time\" \/>\n\t<meta name=\"twitter:data1\" content=\"2 minutes\" \/>\n<script type=\"application\/ld+json\" class=\"yoast-schema-graph\">{\"@context\":\"https:\/\/schema.org\",\"@graph\":[{\"@type\":\"WebPage\",\"@id\":\"https:\/\/www.atins.me\/pt-br\/viagem\/de-atins\/\",\"url\":\"https:\/\/www.atins.me\/pt-br\/viagem\/de-atins\/\",\"name\":\"De Atins &ndash; Atins\",\"isPartOf\":{\"@id\":\"https:\/\/www.atins.me\/es\/#website\"},\"datePublished\":\"2016-02-10T21:02:55+00:00\",\"dateModified\":\"2019-08-24T12:46:46+00:00\",\"breadcrumb\":{\"@id\":\"https:\/\/www.atins.me\/pt-br\/viagem\/de-atins\/#breadcrumb\"},\"inLanguage\":\"pt\",\"potentialAction\":[{\"@type\":\"ReadAction\",\"target\":[\"https:\/\/www.atins.me\/pt-br\/viagem\/de-atins\/\"]}]},{\"@type\":\"BreadcrumbList\",\"@id\":\"https:\/\/www.atins.me\/pt-br\/viagem\/de-atins\/#breadcrumb\",\"itemListElement\":[{\"@type\":\"ListItem\",\"position\":1,\"name\":\"Home\",\"item\":\"https:\/\/www.atins.me\/pt-br\/\"},{\"@type\":\"ListItem\",\"position\":2,\"name\":\"Viagem\",\"item\":\"https:\/\/www.atins.me\/pt-br\/viagem\/\"},{\"@type\":\"ListItem\",\"position\":3,\"name\":\"De Atins\"}]},{\"@type\":\"WebSite\",\"@id\":\"https:\/\/www.atins.me\/es\/#website\",\"url\":\"https:\/\/www.atins.me\/es\/\",\"name\":\"Atins\",\"description\":\"Len\u00e7\u00f3is Maranhenses\",\"potentialAction\":[{\"@type\":\"SearchAction\",\"target\":{\"@type\":\"EntryPoint\",\"urlTemplate\":\"https:\/\/www.atins.me\/es\/?s={search_term_string}\"},\"query-input\":\"required name=search_term_string\"}],\"inLanguage\":\"pt\"}]}<\/script>\n<!-- \/ Yoast SEO plugin. -->","yoast_head_json":{"title":"De Atins &ndash; Atins","robots":{"index":"index","follow":"follow","max-snippet":"max-snippet:-1","max-image-preview":"max-image-preview:large","max-video-preview":"max-video-preview:-1"},"canonical":"https:\/\/www.atins.me\/pt-br\/viagem\/de-atins\/","og_locale":"pt_PT","og_type":"article","og_title":"De Atins &ndash; Atins","og_description":"Atins\u00a0\u2013\u00a0Barreirinhas (~30km) Barreirinhas\u00a0\u2013\u00a0S\u00e3o Lu\u00eds (280km) Barreirinhas \u2013 Santo Amaro (100km) Barreirinhas \u2013 Parna\u00edba (200km)","og_url":"https:\/\/www.atins.me\/pt-br\/viagem\/de-atins\/","og_site_name":"Atins","article_publisher":"http:\/\/www.facebook.com\/conventoarcadia","article_modified_time":"2019-08-24T12:46:46+00:00","twitter_card":"summary_large_image","twitter_site":"@atinsme","twitter_misc":{"Est. reading time":"2 minutes"},"schema":{"@context":"https:\/\/schema.org","@graph":[{"@type":"WebPage","@id":"https:\/\/www.atins.me\/pt-br\/viagem\/de-atins\/","url":"https:\/\/www.atins.me\/pt-br\/viagem\/de-atins\/","name":"De Atins &ndash; Atins","isPartOf":{"@id":"https:\/\/www.atins.me\/es\/#website"},"datePublished":"2016-02-10T21:02:55+00:00","dateModified":"2019-08-24T12:46:46+00:00","breadcrumb":{"@id":"https:\/\/www.atins.me\/pt-br\/viagem\/de-atins\/#breadcrumb"},"inLanguage":"pt","potentialAction":[{"@type":"ReadAction","target":["https:\/\/www.atins.me\/pt-br\/viagem\/de-atins\/"]}]},{"@type":"BreadcrumbList","@id":"https:\/\/www.atins.me\/pt-br\/viagem\/de-atins\/#breadcrumb","itemListElement":[{"@type":"ListItem","position":1,"name":"Home","item":"https:\/\/www.atins.me\/pt-br\/"},{"@type":"ListItem","position":2,"name":"Viagem","item":"https:\/\/www.atins.me\/pt-br\/viagem\/"},{"@type":"ListItem","position":3,"name":"De Atins"}]},{"@type":"WebSite","@id":"https:\/\/www.atins.me\/es\/#website","url":"https:\/\/www.atins.me\/es\/","name":"Atins","description":"Len\u00e7\u00f3is Maranhenses","potentialAction":[{"@type":"SearchAction","target":{"@type":"EntryPoint","urlTemplate":"https:\/\/www.atins.me\/es\/?s={search_term_string}"},"query-input":"required name=search_term_string"}],"inLanguage":"pt"}]}},"jetpack_sharing_enabled":true,"_links":{"self":[{"href":"https:\/\/www.atins.me\/pt-br\/wp-json\/wp\/v2\/pages\/5451"}],"collection":[{"href":"https:\/\/www.atins.me\/pt-br\/wp-json\/wp\/v2\/pages"}],"about":[{"href":"https:\/\/www.atins.me\/pt-br\/wp-json\/wp\/v2\/types\/page"}],"author":[{"embeddable":true,"href":"https:\/\/www.atins.me\/pt-br\/wp-json\/wp\/v2\/users\/2"}],"replies":[{"embeddable":true,"href":"https:\/\/www.atins.me\/pt-br\/wp-json\/wp\/v2\/comments?post=5451"}],"version-history":[{"count":0,"href":"https:\/\/www.atins.me\/pt-br\/wp-json\/wp\/v2\/pages\/5451\/revisions"}],"up":[{"embeddable":true,"href":"https:\/\/www.atins.me\/pt-br\/wp-json\/wp\/v2\/pages\/1672"}],"wp:attachment":[{"href":"https:\/\/www.atins.me\/pt-br\/wp-json\/wp\/v2\/media?parent=5451"}],"curies":[{"name":"wp","href":"https:\/\/api.w.org\/{rel}","templated":true}]}}