{"id":5446,"date":"2016-02-10T18:34:18","date_gmt":"2016-02-10T20:34:18","guid":{"rendered":"https:\/\/www.atins.me\/pt-br\/travel\/to-atins\/"},"modified":"2019-08-24T10:01:58","modified_gmt":"2019-08-24T13:01:58","slug":"para-atins","status":"publish","type":"page","link":"https:\/\/www.atins.me\/pt-br\/viagem\/para-atins\/","title":{"rendered":"Para Atins"},"content":{"rendered":"<h2 id=\"sao-luis-airport\">S\u00e3o Lu\u00eds Aeroporto \u2013 S\u00e3o Lu\u00eds Centro<\/h2>\r\n<div class='box yellow' ><h3 class='title'><i class='icon-taxi'><\/i>T\u00e1xi<\/h3><\/p>\n<p>T\u00e1xis (credenciados) at\u00e9 Centro Hist\u00f3rico:<\/p>\n<ul>\n<li>R$ 55<\/li>\n<\/ul>\n<p>Op\u00e7\u00e3o econ\u00f4mica: saindo do aeroporto, mantendo \u00e0 esquerda, caminhe 800 metros no sentido da rotat\u00f3ria, a\u00ed, voc\u00ea vai encontrar muitos moto t\u00e1xis e t\u00e1xis comuns. A Uber tamb\u00e9m est\u00e1 operando em S\u00e3o Lu\u00eds e cobra cerca de 60% do pre\u00e7o do t\u00e1xi.<\/p>\n<p>\n<\/div>\r\n<p>&nbsp;<\/p>\r\n<h2 id=\"sao-luis-barreirinhas\">S\u00e3o Lu\u00eds \u2013 Barreirinhas (280km)<\/h2>\r\n<p><iframe loading=\"lazy\" src=\"https:\/\/mapsengine.google.com\/map\/embed?mid=zxSI7JzleyhY.kn0fLdsh74XQ\" width=\"535\" height=\"225\"><\/iframe><\/p>\r\n<div class='box green' ><h3 class='title'><i class='icon-bus'><\/i>\u00d4nibus<\/h3><\/p>\n<p>O rodovi\u00e1ria se encontra perto do aeroporto. O \u00f4nibus \u00e9 uma\u00a0 op\u00e7\u00e3o conveniente quando cheguem diretamente do aeroporto, caso contr\u00e1rio, considere o pre\u00e7o do t\u00e1xi para chegar do centro \u00e0 rodovi\u00e1ria.<\/p>\n<p><strong><a href=\"http:\/\/www.cisnebrancoturismo.com.br\/\" target=\"_blank\" rel=\"noopener noreferrer\">Cisne Branco<\/a><\/strong><\/p>\n<ul>\n<li>06h00 \u00a0 &#8211; \u00a0 08h45 \u00a0 &#8211; \u00a0 14h00 \u00a0 &#8211; \u00a0 19h30<\/li>\n<li>~ 5 horas<\/li>\n<li>R$ 60<\/li>\n<\/ul>\n<p><strong><a href=\"https:\/\/www.expressoguanabara.com.br\/\" target=\"_blank\" rel=\"noopener noreferrer\">Guanabara<\/a><\/strong><\/p>\n<ul>\n<li>07h30 \u00a0 &#8211;\u00a0 \u00a018h00\u00a0 \u00a0&#8211;\u00a0 \u00a021h00\u00a0<\/li>\n<li>~ 4,5 horas<\/li>\n<li>R$ 62,50<\/li>\n<\/ul>\n<p>\n<\/div>\r\n<div class='box yellow' ><h3 class='title'><i class='icon-taxi'><\/i>T\u00e1xi<\/h3><p>Buscam passageiros no hotel ou diretamente do aeroporto. Caso esteja indo direto do aeroporto para Barreirinhas seja melhor reservar com anteced\u00eancia.<\/p>\n<ul>\n<li>~ 3.5 horas<\/li>\n<li>R$ 70 por pessoa<\/li>\n<li>R$ 400 privativo<\/li>\n<\/ul>\n<p><strong>Coopcart:<\/strong> WA <span class=\"s1\">+55 98 99132 9047<\/span><\/p>\n<p>\n<\/div>\r\n<div class='box green' ><h3 class='title'><i class='icon-minibus'><\/i>Micro\u00f4nibus<\/h3><\/p>\n<ul>\n<li>~4,5 horas<\/li>\n<li>60 R$ por pessoa<\/li>\n<\/ul>\n<p><strong>BRTur: <\/strong>WA\u00a0+ 55 98 98114 3649, reservasbrtur@gmail.com<\/p>\n<ul>\n<li>07h00\u00a0\u00a0<\/li>\n<\/ul>\n<p><strong>Divertix:<\/strong> WA +55 98 99115 1558<\/p>\n<ul>\n<li>15h30\u00a0\u00a0<\/li>\n<\/ul>\n<p><strong>Encanto dos Len\u00e7\u00f3is:<\/strong> WA +55 98 99607 3792<\/p>\n<ul>\n<li>06h30\u00a0\u00a0<\/li>\n<\/ul>\n<p><strong>Fanttur: <\/strong>WA +55 98 98876 1610, fanttur.turismo@hotmail.com<\/p>\n<ul>\n<li>06h30\u00a0<\/li>\n<\/ul>\n<p><strong>Tigre: <\/strong>WA +55 98 99611 3331<\/p>\n<ul>\n<li>04h00 \u00a0 &#8211; \u00a0 07h00\u00a0 \u00a0&#8211; \u00a0 16h30\u00a0<\/li>\n<\/ul>\n<p>\n<\/div>\r\n<p>&nbsp;<\/p>\r\n<h2 id=\"barreirinhas-atins\">Barreirinhas \u2013 Atins (~30km)<\/h2>\r\n<p><iframe loading=\"lazy\" src=\"https:\/\/mapsengine.google.com\/map\/embed?mid=zxSI7JzleyhY.kmaIFKULF_yo\" width=\"535\" height=\"225\"><\/iframe><\/p>\r\n<div class='box yellow' ><h3 class='title'><i class='icon-jeep'><\/i>4x4<\/h3><\/p>\n<p>Saindo entre 10h00 \u2013 11h00 todos os dias exceto domingo. Diversos carros saem de Agro Veterin\u00e1ria Correa localizado em uma rua paralela atr\u00e1s da rua principal (Banco Do Brasil) na Rua Maj. Galas. Poucas vezes tem mais uma sa\u00edda entre 13h00 \u2013 15h00.<\/p>\n<ul>\n<li>~ 2 horas<\/li>\n<li>R$ 40 por pessoa<\/li>\n<\/ul>\n<p>\n<\/div>\r\n<div class='box gray' ><h3 class='title'><i class='icon-boat'><\/i>Lancha voadeira<\/h3><\/p>\n<p>H\u00e1 duas lanchas de linha entre Barreirinhas e Atins.<\/p>\n<p><strong>Satur:<\/strong> WA +55 98 99232 8780<\/p>\n<ul>\n<li>12h00, 16h00 (na temporada alta)\u00a0<\/li>\n<li>~ 1,5 hora<\/li>\n<li>R$ 60 por pessoa<\/li>\n<\/ul>\n<p><strong>K-Be\u00e7a Turismo:<\/strong> WA +55 98 98827\u00a07715<\/p>\n<ul>\n<li>12h30\u00a0<\/li>\n<li>~ 1,5 hora<\/li>\n<li>R$ 60 por pessoa<\/li>\n<\/ul>\n<p>Uma alternativa seria escolher um passeio tur\u00edstico para aproveitar o Rio Pregui\u00e7as com as paradas em Vassouras, Mandacar\u00fa e Cabur\u00e9.<\/p>\n<ul>\n<li>~ 08h30<\/li>\n<li>~ 5-6 horas<\/li>\n<li>R$ 70 &#8211; 80 por pessoa<\/li>\n<\/ul>\n<p><strong>Alternativa:<\/strong> WA +55 98 98865 0905<\/p>\n<p><strong>Malibu:<\/strong> WA +55 98 98842 1660<\/p>\n<p class=\"p1\"><span class=\"s1\">Enfim, tem a op\u00e7\u00e3o fretar uma voadeira privativa.\u00a0<\/span><\/p>\n<ul class=\"ul1\">\n<li class=\"li2\"><span class=\"s1\">~ 1 hora<\/span><\/li>\n<li class=\"li2\"><span class=\"s1\">R$ 400 &#8211; 450 (4 pessoas)<\/span><\/li>\n<\/ul>\n<p class=\"p1\"><span class=\"s1\">Al\u00e9m das operadores acima tem:\u00a0<\/span><\/p>\n<p class=\"p1\"><span class=\"s1\"><b>Atins Len\u00e7\u00f3is:<\/b> WA +55 98 99104 9770<\/span><\/p>\n<p class=\"p1\"><span class=\"s1\"><b>Chico da Fia:<\/b> WA +55 98 99233 0708<\/span><\/p>\n<p>\n<\/div>\r\n<h3>\u00a0<\/h3>\r\n<h2 id=\"jericoacoara-barreirinhas\">Jericoacoara &#8211; Barreirinhas (~ 400km)<\/h2>\r\n<p><iframe loading=\"lazy\" src=\"https:\/\/mapsengine.google.com\/map\/embed?mid=zxSI7JzleyhY.kwPFq3anFxLI\" width=\"535\" height=\"225\"><\/iframe><\/p>\r\n<h3>Direto<\/h3>\r\n<div class='box yellow' ><h3 class='title'><i class='icon-jeep'><\/i>Carro particular<\/h3><\/p>\n<ul>\n<li>7 horas<\/li>\n<li>~ R$ 1000 &#8211; R$ 1200 por carro (at\u00e9 4 pessoas)<\/li>\n<\/ul>\n<p>\n<\/div>\r\n<h3>M\u00faltiplos dias<\/h3>\r\n<div class='box yellow' ><h3 class='title'><i class='icon-jeep'><\/i>Carro particular<\/h3><\/p>\n<p>Jornada de 2 &#8211; 3 dias de Jeri aos Len\u00e7\u00f3is Maranhenses. V\u00e1rias ag\u00eancias e diversos motoristas particulares oferecem v\u00e1rios pacotes. Pesquise os melhores pre\u00e7os, especialmente na baixa temporada.<\/p>\n<ul>\n<li>2 &#8211; 3 dias<\/li>\n<li>$ 1500+ por carro (at\u00e9 4 pessoas, apenas traslado)<\/li>\n<\/ul>\n<p>\n<\/div>\r\n<div class='box green' ><h3 class='title'><i class='icon-minibus'><\/i>Micro\u00f4nibus<\/h3><\/p>\n<p>Roteiro de Jericoacoara &#8211; Parna\u00edba &#8211; Barreirinhas feito em dois trechos em dias seguidos.\u00a0<\/p>\n<p>Jericoacoara &#8211; Parna\u00edba (via Barra Grande):<\/p>\n<ul>\n<li>~ 09h30<\/li>\n<li>4 horas<\/li>\n<li>segundas, quartas, sextas<\/li>\n<li>R$ 125 por pessoa\u00a0<\/li>\n<\/ul>\n<p>Parna\u00edba &#8211; Barreirinhas:<\/p>\n<ul>\n<li>~05h30<\/li>\n<li>4 horas<\/li>\n<li>ter\u00e7as, quintas<\/li>\n<li>R$ 125 por pessoa\u00a0<\/li>\n<\/ul>\n<p><strong><a href=\"https:\/\/www.rotacombo.com\" target=\"_blank\" rel=\"noopener noreferrer\">Rota Combo<\/a>:<\/strong> WA +55 86 99993-0111<\/p>\n<p>\n<\/div>\r\n<div class='box gray' style='color:#fff;border-color:#fff;background-color:#545454;'><h3 class='title'><i class='icon-none'><\/i>Transporte p\u00fablico<\/h3><\/p>\n<p>Uma jornada de 2 dias: paradas opcionais em Barra Grande, Parna\u00edba, Tut\u00f3ia, Paulino Neves, Cabur\u00e9\/Barreirinhas.<\/p>\n<ul>\n<li>2+ dias<\/li>\n<li>A partir de R$ 200 por pessoa<\/li>\n<\/ul>\n<p>\n<\/div>\r\n<hr \/>\r\n<h4>Escalas<\/h4>\r\n<hr \/>\r\n<h4>\u00a0<strong>Jericoacoara &#8211; Camocim<\/strong><\/h4>\r\n<div class='box yellow' ><h3 class='title'><i class='icon-jeep'><\/i>4x4<\/h3><\/p>\n<p>\u00c9 um passeio cinematogr\u00e1fico pelo litoral. Reserve em qualquer ag\u00eancia em Jeri.<\/p>\n<ul>\n<li>~ 2 horas<\/li>\n<\/ul>\n<p>\n<\/div>\r\n<div class='box green' ><h3 class='title'><i class='icon-bus'><\/i>\u00d4nibus<\/h3><\/p>\n<p>Pelo interior passando Jijoca.\u00a0<\/p>\n<p>\n<\/div>\r\n<h4>Camocim &#8211; Parna\u00edba<\/h4>\r\n<div class='box green' ><h3 class='title'><i class='icon-bus'><\/i>\u00d4nibus<\/h3><\/p>\n<p>Para Barra Grande deveria descer em Camurupim e continuar at\u00e9 Barra Grande. At\u00e9 Parna\u00edba (direto) \u00e9:<\/p>\n<ul>\n<li>~ 2 horas<\/li>\n<li>~ R$ 25<\/li>\n<\/ul>\n<p><strong><a href=\"https:\/\/www.expressoguanabara.com.br\/\" target=\"_blank\" rel=\"noopener noreferrer\">Guanabara<\/a><\/strong><\/p>\n<p>\n<\/div>\r\n<div class='box gray' style='color:#fff;border-color:#fff;background-color:#545454;'><h3 class='title'><i class='icon-none'><\/i>Camurupim - Barra Grande<\/h3><\/p>\n<p>H\u00e1 \u00f4nibus saindo duas vezes por dia, ou voc\u00ea pode tentar pegar uma carona. Se voc\u00ea reservar a sua estadia em Barra Grande com anteced\u00eancia, pergunte sua pousada se eles podem busc\u00e1-lo em Camurupim, ou mesmo em Camocim.<\/p>\n<p>\n<\/div>\r\n<h4><strong>Barra Grande &#8211; Parna\u00edba<\/strong><\/h4>\r\n<div class='box green' ><h3 class='title'><i class='icon-bus'><\/i>\u00d4nibus<\/h3><\/p>\n<ul>\n<li>1 hora<\/li>\n<\/ul>\n<p>\n<\/div>\r\n<div class='box green' ><h3 class='title'><i class='icon-minibus'><\/i>Micro\u00f4nibus<\/h3><\/p>\n<p>O micro\u00f4nibus \u00e9 um pouco mais r\u00e1pido que o \u00f4nibus comum.<\/p>\n<p>\n<\/div>\r\n<h4>Parna\u00edba &#8211; Tut\u00f3ia<\/h4>\r\n<div class='box gray' ><h3 class='title'><i class='icon-boat'><\/i>Lancha<\/h3><\/p>\n<p>\u00c0s vezes as ag\u00eancias oferecem tarifas mais baratas quando j\u00e1 tiver um traslado confirmado uma reserva para a volta. As tarifas normais:<\/p>\n<ul>\n<li>~3-4 horas<\/li>\n<li>~ R$ 800 lancha particular (at\u00e9 4 pessoas)<\/li>\n<\/ul>\n<p>V\u00e1 ao <em>Porto das Barcas<\/em> para reservar uma lancha de Parna\u00edba para Tut\u00f3ia.\u00a0<\/p>\n<ul>\n<li><a title=\"Clip Ecoturismo\" href=\"http:\/\/www.clipecoturismo.com.br\" target=\"_blank\" rel=\"noopener noreferrer\">Clip<\/a><\/li>\n<li><a href=\"https:\/\/www.rotacombo.com\/\" target=\"_blank\" rel=\"noopener noreferrer\">Rota Combo<\/a><\/li>\n<\/ul>\n<p>A maioria das lanchas saem do Tatus que fica h\u00e1 cerca de 15 minutos de t\u00e1xi ou ~ 30 minutos de \u00f4nibus.<\/p>\n<p>Voc\u00ea tamb\u00e9m pode ir por conta pr\u00f3pria direto de \u00f4nibus para Tatus e negociar uma tarifa no local.<\/p>\n<p>Para os viajantes interessados em explorar o Delta e sua rica fauna e flora \u00e9 recomendado organizar um lancha e passar um ou dois dias explorando o estu\u00e1rio.<\/p>\n<p>\n<\/div>\r\n<div class='box green' ><h3 class='title'><i class='icon-bus'><\/i>\u00d4nibus<\/h3><\/p>\n<p><strong>Rota do Mar:<\/strong> WA +55 86 98805-7228<\/p>\n<ul>\n<li>05h30 \u00a0 \u2013\u00a0 \u00a011h30 \u00a0 \u2013\u00a0 \u00a0 16h30<\/li>\n<li>~ 3 horas<\/li>\n<li>R$ 20<\/li>\n<\/ul>\n<p>\n<\/div>\r\n<h4>Tut\u00f3ia &#8211; Barreirinhas<\/h4>\r\n<div class='box green' ><h3 class='title'><i class='icon-bus'><\/i>\u00d4nibus<\/h3><\/p>\n<p>Passando pelo Paulinho Neves<\/p>\n<p><strong><a href=\"http:\/\/www.cisnebrancoturismo.com.br\/\" target=\"_blank\" rel=\"noopener noreferrer\">Cisne Branco<\/a><\/strong><\/p>\n<ul>\n<li>07h00\u00a0 \u00a0\u2013\u00a0 \u00a012h00<\/li>\n<li>~ 2 horas<\/li>\n<li>R$ 18 por pessoa<\/li>\n<\/ul>\n<p><strong><a href=\"https:\/\/www.expressoguanabara.com.br\/\" target=\"_blank\" rel=\"noopener noreferrer\">Guanabara<\/a><\/strong><\/p>\n<ul>\n<li>08h00\u00a0 \u00a0&#8211;\u00a0 \u00a015h00\u00a0 \u00a0&#8211;\u00a0 22h30<\/li>\n<li>~ 2 horas<\/li>\n<li>R$ 16 por pessoa<\/li>\n<\/ul>\n<p>\n<\/div>\r\n<h4>Paulinho Neves &#8211; Cabur\u00e9<\/h4>\r\n<div class='box yellow' ><h3 class='title'><i class='icon-jeep'><\/i>4x4<\/h3><\/p>\n<ul>\n<li>~ 45 minutos<\/li>\n<li>~ R$ 250 por carro<\/li>\n<\/ul>\n<p><strong>Lobotours:<\/strong> WA +55 98 98421 0188<\/p>\n<p>\n<\/div>\r\n<h4>Cabur\u00e9 &#8211; Atins<\/h4>\r\n<div class='box gray' ><h3 class='title'><i class='icon-boat'><\/i>Lancha<\/h3><\/p>\n<ul>\n<li>~ 1\/2 hora<\/li>\n<li>~R$ 50 por pessoa<\/li>\n<\/ul>\n<p><strong>Everton Turismo:<\/strong> WA +55 98 98709 8592<\/p>\n<p><strong>Chico Da Fia:<\/strong> WA +55 98 99233 0708<\/p>\n<p>\n<\/div>\r\n<h2>\u00a0<\/h2>\r\n<h2>Ag\u00eancias in Jericoacoara<\/h2>\r\n<ul>\r\n<li><a title=\"Global Connection\" href=\"http:\/\/globalconnection.tur.br\" target=\"_blank\" rel=\"noopener noreferrer\">Global Connection<\/a>: Bilhetes de \u00f4nibus para Fortaleza, Fortaleza aeroporto, Camocim, Parna\u00edba, S\u00e3o Lu\u00eds, etc. Carros particulares (4&#215;4) e traslados, semi-p\u00fablico<\/li>\r\n<li><a title=\"Unitur Viagens\" href=\"http:\/\/uniturviagens.com.br\" target=\"_blank\" rel=\"noopener noreferrer\">Unitur<\/a>: Carros particulares (4&#215;4) e traslados, semi-p\u00fablico<\/li>\r\n<\/ul>\r\n\r\n<p>&nbsp;<\/p>\r\n","protected":false},"excerpt":{"rendered":"<p>S\u00e3o Lu\u00eds Aeroporto \u2013 S\u00e3o Lu\u00eds Centro &nbsp; S\u00e3o Lu\u00eds \u2013 Barreirinhas (280km) &nbsp; Barreirinhas \u2013 Atins (~30km) \u00a0 Jericoacoara &#8211; Barreirinhas (~ 400km) Direto M\u00faltiplos dias Escalas \u00a0Jericoacoara &#8211; Camocim Camocim &#8211; Parna\u00edba Barra Grande &#8211; Parna\u00edba Parna\u00edba &#8211; Tut\u00f3ia Tut\u00f3ia &#8211; Barreirinhas Paulinho Neves &#8211; Cabur\u00e9 Cabur\u00e9 &#8211; Atins \u00a0 Ag\u00eancias in Jericoacoara\u2026<\/p>\n","protected":false},"author":2,"featured_media":0,"parent":1672,"menu_order":1,"comment_status":"closed","ping_status":"closed","template":"template-with-sidebar.php","meta":{"_mi_skip_tracking":false,"_monsterinsights_sitenote_active":false,"_monsterinsights_sitenote_note":"","_monsterinsights_sitenote_category":0,"footnotes":""},"yoast_head":"<!-- This site is optimized with the Yoast SEO plugin v21.0 - https:\/\/yoast.com\/wordpress\/plugins\/seo\/ -->\n<title>Para Atins &ndash; Atins<\/title>\n<meta name=\"robots\" content=\"index, follow, max-snippet:-1, max-image-preview:large, max-video-preview:-1\" \/>\n<link rel=\"canonical\" href=\"https:\/\/www.atins.me\/pt-br\/viagem\/para-atins\/\" \/>\n<meta property=\"og:locale\" content=\"pt_PT\" \/>\n<meta property=\"og:type\" content=\"article\" \/>\n<meta property=\"og:title\" content=\"Para Atins &ndash; Atins\" \/>\n<meta property=\"og:description\" content=\"S\u00e3o Lu\u00eds Aeroporto \u2013 S\u00e3o Lu\u00eds Centro &nbsp; S\u00e3o Lu\u00eds \u2013 Barreirinhas (280km) &nbsp; Barreirinhas \u2013 Atins (~30km) \u00a0 Jericoacoara &#8211; Barreirinhas (~ 400km) Direto M\u00faltiplos dias Escalas \u00a0Jericoacoara &#8211; Camocim Camocim &#8211; Parna\u00edba Barra Grande &#8211; Parna\u00edba Parna\u00edba &#8211; Tut\u00f3ia Tut\u00f3ia &#8211; Barreirinhas Paulinho Neves &#8211; Cabur\u00e9 Cabur\u00e9 &#8211; Atins \u00a0 Ag\u00eancias in Jericoacoara\u2026\" \/>\n<meta property=\"og:url\" content=\"https:\/\/www.atins.me\/pt-br\/viagem\/para-atins\/\" \/>\n<meta property=\"og:site_name\" content=\"Atins\" \/>\n<meta property=\"article:publisher\" content=\"http:\/\/www.facebook.com\/conventoarcadia\" \/>\n<meta property=\"article:modified_time\" content=\"2019-08-24T13:01:58+00:00\" \/>\n<meta name=\"twitter:card\" content=\"summary_large_image\" \/>\n<meta name=\"twitter:site\" content=\"@atinsme\" \/>\n<meta name=\"twitter:label1\" content=\"Est. reading time\" \/>\n\t<meta name=\"twitter:data1\" content=\"4 minutes\" \/>\n<script type=\"application\/ld+json\" class=\"yoast-schema-graph\">{\"@context\":\"https:\/\/schema.org\",\"@graph\":[{\"@type\":\"WebPage\",\"@id\":\"https:\/\/www.atins.me\/pt-br\/viagem\/para-atins\/\",\"url\":\"https:\/\/www.atins.me\/pt-br\/viagem\/para-atins\/\",\"name\":\"Para Atins &ndash; Atins\",\"isPartOf\":{\"@id\":\"https:\/\/www.atins.me\/es\/#website\"},\"datePublished\":\"2016-02-10T20:34:18+00:00\",\"dateModified\":\"2019-08-24T13:01:58+00:00\",\"breadcrumb\":{\"@id\":\"https:\/\/www.atins.me\/pt-br\/viagem\/para-atins\/#breadcrumb\"},\"inLanguage\":\"pt\",\"potentialAction\":[{\"@type\":\"ReadAction\",\"target\":[\"https:\/\/www.atins.me\/pt-br\/viagem\/para-atins\/\"]}]},{\"@type\":\"BreadcrumbList\",\"@id\":\"https:\/\/www.atins.me\/pt-br\/viagem\/para-atins\/#breadcrumb\",\"itemListElement\":[{\"@type\":\"ListItem\",\"position\":1,\"name\":\"Home\",\"item\":\"https:\/\/www.atins.me\/pt-br\/\"},{\"@type\":\"ListItem\",\"position\":2,\"name\":\"Viagem\",\"item\":\"https:\/\/www.atins.me\/pt-br\/viagem\/\"},{\"@type\":\"ListItem\",\"position\":3,\"name\":\"Para Atins\"}]},{\"@type\":\"WebSite\",\"@id\":\"https:\/\/www.atins.me\/es\/#website\",\"url\":\"https:\/\/www.atins.me\/es\/\",\"name\":\"Atins\",\"description\":\"Len\u00e7\u00f3is Maranhenses\",\"potentialAction\":[{\"@type\":\"SearchAction\",\"target\":{\"@type\":\"EntryPoint\",\"urlTemplate\":\"https:\/\/www.atins.me\/es\/?s={search_term_string}\"},\"query-input\":\"required name=search_term_string\"}],\"inLanguage\":\"pt\"}]}<\/script>\n<!-- \/ Yoast SEO plugin. -->","yoast_head_json":{"title":"Para Atins &ndash; Atins","robots":{"index":"index","follow":"follow","max-snippet":"max-snippet:-1","max-image-preview":"max-image-preview:large","max-video-preview":"max-video-preview:-1"},"canonical":"https:\/\/www.atins.me\/pt-br\/viagem\/para-atins\/","og_locale":"pt_PT","og_type":"article","og_title":"Para Atins &ndash; Atins","og_description":"S\u00e3o Lu\u00eds Aeroporto \u2013 S\u00e3o Lu\u00eds Centro &nbsp; S\u00e3o Lu\u00eds \u2013 Barreirinhas (280km) &nbsp; Barreirinhas \u2013 Atins (~30km) \u00a0 Jericoacoara &#8211; Barreirinhas (~ 400km) Direto M\u00faltiplos dias Escalas \u00a0Jericoacoara &#8211; Camocim Camocim &#8211; Parna\u00edba Barra Grande &#8211; Parna\u00edba Parna\u00edba &#8211; Tut\u00f3ia Tut\u00f3ia &#8211; Barreirinhas Paulinho Neves &#8211; Cabur\u00e9 Cabur\u00e9 &#8211; Atins \u00a0 Ag\u00eancias in Jericoacoara\u2026","og_url":"https:\/\/www.atins.me\/pt-br\/viagem\/para-atins\/","og_site_name":"Atins","article_publisher":"http:\/\/www.facebook.com\/conventoarcadia","article_modified_time":"2019-08-24T13:01:58+00:00","twitter_card":"summary_large_image","twitter_site":"@atinsme","twitter_misc":{"Est. reading time":"4 minutes"},"schema":{"@context":"https:\/\/schema.org","@graph":[{"@type":"WebPage","@id":"https:\/\/www.atins.me\/pt-br\/viagem\/para-atins\/","url":"https:\/\/www.atins.me\/pt-br\/viagem\/para-atins\/","name":"Para Atins &ndash; Atins","isPartOf":{"@id":"https:\/\/www.atins.me\/es\/#website"},"datePublished":"2016-02-10T20:34:18+00:00","dateModified":"2019-08-24T13:01:58+00:00","breadcrumb":{"@id":"https:\/\/www.atins.me\/pt-br\/viagem\/para-atins\/#breadcrumb"},"inLanguage":"pt","potentialAction":[{"@type":"ReadAction","target":["https:\/\/www.atins.me\/pt-br\/viagem\/para-atins\/"]}]},{"@type":"BreadcrumbList","@id":"https:\/\/www.atins.me\/pt-br\/viagem\/para-atins\/#breadcrumb","itemListElement":[{"@type":"ListItem","position":1,"name":"Home","item":"https:\/\/www.atins.me\/pt-br\/"},{"@type":"ListItem","position":2,"name":"Viagem","item":"https:\/\/www.atins.me\/pt-br\/viagem\/"},{"@type":"ListItem","position":3,"name":"Para Atins"}]},{"@type":"WebSite","@id":"https:\/\/www.atins.me\/es\/#website","url":"https:\/\/www.atins.me\/es\/","name":"Atins","description":"Len\u00e7\u00f3is Maranhenses","potentialAction":[{"@type":"SearchAction","target":{"@type":"EntryPoint","urlTemplate":"https:\/\/www.atins.me\/es\/?s={search_term_string}"},"query-input":"required name=search_term_string"}],"inLanguage":"pt"}]}},"jetpack_sharing_enabled":true,"_links":{"self":[{"href":"https:\/\/www.atins.me\/pt-br\/wp-json\/wp\/v2\/pages\/5446"}],"collection":[{"href":"https:\/\/www.atins.me\/pt-br\/wp-json\/wp\/v2\/pages"}],"about":[{"href":"https:\/\/www.atins.me\/pt-br\/wp-json\/wp\/v2\/types\/page"}],"author":[{"embeddable":true,"href":"https:\/\/www.atins.me\/pt-br\/wp-json\/wp\/v2\/users\/2"}],"replies":[{"embeddable":true,"href":"https:\/\/www.atins.me\/pt-br\/wp-json\/wp\/v2\/comments?post=5446"}],"version-history":[{"count":0,"href":"https:\/\/www.atins.me\/pt-br\/wp-json\/wp\/v2\/pages\/5446\/revisions"}],"up":[{"embeddable":true,"href":"https:\/\/www.atins.me\/pt-br\/wp-json\/wp\/v2\/pages\/1672"}],"wp:attachment":[{"href":"https:\/\/www.atins.me\/pt-br\/wp-json\/wp\/v2\/media?parent=5446"}],"curies":[{"name":"wp","href":"https:\/\/api.w.org\/{rel}","templated":true}]}}