{"id":2462,"date":"2011-09-21T09:00:30","date_gmt":"2011-09-21T12:00:30","guid":{"rendered":"https:\/\/www.atins.me\/?page_id=2462"},"modified":"2016-04-01T12:43:30","modified_gmt":"2016-04-01T15:43:30","slug":"barra-grande","status":"publish","type":"page","link":"https:\/\/www.atins.me\/pt-br\/a-regiao\/barra-grande\/","title":{"rendered":"Barra Grande"},"content":{"rendered":"<p><a href=\"https:\/\/www.atins.me\/wp-content\/uploads\/2011\/09\/9383608831_9bacdb66d4_k_952x476.jpg\"><img decoding=\"async\" loading=\"lazy\" class=\"alignnone wp-image-8969 size-full\" src=\"https:\/\/www.atins.me\/wp-content\/uploads\/2011\/09\/9383608831_9bacdb66d4_k_952x476.jpg\" alt=\"Barra Grande a noite\" width=\"952\" height=\"476\" srcset=\"https:\/\/www.atins.me\/wp-content\/uploads\/2011\/09\/9383608831_9bacdb66d4_k_952x476.jpg 952w, https:\/\/www.atins.me\/wp-content\/uploads\/2011\/09\/9383608831_9bacdb66d4_k_952x476-300x150.jpg 300w\" sizes=\"(max-width: 952px) 100vw, 952px\" \/><\/a><\/p>\n<p>Um outro local favorito da comunidade global de kiteboarding \u00e9 Barra Grande &#8211; apesar de ser um dos mais populares lugares ao longo da Rota das Emo\u00e7\u00f5es, ainda conserva sua tranquilidade. As condi\u00e7\u00f5es para fazer kite s\u00e3o muito semelhantes \u00e0s de Atins em termos de sazonalidade e for\u00e7as do vento. H\u00e1 v\u00e1rios locais de kite, a mar\u00e9 baixa \u00e9 ideal para surfar em frente da praia principal, na mar\u00e9 alta, os \u00a8kitistas\u00a8 podem optar por contornar a lagoa para abrigar-se.<\/p>\n<p>Barra \u00e9 uma excelente parada para a viagem de Jericoacoara a Atins. O vilarejo tem um bom <a title=\"Barra Grande Piau\u00ed\" href=\"http:\/\/www.barragrandepiaui.com\" target=\"_blank\">site de informa\u00e7\u00f5es tur\u00edsticas<\/a>.<\/p>\n","protected":false},"excerpt":{"rendered":"<p>Um outro local favorito da comunidade global de kiteboarding \u00e9 Barra Grande &#8211; apesar de ser um dos mais populares lugares ao longo da Rota das Emo\u00e7\u00f5es, ainda conserva sua tranquilidade. As condi\u00e7\u00f5es para fazer kite s\u00e3o muito semelhantes \u00e0s de Atins em termos de sazonalidade e for\u00e7as do vento. H\u00e1 v\u00e1rios locais de kite,\u2026<\/p>\n","protected":false},"author":2,"featured_media":8968,"parent":1612,"menu_order":10,"comment_status":"closed","ping_status":"closed","template":"","meta":{"_mi_skip_tracking":false,"_monsterinsights_sitenote_active":false,"_monsterinsights_sitenote_note":"","_monsterinsights_sitenote_category":0,"footnotes":""},"yoast_head":"<!-- This site is optimized with the Yoast SEO plugin v21.0 - https:\/\/yoast.com\/wordpress\/plugins\/seo\/ -->\n<title>Barra Grande \u00e9 uma excelente parada entre Jericoacoara e Atins<\/title>\n<meta name=\"description\" content=\"Um outro local favorito da comunidade global de kiteboarding \u00e9 Barra Grande - apesar de ser um dos mais populares lugares ao longo da Rota das Emo\u00e7\u00f5es.\" \/>\n<meta name=\"robots\" content=\"index, follow, max-snippet:-1, max-image-preview:large, max-video-preview:-1\" \/>\n<link rel=\"canonical\" href=\"https:\/\/www.atins.me\/pt-br\/a-regiao\/barra-grande\/\" \/>\n<meta property=\"og:locale\" content=\"pt_PT\" \/>\n<meta property=\"og:type\" content=\"article\" \/>\n<meta property=\"og:title\" content=\"Barra Grande \u00e9 uma excelente parada entre Jericoacoara e Atins\" \/>\n<meta property=\"og:description\" content=\"Um outro local favorito da comunidade global de kiteboarding \u00e9 Barra Grande - apesar de ser um dos mais populares lugares ao longo da Rota das Emo\u00e7\u00f5es.\" \/>\n<meta property=\"og:url\" content=\"https:\/\/www.atins.me\/pt-br\/a-regiao\/barra-grande\/\" \/>\n<meta property=\"og:site_name\" content=\"Atins\" \/>\n<meta property=\"article:publisher\" content=\"http:\/\/www.facebook.com\/conventoarcadia\" \/>\n<meta property=\"article:modified_time\" content=\"2016-04-01T15:43:30+00:00\" \/>\n<meta property=\"og:image\" content=\"https:\/\/www.atins.me\/wp-content\/uploads\/2011\/09\/Kiters_Featured-Image_300x400.jpg\" \/>\n\t<meta property=\"og:image:width\" content=\"300\" \/>\n\t<meta property=\"og:image:height\" content=\"400\" \/>\n\t<meta property=\"og:image:type\" content=\"image\/jpeg\" \/>\n<meta name=\"twitter:card\" content=\"summary_large_image\" \/>\n<meta name=\"twitter:site\" content=\"@atinsme\" \/>\n<meta name=\"twitter:label1\" content=\"Est. reading time\" \/>\n\t<meta name=\"twitter:data1\" content=\"1 minute\" \/>\n<script type=\"application\/ld+json\" class=\"yoast-schema-graph\">{\"@context\":\"https:\/\/schema.org\",\"@graph\":[{\"@type\":\"WebPage\",\"@id\":\"https:\/\/www.atins.me\/pt-br\/a-regiao\/barra-grande\/\",\"url\":\"https:\/\/www.atins.me\/pt-br\/a-regiao\/barra-grande\/\",\"name\":\"Barra Grande \u00e9 uma excelente parada entre Jericoacoara e Atins\",\"isPartOf\":{\"@id\":\"https:\/\/www.atins.me\/es\/#website\"},\"datePublished\":\"2011-09-21T12:00:30+00:00\",\"dateModified\":\"2016-04-01T15:43:30+00:00\",\"description\":\"Um outro local favorito da comunidade global de kiteboarding \u00e9 Barra Grande - apesar de ser um dos mais populares lugares ao longo da Rota das Emo\u00e7\u00f5es.\",\"breadcrumb\":{\"@id\":\"https:\/\/www.atins.me\/pt-br\/a-regiao\/barra-grande\/#breadcrumb\"},\"inLanguage\":\"pt\",\"potentialAction\":[{\"@type\":\"ReadAction\",\"target\":[\"https:\/\/www.atins.me\/pt-br\/a-regiao\/barra-grande\/\"]}]},{\"@type\":\"BreadcrumbList\",\"@id\":\"https:\/\/www.atins.me\/pt-br\/a-regiao\/barra-grande\/#breadcrumb\",\"itemListElement\":[{\"@type\":\"ListItem\",\"position\":1,\"name\":\"Home\",\"item\":\"https:\/\/www.atins.me\/pt-br\/\"},{\"@type\":\"ListItem\",\"position\":2,\"name\":\"A regi\u00e3o\",\"item\":\"https:\/\/www.atins.me\/pt-br\/a-regiao\/\"},{\"@type\":\"ListItem\",\"position\":3,\"name\":\"Barra Grande\"}]},{\"@type\":\"WebSite\",\"@id\":\"https:\/\/www.atins.me\/es\/#website\",\"url\":\"https:\/\/www.atins.me\/es\/\",\"name\":\"Atins\",\"description\":\"Len\u00e7\u00f3is Maranhenses\",\"potentialAction\":[{\"@type\":\"SearchAction\",\"target\":{\"@type\":\"EntryPoint\",\"urlTemplate\":\"https:\/\/www.atins.me\/es\/?s={search_term_string}\"},\"query-input\":\"required name=search_term_string\"}],\"inLanguage\":\"pt\"}]}<\/script>\n<!-- \/ Yoast SEO plugin. -->","yoast_head_json":{"title":"Barra Grande \u00e9 uma excelente parada entre Jericoacoara e Atins","description":"Um outro local favorito da comunidade global de kiteboarding \u00e9 Barra Grande - apesar de ser um dos mais populares lugares ao longo da Rota das Emo\u00e7\u00f5es.","robots":{"index":"index","follow":"follow","max-snippet":"max-snippet:-1","max-image-preview":"max-image-preview:large","max-video-preview":"max-video-preview:-1"},"canonical":"https:\/\/www.atins.me\/pt-br\/a-regiao\/barra-grande\/","og_locale":"pt_PT","og_type":"article","og_title":"Barra Grande \u00e9 uma excelente parada entre Jericoacoara e Atins","og_description":"Um outro local favorito da comunidade global de kiteboarding \u00e9 Barra Grande - apesar de ser um dos mais populares lugares ao longo da Rota das Emo\u00e7\u00f5es.","og_url":"https:\/\/www.atins.me\/pt-br\/a-regiao\/barra-grande\/","og_site_name":"Atins","article_publisher":"http:\/\/www.facebook.com\/conventoarcadia","article_modified_time":"2016-04-01T15:43:30+00:00","og_image":[{"width":300,"height":400,"url":"https:\/\/www.atins.me\/wp-content\/uploads\/2011\/09\/Kiters_Featured-Image_300x400.jpg","type":"image\/jpeg"}],"twitter_card":"summary_large_image","twitter_site":"@atinsme","twitter_misc":{"Est. reading time":"1 minute"},"schema":{"@context":"https:\/\/schema.org","@graph":[{"@type":"WebPage","@id":"https:\/\/www.atins.me\/pt-br\/a-regiao\/barra-grande\/","url":"https:\/\/www.atins.me\/pt-br\/a-regiao\/barra-grande\/","name":"Barra Grande \u00e9 uma excelente parada entre Jericoacoara e Atins","isPartOf":{"@id":"https:\/\/www.atins.me\/es\/#website"},"datePublished":"2011-09-21T12:00:30+00:00","dateModified":"2016-04-01T15:43:30+00:00","description":"Um outro local favorito da comunidade global de kiteboarding \u00e9 Barra Grande - apesar de ser um dos mais populares lugares ao longo da Rota das Emo\u00e7\u00f5es.","breadcrumb":{"@id":"https:\/\/www.atins.me\/pt-br\/a-regiao\/barra-grande\/#breadcrumb"},"inLanguage":"pt","potentialAction":[{"@type":"ReadAction","target":["https:\/\/www.atins.me\/pt-br\/a-regiao\/barra-grande\/"]}]},{"@type":"BreadcrumbList","@id":"https:\/\/www.atins.me\/pt-br\/a-regiao\/barra-grande\/#breadcrumb","itemListElement":[{"@type":"ListItem","position":1,"name":"Home","item":"https:\/\/www.atins.me\/pt-br\/"},{"@type":"ListItem","position":2,"name":"A regi\u00e3o","item":"https:\/\/www.atins.me\/pt-br\/a-regiao\/"},{"@type":"ListItem","position":3,"name":"Barra Grande"}]},{"@type":"WebSite","@id":"https:\/\/www.atins.me\/es\/#website","url":"https:\/\/www.atins.me\/es\/","name":"Atins","description":"Len\u00e7\u00f3is Maranhenses","potentialAction":[{"@type":"SearchAction","target":{"@type":"EntryPoint","urlTemplate":"https:\/\/www.atins.me\/es\/?s={search_term_string}"},"query-input":"required name=search_term_string"}],"inLanguage":"pt"}]}},"jetpack_sharing_enabled":true,"_links":{"self":[{"href":"https:\/\/www.atins.me\/pt-br\/wp-json\/wp\/v2\/pages\/2462"}],"collection":[{"href":"https:\/\/www.atins.me\/pt-br\/wp-json\/wp\/v2\/pages"}],"about":[{"href":"https:\/\/www.atins.me\/pt-br\/wp-json\/wp\/v2\/types\/page"}],"author":[{"embeddable":true,"href":"https:\/\/www.atins.me\/pt-br\/wp-json\/wp\/v2\/users\/2"}],"replies":[{"embeddable":true,"href":"https:\/\/www.atins.me\/pt-br\/wp-json\/wp\/v2\/comments?post=2462"}],"version-history":[{"count":0,"href":"https:\/\/www.atins.me\/pt-br\/wp-json\/wp\/v2\/pages\/2462\/revisions"}],"up":[{"embeddable":true,"href":"https:\/\/www.atins.me\/pt-br\/wp-json\/wp\/v2\/pages\/1612"}],"wp:featuredmedia":[{"embeddable":true,"href":"https:\/\/www.atins.me\/pt-br\/wp-json\/wp\/v2\/media\/8968"}],"wp:attachment":[{"href":"https:\/\/www.atins.me\/pt-br\/wp-json\/wp\/v2\/media?parent=2462"}],"curies":[{"name":"wp","href":"https:\/\/api.w.org\/{rel}","templated":true}]}}