{"id":2037,"date":"2011-01-05T16:22:00","date_gmt":"2011-01-05T18:22:00","guid":{"rendered":"https:\/\/www.atins.me\/?page_id=2037"},"modified":"2016-07-11T13:47:21","modified_gmt":"2016-07-11T16:47:21","slug":"esportes-aquaticos","status":"publish","type":"page","link":"https:\/\/www.atins.me\/pt-br\/esportes-aquaticos\/","title":{"rendered":"Esportes aqu\u00e1ticos"},"content":{"rendered":"<p>Apesar kitesurfing parecer ser o esporte favorito entre a \u201cgalera\u201d de Atins, os ventos constantes (Julho \u2013 Dezembro, 15 \u2013 30 n\u00f3s mar\/lateral) tamb\u00e9m favorecem as condi\u00e7\u00f5es para o windsurfing. A variedade de \u00e1guas (lagoas planas e calmas, ondas de mar aberto, rios tranquilos) proporcionam, acima de tudo, algo especial. Dado a sua localiza\u00e7\u00e3o isolada, o transporte das pranchas e mastros, s\u00e3o, no entanto, trabalhos tediosos. O esporte aqu\u00e1ticos mais pr\u00f3ximos do kite s\u00e3o os de corridas de barco dos pescadores locais.<\/p>\n<p><a href=\"https:\/\/www.atins.me\/wp-content\/uploads\/2011\/01\/Atins-RPB_002_Roberto-Bandeira_952x476.jpg\"><img decoding=\"async\" loading=\"lazy\" class=\"alignnone wp-image-10731 size-full\" src=\"https:\/\/www.atins.me\/wp-content\/uploads\/2011\/01\/Atins-RPB_002_Roberto-Bandeira_952x476.jpg\" alt=\"Esportes aqu\u00e1ticos\" width=\"952\" height=\"476\" srcset=\"https:\/\/www.atins.me\/wp-content\/uploads\/2011\/01\/Atins-RPB_002_Roberto-Bandeira_952x476.jpg 952w, https:\/\/www.atins.me\/wp-content\/uploads\/2011\/01\/Atins-RPB_002_Roberto-Bandeira_952x476-300x150.jpg 300w\" sizes=\"(max-width: 952px) 100vw, 952px\" \/><\/a><\/p>\n<p>Hoje em dia, surfistas tamb\u00e9m s\u00e3o raros em Atins. Isto pode ser por conta do fato de ter que atravessar toda a lagoa para chegar ao mar aberto. No entanto, SUP tem se tornado mais popular entre os nativos e os turistas. Instru\u00e7\u00f5es, aluguel e passeios podem ser organizadas em Aloha Atins.<\/p>\n<p><a href=\"https:\/\/www.atins.me\/wp-content\/uploads\/2011\/01\/SUP_952x476.jpg\"><img decoding=\"async\" loading=\"lazy\" class=\"alignnone wp-image-10737 size-full\" src=\"https:\/\/www.atins.me\/wp-content\/uploads\/2011\/01\/SUP_952x476.jpg\" alt=\"SUP\" width=\"952\" height=\"476\" srcset=\"https:\/\/www.atins.me\/wp-content\/uploads\/2011\/01\/SUP_952x476.jpg 952w, https:\/\/www.atins.me\/wp-content\/uploads\/2011\/01\/SUP_952x476-300x150.jpg 300w\" sizes=\"(max-width: 952px) 100vw, 952px\" \/><\/a><\/p>\n","protected":false},"excerpt":{"rendered":"<p>Apesar kitesurfing parecer ser o esporte favorito entre a \u201cgalera\u201d de Atins, os ventos constantes (Julho \u2013 Dezembro, 15 \u2013 30 n\u00f3s mar\/lateral) tamb\u00e9m favorecem as condi\u00e7\u00f5es para o windsurfing. A variedade de \u00e1guas (lagoas planas e calmas, ondas de mar aberto, rios tranquilos) proporcionam, acima de tudo, algo especial. Dado a sua localiza\u00e7\u00e3o isolada,\u2026<\/p>\n","protected":false},"author":2,"featured_media":10736,"parent":0,"menu_order":6,"comment_status":"open","ping_status":"closed","template":"","meta":{"_mi_skip_tracking":false,"_monsterinsights_sitenote_active":false,"_monsterinsights_sitenote_note":"","_monsterinsights_sitenote_category":0,"footnotes":""},"yoast_head":"<!-- This site is optimized with the Yoast SEO plugin v21.0 - https:\/\/yoast.com\/wordpress\/plugins\/seo\/ -->\n<title>Windsurfing e Surfing n\u00e3o s\u00e3o muito popular em Atins ainda<\/title>\n<meta name=\"description\" content=\"Enquanto Atins teria o potencial de Windsurfing e Surfing hoje em dia Atins \u00e9 dominado por Kiteboarding, com SUP uma ocupa\u00e7\u00e3o de lazer adicional.\" \/>\n<meta name=\"robots\" content=\"index, follow, max-snippet:-1, max-image-preview:large, max-video-preview:-1\" \/>\n<link rel=\"canonical\" href=\"https:\/\/www.atins.me\/pt-br\/esportes-aquaticos\/\" \/>\n<meta property=\"og:locale\" content=\"pt_PT\" \/>\n<meta property=\"og:type\" content=\"article\" \/>\n<meta property=\"og:title\" content=\"Windsurfing e Surfing n\u00e3o s\u00e3o muito popular em Atins ainda\" \/>\n<meta property=\"og:description\" content=\"Enquanto Atins teria o potencial de Windsurfing e Surfing hoje em dia Atins \u00e9 dominado por Kiteboarding, com SUP uma ocupa\u00e7\u00e3o de lazer adicional.\" \/>\n<meta property=\"og:url\" content=\"https:\/\/www.atins.me\/pt-br\/esportes-aquaticos\/\" \/>\n<meta property=\"og:site_name\" content=\"Atins\" \/>\n<meta property=\"article:publisher\" content=\"http:\/\/www.facebook.com\/conventoarcadia\" \/>\n<meta property=\"article:modified_time\" content=\"2016-07-11T16:47:21+00:00\" \/>\n<meta property=\"og:image\" content=\"https:\/\/www.atins.me\/wp-content\/uploads\/2011\/01\/Atins-RPB_002_Roberto-Bandeira_952x476.jpg\" \/>\n\t<meta property=\"og:image:width\" content=\"952\" \/>\n\t<meta property=\"og:image:height\" content=\"476\" \/>\n\t<meta property=\"og:image:type\" content=\"image\/jpeg\" \/>\n<meta name=\"twitter:card\" content=\"summary_large_image\" \/>\n<meta name=\"twitter:site\" content=\"@atinsme\" \/>\n<meta name=\"twitter:label1\" content=\"Est. reading time\" \/>\n\t<meta name=\"twitter:data1\" content=\"1 minute\" \/>\n<script type=\"application\/ld+json\" class=\"yoast-schema-graph\">{\"@context\":\"https:\/\/schema.org\",\"@graph\":[{\"@type\":\"WebPage\",\"@id\":\"https:\/\/www.atins.me\/pt-br\/esportes-aquaticos\/\",\"url\":\"https:\/\/www.atins.me\/pt-br\/esportes-aquaticos\/\",\"name\":\"Windsurfing e Surfing n\u00e3o s\u00e3o muito popular em Atins ainda\",\"isPartOf\":{\"@id\":\"https:\/\/www.atins.me\/es\/#website\"},\"datePublished\":\"2011-01-05T18:22:00+00:00\",\"dateModified\":\"2016-07-11T16:47:21+00:00\",\"description\":\"Enquanto Atins teria o potencial de Windsurfing e Surfing hoje em dia Atins \u00e9 dominado por Kiteboarding, com SUP uma ocupa\u00e7\u00e3o de lazer adicional.\",\"breadcrumb\":{\"@id\":\"https:\/\/www.atins.me\/pt-br\/esportes-aquaticos\/#breadcrumb\"},\"inLanguage\":\"pt\",\"potentialAction\":[{\"@type\":\"ReadAction\",\"target\":[\"https:\/\/www.atins.me\/pt-br\/esportes-aquaticos\/\"]}]},{\"@type\":\"BreadcrumbList\",\"@id\":\"https:\/\/www.atins.me\/pt-br\/esportes-aquaticos\/#breadcrumb\",\"itemListElement\":[{\"@type\":\"ListItem\",\"position\":1,\"name\":\"Home\",\"item\":\"https:\/\/www.atins.me\/pt-br\/\"},{\"@type\":\"ListItem\",\"position\":2,\"name\":\"Esportes aqu\u00e1ticos\"}]},{\"@type\":\"WebSite\",\"@id\":\"https:\/\/www.atins.me\/es\/#website\",\"url\":\"https:\/\/www.atins.me\/es\/\",\"name\":\"Atins\",\"description\":\"Len\u00e7\u00f3is Maranhenses\",\"potentialAction\":[{\"@type\":\"SearchAction\",\"target\":{\"@type\":\"EntryPoint\",\"urlTemplate\":\"https:\/\/www.atins.me\/es\/?s={search_term_string}\"},\"query-input\":\"required name=search_term_string\"}],\"inLanguage\":\"pt\"}]}<\/script>\n<!-- \/ Yoast SEO plugin. -->","yoast_head_json":{"title":"Windsurfing e Surfing n\u00e3o s\u00e3o muito popular em Atins ainda","description":"Enquanto Atins teria o potencial de Windsurfing e Surfing hoje em dia Atins \u00e9 dominado por Kiteboarding, com SUP uma ocupa\u00e7\u00e3o de lazer adicional.","robots":{"index":"index","follow":"follow","max-snippet":"max-snippet:-1","max-image-preview":"max-image-preview:large","max-video-preview":"max-video-preview:-1"},"canonical":"https:\/\/www.atins.me\/pt-br\/esportes-aquaticos\/","og_locale":"pt_PT","og_type":"article","og_title":"Windsurfing e Surfing n\u00e3o s\u00e3o muito popular em Atins ainda","og_description":"Enquanto Atins teria o potencial de Windsurfing e Surfing hoje em dia Atins \u00e9 dominado por Kiteboarding, com SUP uma ocupa\u00e7\u00e3o de lazer adicional.","og_url":"https:\/\/www.atins.me\/pt-br\/esportes-aquaticos\/","og_site_name":"Atins","article_publisher":"http:\/\/www.facebook.com\/conventoarcadia","article_modified_time":"2016-07-11T16:47:21+00:00","og_image":[{"width":952,"height":476,"url":"https:\/\/www.atins.me\/wp-content\/uploads\/2011\/01\/Atins-RPB_002_Roberto-Bandeira_952x476.jpg","type":"image\/jpeg"}],"twitter_card":"summary_large_image","twitter_site":"@atinsme","twitter_misc":{"Est. reading time":"1 minute"},"schema":{"@context":"https:\/\/schema.org","@graph":[{"@type":"WebPage","@id":"https:\/\/www.atins.me\/pt-br\/esportes-aquaticos\/","url":"https:\/\/www.atins.me\/pt-br\/esportes-aquaticos\/","name":"Windsurfing e Surfing n\u00e3o s\u00e3o muito popular em Atins ainda","isPartOf":{"@id":"https:\/\/www.atins.me\/es\/#website"},"datePublished":"2011-01-05T18:22:00+00:00","dateModified":"2016-07-11T16:47:21+00:00","description":"Enquanto Atins teria o potencial de Windsurfing e Surfing hoje em dia Atins \u00e9 dominado por Kiteboarding, com SUP uma ocupa\u00e7\u00e3o de lazer adicional.","breadcrumb":{"@id":"https:\/\/www.atins.me\/pt-br\/esportes-aquaticos\/#breadcrumb"},"inLanguage":"pt","potentialAction":[{"@type":"ReadAction","target":["https:\/\/www.atins.me\/pt-br\/esportes-aquaticos\/"]}]},{"@type":"BreadcrumbList","@id":"https:\/\/www.atins.me\/pt-br\/esportes-aquaticos\/#breadcrumb","itemListElement":[{"@type":"ListItem","position":1,"name":"Home","item":"https:\/\/www.atins.me\/pt-br\/"},{"@type":"ListItem","position":2,"name":"Esportes aqu\u00e1ticos"}]},{"@type":"WebSite","@id":"https:\/\/www.atins.me\/es\/#website","url":"https:\/\/www.atins.me\/es\/","name":"Atins","description":"Len\u00e7\u00f3is Maranhenses","potentialAction":[{"@type":"SearchAction","target":{"@type":"EntryPoint","urlTemplate":"https:\/\/www.atins.me\/es\/?s={search_term_string}"},"query-input":"required name=search_term_string"}],"inLanguage":"pt"}]}},"jetpack_sharing_enabled":true,"_links":{"self":[{"href":"https:\/\/www.atins.me\/pt-br\/wp-json\/wp\/v2\/pages\/2037"}],"collection":[{"href":"https:\/\/www.atins.me\/pt-br\/wp-json\/wp\/v2\/pages"}],"about":[{"href":"https:\/\/www.atins.me\/pt-br\/wp-json\/wp\/v2\/types\/page"}],"author":[{"embeddable":true,"href":"https:\/\/www.atins.me\/pt-br\/wp-json\/wp\/v2\/users\/2"}],"replies":[{"embeddable":true,"href":"https:\/\/www.atins.me\/pt-br\/wp-json\/wp\/v2\/comments?post=2037"}],"version-history":[{"count":0,"href":"https:\/\/www.atins.me\/pt-br\/wp-json\/wp\/v2\/pages\/2037\/revisions"}],"wp:featuredmedia":[{"embeddable":true,"href":"https:\/\/www.atins.me\/pt-br\/wp-json\/wp\/v2\/media\/10736"}],"wp:attachment":[{"href":"https:\/\/www.atins.me\/pt-br\/wp-json\/wp\/v2\/media?parent=2037"}],"curies":[{"name":"wp","href":"https:\/\/api.w.org\/{rel}","templated":true}]}}