{"id":1946,"date":"2011-01-05T16:22:44","date_gmt":"2011-01-05T18:22:44","guid":{"rendered":"https:\/\/www.atins.me\/?page_id=1946"},"modified":"2017-03-08T12:53:59","modified_gmt":"2017-03-08T15:53:59","slug":"passeios-caminhadas","status":"publish","type":"page","link":"https:\/\/www.atins.me\/pt-br\/passeios-caminhadas\/","title":{"rendered":"Passeios &#038; Caminhadas"},"content":{"rendered":"<p>Passeios &amp; caminhadas de Atins s\u00e3o normalmente consideradas de natureza eco-friendly; voc\u00ea anda a p\u00e9 ou a cavalo. Os passeios muitas vezes incluem um corte por 4&#215;4 licenciadas para entrar no parque.<\/p>\n<p>Nos \u00faltimos dois anos passeios de Barreirinhas por Quad Bike ficaram mais conhecida entre os turistas brasileiros que frequentam o Len\u00e7\u00f3is e chegam em Luzias restaurante no Canto do Atins. No entanto, eles somente passam por Atins, por enquanto.<\/p>\n<p>Alguns turistas que se destinam a Atins podem chegar de lancha na viagem durante o dia de Barreirinhas, o que \u00e9, na verdade, um \u00f3timo meio de transporte para viajar pois passa pelos pontos tur\u00edsticos de Vassouras, Mandacar\u00fa e Cabur\u00e9.<\/p>\n<hr \/>\n<p><a href=\"https:\/\/www.atins.me\/wp-content\/uploads\/2011\/01\/dreamstime_xxl_34686750_683x341.png\"><img decoding=\"async\" loading=\"lazy\" class=\"alignnone wp-image-10693 size-full\" src=\"https:\/\/www.atins.me\/wp-content\/uploads\/2011\/01\/dreamstime_xxl_34686750_683x341.png\" alt=\"Passeios &amp; Caminhadas pelos Len\u00e7\u00f3is Maranhenses\" width=\"683\" height=\"341\" srcset=\"https:\/\/www.atins.me\/wp-content\/uploads\/2011\/01\/dreamstime_xxl_34686750_683x341.png 683w, https:\/\/www.atins.me\/wp-content\/uploads\/2011\/01\/dreamstime_xxl_34686750_683x341-300x150.png 300w\" sizes=\"(max-width: 683px) 100vw, 683px\" \/><\/a><\/p>\n<h2 id=\"national-park\">Parque Nacional<\/h2>\n<p>Os passeios &amp; caminhadas com guias s\u00e3o a melhor maneira de explorar o Parque Nacional de Len\u00e7\u00f3is Maranhenses. As caminhadas variam de 1 a 4 dias dependendo do entusiasmo do grupo. A maioria das caminhadas incluem pelo menos um dos dois o\u00e1sis de Len\u00e7\u00f3is: Baixa Grande ou Queimada dos Britos. O \u00faltimo \u00e9 o maior e mais bonito e se encontra no meio do Parque. Muitas fam\u00edlias moram l\u00e1 por gera\u00e7\u00f5es. Um o\u00e1sis impressionante no meio do nada cheio de vida e hist\u00f3ria, oferece uma acolhedora parada e lugar para descansar.<\/p>\n<p>A caminhada mais desafiadora \u00e9 atravessar o parque em tr\u00eas ou quatro dias saindo de Atins, passando por Queimada dos Britos e terminando em Santo Amaro em um total de 75 km. Desafiador, por\u00e9m em um passo razo\u00e1vel, com muita \u00e1gua e um lugar para descanso, pode ser feita facilmente. T\u00eam muitas lagoas de \u00e1gua doce nas quais pode-se nadar e descansar ao longo do caminho. No final da longa trilha, os cansados viajantes chegam \u00e0 cidade de Santo Amaro de Maranh\u00e3o onde podem descansar e beber algumas cervejas enquanto saboreando os famosos pitus. De Santo Amaro tem-se a escolha de voltar a Atins ou continuar para S\u00e3o Lu\u00eds em uma 4&#215;4 e \u00f4nibus.<\/p>\n<p>Guias bil\u00edngues est\u00e3o dispon\u00edveis, tanto quanto, encontram carregadores para levar as mochilas (lembre-se: levem mochilas leves). \u00c9 aconselh\u00e1vel a levar um chap\u00e9u ou bon\u00e9 e muito protetor solar para proteger-se do sol equatorial.<\/p>\n<p>Passeios mais curtos de meio dia ou um dia normalmente s\u00e3o feito com uma combina\u00e7\u00e3o de Toyota e caminhadas curtas. Os passeios mais conhecidos s\u00e3o: Lagoa Verde, Lagoa Tropical, Ponto de Mangue, a Cachoeira do Bozinho (uma queda d&#8217;agua doce que cai no mar \u2013 somente na esta\u00e7\u00e3o de chuva) ou o Rio Negro com almo\u00e7o no Canto de Atins na volta.<\/p>\n<p>Muitos passeios &amp; caminhadas come\u00e7am ao nascer do sol para evitar o escaldante calor do deserto.<\/p>\n<hr \/>\n<h2 id=\"canto-do-atins\">Canto do Atins<\/h2>\n<p><a href=\"https:\/\/www.atins.me\/wp-content\/uploads\/2011\/01\/Canto-do-Atins_683x341.jpg\"><img decoding=\"async\" loading=\"lazy\" class=\"alignnone wp-image-10705 size-full\" src=\"https:\/\/www.atins.me\/wp-content\/uploads\/2011\/01\/Canto-do-Atins_683x341.jpg\" alt=\"Canto do Atins\" width=\"683\" height=\"341\" srcset=\"https:\/\/www.atins.me\/wp-content\/uploads\/2011\/01\/Canto-do-Atins_683x341.jpg 683w, https:\/\/www.atins.me\/wp-content\/uploads\/2011\/01\/Canto-do-Atins_683x341-300x150.jpg 300w\" sizes=\"(max-width: 683px) 100vw, 683px\" \/><\/a><\/p>\n<p>Apesar de Atins ser do lado de fora do Parque Nacional dos Len\u00e7\u00f3is Maranhenses um pequeno grupo de fam\u00edlias se estabeleceu 3 km dentro do parque ao longo do mar. Esta comunidade forma o Canto de Atins. A viagem de Atins a Canto \u00e9 uma excurs\u00e3o formid\u00e1vel beirando as dunas do parque e pode ser feita tamb\u00e9m \u00e0 cavalo ou \u00e0 p\u00e9. Lembre-se de parar para almo\u00e7ar e experimentar os deliciosos camar\u00f5es nos restaurantes de Luiza ou de Antonio.<\/p>\n<hr \/>\n<h2 id=\"vassouras\">Vassouras<\/h2>\n<p><a href=\"https:\/\/www.atins.me\/wp-content\/uploads\/2011\/01\/02_Vassouras.jpg\"><img decoding=\"async\" loading=\"lazy\" class=\"alignright wp-image-10675 size-full\" src=\"https:\/\/www.atins.me\/wp-content\/uploads\/2011\/01\/02_Vassouras.jpg\" alt=\"Vassouras\" width=\"238\" height=\"238\" srcset=\"https:\/\/www.atins.me\/wp-content\/uploads\/2011\/01\/02_Vassouras.jpg 238w, https:\/\/www.atins.me\/wp-content\/uploads\/2011\/01\/02_Vassouras-200x200.jpg 200w\" sizes=\"(max-width: 238px) 100vw, 238px\" \/><\/a><br \/>\nA primeira parada no passeio de barco de Barreirinhas, descendo o Rio das Pregui\u00e7as para Atins, \u00e9 normalmente Vassouras, uma pequena comunidade de fam\u00edlias que moram a beira rio em frente dos Pequenos Len\u00e7\u00f3is. Aqui, as pessoas v\u00eaem pela primeira vez as enormes dunas ou se deliciam com uma \u00e1gua de coco e d\u00e3o a comer aos macacos que vivem nos manguezais.<\/p>\n<h2 id=\"mandacaru\">Mandacar\u00fa<\/h2>\n<p>A pr\u00f3xima parada no passeio de barco de Barreirinhas \u00e9 a pequena vila de pescador chamada Mandacar\u00fa localizada um pouco mais abaixo na outra margem do rio Pregui\u00e7as. O farol de Mandacar\u00fa \u00e9 o ponto mais alto de toda a regi\u00e3o e tem uma deslumbrante vista de 360\u00ba graus da vasta \u00e1rea de manguezal do rio, de Len\u00e7\u00f3is Maranhenses e do seu irm\u00e3o menor, Pequenos Len\u00e7\u00f3is, atravessado Rio Pregui\u00e7as, Cabur\u00e9, Atins e o mar. Mandacar\u00fa tamb\u00e9m tem alguns restaurantes bons, lojas de artesanatos locais e um heliponto (perto do farol).<\/p>\n<p><a href=\"https:\/\/www.atins.me\/wp-content\/uploads\/2011\/01\/02_Farol-Mandacaru_683x341.jpg\"><img decoding=\"async\" loading=\"lazy\" class=\"alignnone wp-image-10687 size-full\" src=\"https:\/\/www.atins.me\/wp-content\/uploads\/2011\/01\/02_Farol-Mandacaru_683x341.jpg\" alt=\"Farol de Mandacar\u00fa\" width=\"682\" height=\"341\" srcset=\"https:\/\/www.atins.me\/wp-content\/uploads\/2011\/01\/02_Farol-Mandacaru_683x341.jpg 682w, https:\/\/www.atins.me\/wp-content\/uploads\/2011\/01\/02_Farol-Mandacaru_683x341-300x150.jpg 300w\" sizes=\"(max-width: 682px) 100vw, 682px\" \/><\/a><\/p>\n<h2 id=\"cabure\">Cabur\u00e9<\/h2>\n<p>A parada final (se n\u00e3o seguirem at\u00e9 Atins) do passeio vinda de Barreirinhas \u00e9 Cabur\u00e9. Localizada no estreito banco de areia que divide o mar do Rio Pregui\u00e7as, Cabur\u00e9 \u00e9 puramente um resort tur\u00edstico muito frequentado por pessoas de Barreirinhas, que ficam poucas vezes um ou dois dias. Sendo na verdade, uma pequena aglomera\u00e7\u00e3o de tr\u00eas ou quatro restaurantes e albergues bem localizados para comer e nadar no mar aberto ou nas calmas \u00e1guas do rio (da para atravessar de um lado para o outro em quest\u00f5es de minutos). Alguns nativos dizem que em poucos anos o mar vai invadir o rio engolindo Cabur\u00e9 no processo.<\/p>\n<p><a href=\"https:\/\/www.atins.me\/wp-content\/uploads\/2011\/01\/Cabure_683x341.jpg\"><img decoding=\"async\" loading=\"lazy\" class=\"alignnone wp-image-10827 size-full\" src=\"https:\/\/www.atins.me\/wp-content\/uploads\/2011\/01\/Cabure_683x341.jpg\" alt=\"Cabur\u00e9\" width=\"683\" height=\"341\" srcset=\"https:\/\/www.atins.me\/wp-content\/uploads\/2011\/01\/Cabure_683x341.jpg 683w, https:\/\/www.atins.me\/wp-content\/uploads\/2011\/01\/Cabure_683x341-300x150.jpg 300w\" sizes=\"(max-width: 683px) 100vw, 683px\" \/><\/a><\/p>\n","protected":false},"excerpt":{"rendered":"<p>Passeios &amp; caminhadas de Atins s\u00e3o normalmente consideradas de natureza eco-friendly; voc\u00ea anda a p\u00e9 ou a cavalo. Os passeios muitas vezes incluem um corte por 4&#215;4 licenciadas para entrar no parque. Nos \u00faltimos dois anos passeios de Barreirinhas por Quad Bike ficaram mais conhecida entre os turistas brasileiros que frequentam o Len\u00e7\u00f3is e chegam\u2026<\/p>\n","protected":false},"author":2,"featured_media":10650,"parent":0,"menu_order":3,"comment_status":"open","ping_status":"closed","template":"template-with-sidebar.php","meta":{"_mi_skip_tracking":false,"_monsterinsights_sitenote_active":false,"_monsterinsights_sitenote_note":"","_monsterinsights_sitenote_category":0,"footnotes":""},"yoast_head":"<!-- This site is optimized with the Yoast SEO plugin v21.0 - https:\/\/yoast.com\/wordpress\/plugins\/seo\/ -->\n<title>Passeios &amp; caminhadas de Atins aos Len\u00e7\u00f3is Maranhenses<\/title>\n<meta name=\"description\" content=\"Passeios &amp; caminhadas normalmente podem ser de carro, a p\u00e9 ou a cavalo para explorar os Len\u00e7\u00f3is Maranhenses e seu ambiente.\" \/>\n<meta name=\"robots\" content=\"index, follow, max-snippet:-1, max-image-preview:large, max-video-preview:-1\" \/>\n<link rel=\"canonical\" href=\"https:\/\/www.atins.me\/pt-br\/passeios-caminhadas\/\" \/>\n<meta property=\"og:locale\" content=\"pt_PT\" \/>\n<meta property=\"og:type\" content=\"article\" \/>\n<meta property=\"og:title\" content=\"Passeios &amp; caminhadas de Atins aos Len\u00e7\u00f3is Maranhenses\" \/>\n<meta property=\"og:description\" content=\"Passeios &amp; caminhadas normalmente podem ser de carro, a p\u00e9 ou a cavalo para explorar os Len\u00e7\u00f3is Maranhenses e seu ambiente.\" \/>\n<meta property=\"og:url\" content=\"https:\/\/www.atins.me\/pt-br\/passeios-caminhadas\/\" \/>\n<meta property=\"og:site_name\" content=\"Atins\" \/>\n<meta property=\"article:publisher\" content=\"http:\/\/www.facebook.com\/conventoarcadia\" \/>\n<meta property=\"article:modified_time\" content=\"2017-03-08T15:53:59+00:00\" \/>\n<meta property=\"og:image\" content=\"https:\/\/www.atins.me\/wp-content\/uploads\/2011\/01\/dreamstime_xxl_34686750_952x238.jpg\" \/>\n\t<meta property=\"og:image:width\" content=\"952\" \/>\n\t<meta property=\"og:image:height\" content=\"238\" \/>\n\t<meta property=\"og:image:type\" content=\"image\/jpeg\" \/>\n<meta name=\"twitter:card\" content=\"summary_large_image\" \/>\n<meta name=\"twitter:site\" content=\"@atinsme\" \/>\n<meta name=\"twitter:label1\" content=\"Est. reading time\" \/>\n\t<meta name=\"twitter:data1\" content=\"4 minutes\" \/>\n<script type=\"application\/ld+json\" class=\"yoast-schema-graph\">{\"@context\":\"https:\/\/schema.org\",\"@graph\":[{\"@type\":\"WebPage\",\"@id\":\"https:\/\/www.atins.me\/pt-br\/passeios-caminhadas\/\",\"url\":\"https:\/\/www.atins.me\/pt-br\/passeios-caminhadas\/\",\"name\":\"Passeios & caminhadas de Atins aos Len\u00e7\u00f3is Maranhenses\",\"isPartOf\":{\"@id\":\"https:\/\/www.atins.me\/es\/#website\"},\"datePublished\":\"2011-01-05T18:22:44+00:00\",\"dateModified\":\"2017-03-08T15:53:59+00:00\",\"description\":\"Passeios & caminhadas normalmente podem ser de carro, a p\u00e9 ou a cavalo para explorar os Len\u00e7\u00f3is Maranhenses e seu ambiente.\",\"breadcrumb\":{\"@id\":\"https:\/\/www.atins.me\/pt-br\/passeios-caminhadas\/#breadcrumb\"},\"inLanguage\":\"pt\",\"potentialAction\":[{\"@type\":\"ReadAction\",\"target\":[\"https:\/\/www.atins.me\/pt-br\/passeios-caminhadas\/\"]}]},{\"@type\":\"BreadcrumbList\",\"@id\":\"https:\/\/www.atins.me\/pt-br\/passeios-caminhadas\/#breadcrumb\",\"itemListElement\":[{\"@type\":\"ListItem\",\"position\":1,\"name\":\"Home\",\"item\":\"https:\/\/www.atins.me\/pt-br\/\"},{\"@type\":\"ListItem\",\"position\":2,\"name\":\"Passeios &#038; Caminhadas\"}]},{\"@type\":\"WebSite\",\"@id\":\"https:\/\/www.atins.me\/es\/#website\",\"url\":\"https:\/\/www.atins.me\/es\/\",\"name\":\"Atins\",\"description\":\"Len\u00e7\u00f3is Maranhenses\",\"potentialAction\":[{\"@type\":\"SearchAction\",\"target\":{\"@type\":\"EntryPoint\",\"urlTemplate\":\"https:\/\/www.atins.me\/es\/?s={search_term_string}\"},\"query-input\":\"required name=search_term_string\"}],\"inLanguage\":\"pt\"}]}<\/script>\n<!-- \/ Yoast SEO plugin. -->","yoast_head_json":{"title":"Passeios & caminhadas de Atins aos Len\u00e7\u00f3is Maranhenses","description":"Passeios & caminhadas normalmente podem ser de carro, a p\u00e9 ou a cavalo para explorar os Len\u00e7\u00f3is Maranhenses e seu ambiente.","robots":{"index":"index","follow":"follow","max-snippet":"max-snippet:-1","max-image-preview":"max-image-preview:large","max-video-preview":"max-video-preview:-1"},"canonical":"https:\/\/www.atins.me\/pt-br\/passeios-caminhadas\/","og_locale":"pt_PT","og_type":"article","og_title":"Passeios & caminhadas de Atins aos Len\u00e7\u00f3is Maranhenses","og_description":"Passeios & caminhadas normalmente podem ser de carro, a p\u00e9 ou a cavalo para explorar os Len\u00e7\u00f3is Maranhenses e seu ambiente.","og_url":"https:\/\/www.atins.me\/pt-br\/passeios-caminhadas\/","og_site_name":"Atins","article_publisher":"http:\/\/www.facebook.com\/conventoarcadia","article_modified_time":"2017-03-08T15:53:59+00:00","og_image":[{"width":952,"height":238,"url":"https:\/\/www.atins.me\/wp-content\/uploads\/2011\/01\/dreamstime_xxl_34686750_952x238.jpg","type":"image\/jpeg"}],"twitter_card":"summary_large_image","twitter_site":"@atinsme","twitter_misc":{"Est. reading time":"4 minutes"},"schema":{"@context":"https:\/\/schema.org","@graph":[{"@type":"WebPage","@id":"https:\/\/www.atins.me\/pt-br\/passeios-caminhadas\/","url":"https:\/\/www.atins.me\/pt-br\/passeios-caminhadas\/","name":"Passeios & caminhadas de Atins aos Len\u00e7\u00f3is Maranhenses","isPartOf":{"@id":"https:\/\/www.atins.me\/es\/#website"},"datePublished":"2011-01-05T18:22:44+00:00","dateModified":"2017-03-08T15:53:59+00:00","description":"Passeios & caminhadas normalmente podem ser de carro, a p\u00e9 ou a cavalo para explorar os Len\u00e7\u00f3is Maranhenses e seu ambiente.","breadcrumb":{"@id":"https:\/\/www.atins.me\/pt-br\/passeios-caminhadas\/#breadcrumb"},"inLanguage":"pt","potentialAction":[{"@type":"ReadAction","target":["https:\/\/www.atins.me\/pt-br\/passeios-caminhadas\/"]}]},{"@type":"BreadcrumbList","@id":"https:\/\/www.atins.me\/pt-br\/passeios-caminhadas\/#breadcrumb","itemListElement":[{"@type":"ListItem","position":1,"name":"Home","item":"https:\/\/www.atins.me\/pt-br\/"},{"@type":"ListItem","position":2,"name":"Passeios &#038; Caminhadas"}]},{"@type":"WebSite","@id":"https:\/\/www.atins.me\/es\/#website","url":"https:\/\/www.atins.me\/es\/","name":"Atins","description":"Len\u00e7\u00f3is Maranhenses","potentialAction":[{"@type":"SearchAction","target":{"@type":"EntryPoint","urlTemplate":"https:\/\/www.atins.me\/es\/?s={search_term_string}"},"query-input":"required name=search_term_string"}],"inLanguage":"pt"}]}},"jetpack_sharing_enabled":true,"_links":{"self":[{"href":"https:\/\/www.atins.me\/pt-br\/wp-json\/wp\/v2\/pages\/1946"}],"collection":[{"href":"https:\/\/www.atins.me\/pt-br\/wp-json\/wp\/v2\/pages"}],"about":[{"href":"https:\/\/www.atins.me\/pt-br\/wp-json\/wp\/v2\/types\/page"}],"author":[{"embeddable":true,"href":"https:\/\/www.atins.me\/pt-br\/wp-json\/wp\/v2\/users\/2"}],"replies":[{"embeddable":true,"href":"https:\/\/www.atins.me\/pt-br\/wp-json\/wp\/v2\/comments?post=1946"}],"version-history":[{"count":0,"href":"https:\/\/www.atins.me\/pt-br\/wp-json\/wp\/v2\/pages\/1946\/revisions"}],"wp:featuredmedia":[{"embeddable":true,"href":"https:\/\/www.atins.me\/pt-br\/wp-json\/wp\/v2\/media\/10650"}],"wp:attachment":[{"href":"https:\/\/www.atins.me\/pt-br\/wp-json\/wp\/v2\/media?parent=1946"}],"curies":[{"name":"wp","href":"https:\/\/api.w.org\/{rel}","templated":true}]}}