{"id":1936,"date":"2011-01-05T16:21:35","date_gmt":"2011-01-05T18:21:35","guid":{"rendered":"https:\/\/www.atins.me\/?page_id=1936"},"modified":"2016-04-01T12:31:51","modified_gmt":"2016-04-01T15:31:51","slug":"kiteboarding","status":"publish","type":"page","link":"https:\/\/www.atins.me\/pt-br\/kiteboarding\/","title":{"rendered":"Kiteboarding"},"content":{"rendered":"<p><a href=\"https:\/\/www.atins.me\/wp-content\/uploads\/2011\/01\/Drone-Kiter_952_476.jpg\"><img decoding=\"async\" loading=\"lazy\" class=\"alignnone wp-image-10638 size-full\" src=\"https:\/\/www.atins.me\/wp-content\/uploads\/2011\/01\/Drone-Kiter_952_476.jpg\" alt=\"Kiteboarding in Atins\" width=\"952\" height=\"476\" srcset=\"https:\/\/www.atins.me\/wp-content\/uploads\/2011\/01\/Drone-Kiter_952_476.jpg 952w, https:\/\/www.atins.me\/wp-content\/uploads\/2011\/01\/Drone-Kiter_952_476-300x150.jpg 300w\" sizes=\"(max-width: 952px) 100vw, 952px\" \/><\/a><\/p>\n<p>Atins foi nomenado como um dos Top 4 lugares do mundo para Kiteboarding na \u00e1gua lisa em Kitesurf Magazine. Entre Julho e Dezembro, os kitesufistas encontram condi\u00e7\u00f5es ideias em Atins. Nesta \u00e9poca as praias vastas e desertas tem ventos mar-lateral de 15 a 30 n\u00f3s.<\/p>\n<p>Os iniciantes podem treinar na ampla lagoa de \u00e1guas calmas e planas escoradas por 2 bancos de areias naturais, enquanto os mais experientes podem se aventurar em mar aberto.<\/p>\n<p>Outras op\u00e7\u00f5es seriam as \u00e1guas calmas do Rio das Pregui\u00e7as ou as lagoas internas no Parque Nacional de Len\u00e7\u00f3is Maranhenses, as quais o tamanho depende das chuvas e da \u00e9poca do ano (a esta\u00e7\u00e3o de chuva geralmente \u00e9 de janeiro a maio).<\/p>\n<p>Atins tem uma pequena Kiteboarding comunidade de surfistas e instrutores, aluguel de equipamento e passeios guiados.<\/p>\n","protected":false},"excerpt":{"rendered":"<p>Atins foi nomenado como um dos Top 4 lugares do mundo para Kiteboarding na \u00e1gua lisa em Kitesurf Magazine. Entre Julho e Dezembro, os kitesufistas encontram condi\u00e7\u00f5es ideias em Atins. Nesta \u00e9poca as praias vastas e desertas tem ventos mar-lateral de 15 a 30 n\u00f3s. Os iniciantes podem treinar na ampla lagoa de \u00e1guas calmas\u2026<\/p>\n","protected":false},"author":2,"featured_media":10643,"parent":0,"menu_order":2,"comment_status":"open","ping_status":"open","template":"","meta":{"_mi_skip_tracking":false,"_monsterinsights_sitenote_active":false,"_monsterinsights_sitenote_note":"","_monsterinsights_sitenote_category":0,"footnotes":""},"yoast_head":"<!-- This site is optimized with the Yoast SEO plugin v21.0 - https:\/\/yoast.com\/wordpress\/plugins\/seo\/ -->\n<title>Kiteboarding e Kitesurfing no Brasil<\/title>\n<meta name=\"description\" content=\"Atins foi nomeado um dos Top 4 Kiteboarding lugares d&#039;\u00e1gua lisa no mundo. Entre Julho e Dezembro os kitistas encontram condi\u00e7\u00f5es ideias em Atins.\" \/>\n<meta name=\"robots\" content=\"index, follow, max-snippet:-1, max-image-preview:large, max-video-preview:-1\" \/>\n<link rel=\"canonical\" href=\"https:\/\/www.atins.me\/pt-br\/kiteboarding\/\" \/>\n<meta property=\"og:locale\" content=\"pt_PT\" \/>\n<meta property=\"og:type\" content=\"article\" \/>\n<meta property=\"og:title\" content=\"Kiteboarding e Kitesurfing no Brasil\" \/>\n<meta property=\"og:description\" content=\"Atins foi nomeado um dos Top 4 Kiteboarding lugares d&#039;\u00e1gua lisa no mundo. Entre Julho e Dezembro os kitistas encontram condi\u00e7\u00f5es ideias em Atins.\" \/>\n<meta property=\"og:url\" content=\"https:\/\/www.atins.me\/pt-br\/kiteboarding\/\" \/>\n<meta property=\"og:site_name\" content=\"Atins\" \/>\n<meta property=\"article:publisher\" content=\"http:\/\/www.facebook.com\/conventoarcadia\" \/>\n<meta property=\"article:modified_time\" content=\"2016-04-01T15:31:51+00:00\" \/>\n<meta property=\"og:image\" content=\"https:\/\/www.atins.me\/wp-content\/uploads\/2011\/01\/Drone-Kiter_952_476.jpg\" \/>\n\t<meta property=\"og:image:width\" content=\"952\" \/>\n\t<meta property=\"og:image:height\" content=\"476\" \/>\n\t<meta property=\"og:image:type\" content=\"image\/jpeg\" \/>\n<meta name=\"twitter:card\" content=\"summary_large_image\" \/>\n<meta name=\"twitter:site\" content=\"@atinsme\" \/>\n<meta name=\"twitter:label1\" content=\"Est. reading time\" \/>\n\t<meta name=\"twitter:data1\" content=\"1 minute\" \/>\n<script type=\"application\/ld+json\" class=\"yoast-schema-graph\">{\"@context\":\"https:\/\/schema.org\",\"@graph\":[{\"@type\":\"WebPage\",\"@id\":\"https:\/\/www.atins.me\/pt-br\/kiteboarding\/\",\"url\":\"https:\/\/www.atins.me\/pt-br\/kiteboarding\/\",\"name\":\"Kiteboarding e Kitesurfing no Brasil\",\"isPartOf\":{\"@id\":\"https:\/\/www.atins.me\/es\/#website\"},\"datePublished\":\"2011-01-05T18:21:35+00:00\",\"dateModified\":\"2016-04-01T15:31:51+00:00\",\"description\":\"Atins foi nomeado um dos Top 4 Kiteboarding lugares d'\u00e1gua lisa no mundo. Entre Julho e Dezembro os kitistas encontram condi\u00e7\u00f5es ideias em Atins.\",\"breadcrumb\":{\"@id\":\"https:\/\/www.atins.me\/pt-br\/kiteboarding\/#breadcrumb\"},\"inLanguage\":\"pt\",\"potentialAction\":[{\"@type\":\"ReadAction\",\"target\":[\"https:\/\/www.atins.me\/pt-br\/kiteboarding\/\"]}]},{\"@type\":\"BreadcrumbList\",\"@id\":\"https:\/\/www.atins.me\/pt-br\/kiteboarding\/#breadcrumb\",\"itemListElement\":[{\"@type\":\"ListItem\",\"position\":1,\"name\":\"Home\",\"item\":\"https:\/\/www.atins.me\/pt-br\/\"},{\"@type\":\"ListItem\",\"position\":2,\"name\":\"Kiteboarding\"}]},{\"@type\":\"WebSite\",\"@id\":\"https:\/\/www.atins.me\/es\/#website\",\"url\":\"https:\/\/www.atins.me\/es\/\",\"name\":\"Atins\",\"description\":\"Len\u00e7\u00f3is Maranhenses\",\"potentialAction\":[{\"@type\":\"SearchAction\",\"target\":{\"@type\":\"EntryPoint\",\"urlTemplate\":\"https:\/\/www.atins.me\/es\/?s={search_term_string}\"},\"query-input\":\"required name=search_term_string\"}],\"inLanguage\":\"pt\"}]}<\/script>\n<!-- \/ Yoast SEO plugin. -->","yoast_head_json":{"title":"Kiteboarding e Kitesurfing no Brasil","description":"Atins foi nomeado um dos Top 4 Kiteboarding lugares d'\u00e1gua lisa no mundo. Entre Julho e Dezembro os kitistas encontram condi\u00e7\u00f5es ideias em Atins.","robots":{"index":"index","follow":"follow","max-snippet":"max-snippet:-1","max-image-preview":"max-image-preview:large","max-video-preview":"max-video-preview:-1"},"canonical":"https:\/\/www.atins.me\/pt-br\/kiteboarding\/","og_locale":"pt_PT","og_type":"article","og_title":"Kiteboarding e Kitesurfing no Brasil","og_description":"Atins foi nomeado um dos Top 4 Kiteboarding lugares d'\u00e1gua lisa no mundo. Entre Julho e Dezembro os kitistas encontram condi\u00e7\u00f5es ideias em Atins.","og_url":"https:\/\/www.atins.me\/pt-br\/kiteboarding\/","og_site_name":"Atins","article_publisher":"http:\/\/www.facebook.com\/conventoarcadia","article_modified_time":"2016-04-01T15:31:51+00:00","og_image":[{"width":952,"height":476,"url":"https:\/\/www.atins.me\/wp-content\/uploads\/2011\/01\/Drone-Kiter_952_476.jpg","type":"image\/jpeg"}],"twitter_card":"summary_large_image","twitter_site":"@atinsme","twitter_misc":{"Est. reading time":"1 minute"},"schema":{"@context":"https:\/\/schema.org","@graph":[{"@type":"WebPage","@id":"https:\/\/www.atins.me\/pt-br\/kiteboarding\/","url":"https:\/\/www.atins.me\/pt-br\/kiteboarding\/","name":"Kiteboarding e Kitesurfing no Brasil","isPartOf":{"@id":"https:\/\/www.atins.me\/es\/#website"},"datePublished":"2011-01-05T18:21:35+00:00","dateModified":"2016-04-01T15:31:51+00:00","description":"Atins foi nomeado um dos Top 4 Kiteboarding lugares d'\u00e1gua lisa no mundo. Entre Julho e Dezembro os kitistas encontram condi\u00e7\u00f5es ideias em Atins.","breadcrumb":{"@id":"https:\/\/www.atins.me\/pt-br\/kiteboarding\/#breadcrumb"},"inLanguage":"pt","potentialAction":[{"@type":"ReadAction","target":["https:\/\/www.atins.me\/pt-br\/kiteboarding\/"]}]},{"@type":"BreadcrumbList","@id":"https:\/\/www.atins.me\/pt-br\/kiteboarding\/#breadcrumb","itemListElement":[{"@type":"ListItem","position":1,"name":"Home","item":"https:\/\/www.atins.me\/pt-br\/"},{"@type":"ListItem","position":2,"name":"Kiteboarding"}]},{"@type":"WebSite","@id":"https:\/\/www.atins.me\/es\/#website","url":"https:\/\/www.atins.me\/es\/","name":"Atins","description":"Len\u00e7\u00f3is Maranhenses","potentialAction":[{"@type":"SearchAction","target":{"@type":"EntryPoint","urlTemplate":"https:\/\/www.atins.me\/es\/?s={search_term_string}"},"query-input":"required name=search_term_string"}],"inLanguage":"pt"}]}},"jetpack_sharing_enabled":true,"_links":{"self":[{"href":"https:\/\/www.atins.me\/pt-br\/wp-json\/wp\/v2\/pages\/1936"}],"collection":[{"href":"https:\/\/www.atins.me\/pt-br\/wp-json\/wp\/v2\/pages"}],"about":[{"href":"https:\/\/www.atins.me\/pt-br\/wp-json\/wp\/v2\/types\/page"}],"author":[{"embeddable":true,"href":"https:\/\/www.atins.me\/pt-br\/wp-json\/wp\/v2\/users\/2"}],"replies":[{"embeddable":true,"href":"https:\/\/www.atins.me\/pt-br\/wp-json\/wp\/v2\/comments?post=1936"}],"version-history":[{"count":0,"href":"https:\/\/www.atins.me\/pt-br\/wp-json\/wp\/v2\/pages\/1936\/revisions"}],"wp:featuredmedia":[{"embeddable":true,"href":"https:\/\/www.atins.me\/pt-br\/wp-json\/wp\/v2\/media\/10643"}],"wp:attachment":[{"href":"https:\/\/www.atins.me\/pt-br\/wp-json\/wp\/v2\/media?parent=1936"}],"curies":[{"name":"wp","href":"https:\/\/api.w.org\/{rel}","templated":true}]}}