{"id":1770,"date":"2011-01-21T09:00:07","date_gmt":"2011-01-21T11:00:07","guid":{"rendered":"https:\/\/www.atins.me\/?page_id=1770"},"modified":"2019-06-24T19:49:51","modified_gmt":"2019-06-24T22:49:51","slug":"leia-isso","status":"publish","type":"page","link":"https:\/\/www.atins.me\/pt-br\/leia-isso\/","title":{"rendered":"Leia isso"},"content":{"rendered":"<p>Sua localiza\u00e7\u00e3o rural t\u00e3o distante do mundo apressado civilizado \u00e9 a atra\u00e7\u00e3o e o charme de Atins. Os viajantes devem estar conscientes do fato de que isto \u00e9 tamb\u00e9m uma ren\u00fancia a certas conveni\u00eancias e servi\u00e7os que fazem nossa vida mais confort\u00e1vel e, que muitas vezes, temos como garantido. Venham preparado.<\/p>\n<hr \/>\n<p><a href=\"https:\/\/www.atins.me\/wp-content\/uploads\/2011\/01\/10929939_10206667606558940_1413935248970245382_n-1.jpg\"><img decoding=\"async\" loading=\"lazy\" class=\"alignnone wp-image-10763 size-full\" src=\"https:\/\/www.atins.me\/wp-content\/uploads\/2011\/01\/10929939_10206667606558940_1413935248970245382_n-1.jpg\" alt=\"Atins praia\" width=\"682\" height=\"341\" srcset=\"https:\/\/www.atins.me\/wp-content\/uploads\/2011\/01\/10929939_10206667606558940_1413935248970245382_n-1.jpg 682w, https:\/\/www.atins.me\/wp-content\/uploads\/2011\/01\/10929939_10206667606558940_1413935248970245382_n-1-300x150.jpg 300w\" sizes=\"(max-width: 682px) 100vw, 682px\" \/><\/a><\/p>\n<h2 id=\"when-to-go\">Quando vir?<\/h2>\n<p>A regi\u00e3o conhece apenas duas esta\u00e7\u00f5es, o ver\u00e3o e o inverno. O inverno \u00e9 a esta\u00e7\u00e3o chuvosa, com temperaturas de 24\u00b0C a 32\u00b0C, e \u00e9 quando dias de chuva forte se misturam com dias ensolarados.<\/p>\n<p>A esta\u00e7\u00e3o chuvosa, normalmente, come\u00e7a com chuvas leves em meados\/final de janeiro e vai aumentando at\u00e9 mar\u00e7o. O maior \u00edndice pluviom\u00e9trico \u00e9 em abril e maio, diminuindo at\u00e9 junho. Neste per\u00edodo, as lagoas e os vales entre as dunas do Parque Nacional ficam cobertos com \u00e1gua. O mesmo acontece com as \u00e1reas mais baixas de Atins e alguns dos caminhos que levam ao vilarejo pelos Len\u00e7\u00f3is. At\u00e9 abril\/maio, as lagoas dos Len\u00e7\u00f3is Maranhenses est\u00e3o cheias.<\/p>\n<p>Em julho, come\u00e7a o ver\u00e3o e, com ele, o vento al\u00edsios mar-lateral em uma constante de 15 a 30 n\u00f3s. Os visitantes v\u00e3o ter dias de sol brilhando continuamente e temperaturas de 30\u00b0C a 35\u00b0C.<\/p>\n<p>A melhor \u00e9poca para desfrutar do parque \u00e9, portanto, a partir de junho at\u00e9 o final de setembro, talvez meados de outubro, ap\u00f3s isto, as lagoas se evaporam.<\/p>\n<p>Para kiteboarders, a melhor temporada \u00e9 de julho a dezembro, podendo se estender at\u00e9 meados de janeiro. Esperem os ventos mais fortes de outubro a meados de dezembro.<\/p>\n<p>Durante os meses de alta temporada, julho e agosto, e entre o Natal e o R\u00e9veillon \u00e9 aconselh\u00e1vel fazer uma reserva de alojamento.<\/p>\n<h2 id=\"groceries\">Alimentos<\/h2>\n<p>Atins tem algumas lojas que estocam alimentos b\u00e1sicos. Se estiver planejando alugar uma casa de veraneio e ficar por mais tempo, recomenda-se fazer compras de suprimentos\/alimentos em Barreirinhas ou at\u00e9 mesmo em S\u00e3o Lu\u00eds. Certifique-se de levar protetor solar, repelentes e baterias o suficiente.<\/p>\n<h2 id=\"luggage\">Baggagem<\/h2>\n<p>Lembre-se Atins n\u00e3o conhece asfalto! Deixe suas malas de rodinhas em casa e opte por mochilas. A maioria das pessoas n\u00e3o precisam de muito em Atins. Usa-se muito shorts e camisetas, sand\u00e1lias. Traga seus \u00f3culos escuros e um bon\u00e9, e quantos livros quiser e achar necess\u00e1rio.<\/p>\n<h2 id=\"money\">Dinheiro<\/h2>\n<p><a href=\"https:\/\/www.atins.me\/wp-content\/uploads\/2011\/01\/11665523_10207198273905292_8229979608647080258_n-1.jpg\"><img decoding=\"async\" loading=\"lazy\" class=\"alignnone wp-image-10769 size-full\" src=\"https:\/\/www.atins.me\/wp-content\/uploads\/2011\/01\/11665523_10207198273905292_8229979608647080258_n-1.jpg\" alt=\"Atins a noite\" width=\"682\" height=\"341\" srcset=\"https:\/\/www.atins.me\/wp-content\/uploads\/2011\/01\/11665523_10207198273905292_8229979608647080258_n-1.jpg 682w, https:\/\/www.atins.me\/wp-content\/uploads\/2011\/01\/11665523_10207198273905292_8229979608647080258_n-1-300x150.jpg 300w\" sizes=\"(max-width: 682px) 100vw, 682px\" \/><\/a><br \/>\nAtins n\u00e3o tem caixa eletr\u00f4nico ou 24 horas. E somente recentemente algumas pousadas e restaurantes come\u00e7aram a aceitar cart\u00f5es de d\u00e9bito e cr\u00e9dito.<\/p>\n<p>O \u00faltimo lugar para retirar dinheiro \u00e9 Barreirinhas. A ag\u00eancia do banco do Brasil fica localizado no centro perto da Beira Rio e do ponto de taxi. O hor\u00e1rio de funcionamento \u00e9 das 09h00 as 14h00.<\/p>\n<p>Tamb\u00e9m t\u00eam ag\u00eancias do Bradesco, Caixa e Banco do Nordeste.<\/p>\n<p>Lembre-se que h\u00e1 limites de retirada. \u00c9 aconselh\u00e1vel j\u00e1 fazer retiradas em S\u00e3o Luis.<\/p>\n<h2 id=\"electricity\">Eletricidade<\/h2>\n<p>A eletricidade trif\u00e1sica foi recentemente conectada em Atins. Durante 10 anos era monof\u00e1scia. Mais estabelecimentos come\u00e7am a oferecer ar condicionado, TV ou frigobar nos quartos, apesar destes privil\u00e9gios da civiliza\u00e7\u00e3o moderna serem altamente question\u00e1veis por se tratar de Atins.<\/p>\n<h2 id=\"internet\">Internet<\/h2>\n<p>Internet n\u00e3o \u00e9 f\u00e1cil de encontrar em Atins: T\u00eam duas op\u00e7\u00f5es: a primeiro o uso de internet do celular onde achar rede dispon\u00edvel. (veja abaixo). A segunda, algumas pousadas e restaurantes oferecem Wifi via sat\u00e9lite ou um provedor de Internet local. No entanto, esses servi\u00e7os s\u00e3o propensos a congestionamentos e interrup\u00e7\u00f5es. Pois n\u00e3o espere uma conectividade boa quando em Atins e j\u00e1 esque\u00e7a o Netflix, YouTube e Instagram enquanto estiver aqui.<\/p>\n<h2 id=\"medical\">M\u00e9dico<\/h2>\n<p>O posto de sa\u00fade de Atins teve recentemente uma \u00f3tima melhoria. Uma enfermeira est\u00e1 presente todos os dias da semana, e inclu\u00edndo os s\u00e1bados. Se voc\u00ea ficar seriamente doente prepare-se para uma viagem de emerg\u00eacia a Barreirinhas para atendimento m\u00e9dico e para uma farm\u00e1cia.<\/p>\n<h2 id=\"mosquitoes\">Mosquitos<\/h2>\n<p>T\u00eam pernilongos\/mosquitos na esta\u00e7\u00e3o de chuva que \u00e9 do final de janeiro at\u00e9 maio\/junho quando o volume de \u00e1guas ainda \u00e9 alto no vilarejo e o vento ainda n\u00e3o come\u00e7ou. \u00c9 recomend\u00e1vel trazer repelente nesta \u00e9poca. As pousadas t\u00eam mosquiteiros para proteg\u00ea-lo durante a noite. Gra\u00e7as aos ventos fortes durante o resto do ano \u00e9 dif\u00edcil ter pernilongos fora da esta\u00e7\u00e3o de chuva.<\/p>\n<h2 id=\"phone\">Telefone<\/h2>\n<p>Geralmente a conex\u00e3o da rede de celular \u00e9 no melhor dos casos irregular ou simplesmente n\u00e3o existente; Mas muitas das pousadas instalaram antenas de longa dist\u00e2ncia (GSM) com repetidoras para terem sinais telef\u00f4nicos nas \u00e1reas comuns da suas localidades.<\/p>\n","protected":false},"excerpt":{"rendered":"<p>Sua localiza\u00e7\u00e3o rural t\u00e3o distante do mundo apressado civilizado \u00e9 a atra\u00e7\u00e3o e o charme de Atins. Os viajantes devem estar conscientes do fato de que isto \u00e9 tamb\u00e9m uma ren\u00fancia a certas conveni\u00eancias e servi\u00e7os que fazem nossa vida mais confort\u00e1vel e, que muitas vezes, temos como garantido. Venham preparado. Quando vir? A regi\u00e3o\u2026<\/p>\n","protected":false},"author":2,"featured_media":10768,"parent":0,"menu_order":16,"comment_status":"open","ping_status":"closed","template":"template-with-sidebar.php","meta":{"_mi_skip_tracking":false,"_monsterinsights_sitenote_active":false,"_monsterinsights_sitenote_note":"","_monsterinsights_sitenote_category":0,"footnotes":""},"yoast_head":"<!-- This site is optimized with the Yoast SEO plugin v21.0 - https:\/\/yoast.com\/wordpress\/plugins\/seo\/ -->\n<title>Dicas e truques para a viagem para Atins<\/title>\n<meta name=\"description\" content=\"Sua localiza\u00e7\u00e3o rural t\u00e3o distante do mundo apressado civilizado \u00e9 a atra\u00e7\u00e3o e o charme de Atins. Certas conveni\u00eancias e servi\u00e7os precisem renunciar!\" \/>\n<meta name=\"robots\" content=\"index, follow, max-snippet:-1, max-image-preview:large, max-video-preview:-1\" \/>\n<link rel=\"canonical\" href=\"https:\/\/www.atins.me\/pt-br\/leia-isso\/\" \/>\n<meta property=\"og:locale\" content=\"pt_PT\" \/>\n<meta property=\"og:type\" content=\"article\" \/>\n<meta property=\"og:title\" content=\"Dicas e truques para a viagem para Atins\" \/>\n<meta property=\"og:description\" content=\"Sua localiza\u00e7\u00e3o rural t\u00e3o distante do mundo apressado civilizado \u00e9 a atra\u00e7\u00e3o e o charme de Atins. Certas conveni\u00eancias e servi\u00e7os precisem renunciar!\" \/>\n<meta property=\"og:url\" content=\"https:\/\/www.atins.me\/pt-br\/leia-isso\/\" \/>\n<meta property=\"og:site_name\" content=\"Atins\" \/>\n<meta property=\"article:publisher\" content=\"http:\/\/www.facebook.com\/conventoarcadia\" \/>\n<meta property=\"article:modified_time\" content=\"2019-06-24T22:49:51+00:00\" \/>\n<meta property=\"og:image\" content=\"https:\/\/www.atins.me\/wp-content\/uploads\/2011\/01\/10929939_10206667606558940_1413935248970245382_n-1.jpg\" \/>\n\t<meta property=\"og:image:width\" content=\"682\" \/>\n\t<meta property=\"og:image:height\" content=\"341\" \/>\n\t<meta property=\"og:image:type\" content=\"image\/jpeg\" \/>\n<meta name=\"twitter:card\" content=\"summary_large_image\" \/>\n<meta name=\"twitter:site\" content=\"@atinsme\" \/>\n<meta name=\"twitter:label1\" content=\"Est. reading time\" \/>\n\t<meta name=\"twitter:data1\" content=\"4 minutes\" \/>\n<script type=\"application\/ld+json\" class=\"yoast-schema-graph\">{\"@context\":\"https:\/\/schema.org\",\"@graph\":[{\"@type\":\"WebPage\",\"@id\":\"https:\/\/www.atins.me\/pt-br\/leia-isso\/\",\"url\":\"https:\/\/www.atins.me\/pt-br\/leia-isso\/\",\"name\":\"Dicas e truques para a viagem para Atins\",\"isPartOf\":{\"@id\":\"https:\/\/www.atins.me\/es\/#website\"},\"datePublished\":\"2011-01-21T11:00:07+00:00\",\"dateModified\":\"2019-06-24T22:49:51+00:00\",\"description\":\"Sua localiza\u00e7\u00e3o rural t\u00e3o distante do mundo apressado civilizado \u00e9 a atra\u00e7\u00e3o e o charme de Atins. Certas conveni\u00eancias e servi\u00e7os precisem renunciar!\",\"breadcrumb\":{\"@id\":\"https:\/\/www.atins.me\/pt-br\/leia-isso\/#breadcrumb\"},\"inLanguage\":\"pt\",\"potentialAction\":[{\"@type\":\"ReadAction\",\"target\":[\"https:\/\/www.atins.me\/pt-br\/leia-isso\/\"]}]},{\"@type\":\"BreadcrumbList\",\"@id\":\"https:\/\/www.atins.me\/pt-br\/leia-isso\/#breadcrumb\",\"itemListElement\":[{\"@type\":\"ListItem\",\"position\":1,\"name\":\"Home\",\"item\":\"https:\/\/www.atins.me\/pt-br\/\"},{\"@type\":\"ListItem\",\"position\":2,\"name\":\"Leia isso\"}]},{\"@type\":\"WebSite\",\"@id\":\"https:\/\/www.atins.me\/es\/#website\",\"url\":\"https:\/\/www.atins.me\/es\/\",\"name\":\"Atins\",\"description\":\"Len\u00e7\u00f3is Maranhenses\",\"potentialAction\":[{\"@type\":\"SearchAction\",\"target\":{\"@type\":\"EntryPoint\",\"urlTemplate\":\"https:\/\/www.atins.me\/es\/?s={search_term_string}\"},\"query-input\":\"required name=search_term_string\"}],\"inLanguage\":\"pt\"}]}<\/script>\n<!-- \/ Yoast SEO plugin. -->","yoast_head_json":{"title":"Dicas e truques para a viagem para Atins","description":"Sua localiza\u00e7\u00e3o rural t\u00e3o distante do mundo apressado civilizado \u00e9 a atra\u00e7\u00e3o e o charme de Atins. Certas conveni\u00eancias e servi\u00e7os precisem renunciar!","robots":{"index":"index","follow":"follow","max-snippet":"max-snippet:-1","max-image-preview":"max-image-preview:large","max-video-preview":"max-video-preview:-1"},"canonical":"https:\/\/www.atins.me\/pt-br\/leia-isso\/","og_locale":"pt_PT","og_type":"article","og_title":"Dicas e truques para a viagem para Atins","og_description":"Sua localiza\u00e7\u00e3o rural t\u00e3o distante do mundo apressado civilizado \u00e9 a atra\u00e7\u00e3o e o charme de Atins. Certas conveni\u00eancias e servi\u00e7os precisem renunciar!","og_url":"https:\/\/www.atins.me\/pt-br\/leia-isso\/","og_site_name":"Atins","article_publisher":"http:\/\/www.facebook.com\/conventoarcadia","article_modified_time":"2019-06-24T22:49:51+00:00","og_image":[{"width":682,"height":341,"url":"https:\/\/www.atins.me\/wp-content\/uploads\/2011\/01\/10929939_10206667606558940_1413935248970245382_n-1.jpg","type":"image\/jpeg"}],"twitter_card":"summary_large_image","twitter_site":"@atinsme","twitter_misc":{"Est. reading time":"4 minutes"},"schema":{"@context":"https:\/\/schema.org","@graph":[{"@type":"WebPage","@id":"https:\/\/www.atins.me\/pt-br\/leia-isso\/","url":"https:\/\/www.atins.me\/pt-br\/leia-isso\/","name":"Dicas e truques para a viagem para Atins","isPartOf":{"@id":"https:\/\/www.atins.me\/es\/#website"},"datePublished":"2011-01-21T11:00:07+00:00","dateModified":"2019-06-24T22:49:51+00:00","description":"Sua localiza\u00e7\u00e3o rural t\u00e3o distante do mundo apressado civilizado \u00e9 a atra\u00e7\u00e3o e o charme de Atins. Certas conveni\u00eancias e servi\u00e7os precisem renunciar!","breadcrumb":{"@id":"https:\/\/www.atins.me\/pt-br\/leia-isso\/#breadcrumb"},"inLanguage":"pt","potentialAction":[{"@type":"ReadAction","target":["https:\/\/www.atins.me\/pt-br\/leia-isso\/"]}]},{"@type":"BreadcrumbList","@id":"https:\/\/www.atins.me\/pt-br\/leia-isso\/#breadcrumb","itemListElement":[{"@type":"ListItem","position":1,"name":"Home","item":"https:\/\/www.atins.me\/pt-br\/"},{"@type":"ListItem","position":2,"name":"Leia isso"}]},{"@type":"WebSite","@id":"https:\/\/www.atins.me\/es\/#website","url":"https:\/\/www.atins.me\/es\/","name":"Atins","description":"Len\u00e7\u00f3is Maranhenses","potentialAction":[{"@type":"SearchAction","target":{"@type":"EntryPoint","urlTemplate":"https:\/\/www.atins.me\/es\/?s={search_term_string}"},"query-input":"required name=search_term_string"}],"inLanguage":"pt"}]}},"jetpack_sharing_enabled":true,"_links":{"self":[{"href":"https:\/\/www.atins.me\/pt-br\/wp-json\/wp\/v2\/pages\/1770"}],"collection":[{"href":"https:\/\/www.atins.me\/pt-br\/wp-json\/wp\/v2\/pages"}],"about":[{"href":"https:\/\/www.atins.me\/pt-br\/wp-json\/wp\/v2\/types\/page"}],"author":[{"embeddable":true,"href":"https:\/\/www.atins.me\/pt-br\/wp-json\/wp\/v2\/users\/2"}],"replies":[{"embeddable":true,"href":"https:\/\/www.atins.me\/pt-br\/wp-json\/wp\/v2\/comments?post=1770"}],"version-history":[{"count":0,"href":"https:\/\/www.atins.me\/pt-br\/wp-json\/wp\/v2\/pages\/1770\/revisions"}],"wp:featuredmedia":[{"embeddable":true,"href":"https:\/\/www.atins.me\/pt-br\/wp-json\/wp\/v2\/media\/10768"}],"wp:attachment":[{"href":"https:\/\/www.atins.me\/pt-br\/wp-json\/wp\/v2\/media?parent=1770"}],"curies":[{"name":"wp","href":"https:\/\/api.w.org\/{rel}","templated":true}]}}