{"id":1672,"date":"2011-01-05T15:42:47","date_gmt":"2011-01-05T17:42:47","guid":{"rendered":"https:\/\/www.atins.me\/?page_id=1672"},"modified":"2016-04-01T12:50:28","modified_gmt":"2016-04-01T15:50:28","slug":"viagem","status":"publish","type":"page","link":"https:\/\/www.atins.me\/pt-br\/viagem\/","title":{"rendered":"Viagem"},"content":{"rendered":"<p>O principal aeroporto dom\u00e9stico mais pr\u00f3ximo de Atins e os Len\u00e7\u00f3is Maranhenses \u00e9 o de S\u00e3o Lu\u00eds (SLZ). Os mais pr\u00f3ximos aeroportos internacionais s\u00e3o em Fortaleza (FOR), Bel\u00e9m (BEL) ou Natal (NAT), de onde tem v\u00f4os para S\u00e3o Lu\u00eds. Muitos v\u00f4os dom\u00e9sticos ou internacionais t\u00eam conex\u00f5es pela capital Bras\u00edlia (BSB).<\/p>\n<p>As seguintes companhias a\u00e9reas voam para S\u00e3o Luis:<\/p>\n<ul>\n<li><a title=\"Azul\" href=\"http:\/\/voeazul.com.br\" target=\"_blank\">Azul<\/a><\/li>\n<li><a title=\"GOL\" href=\"http:\/\/www.voegol.com.br\/\" target=\"_blank\">GOL<\/a><\/li>\n<li><a title=\"TAM\" href=\"http:\/\/www.tam.com.br\/\" target=\"_blank\">TAM<\/a><\/li>\n<\/ul>\n<hr \/>\n<p><a href=\"https:\/\/www.atins.me\/wp-content\/uploads\/2011\/01\/Toyota_952x317-1.jpg\"><img decoding=\"async\" loading=\"lazy\" class=\"aligncenter wp-image-10813 size-full\" src=\"https:\/\/www.atins.me\/wp-content\/uploads\/2011\/01\/Toyota_952x317-1.jpg\" alt=\"Viagem\" width=\"952\" height=\"317\" srcset=\"https:\/\/www.atins.me\/wp-content\/uploads\/2011\/01\/Toyota_952x317-1.jpg 952w, https:\/\/www.atins.me\/wp-content\/uploads\/2011\/01\/Toyota_952x317-1-300x100.jpg 300w\" sizes=\"(max-width: 952px) 100vw, 952px\" \/><\/a><\/p>\n<p>O Parque Nacional dos Len\u00e7\u00f3is Maranhenses \u00e9 bastante extenso e n\u00e3o h\u00e1 estradas de acesso. Por causa da classifica\u00e7\u00e3o ambiental do parque (reserva natural protegida), apenas ve\u00edculos licenciados t\u00eam permiss\u00e3o de acesso. A entrada no parque \u00e9 feita exclusivamente por 4&#215;4.<\/p>\n<p>Ao planejar sua viagem para Atins, saiba que imprevistos podem acontecer: os hor\u00e1rios dos meios de transporte para a conex\u00e3o em Barreirinhas n\u00e3o est\u00e3o bem alinhados, e voc\u00ea pode ter que permanecer em Barreirinhas por uma noite se perder o 4&#215;4 ou o barco de conex\u00e3o.<\/p>\n<p><a title=\"TAM\" href=\"https:\/\/www.atins.me\/wp-content\/uploads\/2011\/01\/Lancha_952x476.jpg\" target=\"_blank\"><img decoding=\"async\" loading=\"lazy\" class=\"aligncenter wp-image-10807 size-full\" src=\"https:\/\/www.atins.me\/wp-content\/uploads\/2011\/01\/Lancha_952x476.jpg\" alt=\"Traslado\" width=\"952\" height=\"476\" srcset=\"https:\/\/www.atins.me\/wp-content\/uploads\/2011\/01\/Lancha_952x476.jpg 952w, https:\/\/www.atins.me\/wp-content\/uploads\/2011\/01\/Lancha_952x476-300x150.jpg 300w\" sizes=\"(max-width: 952px) 100vw, 952px\" \/><\/a><\/p>\n","protected":false},"excerpt":{"rendered":"<p>O principal aeroporto dom\u00e9stico mais pr\u00f3ximo de Atins e os Len\u00e7\u00f3is Maranhenses \u00e9 o de S\u00e3o Lu\u00eds (SLZ). Os mais pr\u00f3ximos aeroportos internacionais s\u00e3o em Fortaleza (FOR), Bel\u00e9m (BEL) ou Natal (NAT), de onde tem v\u00f4os para S\u00e3o Lu\u00eds. Muitos v\u00f4os dom\u00e9sticos ou internacionais t\u00eam conex\u00f5es pela capital Bras\u00edlia (BSB). As seguintes companhias a\u00e9reas voam\u2026<\/p>\n","protected":false},"author":2,"featured_media":0,"parent":0,"menu_order":17,"comment_status":"open","ping_status":"open","template":"","meta":{"_mi_skip_tracking":false,"_monsterinsights_sitenote_active":false,"_monsterinsights_sitenote_note":"","_monsterinsights_sitenote_category":0,"footnotes":""},"yoast_head":"<!-- This site is optimized with the Yoast SEO plugin v21.0 - https:\/\/yoast.com\/wordpress\/plugins\/seo\/ -->\n<title>Como chegar para Atins, nos Len\u00e7\u00f3is Maranhenses<\/title>\n<meta name=\"description\" content=\"O principal aeroporto dom\u00e9stico mais pr\u00f3ximo de Atins e os Len\u00e7\u00f3is Maranhenses \u00e9 S\u00e3o Lu\u00eds (SLZ), depois disso, sigam Fortaleza e Bel\u00e9m.\" \/>\n<meta name=\"robots\" content=\"index, follow, max-snippet:-1, max-image-preview:large, max-video-preview:-1\" \/>\n<link rel=\"canonical\" href=\"https:\/\/www.atins.me\/pt-br\/viagem\/\" \/>\n<meta property=\"og:locale\" content=\"pt_PT\" \/>\n<meta property=\"og:type\" content=\"article\" \/>\n<meta property=\"og:title\" content=\"Como chegar para Atins, nos Len\u00e7\u00f3is Maranhenses\" \/>\n<meta property=\"og:description\" content=\"O principal aeroporto dom\u00e9stico mais pr\u00f3ximo de Atins e os Len\u00e7\u00f3is Maranhenses \u00e9 S\u00e3o Lu\u00eds (SLZ), depois disso, sigam Fortaleza e Bel\u00e9m.\" \/>\n<meta property=\"og:url\" content=\"https:\/\/www.atins.me\/pt-br\/viagem\/\" \/>\n<meta property=\"og:site_name\" content=\"Atins\" \/>\n<meta property=\"article:publisher\" content=\"http:\/\/www.facebook.com\/conventoarcadia\" \/>\n<meta property=\"article:modified_time\" content=\"2016-04-01T15:50:28+00:00\" \/>\n<meta property=\"og:image\" content=\"https:\/\/www.atins.me\/wp-content\/uploads\/2011\/01\/Toyota_952x317-1.jpg\" \/>\n<meta name=\"twitter:card\" content=\"summary_large_image\" \/>\n<meta name=\"twitter:site\" content=\"@atinsme\" \/>\n<meta name=\"twitter:label1\" content=\"Est. reading time\" \/>\n\t<meta name=\"twitter:data1\" content=\"1 minute\" \/>\n<script type=\"application\/ld+json\" class=\"yoast-schema-graph\">{\"@context\":\"https:\/\/schema.org\",\"@graph\":[{\"@type\":\"WebPage\",\"@id\":\"https:\/\/www.atins.me\/pt-br\/viagem\/\",\"url\":\"https:\/\/www.atins.me\/pt-br\/viagem\/\",\"name\":\"Como chegar para Atins, nos Len\u00e7\u00f3is Maranhenses\",\"isPartOf\":{\"@id\":\"https:\/\/www.atins.me\/es\/#website\"},\"datePublished\":\"2011-01-05T17:42:47+00:00\",\"dateModified\":\"2016-04-01T15:50:28+00:00\",\"description\":\"O principal aeroporto dom\u00e9stico mais pr\u00f3ximo de Atins e os Len\u00e7\u00f3is Maranhenses \u00e9 S\u00e3o Lu\u00eds (SLZ), depois disso, sigam Fortaleza e Bel\u00e9m.\",\"breadcrumb\":{\"@id\":\"https:\/\/www.atins.me\/pt-br\/viagem\/#breadcrumb\"},\"inLanguage\":\"pt\",\"potentialAction\":[{\"@type\":\"ReadAction\",\"target\":[\"https:\/\/www.atins.me\/pt-br\/viagem\/\"]}]},{\"@type\":\"BreadcrumbList\",\"@id\":\"https:\/\/www.atins.me\/pt-br\/viagem\/#breadcrumb\",\"itemListElement\":[{\"@type\":\"ListItem\",\"position\":1,\"name\":\"Home\",\"item\":\"https:\/\/www.atins.me\/pt-br\/\"},{\"@type\":\"ListItem\",\"position\":2,\"name\":\"Viagem\"}]},{\"@type\":\"WebSite\",\"@id\":\"https:\/\/www.atins.me\/es\/#website\",\"url\":\"https:\/\/www.atins.me\/es\/\",\"name\":\"Atins\",\"description\":\"Len\u00e7\u00f3is Maranhenses\",\"potentialAction\":[{\"@type\":\"SearchAction\",\"target\":{\"@type\":\"EntryPoint\",\"urlTemplate\":\"https:\/\/www.atins.me\/es\/?s={search_term_string}\"},\"query-input\":\"required name=search_term_string\"}],\"inLanguage\":\"pt\"}]}<\/script>\n<!-- \/ Yoast SEO plugin. -->","yoast_head_json":{"title":"Como chegar para Atins, nos Len\u00e7\u00f3is Maranhenses","description":"O principal aeroporto dom\u00e9stico mais pr\u00f3ximo de Atins e os Len\u00e7\u00f3is Maranhenses \u00e9 S\u00e3o Lu\u00eds (SLZ), depois disso, sigam Fortaleza e Bel\u00e9m.","robots":{"index":"index","follow":"follow","max-snippet":"max-snippet:-1","max-image-preview":"max-image-preview:large","max-video-preview":"max-video-preview:-1"},"canonical":"https:\/\/www.atins.me\/pt-br\/viagem\/","og_locale":"pt_PT","og_type":"article","og_title":"Como chegar para Atins, nos Len\u00e7\u00f3is Maranhenses","og_description":"O principal aeroporto dom\u00e9stico mais pr\u00f3ximo de Atins e os Len\u00e7\u00f3is Maranhenses \u00e9 S\u00e3o Lu\u00eds (SLZ), depois disso, sigam Fortaleza e Bel\u00e9m.","og_url":"https:\/\/www.atins.me\/pt-br\/viagem\/","og_site_name":"Atins","article_publisher":"http:\/\/www.facebook.com\/conventoarcadia","article_modified_time":"2016-04-01T15:50:28+00:00","og_image":[{"url":"https:\/\/www.atins.me\/wp-content\/uploads\/2011\/01\/Toyota_952x317-1.jpg"}],"twitter_card":"summary_large_image","twitter_site":"@atinsme","twitter_misc":{"Est. reading time":"1 minute"},"schema":{"@context":"https:\/\/schema.org","@graph":[{"@type":"WebPage","@id":"https:\/\/www.atins.me\/pt-br\/viagem\/","url":"https:\/\/www.atins.me\/pt-br\/viagem\/","name":"Como chegar para Atins, nos Len\u00e7\u00f3is Maranhenses","isPartOf":{"@id":"https:\/\/www.atins.me\/es\/#website"},"datePublished":"2011-01-05T17:42:47+00:00","dateModified":"2016-04-01T15:50:28+00:00","description":"O principal aeroporto dom\u00e9stico mais pr\u00f3ximo de Atins e os Len\u00e7\u00f3is Maranhenses \u00e9 S\u00e3o Lu\u00eds (SLZ), depois disso, sigam Fortaleza e Bel\u00e9m.","breadcrumb":{"@id":"https:\/\/www.atins.me\/pt-br\/viagem\/#breadcrumb"},"inLanguage":"pt","potentialAction":[{"@type":"ReadAction","target":["https:\/\/www.atins.me\/pt-br\/viagem\/"]}]},{"@type":"BreadcrumbList","@id":"https:\/\/www.atins.me\/pt-br\/viagem\/#breadcrumb","itemListElement":[{"@type":"ListItem","position":1,"name":"Home","item":"https:\/\/www.atins.me\/pt-br\/"},{"@type":"ListItem","position":2,"name":"Viagem"}]},{"@type":"WebSite","@id":"https:\/\/www.atins.me\/es\/#website","url":"https:\/\/www.atins.me\/es\/","name":"Atins","description":"Len\u00e7\u00f3is Maranhenses","potentialAction":[{"@type":"SearchAction","target":{"@type":"EntryPoint","urlTemplate":"https:\/\/www.atins.me\/es\/?s={search_term_string}"},"query-input":"required name=search_term_string"}],"inLanguage":"pt"}]}},"jetpack_sharing_enabled":true,"_links":{"self":[{"href":"https:\/\/www.atins.me\/pt-br\/wp-json\/wp\/v2\/pages\/1672"}],"collection":[{"href":"https:\/\/www.atins.me\/pt-br\/wp-json\/wp\/v2\/pages"}],"about":[{"href":"https:\/\/www.atins.me\/pt-br\/wp-json\/wp\/v2\/types\/page"}],"author":[{"embeddable":true,"href":"https:\/\/www.atins.me\/pt-br\/wp-json\/wp\/v2\/users\/2"}],"replies":[{"embeddable":true,"href":"https:\/\/www.atins.me\/pt-br\/wp-json\/wp\/v2\/comments?post=1672"}],"version-history":[{"count":0,"href":"https:\/\/www.atins.me\/pt-br\/wp-json\/wp\/v2\/pages\/1672\/revisions"}],"wp:attachment":[{"href":"https:\/\/www.atins.me\/pt-br\/wp-json\/wp\/v2\/media?parent=1672"}],"curies":[{"name":"wp","href":"https:\/\/api.w.org\/{rel}","templated":true}]}}