{"id":1661,"date":"2011-09-21T08:00:19","date_gmt":"2011-09-21T11:00:19","guid":{"rendered":"https:\/\/www.atins.me\/?page_id=1661"},"modified":"2016-04-01T12:40:58","modified_gmt":"2016-04-01T15:40:58","slug":"jericoacoara","status":"publish","type":"page","link":"https:\/\/www.atins.me\/pt-br\/a-regiao\/jericoacoara\/","title":{"rendered":"Jericoacoara"},"content":{"rendered":"<p><a href=\"https:\/\/www.atins.me\/wp-content\/uploads\/2011\/09\/15429227511_d22a8315a2_k_952x476.jpg\"><img decoding=\"async\" loading=\"lazy\" class=\"alignnone wp-image-8919 size-full\" src=\"https:\/\/www.atins.me\/wp-content\/uploads\/2011\/09\/15429227511_d22a8315a2_k_952x476.jpg\" alt=\"Jericoacoara\" width=\"952\" height=\"476\" srcset=\"https:\/\/www.atins.me\/wp-content\/uploads\/2011\/09\/15429227511_d22a8315a2_k_952x476.jpg 952w, https:\/\/www.atins.me\/wp-content\/uploads\/2011\/09\/15429227511_d22a8315a2_k_952x476-300x150.jpg 300w\" sizes=\"(max-width: 952px) 100vw, 952px\" \/><\/a><\/p>\n<p>Conhecido simplesmente por &#8220;Jeri&#8221;, Jericoacoara magnetiza os viajantes com sua atraente combina\u00e7\u00e3o de isolamento encantado, cen\u00e1rio litoral impressionante, atividades agrad\u00e1veis (principalmente, windsurf, surf e kiteboard), pousadas e restaurantes que valem a pena e uma vida noturna agitada. As seis ruas de areia do vilarejo s\u00e3o encravadas entre uma praia ampla, colinas verdejantes e da majestosa Duna P\u00f4r-do-Sol. \u00c9 um lugar f\u00e1cil de se fazer novos amigos, e muitas pessoas ficam aqui mais tempo que o planejado. A alta temporada vai de julho a janeiro, e \u00e9 aconselh\u00e1vel fazer uma reserva de quarto durante esses meses, porque as acomoda\u00e7\u00f5es lotam rapidamente.<\/p>\n<p>Jeri \u00e9 o ponto inicial (ou final) da Rota das Emo\u00e7\u00f5es que leva os turistas at\u00e9 o Parque dos Len\u00e7\u00f3is Maranhenses e Atins.<\/p>\n<p>Aqui est\u00e3o os links para dois portais \u00fateis que fornecem informa\u00e7\u00f5es abrangentes sobre Jeri, suas pousadas, restaurantes, escolas de windsurf e kiteboard, etc:<\/p>\n<p style=\"padding-left: 30px; text-align: center;\"><a href=\"http:\/\/www.portaljericoacoara.com.br\" target=\"_blank\">Portal Jericoacoara<\/a>\u00a0 \u00a0 \u00a0 \u00a0 \u00a0 \u00a0 \u00a0 \u00a0 \u00a0 \u00a0 <a href=\"http:\/\/www.jericoacoara.com\" target=\"_blank\">Jeri.com<\/a><\/p>\n","protected":false},"excerpt":{"rendered":"<p>Conhecido simplesmente por &#8220;Jeri&#8221;, Jericoacoara magnetiza os viajantes com sua atraente combina\u00e7\u00e3o de isolamento encantado, cen\u00e1rio litoral impressionante, atividades agrad\u00e1veis (principalmente, windsurf, surf e kiteboard), pousadas e restaurantes que valem a pena e uma vida noturna agitada. As seis ruas de areia do vilarejo s\u00e3o encravadas entre uma praia ampla, colinas verdejantes e da majestosa\u2026<\/p>\n","protected":false},"author":2,"featured_media":8936,"parent":1612,"menu_order":2,"comment_status":"open","ping_status":"closed","template":"","meta":{"_mi_skip_tracking":false,"_monsterinsights_sitenote_active":false,"_monsterinsights_sitenote_note":"","_monsterinsights_sitenote_category":0,"footnotes":""},"yoast_head":"<!-- This site is optimized with the Yoast SEO plugin v21.0 - https:\/\/yoast.com\/wordpress\/plugins\/seo\/ -->\n<title>Jericoacoara \u00e9 o inicio da Rota das Emo\u00e7\u00f5es que leva a Atins<\/title>\n<meta name=\"description\" content=\"Atins frequentemente \u00e9 chamado de &quot;novo&quot; Jericoacoara, que se transformou de uma tranquila vila pescador a um dos destinos mais populares do Brasil.\" \/>\n<meta name=\"robots\" content=\"index, follow, max-snippet:-1, max-image-preview:large, max-video-preview:-1\" \/>\n<link rel=\"canonical\" href=\"https:\/\/www.atins.me\/pt-br\/a-regiao\/jericoacoara\/\" \/>\n<meta property=\"og:locale\" content=\"pt_PT\" \/>\n<meta property=\"og:type\" content=\"article\" \/>\n<meta property=\"og:title\" content=\"Jericoacoara \u00e9 o inicio da Rota das Emo\u00e7\u00f5es que leva a Atins\" \/>\n<meta property=\"og:description\" content=\"Atins frequentemente \u00e9 chamado de &quot;novo&quot; Jericoacoara, que se transformou de uma tranquila vila pescador a um dos destinos mais populares do Brasil.\" \/>\n<meta property=\"og:url\" content=\"https:\/\/www.atins.me\/pt-br\/a-regiao\/jericoacoara\/\" \/>\n<meta property=\"og:site_name\" content=\"Atins\" \/>\n<meta property=\"article:publisher\" content=\"http:\/\/www.facebook.com\/conventoarcadia\" \/>\n<meta property=\"article:modified_time\" content=\"2016-04-01T15:40:58+00:00\" \/>\n<meta property=\"og:image\" content=\"https:\/\/www.atins.me\/wp-content\/uploads\/2011\/09\/Jeri_Surfboard_Featured-Image_300x400.jpg\" \/>\n\t<meta property=\"og:image:width\" content=\"300\" \/>\n\t<meta property=\"og:image:height\" content=\"400\" \/>\n\t<meta property=\"og:image:type\" content=\"image\/jpeg\" \/>\n<meta name=\"twitter:card\" content=\"summary_large_image\" \/>\n<meta name=\"twitter:site\" content=\"@atinsme\" \/>\n<meta name=\"twitter:label1\" content=\"Est. reading time\" \/>\n\t<meta name=\"twitter:data1\" content=\"1 minute\" \/>\n<script type=\"application\/ld+json\" class=\"yoast-schema-graph\">{\"@context\":\"https:\/\/schema.org\",\"@graph\":[{\"@type\":\"WebPage\",\"@id\":\"https:\/\/www.atins.me\/pt-br\/a-regiao\/jericoacoara\/\",\"url\":\"https:\/\/www.atins.me\/pt-br\/a-regiao\/jericoacoara\/\",\"name\":\"Jericoacoara \u00e9 o inicio da Rota das Emo\u00e7\u00f5es que leva a Atins\",\"isPartOf\":{\"@id\":\"https:\/\/www.atins.me\/es\/#website\"},\"datePublished\":\"2011-09-21T11:00:19+00:00\",\"dateModified\":\"2016-04-01T15:40:58+00:00\",\"description\":\"Atins frequentemente \u00e9 chamado de \\\"novo\\\" Jericoacoara, que se transformou de uma tranquila vila pescador a um dos destinos mais populares do Brasil.\",\"breadcrumb\":{\"@id\":\"https:\/\/www.atins.me\/pt-br\/a-regiao\/jericoacoara\/#breadcrumb\"},\"inLanguage\":\"pt\",\"potentialAction\":[{\"@type\":\"ReadAction\",\"target\":[\"https:\/\/www.atins.me\/pt-br\/a-regiao\/jericoacoara\/\"]}]},{\"@type\":\"BreadcrumbList\",\"@id\":\"https:\/\/www.atins.me\/pt-br\/a-regiao\/jericoacoara\/#breadcrumb\",\"itemListElement\":[{\"@type\":\"ListItem\",\"position\":1,\"name\":\"Home\",\"item\":\"https:\/\/www.atins.me\/pt-br\/\"},{\"@type\":\"ListItem\",\"position\":2,\"name\":\"A regi\u00e3o\",\"item\":\"https:\/\/www.atins.me\/pt-br\/a-regiao\/\"},{\"@type\":\"ListItem\",\"position\":3,\"name\":\"Jericoacoara\"}]},{\"@type\":\"WebSite\",\"@id\":\"https:\/\/www.atins.me\/es\/#website\",\"url\":\"https:\/\/www.atins.me\/es\/\",\"name\":\"Atins\",\"description\":\"Len\u00e7\u00f3is Maranhenses\",\"potentialAction\":[{\"@type\":\"SearchAction\",\"target\":{\"@type\":\"EntryPoint\",\"urlTemplate\":\"https:\/\/www.atins.me\/es\/?s={search_term_string}\"},\"query-input\":\"required name=search_term_string\"}],\"inLanguage\":\"pt\"}]}<\/script>\n<!-- \/ Yoast SEO plugin. -->","yoast_head_json":{"title":"Jericoacoara \u00e9 o inicio da Rota das Emo\u00e7\u00f5es que leva a Atins","description":"Atins frequentemente \u00e9 chamado de \"novo\" Jericoacoara, que se transformou de uma tranquila vila pescador a um dos destinos mais populares do Brasil.","robots":{"index":"index","follow":"follow","max-snippet":"max-snippet:-1","max-image-preview":"max-image-preview:large","max-video-preview":"max-video-preview:-1"},"canonical":"https:\/\/www.atins.me\/pt-br\/a-regiao\/jericoacoara\/","og_locale":"pt_PT","og_type":"article","og_title":"Jericoacoara \u00e9 o inicio da Rota das Emo\u00e7\u00f5es que leva a Atins","og_description":"Atins frequentemente \u00e9 chamado de \"novo\" Jericoacoara, que se transformou de uma tranquila vila pescador a um dos destinos mais populares do Brasil.","og_url":"https:\/\/www.atins.me\/pt-br\/a-regiao\/jericoacoara\/","og_site_name":"Atins","article_publisher":"http:\/\/www.facebook.com\/conventoarcadia","article_modified_time":"2016-04-01T15:40:58+00:00","og_image":[{"width":300,"height":400,"url":"https:\/\/www.atins.me\/wp-content\/uploads\/2011\/09\/Jeri_Surfboard_Featured-Image_300x400.jpg","type":"image\/jpeg"}],"twitter_card":"summary_large_image","twitter_site":"@atinsme","twitter_misc":{"Est. reading time":"1 minute"},"schema":{"@context":"https:\/\/schema.org","@graph":[{"@type":"WebPage","@id":"https:\/\/www.atins.me\/pt-br\/a-regiao\/jericoacoara\/","url":"https:\/\/www.atins.me\/pt-br\/a-regiao\/jericoacoara\/","name":"Jericoacoara \u00e9 o inicio da Rota das Emo\u00e7\u00f5es que leva a Atins","isPartOf":{"@id":"https:\/\/www.atins.me\/es\/#website"},"datePublished":"2011-09-21T11:00:19+00:00","dateModified":"2016-04-01T15:40:58+00:00","description":"Atins frequentemente \u00e9 chamado de \"novo\" Jericoacoara, que se transformou de uma tranquila vila pescador a um dos destinos mais populares do Brasil.","breadcrumb":{"@id":"https:\/\/www.atins.me\/pt-br\/a-regiao\/jericoacoara\/#breadcrumb"},"inLanguage":"pt","potentialAction":[{"@type":"ReadAction","target":["https:\/\/www.atins.me\/pt-br\/a-regiao\/jericoacoara\/"]}]},{"@type":"BreadcrumbList","@id":"https:\/\/www.atins.me\/pt-br\/a-regiao\/jericoacoara\/#breadcrumb","itemListElement":[{"@type":"ListItem","position":1,"name":"Home","item":"https:\/\/www.atins.me\/pt-br\/"},{"@type":"ListItem","position":2,"name":"A regi\u00e3o","item":"https:\/\/www.atins.me\/pt-br\/a-regiao\/"},{"@type":"ListItem","position":3,"name":"Jericoacoara"}]},{"@type":"WebSite","@id":"https:\/\/www.atins.me\/es\/#website","url":"https:\/\/www.atins.me\/es\/","name":"Atins","description":"Len\u00e7\u00f3is Maranhenses","potentialAction":[{"@type":"SearchAction","target":{"@type":"EntryPoint","urlTemplate":"https:\/\/www.atins.me\/es\/?s={search_term_string}"},"query-input":"required name=search_term_string"}],"inLanguage":"pt"}]}},"jetpack_sharing_enabled":true,"_links":{"self":[{"href":"https:\/\/www.atins.me\/pt-br\/wp-json\/wp\/v2\/pages\/1661"}],"collection":[{"href":"https:\/\/www.atins.me\/pt-br\/wp-json\/wp\/v2\/pages"}],"about":[{"href":"https:\/\/www.atins.me\/pt-br\/wp-json\/wp\/v2\/types\/page"}],"author":[{"embeddable":true,"href":"https:\/\/www.atins.me\/pt-br\/wp-json\/wp\/v2\/users\/2"}],"replies":[{"embeddable":true,"href":"https:\/\/www.atins.me\/pt-br\/wp-json\/wp\/v2\/comments?post=1661"}],"version-history":[{"count":0,"href":"https:\/\/www.atins.me\/pt-br\/wp-json\/wp\/v2\/pages\/1661\/revisions"}],"up":[{"embeddable":true,"href":"https:\/\/www.atins.me\/pt-br\/wp-json\/wp\/v2\/pages\/1612"}],"wp:featuredmedia":[{"embeddable":true,"href":"https:\/\/www.atins.me\/pt-br\/wp-json\/wp\/v2\/media\/8936"}],"wp:attachment":[{"href":"https:\/\/www.atins.me\/pt-br\/wp-json\/wp\/v2\/media?parent=1661"}],"curies":[{"name":"wp","href":"https:\/\/api.w.org\/{rel}","templated":true}]}}