{"id":1650,"date":"2011-09-21T12:00:11","date_gmt":"2011-09-21T15:00:11","guid":{"rendered":"https:\/\/www.atins.me\/?page_id=1650"},"modified":"2016-04-01T12:41:41","modified_gmt":"2016-04-01T15:41:41","slug":"sao-luis","status":"publish","type":"page","link":"https:\/\/www.atins.me\/pt-br\/a-regiao\/sao-luis\/","title":{"rendered":"S\u00e3o Lu\u00eds"},"content":{"rendered":"<p><a href=\"https:\/\/www.atins.me\/wp-content\/uploads\/2011\/09\/photo-06_Tony-Galvez_952x476.jpg\"><img decoding=\"async\" loading=\"lazy\" class=\"alignnone wp-image-9012 size-full\" src=\"https:\/\/www.atins.me\/wp-content\/uploads\/2011\/09\/photo-06_Tony-Galvez_952x476.jpg\" alt=\"S\u00e3o Lu\u00eds\" width=\"952\" height=\"476\" srcset=\"https:\/\/www.atins.me\/wp-content\/uploads\/2011\/09\/photo-06_Tony-Galvez_952x476.jpg 952w, https:\/\/www.atins.me\/wp-content\/uploads\/2011\/09\/photo-06_Tony-Galvez_952x476-300x150.jpg 300w\" sizes=\"(max-width: 952px) 100vw, 952px\" \/><\/a><\/p>\n<p>O centro hist\u00f3rico da cidade de S\u00e3o Lu\u00eds \u00e9 uma \u00e1rea encantadora e suas ruas de paralelep\u00edpedos e mans\u00f5es coloniais de cor pastel nos colocam numa atmosfera \u00fanica. Alguns desses casar\u00f5es s\u00e3o cuidadosamente restaurados, enquanto outros permanecem em plena decad\u00eancia tropical. Bem mais de mil dessas propriedades est\u00e3o listadas como parte do <a href=\"http:\/\/whc.unesco.org\/en\/list\/821\" target=\"_blank\">Patrim\u00f4nio Mundial da Unesco<\/a>. Imagine uma mistura colonial de Havana, Salvador da Bahia e Olinda, assim, voc\u00ea ter\u00e1 criado a imagem do centro hist\u00f3rico de S\u00e3o Lu\u00eds. Ele tamb\u00e9m tem uma das maiores concentra\u00e7\u00f5es de museus, galerias e lojas de artesanato do Nordeste.<\/p>\n<p>A capital do Maranh\u00e3o \u00e9 mais do que apenas este cora\u00e7\u00e3o colonial. S\u00e3o Lu\u00eds n\u00e3o s\u00f3 \u00e9 a capital do reggae do Brasil, como tamb\u00e9m tem uma vida noturna animada, um cen\u00e1rio de praias que oferecem diversas atividades, al\u00e9m de ser o lar das festividades t\u00e3o coloridas e extraordin\u00e1rias do Bumba Meu Boi que acontecem em junho e julho.<\/p>\n<p>Embora ainda um pouco fora do caminho da maioria dos viajantes, a restaura\u00e7\u00e3o de muitos dos belos casar\u00f5es antigos de S\u00e3o Lu\u00eds nos \u00faltimos anos levou a um aumento do turismo dom\u00e9stico e internacional.<\/p>\n<p>A cidade, fundada em 1612, \u00e9 a \u00fanica cidade no Brasil de coloniza\u00e7\u00e3o francesa. Desde ent\u00e3o, foi entregue aos holandeses e, finalmente, aos portugueses. S\u00e3o Lu\u00eds \u00e9 bem conhecida por seus azulejos portugueses. Sua economia contempor\u00e2nea \u00e9 baseada, principalmente, na exporta\u00e7\u00e3o de min\u00e9rio de ferro e alum\u00ednio.<\/p>\n<p>Sugest\u00e3o: Passe, mais ou menos, dois dias ou noites aqui, de prefer\u00e9ncia, de quinta-feira a s\u00e1bado para experimentar a vida noturna nas ruas de S\u00e3o Lu\u00eds.<\/p>\n","protected":false},"excerpt":{"rendered":"<p>O centro hist\u00f3rico da cidade de S\u00e3o Lu\u00eds \u00e9 uma \u00e1rea encantadora e suas ruas de paralelep\u00edpedos e mans\u00f5es coloniais de cor pastel nos colocam numa atmosfera \u00fanica. Alguns desses casar\u00f5es s\u00e3o cuidadosamente restaurados, enquanto outros permanecem em plena decad\u00eancia tropical. Bem mais de mil dessas propriedades est\u00e3o listadas como parte do Patrim\u00f4nio Mundial da\u2026<\/p>\n","protected":false},"author":2,"featured_media":9018,"parent":1612,"menu_order":3,"comment_status":"closed","ping_status":"closed","template":"","meta":{"_mi_skip_tracking":false,"_monsterinsights_sitenote_active":false,"_monsterinsights_sitenote_note":"","_monsterinsights_sitenote_category":0,"footnotes":""},"yoast_head":"<!-- This site is optimized with the Yoast SEO plugin v21.0 - https:\/\/yoast.com\/wordpress\/plugins\/seo\/ -->\n<title>O centro hist\u00f3rico da cidade de S\u00e3o Lu\u00eds<\/title>\n<meta name=\"description\" content=\"Imagine uma mistura colonial de Havana, Salvador da Bahia e Olinda, assim, voc\u00ea ter\u00e1 criado a imagem do centro hist\u00f3rico de S\u00e3o Lu\u00eds.\" \/>\n<meta name=\"robots\" content=\"index, follow, max-snippet:-1, max-image-preview:large, max-video-preview:-1\" \/>\n<link rel=\"canonical\" href=\"https:\/\/www.atins.me\/pt-br\/a-regiao\/sao-luis\/\" \/>\n<meta property=\"og:locale\" content=\"pt_PT\" \/>\n<meta property=\"og:type\" content=\"article\" \/>\n<meta property=\"og:title\" content=\"O centro hist\u00f3rico da cidade de S\u00e3o Lu\u00eds\" \/>\n<meta property=\"og:description\" content=\"Imagine uma mistura colonial de Havana, Salvador da Bahia e Olinda, assim, voc\u00ea ter\u00e1 criado a imagem do centro hist\u00f3rico de S\u00e3o Lu\u00eds.\" \/>\n<meta property=\"og:url\" content=\"https:\/\/www.atins.me\/pt-br\/a-regiao\/sao-luis\/\" \/>\n<meta property=\"og:site_name\" content=\"Atins\" \/>\n<meta property=\"article:publisher\" content=\"http:\/\/www.facebook.com\/conventoarcadia\" \/>\n<meta property=\"article:modified_time\" content=\"2016-04-01T15:41:41+00:00\" \/>\n<meta property=\"og:image\" content=\"https:\/\/www.atins.me\/wp-content\/uploads\/2011\/09\/lencois_maranhenses9_Alex-Saberi_300x400.jpg\" \/>\n\t<meta property=\"og:image:width\" content=\"300\" \/>\n\t<meta property=\"og:image:height\" content=\"400\" \/>\n\t<meta property=\"og:image:type\" content=\"image\/jpeg\" \/>\n<meta name=\"twitter:card\" content=\"summary_large_image\" \/>\n<meta name=\"twitter:site\" content=\"@atinsme\" \/>\n<meta name=\"twitter:label1\" content=\"Est. reading time\" \/>\n\t<meta name=\"twitter:data1\" content=\"1 minute\" \/>\n<script type=\"application\/ld+json\" class=\"yoast-schema-graph\">{\"@context\":\"https:\/\/schema.org\",\"@graph\":[{\"@type\":\"WebPage\",\"@id\":\"https:\/\/www.atins.me\/pt-br\/a-regiao\/sao-luis\/\",\"url\":\"https:\/\/www.atins.me\/pt-br\/a-regiao\/sao-luis\/\",\"name\":\"O centro hist\u00f3rico da cidade de S\u00e3o Lu\u00eds\",\"isPartOf\":{\"@id\":\"https:\/\/www.atins.me\/es\/#website\"},\"datePublished\":\"2011-09-21T15:00:11+00:00\",\"dateModified\":\"2016-04-01T15:41:41+00:00\",\"description\":\"Imagine uma mistura colonial de Havana, Salvador da Bahia e Olinda, assim, voc\u00ea ter\u00e1 criado a imagem do centro hist\u00f3rico de S\u00e3o Lu\u00eds.\",\"breadcrumb\":{\"@id\":\"https:\/\/www.atins.me\/pt-br\/a-regiao\/sao-luis\/#breadcrumb\"},\"inLanguage\":\"pt\",\"potentialAction\":[{\"@type\":\"ReadAction\",\"target\":[\"https:\/\/www.atins.me\/pt-br\/a-regiao\/sao-luis\/\"]}]},{\"@type\":\"BreadcrumbList\",\"@id\":\"https:\/\/www.atins.me\/pt-br\/a-regiao\/sao-luis\/#breadcrumb\",\"itemListElement\":[{\"@type\":\"ListItem\",\"position\":1,\"name\":\"Home\",\"item\":\"https:\/\/www.atins.me\/pt-br\/\"},{\"@type\":\"ListItem\",\"position\":2,\"name\":\"A regi\u00e3o\",\"item\":\"https:\/\/www.atins.me\/pt-br\/a-regiao\/\"},{\"@type\":\"ListItem\",\"position\":3,\"name\":\"S\u00e3o Lu\u00eds\"}]},{\"@type\":\"WebSite\",\"@id\":\"https:\/\/www.atins.me\/es\/#website\",\"url\":\"https:\/\/www.atins.me\/es\/\",\"name\":\"Atins\",\"description\":\"Len\u00e7\u00f3is Maranhenses\",\"potentialAction\":[{\"@type\":\"SearchAction\",\"target\":{\"@type\":\"EntryPoint\",\"urlTemplate\":\"https:\/\/www.atins.me\/es\/?s={search_term_string}\"},\"query-input\":\"required name=search_term_string\"}],\"inLanguage\":\"pt\"}]}<\/script>\n<!-- \/ Yoast SEO plugin. -->","yoast_head_json":{"title":"O centro hist\u00f3rico da cidade de S\u00e3o Lu\u00eds","description":"Imagine uma mistura colonial de Havana, Salvador da Bahia e Olinda, assim, voc\u00ea ter\u00e1 criado a imagem do centro hist\u00f3rico de S\u00e3o Lu\u00eds.","robots":{"index":"index","follow":"follow","max-snippet":"max-snippet:-1","max-image-preview":"max-image-preview:large","max-video-preview":"max-video-preview:-1"},"canonical":"https:\/\/www.atins.me\/pt-br\/a-regiao\/sao-luis\/","og_locale":"pt_PT","og_type":"article","og_title":"O centro hist\u00f3rico da cidade de S\u00e3o Lu\u00eds","og_description":"Imagine uma mistura colonial de Havana, Salvador da Bahia e Olinda, assim, voc\u00ea ter\u00e1 criado a imagem do centro hist\u00f3rico de S\u00e3o Lu\u00eds.","og_url":"https:\/\/www.atins.me\/pt-br\/a-regiao\/sao-luis\/","og_site_name":"Atins","article_publisher":"http:\/\/www.facebook.com\/conventoarcadia","article_modified_time":"2016-04-01T15:41:41+00:00","og_image":[{"width":300,"height":400,"url":"https:\/\/www.atins.me\/wp-content\/uploads\/2011\/09\/lencois_maranhenses9_Alex-Saberi_300x400.jpg","type":"image\/jpeg"}],"twitter_card":"summary_large_image","twitter_site":"@atinsme","twitter_misc":{"Est. reading time":"1 minute"},"schema":{"@context":"https:\/\/schema.org","@graph":[{"@type":"WebPage","@id":"https:\/\/www.atins.me\/pt-br\/a-regiao\/sao-luis\/","url":"https:\/\/www.atins.me\/pt-br\/a-regiao\/sao-luis\/","name":"O centro hist\u00f3rico da cidade de S\u00e3o Lu\u00eds","isPartOf":{"@id":"https:\/\/www.atins.me\/es\/#website"},"datePublished":"2011-09-21T15:00:11+00:00","dateModified":"2016-04-01T15:41:41+00:00","description":"Imagine uma mistura colonial de Havana, Salvador da Bahia e Olinda, assim, voc\u00ea ter\u00e1 criado a imagem do centro hist\u00f3rico de S\u00e3o Lu\u00eds.","breadcrumb":{"@id":"https:\/\/www.atins.me\/pt-br\/a-regiao\/sao-luis\/#breadcrumb"},"inLanguage":"pt","potentialAction":[{"@type":"ReadAction","target":["https:\/\/www.atins.me\/pt-br\/a-regiao\/sao-luis\/"]}]},{"@type":"BreadcrumbList","@id":"https:\/\/www.atins.me\/pt-br\/a-regiao\/sao-luis\/#breadcrumb","itemListElement":[{"@type":"ListItem","position":1,"name":"Home","item":"https:\/\/www.atins.me\/pt-br\/"},{"@type":"ListItem","position":2,"name":"A regi\u00e3o","item":"https:\/\/www.atins.me\/pt-br\/a-regiao\/"},{"@type":"ListItem","position":3,"name":"S\u00e3o Lu\u00eds"}]},{"@type":"WebSite","@id":"https:\/\/www.atins.me\/es\/#website","url":"https:\/\/www.atins.me\/es\/","name":"Atins","description":"Len\u00e7\u00f3is Maranhenses","potentialAction":[{"@type":"SearchAction","target":{"@type":"EntryPoint","urlTemplate":"https:\/\/www.atins.me\/es\/?s={search_term_string}"},"query-input":"required name=search_term_string"}],"inLanguage":"pt"}]}},"jetpack_sharing_enabled":true,"_links":{"self":[{"href":"https:\/\/www.atins.me\/pt-br\/wp-json\/wp\/v2\/pages\/1650"}],"collection":[{"href":"https:\/\/www.atins.me\/pt-br\/wp-json\/wp\/v2\/pages"}],"about":[{"href":"https:\/\/www.atins.me\/pt-br\/wp-json\/wp\/v2\/types\/page"}],"author":[{"embeddable":true,"href":"https:\/\/www.atins.me\/pt-br\/wp-json\/wp\/v2\/users\/2"}],"replies":[{"embeddable":true,"href":"https:\/\/www.atins.me\/pt-br\/wp-json\/wp\/v2\/comments?post=1650"}],"version-history":[{"count":0,"href":"https:\/\/www.atins.me\/pt-br\/wp-json\/wp\/v2\/pages\/1650\/revisions"}],"up":[{"embeddable":true,"href":"https:\/\/www.atins.me\/pt-br\/wp-json\/wp\/v2\/pages\/1612"}],"wp:featuredmedia":[{"embeddable":true,"href":"https:\/\/www.atins.me\/pt-br\/wp-json\/wp\/v2\/media\/9018"}],"wp:attachment":[{"href":"https:\/\/www.atins.me\/pt-br\/wp-json\/wp\/v2\/media?parent=1650"}],"curies":[{"name":"wp","href":"https:\/\/api.w.org\/{rel}","templated":true}]}}