{"id":1640,"date":"2011-09-21T11:00:20","date_gmt":"2011-09-21T14:00:20","guid":{"rendered":"https:\/\/www.atins.me\/?page_id=1640"},"modified":"2016-04-01T12:42:58","modified_gmt":"2016-04-01T15:42:58","slug":"alcantara","status":"publish","type":"page","link":"https:\/\/www.atins.me\/pt-br\/a-regiao\/alcantara\/","title":{"rendered":"Alc\u00e2ntara"},"content":{"rendered":"<p><a href=\"https:\/\/www.atins.me\/wp-content\/uploads\/2011\/09\/Alcantara-02_952x476.jpg\"><img decoding=\"async\" loading=\"lazy\" class=\"alignnone wp-image-9024 size-full\" src=\"https:\/\/www.atins.me\/wp-content\/uploads\/2011\/09\/Alcantara-02_952x476.jpg\" alt=\"Alcant\u00e2ra\" width=\"952\" height=\"476\" srcset=\"https:\/\/www.atins.me\/wp-content\/uploads\/2011\/09\/Alcantara-02_952x476.jpg 952w, https:\/\/www.atins.me\/wp-content\/uploads\/2011\/09\/Alcantara-02_952x476-300x150.jpg 300w\" sizes=\"(max-width: 952px) 100vw, 952px\" \/><\/a><\/p>\n<p>A viagem de S\u00e3o Lu\u00eds atravessando a Ba\u00eda de S\u00e3o Marcos leva voc\u00ea at\u00e9 Alc\u00e2ntara, uma impressionante cidade hist\u00f3rica que sofreu grande decad\u00eancia sem perder sua aura de eleg\u00e2ncia. Se voc\u00ea quiser total tranquilidade numa atmosfera surreal entre ru\u00ednas do s\u00e9culo 17 e fant\u00e1sticas oportunidades de observar aves e praias desertas, planeje passar, pelo menos, dois dias nesta ilha que fica s\u00f3 a 30km de S\u00e3o Lu\u00eds.<\/p>\n","protected":false},"excerpt":{"rendered":"<p>A viagem de S\u00e3o Lu\u00eds atravessando a Ba\u00eda de S\u00e3o Marcos leva voc\u00ea at\u00e9 Alc\u00e2ntara, uma impressionante cidade hist\u00f3rica que sofreu grande decad\u00eancia sem perder sua aura de eleg\u00e2ncia. Se voc\u00ea quiser total tranquilidade numa atmosfera surreal entre ru\u00ednas do s\u00e9culo 17 e fant\u00e1sticas oportunidades de observar aves e praias desertas, planeje passar, pelo menos,\u2026<\/p>\n","protected":false},"author":2,"featured_media":9031,"parent":1612,"menu_order":9,"comment_status":"open","ping_status":"closed","template":"","meta":{"_mi_skip_tracking":false,"_monsterinsights_sitenote_active":false,"_monsterinsights_sitenote_note":"","_monsterinsights_sitenote_category":0,"footnotes":""},"yoast_head":"<!-- This site is optimized with the Yoast SEO plugin v21.0 - https:\/\/yoast.com\/wordpress\/plugins\/seo\/ -->\n<title>Alc\u00e2ntara oferece uma mistura \u00fanica de natureza e historia<\/title>\n<meta name=\"description\" content=\"A viagem de S\u00e3o Lu\u00eds leva voc\u00ea at\u00e9 Alc\u00e2ntara, uma impressionante cidade hist\u00f3rica que sofreu grande decad\u00eancia sem perder sua aura de eleg\u00e2ncia.\" \/>\n<meta name=\"robots\" content=\"index, follow, max-snippet:-1, max-image-preview:large, max-video-preview:-1\" \/>\n<link rel=\"canonical\" href=\"https:\/\/www.atins.me\/pt-br\/a-regiao\/alcantara\/\" \/>\n<meta property=\"og:locale\" content=\"pt_PT\" \/>\n<meta property=\"og:type\" content=\"article\" \/>\n<meta property=\"og:title\" content=\"Alc\u00e2ntara oferece uma mistura \u00fanica de natureza e historia\" \/>\n<meta property=\"og:description\" content=\"A viagem de S\u00e3o Lu\u00eds leva voc\u00ea at\u00e9 Alc\u00e2ntara, uma impressionante cidade hist\u00f3rica que sofreu grande decad\u00eancia sem perder sua aura de eleg\u00e2ncia.\" \/>\n<meta property=\"og:url\" content=\"https:\/\/www.atins.me\/pt-br\/a-regiao\/alcantara\/\" \/>\n<meta property=\"og:site_name\" content=\"Atins\" \/>\n<meta property=\"article:publisher\" content=\"http:\/\/www.facebook.com\/conventoarcadia\" \/>\n<meta property=\"article:modified_time\" content=\"2016-04-01T15:42:58+00:00\" \/>\n<meta property=\"og:image\" content=\"https:\/\/www.atins.me\/wp-content\/uploads\/2011\/09\/Alcantara-2_300x400.jpg\" \/>\n\t<meta property=\"og:image:width\" content=\"300\" \/>\n\t<meta property=\"og:image:height\" content=\"400\" \/>\n\t<meta property=\"og:image:type\" content=\"image\/jpeg\" \/>\n<meta name=\"twitter:card\" content=\"summary_large_image\" \/>\n<meta name=\"twitter:site\" content=\"@atinsme\" \/>\n<script type=\"application\/ld+json\" class=\"yoast-schema-graph\">{\"@context\":\"https:\/\/schema.org\",\"@graph\":[{\"@type\":\"WebPage\",\"@id\":\"https:\/\/www.atins.me\/pt-br\/a-regiao\/alcantara\/\",\"url\":\"https:\/\/www.atins.me\/pt-br\/a-regiao\/alcantara\/\",\"name\":\"Alc\u00e2ntara oferece uma mistura \u00fanica de natureza e historia\",\"isPartOf\":{\"@id\":\"https:\/\/www.atins.me\/es\/#website\"},\"datePublished\":\"2011-09-21T14:00:20+00:00\",\"dateModified\":\"2016-04-01T15:42:58+00:00\",\"description\":\"A viagem de S\u00e3o Lu\u00eds leva voc\u00ea at\u00e9 Alc\u00e2ntara, uma impressionante cidade hist\u00f3rica que sofreu grande decad\u00eancia sem perder sua aura de eleg\u00e2ncia.\",\"breadcrumb\":{\"@id\":\"https:\/\/www.atins.me\/pt-br\/a-regiao\/alcantara\/#breadcrumb\"},\"inLanguage\":\"pt\",\"potentialAction\":[{\"@type\":\"ReadAction\",\"target\":[\"https:\/\/www.atins.me\/pt-br\/a-regiao\/alcantara\/\"]}]},{\"@type\":\"BreadcrumbList\",\"@id\":\"https:\/\/www.atins.me\/pt-br\/a-regiao\/alcantara\/#breadcrumb\",\"itemListElement\":[{\"@type\":\"ListItem\",\"position\":1,\"name\":\"Home\",\"item\":\"https:\/\/www.atins.me\/pt-br\/\"},{\"@type\":\"ListItem\",\"position\":2,\"name\":\"A regi\u00e3o\",\"item\":\"https:\/\/www.atins.me\/pt-br\/a-regiao\/\"},{\"@type\":\"ListItem\",\"position\":3,\"name\":\"Alc\u00e2ntara\"}]},{\"@type\":\"WebSite\",\"@id\":\"https:\/\/www.atins.me\/es\/#website\",\"url\":\"https:\/\/www.atins.me\/es\/\",\"name\":\"Atins\",\"description\":\"Len\u00e7\u00f3is Maranhenses\",\"potentialAction\":[{\"@type\":\"SearchAction\",\"target\":{\"@type\":\"EntryPoint\",\"urlTemplate\":\"https:\/\/www.atins.me\/es\/?s={search_term_string}\"},\"query-input\":\"required name=search_term_string\"}],\"inLanguage\":\"pt\"}]}<\/script>\n<!-- \/ Yoast SEO plugin. -->","yoast_head_json":{"title":"Alc\u00e2ntara oferece uma mistura \u00fanica de natureza e historia","description":"A viagem de S\u00e3o Lu\u00eds leva voc\u00ea at\u00e9 Alc\u00e2ntara, uma impressionante cidade hist\u00f3rica que sofreu grande decad\u00eancia sem perder sua aura de eleg\u00e2ncia.","robots":{"index":"index","follow":"follow","max-snippet":"max-snippet:-1","max-image-preview":"max-image-preview:large","max-video-preview":"max-video-preview:-1"},"canonical":"https:\/\/www.atins.me\/pt-br\/a-regiao\/alcantara\/","og_locale":"pt_PT","og_type":"article","og_title":"Alc\u00e2ntara oferece uma mistura \u00fanica de natureza e historia","og_description":"A viagem de S\u00e3o Lu\u00eds leva voc\u00ea at\u00e9 Alc\u00e2ntara, uma impressionante cidade hist\u00f3rica que sofreu grande decad\u00eancia sem perder sua aura de eleg\u00e2ncia.","og_url":"https:\/\/www.atins.me\/pt-br\/a-regiao\/alcantara\/","og_site_name":"Atins","article_publisher":"http:\/\/www.facebook.com\/conventoarcadia","article_modified_time":"2016-04-01T15:42:58+00:00","og_image":[{"width":300,"height":400,"url":"https:\/\/www.atins.me\/wp-content\/uploads\/2011\/09\/Alcantara-2_300x400.jpg","type":"image\/jpeg"}],"twitter_card":"summary_large_image","twitter_site":"@atinsme","schema":{"@context":"https:\/\/schema.org","@graph":[{"@type":"WebPage","@id":"https:\/\/www.atins.me\/pt-br\/a-regiao\/alcantara\/","url":"https:\/\/www.atins.me\/pt-br\/a-regiao\/alcantara\/","name":"Alc\u00e2ntara oferece uma mistura \u00fanica de natureza e historia","isPartOf":{"@id":"https:\/\/www.atins.me\/es\/#website"},"datePublished":"2011-09-21T14:00:20+00:00","dateModified":"2016-04-01T15:42:58+00:00","description":"A viagem de S\u00e3o Lu\u00eds leva voc\u00ea at\u00e9 Alc\u00e2ntara, uma impressionante cidade hist\u00f3rica que sofreu grande decad\u00eancia sem perder sua aura de eleg\u00e2ncia.","breadcrumb":{"@id":"https:\/\/www.atins.me\/pt-br\/a-regiao\/alcantara\/#breadcrumb"},"inLanguage":"pt","potentialAction":[{"@type":"ReadAction","target":["https:\/\/www.atins.me\/pt-br\/a-regiao\/alcantara\/"]}]},{"@type":"BreadcrumbList","@id":"https:\/\/www.atins.me\/pt-br\/a-regiao\/alcantara\/#breadcrumb","itemListElement":[{"@type":"ListItem","position":1,"name":"Home","item":"https:\/\/www.atins.me\/pt-br\/"},{"@type":"ListItem","position":2,"name":"A regi\u00e3o","item":"https:\/\/www.atins.me\/pt-br\/a-regiao\/"},{"@type":"ListItem","position":3,"name":"Alc\u00e2ntara"}]},{"@type":"WebSite","@id":"https:\/\/www.atins.me\/es\/#website","url":"https:\/\/www.atins.me\/es\/","name":"Atins","description":"Len\u00e7\u00f3is Maranhenses","potentialAction":[{"@type":"SearchAction","target":{"@type":"EntryPoint","urlTemplate":"https:\/\/www.atins.me\/es\/?s={search_term_string}"},"query-input":"required name=search_term_string"}],"inLanguage":"pt"}]}},"jetpack_sharing_enabled":true,"_links":{"self":[{"href":"https:\/\/www.atins.me\/pt-br\/wp-json\/wp\/v2\/pages\/1640"}],"collection":[{"href":"https:\/\/www.atins.me\/pt-br\/wp-json\/wp\/v2\/pages"}],"about":[{"href":"https:\/\/www.atins.me\/pt-br\/wp-json\/wp\/v2\/types\/page"}],"author":[{"embeddable":true,"href":"https:\/\/www.atins.me\/pt-br\/wp-json\/wp\/v2\/users\/2"}],"replies":[{"embeddable":true,"href":"https:\/\/www.atins.me\/pt-br\/wp-json\/wp\/v2\/comments?post=1640"}],"version-history":[{"count":0,"href":"https:\/\/www.atins.me\/pt-br\/wp-json\/wp\/v2\/pages\/1640\/revisions"}],"up":[{"embeddable":true,"href":"https:\/\/www.atins.me\/pt-br\/wp-json\/wp\/v2\/pages\/1612"}],"wp:featuredmedia":[{"embeddable":true,"href":"https:\/\/www.atins.me\/pt-br\/wp-json\/wp\/v2\/media\/9031"}],"wp:attachment":[{"href":"https:\/\/www.atins.me\/pt-br\/wp-json\/wp\/v2\/media?parent=1640"}],"curies":[{"name":"wp","href":"https:\/\/api.w.org\/{rel}","templated":true}]}}