{"id":1630,"date":"2011-09-21T10:00:00","date_gmt":"2011-09-21T13:00:00","guid":{"rendered":"https:\/\/www.atins.me\/?page_id=1630"},"modified":"2016-04-01T12:44:52","modified_gmt":"2016-04-01T15:44:52","slug":"delta-do-parnaiba","status":"publish","type":"page","link":"https:\/\/www.atins.me\/pt-br\/a-regiao\/delta-do-parnaiba\/","title":{"rendered":"Delta do Parna\u00edba"},"content":{"rendered":"<p><a href=\"https:\/\/www.atins.me\/wp-content\/uploads\/2011\/09\/9075514415_5a4c406ee0_o_952x476.jpg\"><img decoding=\"async\" loading=\"lazy\" class=\"alignnone wp-image-8986 size-full\" src=\"https:\/\/www.atins.me\/wp-content\/uploads\/2011\/09\/9075514415_5a4c406ee0_o_952x476.jpg\" alt=\"Delta do Parna\u00edba\" width=\"952\" height=\"476\" srcset=\"https:\/\/www.atins.me\/wp-content\/uploads\/2011\/09\/9075514415_5a4c406ee0_o_952x476.jpg 952w, https:\/\/www.atins.me\/wp-content\/uploads\/2011\/09\/9075514415_5a4c406ee0_o_952x476-300x150.jpg 300w\" sizes=\"(max-width: 952px) 100vw, 952px\" \/><\/a><\/p>\n<p>O Delta do Parna\u00edba \u00e9 formado por 85 ilhas cobrindo uma \u00e1rea de 2.700 km\u00b2. Localizado entre os Estados do Piau\u00ed e Maranh\u00e3o, o Delta do Parna\u00edba, ou Delta das Am\u00e9ricas, se abre em cinco bra\u00e7os t\u00e3o marcantes em sua amplitude como os deltas do Nilo ou Mekong. A combina\u00e7\u00e3o de rios, mangues, dunas e praias desertas \u00e9 o lar perfeito para uma extraordin\u00e1ria e rica flora e fauna \u00fanicas, como uma grande variedade de aves ex\u00f3ticas.<\/p>\n<p>O delta \u00e9 melhor explorado de barco num cruzeiro de 1-2 dias, por exemplo, de Parna\u00edba para Tut\u00f3ia (ou na dire\u00e7\u00e3o oposta) com um pernoite na Ilha do Caju, uma das mais espetaculares ilhas do delta, ou alternativamente na Ilha dos Poldros. Vale a pena notar que a temporada chuvosa vai de mar\u00e7o at\u00e9 agosto. Esta \u00e9 a melhor \u00e9poca para visitar o Delta do Parna\u00edba, quando a natureza atinge seu auge.<\/p>\n<p>O Delta do Parna\u00edba fica no meio do caminho entre os Len\u00e7\u00f3is Maranhenses e Jericoacoara na Rota das Emo\u00e7\u00f5es.<\/p>\n","protected":false},"excerpt":{"rendered":"<p>O Delta do Parna\u00edba \u00e9 formado por 85 ilhas cobrindo uma \u00e1rea de 2.700 km\u00b2. Localizado entre os Estados do Piau\u00ed e Maranh\u00e3o, o Delta do Parna\u00edba, ou Delta das Am\u00e9ricas, se abre em cinco bra\u00e7os t\u00e3o marcantes em sua amplitude como os deltas do Nilo ou Mekong. A combina\u00e7\u00e3o de rios, mangues, dunas e\u2026<\/p>\n","protected":false},"author":2,"featured_media":8993,"parent":1612,"menu_order":5,"comment_status":"open","ping_status":"closed","template":"","meta":{"_mi_skip_tracking":false,"_monsterinsights_sitenote_active":false,"_monsterinsights_sitenote_note":"","_monsterinsights_sitenote_category":0,"footnotes":""},"yoast_head":"<!-- This site is optimized with the Yoast SEO plugin v21.0 - https:\/\/yoast.com\/wordpress\/plugins\/seo\/ -->\n<title>O Delta do Parna\u00edba fica no meio do caminho entre Atins e Jeri<\/title>\n<meta name=\"description\" content=\"O Delta do Parna\u00edba \u00e9 formado por 85 ilhas e se abre em cinco bra\u00e7os t\u00e3o marcantes em sua amplitude como os deltas do Nilo ou Mekong.\" \/>\n<meta name=\"robots\" content=\"index, follow, max-snippet:-1, max-image-preview:large, max-video-preview:-1\" \/>\n<link rel=\"canonical\" href=\"https:\/\/www.atins.me\/pt-br\/a-regiao\/delta-do-parnaiba\/\" \/>\n<meta property=\"og:locale\" content=\"pt_PT\" \/>\n<meta property=\"og:type\" content=\"article\" \/>\n<meta property=\"og:title\" content=\"O Delta do Parna\u00edba fica no meio do caminho entre Atins e Jeri\" \/>\n<meta property=\"og:description\" content=\"O Delta do Parna\u00edba \u00e9 formado por 85 ilhas e se abre em cinco bra\u00e7os t\u00e3o marcantes em sua amplitude como os deltas do Nilo ou Mekong.\" \/>\n<meta property=\"og:url\" content=\"https:\/\/www.atins.me\/pt-br\/a-regiao\/delta-do-parnaiba\/\" \/>\n<meta property=\"og:site_name\" content=\"Atins\" \/>\n<meta property=\"article:publisher\" content=\"http:\/\/www.facebook.com\/conventoarcadia\" \/>\n<meta property=\"article:modified_time\" content=\"2016-04-01T15:44:52+00:00\" \/>\n<meta property=\"og:image\" content=\"https:\/\/www.atins.me\/wp-content\/uploads\/2011\/09\/10642501875_f07088e00f_o_300x400.jpg\" \/>\n\t<meta property=\"og:image:width\" content=\"300\" \/>\n\t<meta property=\"og:image:height\" content=\"400\" \/>\n\t<meta property=\"og:image:type\" content=\"image\/jpeg\" \/>\n<meta name=\"twitter:card\" content=\"summary_large_image\" \/>\n<meta name=\"twitter:site\" content=\"@atinsme\" \/>\n<meta name=\"twitter:label1\" content=\"Est. reading time\" \/>\n\t<meta name=\"twitter:data1\" content=\"1 minute\" \/>\n<script type=\"application\/ld+json\" class=\"yoast-schema-graph\">{\"@context\":\"https:\/\/schema.org\",\"@graph\":[{\"@type\":\"WebPage\",\"@id\":\"https:\/\/www.atins.me\/pt-br\/a-regiao\/delta-do-parnaiba\/\",\"url\":\"https:\/\/www.atins.me\/pt-br\/a-regiao\/delta-do-parnaiba\/\",\"name\":\"O Delta do Parna\u00edba fica no meio do caminho entre Atins e Jeri\",\"isPartOf\":{\"@id\":\"https:\/\/www.atins.me\/es\/#website\"},\"datePublished\":\"2011-09-21T13:00:00+00:00\",\"dateModified\":\"2016-04-01T15:44:52+00:00\",\"description\":\"O Delta do Parna\u00edba \u00e9 formado por 85 ilhas e se abre em cinco bra\u00e7os t\u00e3o marcantes em sua amplitude como os deltas do Nilo ou Mekong.\",\"breadcrumb\":{\"@id\":\"https:\/\/www.atins.me\/pt-br\/a-regiao\/delta-do-parnaiba\/#breadcrumb\"},\"inLanguage\":\"pt\",\"potentialAction\":[{\"@type\":\"ReadAction\",\"target\":[\"https:\/\/www.atins.me\/pt-br\/a-regiao\/delta-do-parnaiba\/\"]}]},{\"@type\":\"BreadcrumbList\",\"@id\":\"https:\/\/www.atins.me\/pt-br\/a-regiao\/delta-do-parnaiba\/#breadcrumb\",\"itemListElement\":[{\"@type\":\"ListItem\",\"position\":1,\"name\":\"Home\",\"item\":\"https:\/\/www.atins.me\/pt-br\/\"},{\"@type\":\"ListItem\",\"position\":2,\"name\":\"A regi\u00e3o\",\"item\":\"https:\/\/www.atins.me\/pt-br\/a-regiao\/\"},{\"@type\":\"ListItem\",\"position\":3,\"name\":\"Delta do Parna\u00edba\"}]},{\"@type\":\"WebSite\",\"@id\":\"https:\/\/www.atins.me\/es\/#website\",\"url\":\"https:\/\/www.atins.me\/es\/\",\"name\":\"Atins\",\"description\":\"Len\u00e7\u00f3is Maranhenses\",\"potentialAction\":[{\"@type\":\"SearchAction\",\"target\":{\"@type\":\"EntryPoint\",\"urlTemplate\":\"https:\/\/www.atins.me\/es\/?s={search_term_string}\"},\"query-input\":\"required name=search_term_string\"}],\"inLanguage\":\"pt\"}]}<\/script>\n<!-- \/ Yoast SEO plugin. -->","yoast_head_json":{"title":"O Delta do Parna\u00edba fica no meio do caminho entre Atins e Jeri","description":"O Delta do Parna\u00edba \u00e9 formado por 85 ilhas e se abre em cinco bra\u00e7os t\u00e3o marcantes em sua amplitude como os deltas do Nilo ou Mekong.","robots":{"index":"index","follow":"follow","max-snippet":"max-snippet:-1","max-image-preview":"max-image-preview:large","max-video-preview":"max-video-preview:-1"},"canonical":"https:\/\/www.atins.me\/pt-br\/a-regiao\/delta-do-parnaiba\/","og_locale":"pt_PT","og_type":"article","og_title":"O Delta do Parna\u00edba fica no meio do caminho entre Atins e Jeri","og_description":"O Delta do Parna\u00edba \u00e9 formado por 85 ilhas e se abre em cinco bra\u00e7os t\u00e3o marcantes em sua amplitude como os deltas do Nilo ou Mekong.","og_url":"https:\/\/www.atins.me\/pt-br\/a-regiao\/delta-do-parnaiba\/","og_site_name":"Atins","article_publisher":"http:\/\/www.facebook.com\/conventoarcadia","article_modified_time":"2016-04-01T15:44:52+00:00","og_image":[{"width":300,"height":400,"url":"https:\/\/www.atins.me\/wp-content\/uploads\/2011\/09\/10642501875_f07088e00f_o_300x400.jpg","type":"image\/jpeg"}],"twitter_card":"summary_large_image","twitter_site":"@atinsme","twitter_misc":{"Est. reading time":"1 minute"},"schema":{"@context":"https:\/\/schema.org","@graph":[{"@type":"WebPage","@id":"https:\/\/www.atins.me\/pt-br\/a-regiao\/delta-do-parnaiba\/","url":"https:\/\/www.atins.me\/pt-br\/a-regiao\/delta-do-parnaiba\/","name":"O Delta do Parna\u00edba fica no meio do caminho entre Atins e Jeri","isPartOf":{"@id":"https:\/\/www.atins.me\/es\/#website"},"datePublished":"2011-09-21T13:00:00+00:00","dateModified":"2016-04-01T15:44:52+00:00","description":"O Delta do Parna\u00edba \u00e9 formado por 85 ilhas e se abre em cinco bra\u00e7os t\u00e3o marcantes em sua amplitude como os deltas do Nilo ou Mekong.","breadcrumb":{"@id":"https:\/\/www.atins.me\/pt-br\/a-regiao\/delta-do-parnaiba\/#breadcrumb"},"inLanguage":"pt","potentialAction":[{"@type":"ReadAction","target":["https:\/\/www.atins.me\/pt-br\/a-regiao\/delta-do-parnaiba\/"]}]},{"@type":"BreadcrumbList","@id":"https:\/\/www.atins.me\/pt-br\/a-regiao\/delta-do-parnaiba\/#breadcrumb","itemListElement":[{"@type":"ListItem","position":1,"name":"Home","item":"https:\/\/www.atins.me\/pt-br\/"},{"@type":"ListItem","position":2,"name":"A regi\u00e3o","item":"https:\/\/www.atins.me\/pt-br\/a-regiao\/"},{"@type":"ListItem","position":3,"name":"Delta do Parna\u00edba"}]},{"@type":"WebSite","@id":"https:\/\/www.atins.me\/es\/#website","url":"https:\/\/www.atins.me\/es\/","name":"Atins","description":"Len\u00e7\u00f3is Maranhenses","potentialAction":[{"@type":"SearchAction","target":{"@type":"EntryPoint","urlTemplate":"https:\/\/www.atins.me\/es\/?s={search_term_string}"},"query-input":"required name=search_term_string"}],"inLanguage":"pt"}]}},"jetpack_sharing_enabled":true,"_links":{"self":[{"href":"https:\/\/www.atins.me\/pt-br\/wp-json\/wp\/v2\/pages\/1630"}],"collection":[{"href":"https:\/\/www.atins.me\/pt-br\/wp-json\/wp\/v2\/pages"}],"about":[{"href":"https:\/\/www.atins.me\/pt-br\/wp-json\/wp\/v2\/types\/page"}],"author":[{"embeddable":true,"href":"https:\/\/www.atins.me\/pt-br\/wp-json\/wp\/v2\/users\/2"}],"replies":[{"embeddable":true,"href":"https:\/\/www.atins.me\/pt-br\/wp-json\/wp\/v2\/comments?post=1630"}],"version-history":[{"count":0,"href":"https:\/\/www.atins.me\/pt-br\/wp-json\/wp\/v2\/pages\/1630\/revisions"}],"up":[{"embeddable":true,"href":"https:\/\/www.atins.me\/pt-br\/wp-json\/wp\/v2\/pages\/1612"}],"wp:featuredmedia":[{"embeddable":true,"href":"https:\/\/www.atins.me\/pt-br\/wp-json\/wp\/v2\/media\/8993"}],"wp:attachment":[{"href":"https:\/\/www.atins.me\/pt-br\/wp-json\/wp\/v2\/media?parent=1630"}],"curies":[{"name":"wp","href":"https:\/\/api.w.org\/{rel}","templated":true}]}}