{"id":1597,"date":"2011-01-05T15:53:33","date_gmt":"2011-01-05T17:53:33","guid":{"rendered":"https:\/\/www.atins.me\/?page_id=1597"},"modified":"2016-04-01T12:33:47","modified_gmt":"2016-04-01T15:33:47","slug":"atins","status":"publish","type":"page","link":"https:\/\/www.atins.me\/pt-br\/atins\/","title":{"rendered":"Atins"},"content":{"rendered":"<p><a href=\"https:\/\/www.atins.me\/wp-content\/uploads\/2011\/01\/X-Atins-RPB_007_Roberto-Bandeira_952x535.jpg\"><img decoding=\"async\" loading=\"lazy\" class=\"alignnone wp-image-8914 size-full\" src=\"https:\/\/www.atins.me\/wp-content\/uploads\/2011\/01\/X-Atins-RPB_007_Roberto-Bandeira_952x535.jpg\" alt=\"Atins e seus pescadores\" width=\"952\" height=\"535\" srcset=\"https:\/\/www.atins.me\/wp-content\/uploads\/2011\/01\/X-Atins-RPB_007_Roberto-Bandeira_952x535.jpg 952w, https:\/\/www.atins.me\/wp-content\/uploads\/2011\/01\/X-Atins-RPB_007_Roberto-Bandeira_952x535-300x169.jpg 300w\" sizes=\"(max-width: 952px) 100vw, 952px\" \/><\/a><\/p>\n<p>Atins \u00e9 um pequeno vilarejo de pescadores na costa do Maranh\u00e3o &#8211; um dos Estados mais pobres do Nordeste do Brasil.<br \/>\nAtins, juntamente, com seu vizinho pr\u00f3ximo Santo In\u00e1cio tem cerca de 2.000 habitantes, a maioria deles vivem bem escondidos. Atins \u00e9 encrustado entre as dunas do Parque Nacional dos Len\u00e7\u00f3is Maranhenses, o delta do Rio Pregui\u00e7as e o Oceano Atl\u00e2ntico. O vilarejo fica cerca de duas horas de barco ou Jeep 4&#215;4 do munic\u00edpio de Barreirinhas.<\/p>\n<p>O vilarejo se estende ao longo do mar em uma s\u00e9rie de chal\u00e9s e casas t\u00e9rreas em ruas de areia a poucas centenas de metros da praia o que protege seus habitantes dos ventos e das constante mudan\u00e7as da costa.<\/p>\n<p>Os bancos de areia esculpidos por esses ventos e os sedimentos transportados pelo Rio Pregui\u00e7as formam uma lagoa natural, protegendo as praias de grandes ondas enquanto proporcionam condi\u00e7\u00f5es ideais para o Kiteboard.<\/p>\n<p>Para o viajante aventureiro que quer explorar os Len\u00e7\u00f3is Maranhenses Atins \u00e9 um ponte de chegada muito melhor que Barreirinhas, devido \u00e0 sua proximidade das dunas e ao acesso para o mar.<\/p>\n<p>Enquanto Barreirinhas est\u00e1 passando por um desenvolvimento tur\u00edstico r\u00e1pido, a vida em Atins se mant\u00e9m simples. Em contraste com Jericoacoara, que oferece altos n\u00edveis de atividades, vida noturna agitada e onde os viajantes podem facilmente \u00a8fazer amigos\u00a8, em Atins a vida segue tranquila e devagar como Jericoacoara, Praia da Pipa ou Trancoso 20 anos atr\u00e1s.<\/p>\n<p>Os moradores vivem, principalmente, da pesca no mar e da lavoura em pequenos terrenos por curtos per\u00edodos ap\u00f3s a esta\u00e7\u00e3o das chuvas. Tudo e todos em Atins parecem estar parados no tempo, o que \u00e9 compreens\u00edvel porque ali os ponteiros dos rel\u00f3gios andam muito mais devagar.<\/p>\n","protected":false},"excerpt":{"rendered":"<p>Atins \u00e9 um pequeno vilarejo de pescadores na costa do Maranh\u00e3o &#8211; um dos Estados mais pobres do Nordeste do Brasil. Atins, juntamente, com seu vizinho pr\u00f3ximo Santo In\u00e1cio tem cerca de 2.000 habitantes, a maioria deles vivem bem escondidos. Atins \u00e9 encrustado entre as dunas do Parque Nacional dos Len\u00e7\u00f3is Maranhenses, o delta do\u2026<\/p>\n","protected":false},"author":2,"featured_media":8914,"parent":0,"menu_order":3,"comment_status":"open","ping_status":"open","template":"","meta":{"_mi_skip_tracking":false,"_monsterinsights_sitenote_active":false,"_monsterinsights_sitenote_note":"","_monsterinsights_sitenote_category":0,"footnotes":""},"yoast_head":"<!-- This site is optimized with the Yoast SEO plugin v21.0 - https:\/\/yoast.com\/wordpress\/plugins\/seo\/ -->\n<title>Atins - o melhor lugar para explorar os Len\u00e7\u00f3is Maranhenses<\/title>\n<meta name=\"description\" content=\"Atins \u00e9 um pequeno vilarejo de pescadores na costa do Maranh\u00e3o, localizado na beira do Parque Nacional dos Len\u00e7\u00f3is Maranhenses perto da Barreirinhas.\" \/>\n<meta name=\"robots\" content=\"index, follow, max-snippet:-1, max-image-preview:large, max-video-preview:-1\" \/>\n<link rel=\"canonical\" href=\"https:\/\/www.atins.me\/pt-br\/atins\/\" \/>\n<meta property=\"og:locale\" content=\"pt_PT\" \/>\n<meta property=\"og:type\" content=\"article\" \/>\n<meta property=\"og:title\" content=\"Atins - o melhor lugar para explorar os Len\u00e7\u00f3is Maranhenses\" \/>\n<meta property=\"og:description\" content=\"Atins \u00e9 um pequeno vilarejo de pescadores na costa do Maranh\u00e3o, localizado na beira do Parque Nacional dos Len\u00e7\u00f3is Maranhenses perto da Barreirinhas.\" \/>\n<meta property=\"og:url\" content=\"https:\/\/www.atins.me\/pt-br\/atins\/\" \/>\n<meta property=\"og:site_name\" content=\"Atins\" \/>\n<meta property=\"article:publisher\" content=\"http:\/\/www.facebook.com\/conventoarcadia\" \/>\n<meta property=\"article:modified_time\" content=\"2016-04-01T15:33:47+00:00\" \/>\n<meta property=\"og:image\" content=\"https:\/\/www.atins.me\/wp-content\/uploads\/2011\/01\/X-Atins-RPB_007_Roberto-Bandeira_952x535.jpg\" \/>\n\t<meta property=\"og:image:width\" content=\"952\" \/>\n\t<meta property=\"og:image:height\" content=\"535\" \/>\n\t<meta property=\"og:image:type\" content=\"image\/jpeg\" \/>\n<meta name=\"twitter:card\" content=\"summary_large_image\" \/>\n<meta name=\"twitter:site\" content=\"@atinsme\" \/>\n<meta name=\"twitter:label1\" content=\"Est. reading time\" \/>\n\t<meta name=\"twitter:data1\" content=\"1 minute\" \/>\n<script type=\"application\/ld+json\" class=\"yoast-schema-graph\">{\"@context\":\"https:\/\/schema.org\",\"@graph\":[{\"@type\":\"WebPage\",\"@id\":\"https:\/\/www.atins.me\/pt-br\/atins\/\",\"url\":\"https:\/\/www.atins.me\/pt-br\/atins\/\",\"name\":\"Atins - o melhor lugar para explorar os Len\u00e7\u00f3is Maranhenses\",\"isPartOf\":{\"@id\":\"https:\/\/www.atins.me\/es\/#website\"},\"datePublished\":\"2011-01-05T17:53:33+00:00\",\"dateModified\":\"2016-04-01T15:33:47+00:00\",\"description\":\"Atins \u00e9 um pequeno vilarejo de pescadores na costa do Maranh\u00e3o, localizado na beira do Parque Nacional dos Len\u00e7\u00f3is Maranhenses perto da Barreirinhas.\",\"breadcrumb\":{\"@id\":\"https:\/\/www.atins.me\/pt-br\/atins\/#breadcrumb\"},\"inLanguage\":\"pt\",\"potentialAction\":[{\"@type\":\"ReadAction\",\"target\":[\"https:\/\/www.atins.me\/pt-br\/atins\/\"]}]},{\"@type\":\"BreadcrumbList\",\"@id\":\"https:\/\/www.atins.me\/pt-br\/atins\/#breadcrumb\",\"itemListElement\":[{\"@type\":\"ListItem\",\"position\":1,\"name\":\"Home\",\"item\":\"https:\/\/www.atins.me\/pt-br\/\"},{\"@type\":\"ListItem\",\"position\":2,\"name\":\"Atins\"}]},{\"@type\":\"WebSite\",\"@id\":\"https:\/\/www.atins.me\/es\/#website\",\"url\":\"https:\/\/www.atins.me\/es\/\",\"name\":\"Atins\",\"description\":\"Len\u00e7\u00f3is Maranhenses\",\"potentialAction\":[{\"@type\":\"SearchAction\",\"target\":{\"@type\":\"EntryPoint\",\"urlTemplate\":\"https:\/\/www.atins.me\/es\/?s={search_term_string}\"},\"query-input\":\"required name=search_term_string\"}],\"inLanguage\":\"pt\"}]}<\/script>\n<!-- \/ Yoast SEO plugin. -->","yoast_head_json":{"title":"Atins - o melhor lugar para explorar os Len\u00e7\u00f3is Maranhenses","description":"Atins \u00e9 um pequeno vilarejo de pescadores na costa do Maranh\u00e3o, localizado na beira do Parque Nacional dos Len\u00e7\u00f3is Maranhenses perto da Barreirinhas.","robots":{"index":"index","follow":"follow","max-snippet":"max-snippet:-1","max-image-preview":"max-image-preview:large","max-video-preview":"max-video-preview:-1"},"canonical":"https:\/\/www.atins.me\/pt-br\/atins\/","og_locale":"pt_PT","og_type":"article","og_title":"Atins - o melhor lugar para explorar os Len\u00e7\u00f3is Maranhenses","og_description":"Atins \u00e9 um pequeno vilarejo de pescadores na costa do Maranh\u00e3o, localizado na beira do Parque Nacional dos Len\u00e7\u00f3is Maranhenses perto da Barreirinhas.","og_url":"https:\/\/www.atins.me\/pt-br\/atins\/","og_site_name":"Atins","article_publisher":"http:\/\/www.facebook.com\/conventoarcadia","article_modified_time":"2016-04-01T15:33:47+00:00","og_image":[{"width":952,"height":535,"url":"https:\/\/www.atins.me\/wp-content\/uploads\/2011\/01\/X-Atins-RPB_007_Roberto-Bandeira_952x535.jpg","type":"image\/jpeg"}],"twitter_card":"summary_large_image","twitter_site":"@atinsme","twitter_misc":{"Est. reading time":"1 minute"},"schema":{"@context":"https:\/\/schema.org","@graph":[{"@type":"WebPage","@id":"https:\/\/www.atins.me\/pt-br\/atins\/","url":"https:\/\/www.atins.me\/pt-br\/atins\/","name":"Atins - o melhor lugar para explorar os Len\u00e7\u00f3is Maranhenses","isPartOf":{"@id":"https:\/\/www.atins.me\/es\/#website"},"datePublished":"2011-01-05T17:53:33+00:00","dateModified":"2016-04-01T15:33:47+00:00","description":"Atins \u00e9 um pequeno vilarejo de pescadores na costa do Maranh\u00e3o, localizado na beira do Parque Nacional dos Len\u00e7\u00f3is Maranhenses perto da Barreirinhas.","breadcrumb":{"@id":"https:\/\/www.atins.me\/pt-br\/atins\/#breadcrumb"},"inLanguage":"pt","potentialAction":[{"@type":"ReadAction","target":["https:\/\/www.atins.me\/pt-br\/atins\/"]}]},{"@type":"BreadcrumbList","@id":"https:\/\/www.atins.me\/pt-br\/atins\/#breadcrumb","itemListElement":[{"@type":"ListItem","position":1,"name":"Home","item":"https:\/\/www.atins.me\/pt-br\/"},{"@type":"ListItem","position":2,"name":"Atins"}]},{"@type":"WebSite","@id":"https:\/\/www.atins.me\/es\/#website","url":"https:\/\/www.atins.me\/es\/","name":"Atins","description":"Len\u00e7\u00f3is Maranhenses","potentialAction":[{"@type":"SearchAction","target":{"@type":"EntryPoint","urlTemplate":"https:\/\/www.atins.me\/es\/?s={search_term_string}"},"query-input":"required name=search_term_string"}],"inLanguage":"pt"}]}},"jetpack_sharing_enabled":true,"_links":{"self":[{"href":"https:\/\/www.atins.me\/pt-br\/wp-json\/wp\/v2\/pages\/1597"}],"collection":[{"href":"https:\/\/www.atins.me\/pt-br\/wp-json\/wp\/v2\/pages"}],"about":[{"href":"https:\/\/www.atins.me\/pt-br\/wp-json\/wp\/v2\/types\/page"}],"author":[{"embeddable":true,"href":"https:\/\/www.atins.me\/pt-br\/wp-json\/wp\/v2\/users\/2"}],"replies":[{"embeddable":true,"href":"https:\/\/www.atins.me\/pt-br\/wp-json\/wp\/v2\/comments?post=1597"}],"version-history":[{"count":0,"href":"https:\/\/www.atins.me\/pt-br\/wp-json\/wp\/v2\/pages\/1597\/revisions"}],"wp:featuredmedia":[{"embeddable":true,"href":"https:\/\/www.atins.me\/pt-br\/wp-json\/wp\/v2\/media\/8914"}],"wp:attachment":[{"href":"https:\/\/www.atins.me\/pt-br\/wp-json\/wp\/v2\/media?parent=1597"}],"curies":[{"name":"wp","href":"https:\/\/api.w.org\/{rel}","templated":true}]}}