{"id":12545,"date":"2017-03-09T15:21:18","date_gmt":"2017-03-09T18:21:18","guid":{"rendered":"https:\/\/www.atins.me\/pt-br\/?page_id=12545"},"modified":"2017-09-26T07:11:10","modified_gmt":"2017-09-26T10:11:10","slug":"as-se-afilia","status":"publish","type":"page","link":"https:\/\/www.atins.me\/pt-br\/as-contribuir\/as-se-afilia\/","title":{"rendered":"Se afilia"},"content":{"rendered":"<p><span style=\"font-weight: 400;\">Trabalhamos com duas categorias de afilia\u00e7\u00e3o:<\/span><\/p>\n<table style=\"height: 166px;\" width=\"365\">\n<tbody>\n<tr>\n<td><span style=\"font-weight: 400;\">Pessoa jur\u00eddica<\/span><\/td>\n<td style=\"text-align: right;\"><span style=\"font-weight: 400;\">R$ 1.600,00<\/span><\/td>\n<\/tr>\n<tr>\n<td><span style=\"font-weight: 400;\">Pessoa f\u00edsica<\/span><\/td>\n<td style=\"text-align: right;\"><span style=\"font-weight: 400;\">R$ 800,00<\/span><\/td>\n<\/tr>\n<tr>\n<td><\/td>\n<td><\/td>\n<\/tr>\n<\/tbody>\n<\/table>\n<p>Para se inscrever por favor preencha o formul\u00e1rio <a href=\"https:\/\/docs.google.com\/forms\/d\/1M_WG4OH_zHXkRiA7sJ6uDM4q0DosZU52J0I9KvHQK2g\/viewform?edit_requested=true\" target=\"_blank\" rel=\"noopener noreferrer\">seguinte<\/a>.<\/p>\n","protected":false},"excerpt":{"rendered":"<p>Trabalhamos com duas categorias de afilia\u00e7\u00e3o: Pessoa jur\u00eddica R$ 1.600,00 Pessoa f\u00edsica R$ 800,00 Para se inscrever por favor preencha o formul\u00e1rio seguinte.<\/p>\n","protected":false},"author":2,"featured_media":12562,"parent":12396,"menu_order":0,"comment_status":"closed","ping_status":"closed","template":"template-default-as.php","meta":{"_mi_skip_tracking":false,"_monsterinsights_sitenote_active":false,"_monsterinsights_sitenote_note":"","_monsterinsights_sitenote_category":0,"footnotes":""},"yoast_head":"<!-- This site is optimized with the Yoast SEO plugin v21.0 - https:\/\/yoast.com\/wordpress\/plugins\/seo\/ -->\n<title>Se afilia &ndash; Atins<\/title>\n<meta name=\"robots\" content=\"index, follow, max-snippet:-1, max-image-preview:large, max-video-preview:-1\" \/>\n<link rel=\"canonical\" href=\"https:\/\/www.atins.me\/pt-br\/as-contribuir\/as-se-afilia\/\" \/>\n<meta property=\"og:locale\" content=\"pt_PT\" \/>\n<meta property=\"og:type\" content=\"article\" \/>\n<meta property=\"og:title\" content=\"Se afilia &ndash; Atins\" \/>\n<meta property=\"og:description\" content=\"Trabalhamos com duas categorias de afilia\u00e7\u00e3o: Pessoa jur\u00eddica R$ 1.600,00 Pessoa f\u00edsica R$ 800,00 Para se inscrever por favor preencha o formul\u00e1rio seguinte.\" \/>\n<meta property=\"og:url\" content=\"https:\/\/www.atins.me\/pt-br\/as-contribuir\/as-se-afilia\/\" \/>\n<meta property=\"og:site_name\" content=\"Atins\" \/>\n<meta property=\"article:publisher\" content=\"http:\/\/www.facebook.com\/conventoarcadia\" \/>\n<meta property=\"article:modified_time\" content=\"2017-09-26T10:11:10+00:00\" \/>\n<meta property=\"og:image\" content=\"https:\/\/www.atins.me\/wp-content\/uploads\/2017\/03\/Se-afilia-place-1.png\" \/>\n\t<meta property=\"og:image:width\" content=\"297\" \/>\n\t<meta property=\"og:image:height\" content=\"217\" \/>\n\t<meta property=\"og:image:type\" content=\"image\/png\" \/>\n<meta name=\"twitter:card\" content=\"summary_large_image\" \/>\n<meta name=\"twitter:site\" content=\"@atinsme\" \/>\n<script type=\"application\/ld+json\" class=\"yoast-schema-graph\">{\"@context\":\"https:\/\/schema.org\",\"@graph\":[{\"@type\":\"WebPage\",\"@id\":\"https:\/\/www.atins.me\/pt-br\/as-contribuir\/as-se-afilia\/\",\"url\":\"https:\/\/www.atins.me\/pt-br\/as-contribuir\/as-se-afilia\/\",\"name\":\"Se afilia &ndash; Atins\",\"isPartOf\":{\"@id\":\"https:\/\/www.atins.me\/es\/#website\"},\"datePublished\":\"2017-03-09T18:21:18+00:00\",\"dateModified\":\"2017-09-26T10:11:10+00:00\",\"breadcrumb\":{\"@id\":\"https:\/\/www.atins.me\/pt-br\/as-contribuir\/as-se-afilia\/#breadcrumb\"},\"inLanguage\":\"pt\",\"potentialAction\":[{\"@type\":\"ReadAction\",\"target\":[\"https:\/\/www.atins.me\/pt-br\/as-contribuir\/as-se-afilia\/\"]}]},{\"@type\":\"BreadcrumbList\",\"@id\":\"https:\/\/www.atins.me\/pt-br\/as-contribuir\/as-se-afilia\/#breadcrumb\",\"itemListElement\":[{\"@type\":\"ListItem\",\"position\":1,\"name\":\"Home\",\"item\":\"https:\/\/www.atins.me\/pt-br\/\"},{\"@type\":\"ListItem\",\"position\":2,\"name\":\"Contribuir\",\"item\":\"https:\/\/www.atins.me\/pt-br\/as-contribuir\/\"},{\"@type\":\"ListItem\",\"position\":3,\"name\":\"Se afilia\"}]},{\"@type\":\"WebSite\",\"@id\":\"https:\/\/www.atins.me\/es\/#website\",\"url\":\"https:\/\/www.atins.me\/es\/\",\"name\":\"Atins\",\"description\":\"Len\u00e7\u00f3is Maranhenses\",\"potentialAction\":[{\"@type\":\"SearchAction\",\"target\":{\"@type\":\"EntryPoint\",\"urlTemplate\":\"https:\/\/www.atins.me\/es\/?s={search_term_string}\"},\"query-input\":\"required name=search_term_string\"}],\"inLanguage\":\"pt\"}]}<\/script>\n<!-- \/ Yoast SEO plugin. -->","yoast_head_json":{"title":"Se afilia &ndash; Atins","robots":{"index":"index","follow":"follow","max-snippet":"max-snippet:-1","max-image-preview":"max-image-preview:large","max-video-preview":"max-video-preview:-1"},"canonical":"https:\/\/www.atins.me\/pt-br\/as-contribuir\/as-se-afilia\/","og_locale":"pt_PT","og_type":"article","og_title":"Se afilia &ndash; Atins","og_description":"Trabalhamos com duas categorias de afilia\u00e7\u00e3o: Pessoa jur\u00eddica R$ 1.600,00 Pessoa f\u00edsica R$ 800,00 Para se inscrever por favor preencha o formul\u00e1rio seguinte.","og_url":"https:\/\/www.atins.me\/pt-br\/as-contribuir\/as-se-afilia\/","og_site_name":"Atins","article_publisher":"http:\/\/www.facebook.com\/conventoarcadia","article_modified_time":"2017-09-26T10:11:10+00:00","og_image":[{"width":297,"height":217,"url":"https:\/\/www.atins.me\/wp-content\/uploads\/2017\/03\/Se-afilia-place-1.png","type":"image\/png"}],"twitter_card":"summary_large_image","twitter_site":"@atinsme","schema":{"@context":"https:\/\/schema.org","@graph":[{"@type":"WebPage","@id":"https:\/\/www.atins.me\/pt-br\/as-contribuir\/as-se-afilia\/","url":"https:\/\/www.atins.me\/pt-br\/as-contribuir\/as-se-afilia\/","name":"Se afilia &ndash; Atins","isPartOf":{"@id":"https:\/\/www.atins.me\/es\/#website"},"datePublished":"2017-03-09T18:21:18+00:00","dateModified":"2017-09-26T10:11:10+00:00","breadcrumb":{"@id":"https:\/\/www.atins.me\/pt-br\/as-contribuir\/as-se-afilia\/#breadcrumb"},"inLanguage":"pt","potentialAction":[{"@type":"ReadAction","target":["https:\/\/www.atins.me\/pt-br\/as-contribuir\/as-se-afilia\/"]}]},{"@type":"BreadcrumbList","@id":"https:\/\/www.atins.me\/pt-br\/as-contribuir\/as-se-afilia\/#breadcrumb","itemListElement":[{"@type":"ListItem","position":1,"name":"Home","item":"https:\/\/www.atins.me\/pt-br\/"},{"@type":"ListItem","position":2,"name":"Contribuir","item":"https:\/\/www.atins.me\/pt-br\/as-contribuir\/"},{"@type":"ListItem","position":3,"name":"Se afilia"}]},{"@type":"WebSite","@id":"https:\/\/www.atins.me\/es\/#website","url":"https:\/\/www.atins.me\/es\/","name":"Atins","description":"Len\u00e7\u00f3is Maranhenses","potentialAction":[{"@type":"SearchAction","target":{"@type":"EntryPoint","urlTemplate":"https:\/\/www.atins.me\/es\/?s={search_term_string}"},"query-input":"required name=search_term_string"}],"inLanguage":"pt"}]}},"jetpack_sharing_enabled":true,"_links":{"self":[{"href":"https:\/\/www.atins.me\/pt-br\/wp-json\/wp\/v2\/pages\/12545"}],"collection":[{"href":"https:\/\/www.atins.me\/pt-br\/wp-json\/wp\/v2\/pages"}],"about":[{"href":"https:\/\/www.atins.me\/pt-br\/wp-json\/wp\/v2\/types\/page"}],"author":[{"embeddable":true,"href":"https:\/\/www.atins.me\/pt-br\/wp-json\/wp\/v2\/users\/2"}],"replies":[{"embeddable":true,"href":"https:\/\/www.atins.me\/pt-br\/wp-json\/wp\/v2\/comments?post=12545"}],"version-history":[{"count":0,"href":"https:\/\/www.atins.me\/pt-br\/wp-json\/wp\/v2\/pages\/12545\/revisions"}],"up":[{"embeddable":true,"href":"https:\/\/www.atins.me\/pt-br\/wp-json\/wp\/v2\/pages\/12396"}],"wp:featuredmedia":[{"embeddable":true,"href":"https:\/\/www.atins.me\/pt-br\/wp-json\/wp\/v2\/media\/12562"}],"wp:attachment":[{"href":"https:\/\/www.atins.me\/pt-br\/wp-json\/wp\/v2\/media?parent=12545"}],"curies":[{"name":"wp","href":"https:\/\/api.w.org\/{rel}","templated":true}]}}