{"id":12443,"date":"2017-03-08T12:41:44","date_gmt":"2017-03-08T15:41:44","guid":{"rendered":"https:\/\/www.atins.me\/pt-br\/?page_id=12443"},"modified":"2017-03-14T15:29:59","modified_gmt":"2017-03-14T18:29:59","slug":"as-quem-somos","status":"publish","type":"page","link":"https:\/\/www.atins.me\/pt-br\/as-quem-somos\/","title":{"rendered":"Quem somos"},"content":{"rendered":"<p class=\"p1\"><strong>Atins Sustent\u00e1vel<\/strong>\u00a0\u00e9 uma associa\u00e7\u00e3o sem fins lucrativos, formalmente constitu\u00edda por moradores e empres\u00e1rios de Atins e Santo In\u00e1cio no fevereiro 2016. Somos um grupo de pessoas heterog\u00eaneas, desta regi\u00e3o e de diferentes partes do planeta, cada um com hist\u00f3rias e experi\u00eancias de vida diferentes, mas com um sonho em comum: <strong>fazer de Atins um lugar melhor para todos<\/strong>, promovendo e apoiando o turismo <strong>sustent\u00e1vel<\/strong>\u00a0e a preserva\u00e7\u00e3o dos recursos naturais e humanos da regi\u00e3o.<\/p>\n<hr \/>\n<p class=\"p1\"><a href=\"https:\/\/www.atins.me\/wp-content\/uploads\/2017\/03\/Curso-de-Salvamento-e-Primeiros-Socorros_sidebar.jpg\"><img decoding=\"async\" loading=\"lazy\" class=\"alignnone size-full wp-image-12469\" src=\"https:\/\/www.atins.me\/wp-content\/uploads\/2017\/03\/Curso-de-Salvamento-e-Primeiros-Socorros_sidebar.jpg\" alt=\"Curso de Salvamento e Primeiros Socorros_sidebar\" width=\"682\" height=\"341\" srcset=\"https:\/\/www.atins.me\/wp-content\/uploads\/2017\/03\/Curso-de-Salvamento-e-Primeiros-Socorros_sidebar.jpg 682w, https:\/\/www.atins.me\/wp-content\/uploads\/2017\/03\/Curso-de-Salvamento-e-Primeiros-Socorros_sidebar-300x150.jpg 300w\" sizes=\"(max-width: 682px) 100vw, 682px\" \/><\/a><\/p>\n<h2 id=\"Por que uma associa\u00e7\u00e3o?\">Por que uma associa\u00e7\u00e3o?<\/h2>\n<p class=\"p1\">Esta regi\u00e3o representa um patrim\u00f4nio de natureza selvagem, com comunidades tradicionais de pescadores e grandes artes\u00e3os. Recentemente, muitas pessoas do mundo inteiro escolheram este destino para visitar. E a regi\u00e3o est\u00e1 vivenciando um desenvolvimento acelerado e n\u00e3o planejado na ind\u00fastria do turismo.<\/p>\n<p class=\"p2\">Por este motivo, \u00e9 preciso a uni\u00e3o entre todas as pessoas da comunidade e o apoio dos \u00f3rg\u00e3os p\u00fablicos e privados, para <strong>juntos<\/strong>\u00a0conservar a identidade do lugar, das tradi\u00e7\u00f5es, da natureza e do pr\u00f3prio trabalho.<\/p>\n<h2 id=\"O que queremos?\">O que queremos?<\/h2>\n<p class=\"p2\">Acreditamos que o progresso s\u00f3 pode ser verdadeiro se for\u00a0<strong>sustent\u00e1vel<\/strong>, respeitando o meio ambiente e gerando possibilidades e integra\u00e7\u00e3o para a comunidade e as <strong>futuras gera\u00e7\u00f5es<\/strong>.<\/p>\n<p>&#8211; Queremos contribuir para o desenvolvimento social, cultural e econ\u00f4mico da regi\u00e3o, melhorando a qualidade de vida das pessoas e preservando o meio ambiente;<\/p>\n<p>&#8211; Queremos desenvolver uma comunidade ambientalmente respons\u00e1vel, justa e consciente, na qual o ser humano se realize em harmonia com a natureza;<\/p>\n<p>&#8211; Queremos estimular o esp\u00edrito de coopera\u00e7\u00e3o entre os associados e associa\u00e7\u00f5es amigas, buscando a integra\u00e7\u00e3o entre as comunidades nativas e estrangeiras, baseados na igualdade, justi\u00e7a e preserva\u00e7\u00e3o ambiental e cultural.<\/p>\n<hr \/>\n<p><a href=\"https:\/\/www.atins.me\/wp-content\/uploads\/2017\/03\/Lixeiras-publicas_sidebar.jpg\"><img decoding=\"async\" loading=\"lazy\" class=\"alignnone size-full wp-image-12685\" src=\"https:\/\/www.atins.me\/wp-content\/uploads\/2017\/03\/Lixeiras-publicas_sidebar.jpg\" alt=\"Lixeiras p\u00fablicas\" width=\"682\" height=\"383\" srcset=\"https:\/\/www.atins.me\/wp-content\/uploads\/2017\/03\/Lixeiras-publicas_sidebar.jpg 682w, https:\/\/www.atins.me\/wp-content\/uploads\/2017\/03\/Lixeiras-publicas_sidebar-300x168.jpg 300w\" sizes=\"(max-width: 682px) 100vw, 682px\" \/><\/a><\/p>\n<h2 id=\"Como vamos trabalhar?\">Como trabalhamos?<\/h2>\n<p class=\"p2\">Temos muito trabalho pela frente, um grande desafio! E teremos que trabalhar todos juntos. Para isso, estamos organizando um sistema eficiente e \u00e1gil para a tomada de decis\u00f5es e a elabora\u00e7\u00e3o, aprova\u00e7\u00e3o e execu\u00e7\u00e3o de projetos, mantendo o compromisso, respeito, transpar\u00eancia, responsabilidade, solidariedade, trabalho em equipe e consci\u00eancia ambiental.<\/p>\n<h2 id=\"Com que recursos?\">Com que recursos?<\/h2>\n<p class=\"p2\">A associa\u00e7\u00e3o trabalha com aportes econ\u00f4micos dos associados, doa\u00e7\u00f5es e subven\u00e7\u00f5es de \u00f3rg\u00e3os p\u00fablicos ou privados. Todo trabalho desenvolvido pelos membros \u00e9 <strong>volunt\u00e1rio<\/strong>.<\/p>\n<hr \/>\n<h1 class=\"p1\"><a href=\"https:\/\/www.atins.me\/wp-content\/uploads\/2017\/03\/Certificacao-ABK-de-instrutores-locais_sidebar.jpg\"><img decoding=\"async\" loading=\"lazy\" class=\"alignnone size-full wp-image-12691\" src=\"https:\/\/www.atins.me\/wp-content\/uploads\/2017\/03\/Certificacao-ABK-de-instrutores-locais_sidebar.jpg\" alt=\"Certifica\u00e7\u00e3o ABK de instrutores locais\" width=\"682\" height=\"341\" srcset=\"https:\/\/www.atins.me\/wp-content\/uploads\/2017\/03\/Certificacao-ABK-de-instrutores-locais_sidebar.jpg 682w, https:\/\/www.atins.me\/wp-content\/uploads\/2017\/03\/Certificacao-ABK-de-instrutores-locais_sidebar-300x150.jpg 300w\" sizes=\"(max-width: 682px) 100vw, 682px\" \/><\/a><\/h1>\n<h2 id=\"Como voc\u00ea pode se associar?\">Como voc\u00ea pode se associar?<\/h2>\n<p class=\"p2\">Se voc\u00ea, pessoa f\u00edsica ou jur\u00eddica, \u00e9 propriet\u00e1rio\/possuidor e\/ou desenvolve alguma atividade tur\u00edstica ou similar em Atins ou Santo In\u00e1cio, poder\u00e1 fazer parte desta associa\u00e7\u00e3o, contanto que siga as leis e compartilhe os princ\u00edpios e valores da\u00a0<strong>Atins Sustent\u00e1vel<\/strong>.<\/p>\n<p class=\"p2\">Voc\u00ea n\u00e3o \u00e9 associado, mas quer ajudar? Pode sim! Precisamos de voc\u00ea. Para fazer do Atins um exemplo, um lugar m\u00e1gico e especial, teremos que trabalhar todos juntos.<\/p>\n<hr \/>\n<h1 id=\"Constitui\u00e7\u00e3o\">Constitui\u00e7\u00e3o<\/h1>\n<p class=\"p2\">A associa\u00e7\u00e3o <strong>Atins Sustent\u00e1vel<\/strong> trabalha de forma transparente para a comunidade de Atins. A nossa constitui\u00e7\u00e3o se encontra aqui:<\/p>\n<p class=\"p2\"><a href=\"https:\/\/drive.google.com\/open?id=0BxPH8c37qeX-dGdvOUs1QThlZWc\" target=\"_blank\"><img decoding=\"async\" loading=\"lazy\" class=\"alignnone size-full wp-image-12741\" src=\"https:\/\/www.atins.me\/wp-content\/uploads\/2017\/03\/Constituicao.png\" alt=\"Constitui\u00e7\u00e3o\" width=\"682\" height=\"155\" srcset=\"https:\/\/www.atins.me\/wp-content\/uploads\/2017\/03\/Constituicao.png 682w, https:\/\/www.atins.me\/wp-content\/uploads\/2017\/03\/Constituicao-300x68.png 300w\" sizes=\"(max-width: 682px) 100vw, 682px\" \/><\/a><\/p>\n<hr \/>\n<h1 id=\"Diretoria\">Diretoria<\/h1>\n<p>A diretoria de <strong>Atins Sustent\u00e1vel<\/strong> est\u00e1 composto por:<\/p>\n<p style=\"padding-left: 30px;\"><strong>Presidente:<\/strong> \u00a0AERIVERQUES PIRES<\/p>\n<p style=\"padding-left: 30px;\"><strong>Vice-Presidente:<\/strong> MARCO GABRIEL FINOTTI<\/p>\n<p style=\"padding-left: 30px;\"><strong>Secret\u00e1ria:<\/strong>\u00a0MARIA DE LA PAZ MARQUEZ<\/p>\n<p style=\"padding-left: 30px;\"><strong>Vice-Secret\u00e1rio:<\/strong> FEDERICO GIGLI<\/p>\n<p class=\"p1\" style=\"padding-left: 30px;\"><strong>Tesoureira:<\/strong> ANDREA FERNANDES COSTA<\/p>\n","protected":false},"excerpt":{"rendered":"<p>Atins Sustent\u00e1vel\u00a0\u00e9 uma associa\u00e7\u00e3o sem fins lucrativos, formalmente constitu\u00edda por moradores e empres\u00e1rios de Atins e Santo In\u00e1cio no fevereiro 2016. Somos um grupo de pessoas heterog\u00eaneas, desta regi\u00e3o e de diferentes partes do planeta, cada um com hist\u00f3rias e experi\u00eancias de vida diferentes, mas com um sonho em comum: fazer de Atins um lugar\u2026<\/p>\n","protected":false},"author":2,"featured_media":0,"parent":0,"menu_order":0,"comment_status":"closed","ping_status":"closed","template":"template-with-sidebar-as.php","meta":{"_mi_skip_tracking":false,"_monsterinsights_sitenote_active":false,"_monsterinsights_sitenote_note":"","_monsterinsights_sitenote_category":0,"footnotes":""},"yoast_head":"<!-- This site is optimized with the Yoast SEO plugin v21.0 - https:\/\/yoast.com\/wordpress\/plugins\/seo\/ -->\n<title>Quem somos &ndash; Atins<\/title>\n<meta name=\"robots\" content=\"index, follow, max-snippet:-1, max-image-preview:large, max-video-preview:-1\" \/>\n<link rel=\"canonical\" href=\"https:\/\/www.atins.me\/pt-br\/as-quem-somos\/\" \/>\n<meta property=\"og:locale\" content=\"pt_PT\" \/>\n<meta property=\"og:type\" content=\"article\" \/>\n<meta property=\"og:title\" content=\"Quem somos &ndash; Atins\" \/>\n<meta property=\"og:description\" content=\"Atins Sustent\u00e1vel\u00a0\u00e9 uma associa\u00e7\u00e3o sem fins lucrativos, formalmente constitu\u00edda por moradores e empres\u00e1rios de Atins e Santo In\u00e1cio no fevereiro 2016. Somos um grupo de pessoas heterog\u00eaneas, desta regi\u00e3o e de diferentes partes do planeta, cada um com hist\u00f3rias e experi\u00eancias de vida diferentes, mas com um sonho em comum: fazer de Atins um lugar\u2026\" \/>\n<meta property=\"og:url\" content=\"https:\/\/www.atins.me\/pt-br\/as-quem-somos\/\" \/>\n<meta property=\"og:site_name\" content=\"Atins\" \/>\n<meta property=\"article:publisher\" content=\"http:\/\/www.facebook.com\/conventoarcadia\" \/>\n<meta property=\"article:modified_time\" content=\"2017-03-14T18:29:59+00:00\" \/>\n<meta property=\"og:image\" content=\"https:\/\/www.atins.me\/wp-content\/uploads\/2017\/03\/Curso-de-Salvamento-e-Primeiros-Socorros_sidebar.jpg\" \/>\n<meta name=\"twitter:card\" content=\"summary_large_image\" \/>\n<meta name=\"twitter:site\" content=\"@atinsme\" \/>\n<meta name=\"twitter:label1\" content=\"Est. reading time\" \/>\n\t<meta name=\"twitter:data1\" content=\"3 minutes\" \/>\n<script type=\"application\/ld+json\" class=\"yoast-schema-graph\">{\"@context\":\"https:\/\/schema.org\",\"@graph\":[{\"@type\":\"WebPage\",\"@id\":\"https:\/\/www.atins.me\/pt-br\/as-quem-somos\/\",\"url\":\"https:\/\/www.atins.me\/pt-br\/as-quem-somos\/\",\"name\":\"Quem somos &ndash; Atins\",\"isPartOf\":{\"@id\":\"https:\/\/www.atins.me\/es\/#website\"},\"datePublished\":\"2017-03-08T15:41:44+00:00\",\"dateModified\":\"2017-03-14T18:29:59+00:00\",\"breadcrumb\":{\"@id\":\"https:\/\/www.atins.me\/pt-br\/as-quem-somos\/#breadcrumb\"},\"inLanguage\":\"pt\",\"potentialAction\":[{\"@type\":\"ReadAction\",\"target\":[\"https:\/\/www.atins.me\/pt-br\/as-quem-somos\/\"]}]},{\"@type\":\"BreadcrumbList\",\"@id\":\"https:\/\/www.atins.me\/pt-br\/as-quem-somos\/#breadcrumb\",\"itemListElement\":[{\"@type\":\"ListItem\",\"position\":1,\"name\":\"Home\",\"item\":\"https:\/\/www.atins.me\/pt-br\/\"},{\"@type\":\"ListItem\",\"position\":2,\"name\":\"Quem somos\"}]},{\"@type\":\"WebSite\",\"@id\":\"https:\/\/www.atins.me\/es\/#website\",\"url\":\"https:\/\/www.atins.me\/es\/\",\"name\":\"Atins\",\"description\":\"Len\u00e7\u00f3is Maranhenses\",\"potentialAction\":[{\"@type\":\"SearchAction\",\"target\":{\"@type\":\"EntryPoint\",\"urlTemplate\":\"https:\/\/www.atins.me\/es\/?s={search_term_string}\"},\"query-input\":\"required name=search_term_string\"}],\"inLanguage\":\"pt\"}]}<\/script>\n<!-- \/ Yoast SEO plugin. -->","yoast_head_json":{"title":"Quem somos &ndash; Atins","robots":{"index":"index","follow":"follow","max-snippet":"max-snippet:-1","max-image-preview":"max-image-preview:large","max-video-preview":"max-video-preview:-1"},"canonical":"https:\/\/www.atins.me\/pt-br\/as-quem-somos\/","og_locale":"pt_PT","og_type":"article","og_title":"Quem somos &ndash; Atins","og_description":"Atins Sustent\u00e1vel\u00a0\u00e9 uma associa\u00e7\u00e3o sem fins lucrativos, formalmente constitu\u00edda por moradores e empres\u00e1rios de Atins e Santo In\u00e1cio no fevereiro 2016. Somos um grupo de pessoas heterog\u00eaneas, desta regi\u00e3o e de diferentes partes do planeta, cada um com hist\u00f3rias e experi\u00eancias de vida diferentes, mas com um sonho em comum: fazer de Atins um lugar\u2026","og_url":"https:\/\/www.atins.me\/pt-br\/as-quem-somos\/","og_site_name":"Atins","article_publisher":"http:\/\/www.facebook.com\/conventoarcadia","article_modified_time":"2017-03-14T18:29:59+00:00","og_image":[{"url":"https:\/\/www.atins.me\/wp-content\/uploads\/2017\/03\/Curso-de-Salvamento-e-Primeiros-Socorros_sidebar.jpg"}],"twitter_card":"summary_large_image","twitter_site":"@atinsme","twitter_misc":{"Est. reading time":"3 minutes"},"schema":{"@context":"https:\/\/schema.org","@graph":[{"@type":"WebPage","@id":"https:\/\/www.atins.me\/pt-br\/as-quem-somos\/","url":"https:\/\/www.atins.me\/pt-br\/as-quem-somos\/","name":"Quem somos &ndash; Atins","isPartOf":{"@id":"https:\/\/www.atins.me\/es\/#website"},"datePublished":"2017-03-08T15:41:44+00:00","dateModified":"2017-03-14T18:29:59+00:00","breadcrumb":{"@id":"https:\/\/www.atins.me\/pt-br\/as-quem-somos\/#breadcrumb"},"inLanguage":"pt","potentialAction":[{"@type":"ReadAction","target":["https:\/\/www.atins.me\/pt-br\/as-quem-somos\/"]}]},{"@type":"BreadcrumbList","@id":"https:\/\/www.atins.me\/pt-br\/as-quem-somos\/#breadcrumb","itemListElement":[{"@type":"ListItem","position":1,"name":"Home","item":"https:\/\/www.atins.me\/pt-br\/"},{"@type":"ListItem","position":2,"name":"Quem somos"}]},{"@type":"WebSite","@id":"https:\/\/www.atins.me\/es\/#website","url":"https:\/\/www.atins.me\/es\/","name":"Atins","description":"Len\u00e7\u00f3is Maranhenses","potentialAction":[{"@type":"SearchAction","target":{"@type":"EntryPoint","urlTemplate":"https:\/\/www.atins.me\/es\/?s={search_term_string}"},"query-input":"required name=search_term_string"}],"inLanguage":"pt"}]}},"jetpack_sharing_enabled":true,"_links":{"self":[{"href":"https:\/\/www.atins.me\/pt-br\/wp-json\/wp\/v2\/pages\/12443"}],"collection":[{"href":"https:\/\/www.atins.me\/pt-br\/wp-json\/wp\/v2\/pages"}],"about":[{"href":"https:\/\/www.atins.me\/pt-br\/wp-json\/wp\/v2\/types\/page"}],"author":[{"embeddable":true,"href":"https:\/\/www.atins.me\/pt-br\/wp-json\/wp\/v2\/users\/2"}],"replies":[{"embeddable":true,"href":"https:\/\/www.atins.me\/pt-br\/wp-json\/wp\/v2\/comments?post=12443"}],"version-history":[{"count":0,"href":"https:\/\/www.atins.me\/pt-br\/wp-json\/wp\/v2\/pages\/12443\/revisions"}],"wp:attachment":[{"href":"https:\/\/www.atins.me\/pt-br\/wp-json\/wp\/v2\/media?parent=12443"}],"curies":[{"name":"wp","href":"https:\/\/api.w.org\/{rel}","templated":true}]}}