{"id":12396,"date":"2017-03-07T14:32:19","date_gmt":"2017-03-07T17:32:19","guid":{"rendered":"https:\/\/www.atins.me\/?page_id=12396"},"modified":"2017-09-26T07:11:21","modified_gmt":"2017-09-26T10:11:21","slug":"as-contribuir","status":"publish","type":"page","link":"https:\/\/www.atins.me\/pt-br\/as-contribuir\/","title":{"rendered":"Contribuir"},"content":{"rendered":"<p><span style=\"font-weight: 400;\">Se voc\u00ea, pessoa f\u00edsica ou jur\u00eddica, \u00e9 propriet\u00e1rio\/possuidor e\/ou desenvolve alguma atividade tur\u00edstica ou similar em Atins ou Santo In\u00e1cio, poder\u00e1 fazer parte desta associa\u00e7\u00e3o, contanto que siga as leis e compartilhe os princ\u00edpios e valores da <\/span><b>Atins Sustent\u00e1vel<\/b><span style=\"font-weight: 400;\">.<\/span><\/p>\n<div>\n<p><span style=\"font-weight: 400;\">Voc\u00ea n\u00e3o \u00e9 associado, mas quer ajudar? Pode sim! Precisamos de voc\u00ea. Para fazer do Atins um exemplo, um lugar m\u00e1gico e especial, teremos que trabalhar todos juntos. Para ajudar e participar, tem as op\u00e7\u00f5es de ser volunt\u00e1rio ou fazer uma doa\u00e7\u00e3o. <\/span><\/p>\n<\/div>\n","protected":false},"excerpt":{"rendered":"<p>Se voc\u00ea, pessoa f\u00edsica ou jur\u00eddica, \u00e9 propriet\u00e1rio\/possuidor e\/ou desenvolve alguma atividade tur\u00edstica ou similar em Atins ou Santo In\u00e1cio, poder\u00e1 fazer parte desta associa\u00e7\u00e3o, contanto que siga as leis e compartilhe os princ\u00edpios e valores da Atins Sustent\u00e1vel. Voc\u00ea n\u00e3o \u00e9 associado, mas quer ajudar? Pode sim! Precisamos de voc\u00ea. Para fazer do Atins\u2026<\/p>\n","protected":false},"author":2,"featured_media":0,"parent":0,"menu_order":0,"comment_status":"closed","ping_status":"closed","template":"template-region-as.php","meta":{"_mi_skip_tracking":false,"_monsterinsights_sitenote_active":false,"_monsterinsights_sitenote_note":"","_monsterinsights_sitenote_category":0,"footnotes":""},"yoast_head":"<!-- This site is optimized with the Yoast SEO plugin v21.0 - https:\/\/yoast.com\/wordpress\/plugins\/seo\/ -->\n<title>Contribuir &ndash; Atins<\/title>\n<meta name=\"robots\" content=\"index, follow, max-snippet:-1, max-image-preview:large, max-video-preview:-1\" \/>\n<link rel=\"canonical\" href=\"https:\/\/www.atins.me\/pt-br\/as-contribuir\/\" \/>\n<meta property=\"og:locale\" content=\"pt_PT\" \/>\n<meta property=\"og:type\" content=\"article\" \/>\n<meta property=\"og:title\" content=\"Contribuir &ndash; Atins\" \/>\n<meta property=\"og:description\" content=\"Se voc\u00ea, pessoa f\u00edsica ou jur\u00eddica, \u00e9 propriet\u00e1rio\/possuidor e\/ou desenvolve alguma atividade tur\u00edstica ou similar em Atins ou Santo In\u00e1cio, poder\u00e1 fazer parte desta associa\u00e7\u00e3o, contanto que siga as leis e compartilhe os princ\u00edpios e valores da Atins Sustent\u00e1vel. Voc\u00ea n\u00e3o \u00e9 associado, mas quer ajudar? Pode sim! Precisamos de voc\u00ea. Para fazer do Atins\u2026\" \/>\n<meta property=\"og:url\" content=\"https:\/\/www.atins.me\/pt-br\/as-contribuir\/\" \/>\n<meta property=\"og:site_name\" content=\"Atins\" \/>\n<meta property=\"article:publisher\" content=\"http:\/\/www.facebook.com\/conventoarcadia\" \/>\n<meta property=\"article:modified_time\" content=\"2017-09-26T10:11:21+00:00\" \/>\n<meta name=\"twitter:card\" content=\"summary_large_image\" \/>\n<meta name=\"twitter:site\" content=\"@atinsme\" \/>\n<script type=\"application\/ld+json\" class=\"yoast-schema-graph\">{\"@context\":\"https:\/\/schema.org\",\"@graph\":[{\"@type\":\"WebPage\",\"@id\":\"https:\/\/www.atins.me\/pt-br\/as-contribuir\/\",\"url\":\"https:\/\/www.atins.me\/pt-br\/as-contribuir\/\",\"name\":\"Contribuir &ndash; Atins\",\"isPartOf\":{\"@id\":\"https:\/\/www.atins.me\/es\/#website\"},\"datePublished\":\"2017-03-07T17:32:19+00:00\",\"dateModified\":\"2017-09-26T10:11:21+00:00\",\"breadcrumb\":{\"@id\":\"https:\/\/www.atins.me\/pt-br\/as-contribuir\/#breadcrumb\"},\"inLanguage\":\"pt\",\"potentialAction\":[{\"@type\":\"ReadAction\",\"target\":[\"https:\/\/www.atins.me\/pt-br\/as-contribuir\/\"]}]},{\"@type\":\"BreadcrumbList\",\"@id\":\"https:\/\/www.atins.me\/pt-br\/as-contribuir\/#breadcrumb\",\"itemListElement\":[{\"@type\":\"ListItem\",\"position\":1,\"name\":\"Home\",\"item\":\"https:\/\/www.atins.me\/pt-br\/\"},{\"@type\":\"ListItem\",\"position\":2,\"name\":\"Contribuir\"}]},{\"@type\":\"WebSite\",\"@id\":\"https:\/\/www.atins.me\/es\/#website\",\"url\":\"https:\/\/www.atins.me\/es\/\",\"name\":\"Atins\",\"description\":\"Len\u00e7\u00f3is Maranhenses\",\"potentialAction\":[{\"@type\":\"SearchAction\",\"target\":{\"@type\":\"EntryPoint\",\"urlTemplate\":\"https:\/\/www.atins.me\/es\/?s={search_term_string}\"},\"query-input\":\"required name=search_term_string\"}],\"inLanguage\":\"pt\"}]}<\/script>\n<!-- \/ Yoast SEO plugin. -->","yoast_head_json":{"title":"Contribuir &ndash; Atins","robots":{"index":"index","follow":"follow","max-snippet":"max-snippet:-1","max-image-preview":"max-image-preview:large","max-video-preview":"max-video-preview:-1"},"canonical":"https:\/\/www.atins.me\/pt-br\/as-contribuir\/","og_locale":"pt_PT","og_type":"article","og_title":"Contribuir &ndash; Atins","og_description":"Se voc\u00ea, pessoa f\u00edsica ou jur\u00eddica, \u00e9 propriet\u00e1rio\/possuidor e\/ou desenvolve alguma atividade tur\u00edstica ou similar em Atins ou Santo In\u00e1cio, poder\u00e1 fazer parte desta associa\u00e7\u00e3o, contanto que siga as leis e compartilhe os princ\u00edpios e valores da Atins Sustent\u00e1vel. Voc\u00ea n\u00e3o \u00e9 associado, mas quer ajudar? Pode sim! Precisamos de voc\u00ea. Para fazer do Atins\u2026","og_url":"https:\/\/www.atins.me\/pt-br\/as-contribuir\/","og_site_name":"Atins","article_publisher":"http:\/\/www.facebook.com\/conventoarcadia","article_modified_time":"2017-09-26T10:11:21+00:00","twitter_card":"summary_large_image","twitter_site":"@atinsme","schema":{"@context":"https:\/\/schema.org","@graph":[{"@type":"WebPage","@id":"https:\/\/www.atins.me\/pt-br\/as-contribuir\/","url":"https:\/\/www.atins.me\/pt-br\/as-contribuir\/","name":"Contribuir &ndash; Atins","isPartOf":{"@id":"https:\/\/www.atins.me\/es\/#website"},"datePublished":"2017-03-07T17:32:19+00:00","dateModified":"2017-09-26T10:11:21+00:00","breadcrumb":{"@id":"https:\/\/www.atins.me\/pt-br\/as-contribuir\/#breadcrumb"},"inLanguage":"pt","potentialAction":[{"@type":"ReadAction","target":["https:\/\/www.atins.me\/pt-br\/as-contribuir\/"]}]},{"@type":"BreadcrumbList","@id":"https:\/\/www.atins.me\/pt-br\/as-contribuir\/#breadcrumb","itemListElement":[{"@type":"ListItem","position":1,"name":"Home","item":"https:\/\/www.atins.me\/pt-br\/"},{"@type":"ListItem","position":2,"name":"Contribuir"}]},{"@type":"WebSite","@id":"https:\/\/www.atins.me\/es\/#website","url":"https:\/\/www.atins.me\/es\/","name":"Atins","description":"Len\u00e7\u00f3is Maranhenses","potentialAction":[{"@type":"SearchAction","target":{"@type":"EntryPoint","urlTemplate":"https:\/\/www.atins.me\/es\/?s={search_term_string}"},"query-input":"required name=search_term_string"}],"inLanguage":"pt"}]}},"jetpack_sharing_enabled":true,"_links":{"self":[{"href":"https:\/\/www.atins.me\/pt-br\/wp-json\/wp\/v2\/pages\/12396"}],"collection":[{"href":"https:\/\/www.atins.me\/pt-br\/wp-json\/wp\/v2\/pages"}],"about":[{"href":"https:\/\/www.atins.me\/pt-br\/wp-json\/wp\/v2\/types\/page"}],"author":[{"embeddable":true,"href":"https:\/\/www.atins.me\/pt-br\/wp-json\/wp\/v2\/users\/2"}],"replies":[{"embeddable":true,"href":"https:\/\/www.atins.me\/pt-br\/wp-json\/wp\/v2\/comments?post=12396"}],"version-history":[{"count":0,"href":"https:\/\/www.atins.me\/pt-br\/wp-json\/wp\/v2\/pages\/12396\/revisions"}],"wp:attachment":[{"href":"https:\/\/www.atins.me\/pt-br\/wp-json\/wp\/v2\/media?parent=12396"}],"curies":[{"name":"wp","href":"https:\/\/api.w.org\/{rel}","templated":true}]}}