{"id":5445,"date":"2016-02-10T18:34:18","date_gmt":"2016-02-10T20:34:18","guid":{"rendered":"https:\/\/www.atins.me\/es\/travel\/to-atins\/"},"modified":"2019-08-24T10:01:44","modified_gmt":"2019-08-24T13:01:44","slug":"hacia-atins","status":"publish","type":"page","link":"https:\/\/www.atins.me\/es\/viajes\/hacia-atins\/","title":{"rendered":"Hacia Atins"},"content":{"rendered":"<h3 id=\"sao-luis-aeropuerto\">S\u00e3o Lu\u00eds Aeropuerto \u2013 Centro de S\u00e3o Lu\u00eds<\/h3>\n<div class='box yellow' ><h3 class='title'><i class='icon-taxi'><\/i>Taxi<\/h3><\/p>\n<p>Taxi regular con licencia para operar en el aeropuerto, hacia el Centro Hist\u00f3rico:<\/p>\n<ul>\n<li>R$ 55<\/li>\n<\/ul>\n<p>Opci\u00f3n econ\u00f3mica: ~ 800 metros fuera del aeropuerto, en la segunda rotonda (mantenga su izquierda cuando salga del aeropuerto) Ud. puede encontrar varias Moto Taxi y taxis regulares (sin licencia para operar en el aeropuerto) aguardando. La Uber tambi\u00e9n est\u00e1 operando en S\u00e3o Lu\u00eds y cobra cerca del 60% del precio del taxi.<\/p>\n<p>\n<\/div>\n<h3 id=\"sao-luis-barreirinhas\">S\u00e3o Lu\u00eds \u2013 Barreirinhas (280km)<\/h3>\n<p><iframe loading=\"lazy\" src=\"https:\/\/mapsengine.google.com\/map\/embed?mid=zxSI7JzleyhY.kn0fLdsh74XQ\" width=\"535\" height=\"225\"><\/iframe><\/p>\n<div class='box green' ><h3 class='title'><i class='icon-bus'><\/i>Autobus<\/h3><p>La terminal de autobuses se encuentra cerca del aeropuerto. El autob\u00fas es una opci\u00f3n conveniente cuando lleguen directamente del aeropuerto, de lo contrario tenga en cuenta que para llegar a la terminal de \u00f3mnibus desde el centro, va a incurrir en el gasto de un viaje mas de taxi.<\/p>\n<p><strong><a href=\"http:\/\/www.cisnebrancoturismo.com.br\/\" target=\"_blank\" rel=\"noopener noreferrer\">Cisne Branco<\/a><\/strong><\/p>\n<ul>\n<li>06.00 \u00a0 &#8211; \u00a0 08.45 \u00a0 &#8211; \u00a0 14.00 \u00a0 &#8211; \u00a0 19.30<\/li>\n<li>~ 5 horas<\/li>\n<li>R$ 60<\/li>\n<\/ul>\n<p><strong><a href=\"https:\/\/www.expressoguanabara.com.br\/\" target=\"_blank\" rel=\"noopener noreferrer\">Guanabara<\/a><\/strong><\/p>\n<ul>\n<li>07.30 \u00a0 &#8211;\u00a0 \u00a018.00\u00a0 \u00a0&#8211;\u00a0 \u00a021.00<\/li>\n<li>~ 4 .5 horas<\/li>\n<li>R$ 62.50<\/li>\n<\/ul>\n<p><span style=\"font-size: inherit;\"><\/p>\n<\/div><\/span><\/p>\n<div class='box yellow' ><h3 class='title'><i class='icon-taxi'><\/i>Taxi<\/h3><p>Buscan pasajeros en el hotel o directamente desde el aeropuerto. Si va directamente desde el aeropuerto a Barrerinhas, ser\u00eda \u00fatil agendar el viaje con antelaci\u00f3n.<\/p>\n<ul>\n<li>~ 3.5 horas<\/li>\n<li>R$ 70 por pessoa<\/li>\n<li>R$ 400 privativo<\/li>\n<\/ul>\n<p><strong>Coopcart:<\/strong> WA <span class=\"s1\">+55 98 99132 9047<\/span><\/p>\n<p><span style=\"font-size: inherit;\"><\/p>\n<\/div><\/span><\/p>\n<div class='box green' ><h3 class='title'><i class='icon-minibus'><\/i>Microb\u00fas<\/h3><\/p>\n<ul>\n<li>~4.5 horas<\/li>\n<li>60 R$ por persona<\/li>\n<\/ul>\n<p><strong>BRTur: <\/strong>WA\u00a0+ 55 98 98114 3649, reservasbrtur@gmail.com<\/p>\n<ul>\n<li>07.00<\/li>\n<\/ul>\n<p><strong>Divertix:<\/strong> WA +55 98 99115 1558<\/p>\n<ul>\n<li>15.30<\/li>\n<\/ul>\n<p><strong>Encanto dos Len\u00e7\u00f3is:<\/strong> WA +55 98 99607 3792<\/p>\n<ul>\n<li>06.30<\/li>\n<\/ul>\n<p><strong>Fanttur: <\/strong>WA +55 98 98876 1610, fanttur.turismo@hotmail.com<\/p>\n<ul>\n<li>06.30<\/li>\n<\/ul>\n<p><strong>Tigre: <\/strong>WA +55 98 99611 3331<\/p>\n<ul>\n<li>04.00 \u00a0 &#8211; \u00a0 07.00\u00a0 \u00a0&#8211; \u00a0 16.30<\/li>\n<\/ul>\n<p>\n<\/div>\n<h3 id=\"barreirinhas-atins\">Barreirinhas \u2013 Atins (~ 30km)<\/h3>\n<p><iframe loading=\"lazy\" src=\"https:\/\/mapsengine.google.com\/map\/embed?mid=zxSI7JzleyhY.kmaIFKULF_yo\" width=\"535\" height=\"225\"><\/iframe><\/p>\n<div class='box yellow' ><h3 class='title'><i class='icon-jeep'><\/i>Toyota<\/h3><\/p>\n<p>Salen entre 10.00 \u2013 11.00 todos los d\u00edas excepto los domingos. Varios veh\u00edculos salen desde Agro Veterin\u00e1ria Correa que se encuentra una calle paralela hacia atr\u00e1s de la calle principal (Banco Do Brasil) sobre la calle Maj. Galas. Algunas veces va a encontrar otros horarios de salida entre las 13.00 \u2013 15.00.<\/p>\n<ul>\n<li>~ 2 horas<\/li>\n<li>R$ 40 por persona<\/li>\n<\/ul>\n<p>\n<\/div>\n<div class='box gray' ><h3 class='title'><i class='icon-boat'><\/i>Lancha r\u00e1pida<\/h3><\/p>\n<p>Hay dos lanchas de l\u00ednea directo desde Barreirinhas a Atins.<\/p>\n<p><strong>Satur:<\/strong> WA +55 98 99232 8780<\/p>\n<ul>\n<li>12.00, 16.00 (en la temporada alta)<\/li>\n<li>~ 1.5 hora<\/li>\n<li>R$ 60 por persona<\/li>\n<\/ul>\n<p><strong>K-Be\u00e7a Turismo:<\/strong> WA +55 98 98827\u00a07715<\/p>\n<ul>\n<li>12.30<\/li>\n<li>~ 1.5 hora<\/li>\n<li>R$ 60 por persona<\/li>\n<\/ul>\n<p>Existe tambi\u00e9n la alternativa de tomar el viaje-excursi\u00f3n por el R\u00edo Pregui\u00e7as con paradas en Vassouras, Mandacar\u00fa and Cabur\u00e9.<\/p>\n<ul>\n<li>08.30<\/li>\n<li>~ 5-6 hrs<\/li>\n<li>R$ 70 &#8211; 80 por persona<\/li>\n<\/ul>\n<p><strong>Alternativa:<\/strong> WA +55 98 98865 0905<\/p>\n<p><strong>Malibu:<\/strong> WA +55 98 98842 1660<\/p>\n<p>En fin, tiene la opci\u00f3n fletar una voadora privada:<\/p>\n<ul>\n<li>~ 1 hora<\/li>\n<li><span class=\"s1\">R$ 400 &#8211; 450 <\/span>(4 personas)<\/li>\n<\/ul>\n<p>Adem\u00e1s de los operadores anteriores tiene:<\/p>\n<p class=\"p1\"><span class=\"s1\"><b>Atins Len\u00e7\u00f3is:<\/b> WA +55 98 99104 9770<\/span><\/p>\n<p class=\"p1\"><span class=\"s1\"><b>Chico da Fia:<\/b> WA +55 98 99233 0708<\/span><\/p>\n<p>\n<\/div>\n<h3 id=\"jericoacoara-barreirinhas\">Jericoacoara &#8211; Barreirinhas (~ 400km)<\/h3>\n<p><iframe loading=\"lazy\" src=\"https:\/\/mapsengine.google.com\/map\/embed?mid=zxSI7JzleyhY.kwPFq3anFxLI\" width=\"535\" height=\"225\"><\/iframe><\/p>\n<h4>Directo<\/h4>\n<div class='box yellow' ><h3 class='title'><i class='icon-jeep'><\/i>Veh\u00edculo privado<\/h3><\/p>\n<ul>\n<li>7 horas<\/li>\n<li>~ R$ 1000 &#8211; R$ 1200 por carro (hasta 4 personas)<\/li>\n<\/ul>\n<p>\n<\/div>\n<h4>Dias multiples<\/h4>\n<div class='box yellow' ><h3 class='title'><i class='icon-jeep'><\/i>Veh\u00edculo privado<\/h3><\/p>\n<p>2 \u2013 3 d\u00edas de tour desde Jeri a los Len\u00e7\u00f3is\u00a0 Maranhenses. Varias agencias y numerosos conductores privados ofrecen paquetes. Es una opci\u00f3n de compra, especialmente durante la temporada baja.<\/p>\n<ul>\n<li>2 &#8211; 3 d\u00edas<\/li>\n<li>R$ 1500+ veh\u00edculo (hasta 4 personas, solo transporte)<\/li>\n<\/ul>\n<p>\n<\/div>\n<div class='box green' ><h3 class='title'><i class='icon-minibus'><\/i>Microb\u00fas<\/h3><\/p>\n<p>Gui\u00f3n de Jericoacoara &#8211; Parna\u00edba &#8211; Barreirinhas hecho en dos tramos en d\u00edas seguidos.<\/p>\n<p>Jericoacoara &#8211; Parna\u00edba (via Barra Grande):<\/p>\n<ul>\n<li>~09.30<\/li>\n<li>4 horas<\/li>\n<li>lunes, mi\u00e9rcoles, viernes<\/li>\n<li>R$ 125 por persona<\/li>\n<\/ul>\n<p>Parna\u00edba &#8211; Barreirinhas:<\/p>\n<ul>\n<li>~05.30<\/li>\n<li>4 horas<\/li>\n<li>martes, jueves<\/li>\n<li>R$ 125 por persona<\/li>\n<\/ul>\n<p><strong><a href=\"https:\/\/www.rotacombo.com\" target=\"_blank\" rel=\"noopener noreferrer\">Rota Combo<\/a>:<\/strong> WA +55 86 99993-0111<\/p>\n<p>\n<\/div>\n<p><span style=\"line-height: 1.5;\"><div class='box gray' style='color:#fff;border-color:#fff;background-color:#545454;'><h3 class='title'><i class='icon-none'><\/i>Transporte p\u00fablico<\/h3><p><\/span><\/p>\n<p><span style=\"line-height: 1.5;\">Es un viaje de 2 d\u00edas y Ud. puede elegir entre detenerse en Barra Grande, Parna\u00edba, Tut\u00f3ia, Paulino Neves, Cabur\u00e9\/Barreirinhas<\/span><\/p>\n<ul>\n<li><span style=\"line-height: 1.5;\">2+ d\u00edas<\/span><\/li>\n<li><span style=\"line-height: 1.5;\">A partir de R$ 200 por persona<\/span><\/li>\n<\/ul>\n<p>\n<\/div><\/p>\n<hr \/>\n<h4>Escalas<\/h4>\n<hr \/>\n<h4><strong>Jericoacoara &#8211; Camocim<\/strong><\/h4>\n<div class='box yellow' ><h3 class='title'><i class='icon-jeep'><\/i>4x4<\/h3><\/p>\n<p>Es un viaje muy paisaj\u00edstico a lo largo de la playa. Reserve en cualquier agencia de Jeri.<\/p>\n<ul>\n<li>~ 2 horas<\/li>\n<\/ul>\n<p>\n<\/div>\n<div class='box green' ><h3 class='title'><i class='icon-bus'><\/i>Autobus<\/h3><\/p>\n<p>Por el interior pasando Jijoca por la carretera principal.<\/p>\n<p>\n<\/div>\n<h4>Camocim &#8211; Parna\u00edba<\/h4>\n<div class='box green' ><h3 class='title'><i class='icon-bus'><\/i>Autobus<\/h3><\/p>\n<p>Para Barra Grande deb\u00eda bajar en Camurupim y continuar hasta Barra Grande. Hasta Parna\u00edba (directo) es:<\/p>\n<ul>\n<li>~ 2 horas<\/li>\n<li>~ R$ 75<\/li>\n<\/ul>\n<p><strong><a href=\"https:\/\/www.expressoguanabara.com.br\/\" target=\"_blank\" rel=\"noopener noreferrer\">Guanabara<\/a><\/strong><\/p>\n<p>\n<\/div>\n<div class='box gray' style='color:#fff;border-color:#fff;background-color:#545454;'><h3 class='title'><i class='icon-none'><\/i>Camurupim - Barra Grande<\/h3><\/p>\n<p>Hay un \u00f3mnibus dos veces por d\u00eda o puede buscar un viaje privado. Si reserva alojamiento en Barra Grande pregunte si ellos pueden buscarlo en Camurupim, o directamente en Camocim.<\/p>\n<p>\n<\/div>\n<h4><strong>Barra Grande &#8211; Parna\u00edba<\/strong><\/h4>\n<div class='box green' ><h3 class='title'><i class='icon-bus'><\/i>Autobus<\/h3><\/p>\n<ul>\n<li>1 hora<\/li>\n<\/ul>\n<p>\n<\/div>\n<div class='box green' ><h3 class='title'><i class='icon-minibus'><\/i>Microb\u00fas<\/h3><\/p>\n<p>El Minibus es un poco mas veloz que el \u00f3mnibus regular.<\/p>\n<p>\n<\/div>\n<h4>Parna\u00edba &#8211; Tut\u00f3ia<\/h4>\n<div class='box gray' ><h3 class='title'><i class='icon-boat'><\/i>Lancha<\/h3><\/p>\n<p>Algunas veces las agencias ofrecen tarifas mas econ\u00f3micas cuando tienen que retornar y poseen pasajeros confirmados del otro lado, de otro modo tienen que retornar con la lancha vac\u00eda, de todos modos, el precio regular es:<\/p>\n<ul>\n<li>~ 3 horas<\/li>\n<li>~ R$ 700 por bote (hasta ~ 4 people)<\/li>\n<\/ul>\n<p>Vaya a <em>Porto das Barcas<\/em> para organizar el viaje en lancha desde Parna\u00edba a Tut\u00f3ia. Dos de las agencias locales son:<\/p>\n<ul>\n<li><a title=\"Clip Ecoturismo\" href=\"http:\/\/www.clipecoturismo.com.br\" target=\"_blank\" rel=\"noopener noreferrer\">Clip<\/a><\/li>\n<li><a href=\"https:\/\/www.rotacombo.com\/\" target=\"_blank\" rel=\"noopener noreferrer\">Rota Combo<\/a><\/li>\n<\/ul>\n<p>La mayor\u00eda de las lanchas salen desde Tatus, que est\u00e1 a unos 15 minutos en taxi o ~ 30 minutos en autobus.<\/p>\n<p>Ud. tambi\u00e9n puede ir directamente desde Parna\u00edba a Tatus por su cuenta y en \u00f3mnibus p\u00fablico y negociar la tarifa en el lugar.<\/p>\n<p>Para viajeros que est\u00e9n interesados en explorar el Delta y su rica flora y fauna es recomendable tomar la lancha lenta y pasar todo un d\u00eda o dos explorando el estuario.<\/p>\n<p>\n<\/div>\n<div class='box green' ><h3 class='title'><i class='icon-bus'><\/i>Autobus<\/h3><\/p>\n<p><strong>Rota do Mar:<\/strong> WA +55 86 98805-7228<\/p>\n<ul>\n<li>05h30 \u00a0 \u2013\u00a0 \u00a011h30 \u00a0 \u2013\u00a0 \u00a0 16h30<\/li>\n<li>~ 3 horas<\/li>\n<li>R$ 20 por persona<\/li>\n<\/ul>\n<p>\n<\/div>\n<h4>Tut\u00f3ia &#8211; Barreirinhas<\/h4>\n<div class='box green' ><h3 class='title'><i class='icon-bus'><\/i>Autobus<\/h3><\/p>\n<p>Pasando por Paulinho Neves<\/p>\n<p><strong><a href=\"http:\/\/www.cisnebrancoturismo.com.br\/\" target=\"_blank\" rel=\"noopener noreferrer\">Cisne Branco<\/a><\/strong><\/p>\n<ul>\n<li>07.00\u00a0 \u00a0\u2013\u00a0 \u00a012.00<\/li>\n<li>~ 2 horas<\/li>\n<li>R$ 18 por persona<\/li>\n<\/ul>\n<p><strong><a href=\"https:\/\/www.expressoguanabara.com.br\/\" target=\"_blank\" rel=\"noopener noreferrer\">Guanabara<\/a><\/strong><\/p>\n<ul>\n<li>08.00\u00a0 \u00a0&#8211;\u00a0 \u00a015.00\u00a0 \u00a0&#8211;\u00a0 22.30<\/li>\n<li>~ 2 horas<\/li>\n<li>R$ 16 por persona<\/li>\n<\/ul>\n<p>\n<\/div>\n<h4>Paulinho Neves &#8211; Cabur\u00e9<\/h4>\n<div class='box yellow' ><h3 class='title'><i class='icon-jeep'><\/i>4x4<\/h3><\/p>\n<ul>\n<li>~ 45 minutos<\/li>\n<li>~ R$ 250 por veh\u00edculo<\/li>\n<\/ul>\n<p><strong>Lobotours:<\/strong> WA +55 98 98421 0188<\/p>\n<p>\n<\/div>\n<h4>Cabur\u00e9 &#8211; Atins<\/h4>\n<div class='box gray' ><h3 class='title'><i class='icon-boat'><\/i>Lancha<\/h3><\/p>\n<ul>\n<li>~ 1\/2 hour<\/li>\n<li>R$ 50 por persona<\/li>\n<\/ul>\n<p><strong>Everton Turismo:<\/strong> WA +55 98 98709 8592<\/p>\n<p><strong>Chico Da Fia:<\/strong> WA +55 98 99233 0708<\/p>\n<p>\n<\/div>\n<h2><\/h2>\n<h2>Agencias in Jericoacoara<\/h2>\n<ul>\n<li><a title=\"Global Connection\" href=\"http:\/\/globalconnection.tur.br\" target=\"_blank\" rel=\"noopener noreferrer\">Global Connection<\/a>: Tickets de \u00f3mnibus a Fortaleza, Fortaleza aeroporto, Camocim, Parna\u00edba, S\u00e3o Lu\u00eds, etc., veh\u00edculos privados (4&#215;4) y viajes, semi p\u00fablico<\/li>\n<li><a title=\"Unitur Viagens\" href=\"http:\/\/uniturviagens.com.br\" target=\"_blank\" rel=\"noopener noreferrer\">Unitur<\/a>: Veh\u00edculos privados (4&#215;4) y viajes, semi p\u00fablico<\/li>\n<\/ul>\n","protected":false},"excerpt":{"rendered":"<p>S\u00e3o Lu\u00eds Aeropuerto \u2013 Centro de S\u00e3o Lu\u00eds S\u00e3o Lu\u00eds \u2013 Barreirinhas (280km) Barreirinhas \u2013 Atins (~ 30km) Jericoacoara &#8211; Barreirinhas (~ 400km) Directo Dias multiples Escalas Jericoacoara &#8211; Camocim Camocim &#8211; Parna\u00edba Barra Grande &#8211; Parna\u00edba Parna\u00edba &#8211; Tut\u00f3ia Tut\u00f3ia &#8211; Barreirinhas Paulinho Neves &#8211; Cabur\u00e9 Cabur\u00e9 &#8211; Atins Agencias in Jericoacoara Global Connection:\u2026<\/p>\n","protected":false},"author":2,"featured_media":0,"parent":1671,"menu_order":1,"comment_status":"closed","ping_status":"closed","template":"template-with-sidebar.php","meta":{"_mi_skip_tracking":false,"_monsterinsights_sitenote_active":false,"_monsterinsights_sitenote_note":"","_monsterinsights_sitenote_category":0,"footnotes":""},"yoast_head":"<!-- This site is optimized with the Yoast SEO plugin v21.0 - https:\/\/yoast.com\/wordpress\/plugins\/seo\/ -->\n<title>Hacia Atins &ndash; Atins<\/title>\n<meta name=\"robots\" content=\"index, follow, max-snippet:-1, max-image-preview:large, max-video-preview:-1\" \/>\n<link rel=\"canonical\" href=\"https:\/\/www.atins.me\/es\/viajes\/hacia-atins\/\" \/>\n<meta property=\"og:locale\" content=\"es_ES\" \/>\n<meta property=\"og:type\" content=\"article\" \/>\n<meta property=\"og:title\" content=\"Hacia Atins &ndash; Atins\" \/>\n<meta property=\"og:description\" content=\"S\u00e3o Lu\u00eds Aeropuerto \u2013 Centro de S\u00e3o Lu\u00eds S\u00e3o Lu\u00eds \u2013 Barreirinhas (280km) Barreirinhas \u2013 Atins (~ 30km) Jericoacoara &#8211; Barreirinhas (~ 400km) Directo Dias multiples Escalas Jericoacoara &#8211; Camocim Camocim &#8211; Parna\u00edba Barra Grande &#8211; Parna\u00edba Parna\u00edba &#8211; Tut\u00f3ia Tut\u00f3ia &#8211; Barreirinhas Paulinho Neves &#8211; Cabur\u00e9 Cabur\u00e9 &#8211; Atins Agencias in Jericoacoara Global Connection:\u2026\" \/>\n<meta property=\"og:url\" content=\"https:\/\/www.atins.me\/es\/viajes\/hacia-atins\/\" \/>\n<meta property=\"og:site_name\" content=\"Atins\" \/>\n<meta property=\"article:publisher\" content=\"http:\/\/www.facebook.com\/conventoarcadia\" \/>\n<meta property=\"article:modified_time\" content=\"2019-08-24T13:01:44+00:00\" \/>\n<meta name=\"twitter:card\" content=\"summary_large_image\" \/>\n<meta name=\"twitter:site\" content=\"@atinsme\" \/>\n<meta name=\"twitter:label1\" content=\"Est. reading time\" \/>\n\t<meta name=\"twitter:data1\" content=\"5 minutes\" \/>\n<script type=\"application\/ld+json\" class=\"yoast-schema-graph\">{\"@context\":\"https:\/\/schema.org\",\"@graph\":[{\"@type\":\"WebPage\",\"@id\":\"https:\/\/www.atins.me\/es\/viajes\/hacia-atins\/\",\"url\":\"https:\/\/www.atins.me\/es\/viajes\/hacia-atins\/\",\"name\":\"Hacia Atins &ndash; Atins\",\"isPartOf\":{\"@id\":\"https:\/\/www.atins.me\/es\/#website\"},\"datePublished\":\"2016-02-10T20:34:18+00:00\",\"dateModified\":\"2019-08-24T13:01:44+00:00\",\"breadcrumb\":{\"@id\":\"https:\/\/www.atins.me\/es\/viajes\/hacia-atins\/#breadcrumb\"},\"inLanguage\":\"es\",\"potentialAction\":[{\"@type\":\"ReadAction\",\"target\":[\"https:\/\/www.atins.me\/es\/viajes\/hacia-atins\/\"]}]},{\"@type\":\"BreadcrumbList\",\"@id\":\"https:\/\/www.atins.me\/es\/viajes\/hacia-atins\/#breadcrumb\",\"itemListElement\":[{\"@type\":\"ListItem\",\"position\":1,\"name\":\"Home\",\"item\":\"https:\/\/www.atins.me\/es\/\"},{\"@type\":\"ListItem\",\"position\":2,\"name\":\"Viajes\",\"item\":\"https:\/\/www.atins.me\/es\/viajes\/\"},{\"@type\":\"ListItem\",\"position\":3,\"name\":\"Hacia Atins\"}]},{\"@type\":\"WebSite\",\"@id\":\"https:\/\/www.atins.me\/es\/#website\",\"url\":\"https:\/\/www.atins.me\/es\/\",\"name\":\"Atins\",\"description\":\"Len\u00e7\u00f3is Maranhenses\",\"potentialAction\":[{\"@type\":\"SearchAction\",\"target\":{\"@type\":\"EntryPoint\",\"urlTemplate\":\"https:\/\/www.atins.me\/es\/?s={search_term_string}\"},\"query-input\":\"required name=search_term_string\"}],\"inLanguage\":\"es\"}]}<\/script>\n<!-- \/ Yoast SEO plugin. -->","yoast_head_json":{"title":"Hacia Atins &ndash; Atins","robots":{"index":"index","follow":"follow","max-snippet":"max-snippet:-1","max-image-preview":"max-image-preview:large","max-video-preview":"max-video-preview:-1"},"canonical":"https:\/\/www.atins.me\/es\/viajes\/hacia-atins\/","og_locale":"es_ES","og_type":"article","og_title":"Hacia Atins &ndash; Atins","og_description":"S\u00e3o Lu\u00eds Aeropuerto \u2013 Centro de S\u00e3o Lu\u00eds S\u00e3o Lu\u00eds \u2013 Barreirinhas (280km) Barreirinhas \u2013 Atins (~ 30km) Jericoacoara &#8211; Barreirinhas (~ 400km) Directo Dias multiples Escalas Jericoacoara &#8211; Camocim Camocim &#8211; Parna\u00edba Barra Grande &#8211; Parna\u00edba Parna\u00edba &#8211; Tut\u00f3ia Tut\u00f3ia &#8211; Barreirinhas Paulinho Neves &#8211; Cabur\u00e9 Cabur\u00e9 &#8211; Atins Agencias in Jericoacoara Global Connection:\u2026","og_url":"https:\/\/www.atins.me\/es\/viajes\/hacia-atins\/","og_site_name":"Atins","article_publisher":"http:\/\/www.facebook.com\/conventoarcadia","article_modified_time":"2019-08-24T13:01:44+00:00","twitter_card":"summary_large_image","twitter_site":"@atinsme","twitter_misc":{"Est. reading time":"5 minutes"},"schema":{"@context":"https:\/\/schema.org","@graph":[{"@type":"WebPage","@id":"https:\/\/www.atins.me\/es\/viajes\/hacia-atins\/","url":"https:\/\/www.atins.me\/es\/viajes\/hacia-atins\/","name":"Hacia Atins &ndash; Atins","isPartOf":{"@id":"https:\/\/www.atins.me\/es\/#website"},"datePublished":"2016-02-10T20:34:18+00:00","dateModified":"2019-08-24T13:01:44+00:00","breadcrumb":{"@id":"https:\/\/www.atins.me\/es\/viajes\/hacia-atins\/#breadcrumb"},"inLanguage":"es","potentialAction":[{"@type":"ReadAction","target":["https:\/\/www.atins.me\/es\/viajes\/hacia-atins\/"]}]},{"@type":"BreadcrumbList","@id":"https:\/\/www.atins.me\/es\/viajes\/hacia-atins\/#breadcrumb","itemListElement":[{"@type":"ListItem","position":1,"name":"Home","item":"https:\/\/www.atins.me\/es\/"},{"@type":"ListItem","position":2,"name":"Viajes","item":"https:\/\/www.atins.me\/es\/viajes\/"},{"@type":"ListItem","position":3,"name":"Hacia Atins"}]},{"@type":"WebSite","@id":"https:\/\/www.atins.me\/es\/#website","url":"https:\/\/www.atins.me\/es\/","name":"Atins","description":"Len\u00e7\u00f3is Maranhenses","potentialAction":[{"@type":"SearchAction","target":{"@type":"EntryPoint","urlTemplate":"https:\/\/www.atins.me\/es\/?s={search_term_string}"},"query-input":"required name=search_term_string"}],"inLanguage":"es"}]}},"jetpack_sharing_enabled":true,"_links":{"self":[{"href":"https:\/\/www.atins.me\/es\/wp-json\/wp\/v2\/pages\/5445"}],"collection":[{"href":"https:\/\/www.atins.me\/es\/wp-json\/wp\/v2\/pages"}],"about":[{"href":"https:\/\/www.atins.me\/es\/wp-json\/wp\/v2\/types\/page"}],"author":[{"embeddable":true,"href":"https:\/\/www.atins.me\/es\/wp-json\/wp\/v2\/users\/2"}],"replies":[{"embeddable":true,"href":"https:\/\/www.atins.me\/es\/wp-json\/wp\/v2\/comments?post=5445"}],"version-history":[{"count":0,"href":"https:\/\/www.atins.me\/es\/wp-json\/wp\/v2\/pages\/5445\/revisions"}],"up":[{"embeddable":true,"href":"https:\/\/www.atins.me\/es\/wp-json\/wp\/v2\/pages\/1671"}],"wp:attachment":[{"href":"https:\/\/www.atins.me\/es\/wp-json\/wp\/v2\/media?parent=5445"}],"curies":[{"name":"wp","href":"https:\/\/api.w.org\/{rel}","templated":true}]}}