{"id":2461,"date":"2011-09-21T09:00:30","date_gmt":"2011-09-21T12:00:30","guid":{"rendered":"https:\/\/www.atins.me\/?page_id=2461"},"modified":"2016-05-25T14:31:45","modified_gmt":"2016-05-25T17:31:45","slug":"barra-grande","status":"publish","type":"page","link":"https:\/\/www.atins.me\/es\/la-region\/barra-grande\/","title":{"rendered":"Barra Grande"},"content":{"rendered":"<p><a href=\"https:\/\/www.atins.me\/wp-content\/uploads\/2011\/09\/9383608831_9bacdb66d4_k_952x476.jpg\"><img decoding=\"async\" loading=\"lazy\" class=\"alignnone wp-image-8969 size-full\" src=\"https:\/\/www.atins.me\/wp-content\/uploads\/2011\/09\/9383608831_9bacdb66d4_k_952x476.jpg\" alt=\"Barra Grande at night\" width=\"952\" height=\"476\" srcset=\"https:\/\/www.atins.me\/wp-content\/uploads\/2011\/09\/9383608831_9bacdb66d4_k_952x476.jpg 952w, https:\/\/www.atins.me\/wp-content\/uploads\/2011\/09\/9383608831_9bacdb66d4_k_952x476-300x150.jpg 300w\" sizes=\"(max-width: 952px) 100vw, 952px\" \/><\/a><\/p>\n<p>Otro favorito en la comunidad mundial de Kiteboarding, Barra Grande es uno de los lugares m\u00e1s populares; aunque a\u00fan tranquilo, a lo largo de la Rota das Emo\u00e7\u00f5es (Ruta de las Emociones). Cuenta con condiciones para la pr\u00e1ctica de kitesurf, muy similares a Atins, en t\u00e9rminos de estacionalidad y caracter\u00edsticas del viento. Tiene varios zonas diferentes, la marea baja es ideal para navegar en frente de la playa principal; en marea alta los riders prefieren moverse a una laguna en busca de refugio.<\/p>\n<p>Barra Grande es una gran opci\u00f3n de parada durante el viaje desde Jericoacoara a Atins. El pueblo tiene <a href=\"http:\/\/www.barragrandepiaui.com\">un sitio web de turismo<\/a> muy informativo para mayor orientaci\u00f3n.<\/p>\n","protected":false},"excerpt":{"rendered":"<p>Otro favorito en la comunidad mundial de Kiteboarding, Barra Grande es uno de los lugares m\u00e1s populares; aunque a\u00fan tranquilo, a lo largo de la Rota das Emo\u00e7\u00f5es (Ruta de las Emociones). Cuenta con condiciones para la pr\u00e1ctica de kitesurf, muy similares a Atins, en t\u00e9rminos de estacionalidad y caracter\u00edsticas del viento. Tiene varios zonas\u2026<\/p>\n","protected":false},"author":2,"featured_media":8967,"parent":1611,"menu_order":10,"comment_status":"closed","ping_status":"closed","template":"","meta":{"_mi_skip_tracking":false,"_monsterinsights_sitenote_active":false,"_monsterinsights_sitenote_note":"","_monsterinsights_sitenote_category":0,"footnotes":""},"yoast_head":"<!-- This site is optimized with the Yoast SEO plugin v21.0 - https:\/\/yoast.com\/wordpress\/plugins\/seo\/ -->\n<title>Barra Grande hace una gran parada de Jericoacoara a Atins<\/title>\n<meta name=\"description\" content=\"Otro de los favoritos con la comunidad mundial de Kiteboarding, Barra Grande es uno de los lugares m\u00e1s populares y tranquila en la Rota das Emo\u00e7\u00f5es\" \/>\n<meta name=\"robots\" content=\"index, follow, max-snippet:-1, max-image-preview:large, max-video-preview:-1\" \/>\n<link rel=\"canonical\" href=\"https:\/\/www.atins.me\/es\/la-region\/barra-grande\/\" \/>\n<meta property=\"og:locale\" content=\"es_ES\" \/>\n<meta property=\"og:type\" content=\"article\" \/>\n<meta property=\"og:title\" content=\"Barra Grande hace una gran parada de Jericoacoara a Atins\" \/>\n<meta property=\"og:description\" content=\"Otro de los favoritos con la comunidad mundial de Kiteboarding, Barra Grande es uno de los lugares m\u00e1s populares y tranquila en la Rota das Emo\u00e7\u00f5es\" \/>\n<meta property=\"og:url\" content=\"https:\/\/www.atins.me\/es\/la-region\/barra-grande\/\" \/>\n<meta property=\"og:site_name\" content=\"Atins\" \/>\n<meta property=\"article:publisher\" content=\"http:\/\/www.facebook.com\/conventoarcadia\" \/>\n<meta property=\"article:modified_time\" content=\"2016-05-25T17:31:45+00:00\" \/>\n<meta property=\"og:image\" content=\"https:\/\/www.atins.me\/wp-content\/uploads\/2011\/09\/Kiters_Featured-Image_300x400.jpg\" \/>\n\t<meta property=\"og:image:width\" content=\"300\" \/>\n\t<meta property=\"og:image:height\" content=\"400\" \/>\n\t<meta property=\"og:image:type\" content=\"image\/jpeg\" \/>\n<meta name=\"twitter:card\" content=\"summary_large_image\" \/>\n<meta name=\"twitter:site\" content=\"@atinsme\" \/>\n<meta name=\"twitter:label1\" content=\"Est. reading time\" \/>\n\t<meta name=\"twitter:data1\" content=\"1 minute\" \/>\n<script type=\"application\/ld+json\" class=\"yoast-schema-graph\">{\"@context\":\"https:\/\/schema.org\",\"@graph\":[{\"@type\":\"WebPage\",\"@id\":\"https:\/\/www.atins.me\/es\/la-region\/barra-grande\/\",\"url\":\"https:\/\/www.atins.me\/es\/la-region\/barra-grande\/\",\"name\":\"Barra Grande hace una gran parada de Jericoacoara a Atins\",\"isPartOf\":{\"@id\":\"https:\/\/www.atins.me\/es\/#website\"},\"datePublished\":\"2011-09-21T12:00:30+00:00\",\"dateModified\":\"2016-05-25T17:31:45+00:00\",\"description\":\"Otro de los favoritos con la comunidad mundial de Kiteboarding, Barra Grande es uno de los lugares m\u00e1s populares y tranquila en la Rota das Emo\u00e7\u00f5es\",\"breadcrumb\":{\"@id\":\"https:\/\/www.atins.me\/es\/la-region\/barra-grande\/#breadcrumb\"},\"inLanguage\":\"es\",\"potentialAction\":[{\"@type\":\"ReadAction\",\"target\":[\"https:\/\/www.atins.me\/es\/la-region\/barra-grande\/\"]}]},{\"@type\":\"BreadcrumbList\",\"@id\":\"https:\/\/www.atins.me\/es\/la-region\/barra-grande\/#breadcrumb\",\"itemListElement\":[{\"@type\":\"ListItem\",\"position\":1,\"name\":\"Home\",\"item\":\"https:\/\/www.atins.me\/es\/\"},{\"@type\":\"ListItem\",\"position\":2,\"name\":\"La regi\u00f3n\",\"item\":\"https:\/\/www.atins.me\/es\/la-region\/\"},{\"@type\":\"ListItem\",\"position\":3,\"name\":\"Barra Grande\"}]},{\"@type\":\"WebSite\",\"@id\":\"https:\/\/www.atins.me\/es\/#website\",\"url\":\"https:\/\/www.atins.me\/es\/\",\"name\":\"Atins\",\"description\":\"Len\u00e7\u00f3is Maranhenses\",\"potentialAction\":[{\"@type\":\"SearchAction\",\"target\":{\"@type\":\"EntryPoint\",\"urlTemplate\":\"https:\/\/www.atins.me\/es\/?s={search_term_string}\"},\"query-input\":\"required name=search_term_string\"}],\"inLanguage\":\"es\"}]}<\/script>\n<!-- \/ Yoast SEO plugin. -->","yoast_head_json":{"title":"Barra Grande hace una gran parada de Jericoacoara a Atins","description":"Otro de los favoritos con la comunidad mundial de Kiteboarding, Barra Grande es uno de los lugares m\u00e1s populares y tranquila en la Rota das Emo\u00e7\u00f5es","robots":{"index":"index","follow":"follow","max-snippet":"max-snippet:-1","max-image-preview":"max-image-preview:large","max-video-preview":"max-video-preview:-1"},"canonical":"https:\/\/www.atins.me\/es\/la-region\/barra-grande\/","og_locale":"es_ES","og_type":"article","og_title":"Barra Grande hace una gran parada de Jericoacoara a Atins","og_description":"Otro de los favoritos con la comunidad mundial de Kiteboarding, Barra Grande es uno de los lugares m\u00e1s populares y tranquila en la Rota das Emo\u00e7\u00f5es","og_url":"https:\/\/www.atins.me\/es\/la-region\/barra-grande\/","og_site_name":"Atins","article_publisher":"http:\/\/www.facebook.com\/conventoarcadia","article_modified_time":"2016-05-25T17:31:45+00:00","og_image":[{"width":300,"height":400,"url":"https:\/\/www.atins.me\/wp-content\/uploads\/2011\/09\/Kiters_Featured-Image_300x400.jpg","type":"image\/jpeg"}],"twitter_card":"summary_large_image","twitter_site":"@atinsme","twitter_misc":{"Est. reading time":"1 minute"},"schema":{"@context":"https:\/\/schema.org","@graph":[{"@type":"WebPage","@id":"https:\/\/www.atins.me\/es\/la-region\/barra-grande\/","url":"https:\/\/www.atins.me\/es\/la-region\/barra-grande\/","name":"Barra Grande hace una gran parada de Jericoacoara a Atins","isPartOf":{"@id":"https:\/\/www.atins.me\/es\/#website"},"datePublished":"2011-09-21T12:00:30+00:00","dateModified":"2016-05-25T17:31:45+00:00","description":"Otro de los favoritos con la comunidad mundial de Kiteboarding, Barra Grande es uno de los lugares m\u00e1s populares y tranquila en la Rota das Emo\u00e7\u00f5es","breadcrumb":{"@id":"https:\/\/www.atins.me\/es\/la-region\/barra-grande\/#breadcrumb"},"inLanguage":"es","potentialAction":[{"@type":"ReadAction","target":["https:\/\/www.atins.me\/es\/la-region\/barra-grande\/"]}]},{"@type":"BreadcrumbList","@id":"https:\/\/www.atins.me\/es\/la-region\/barra-grande\/#breadcrumb","itemListElement":[{"@type":"ListItem","position":1,"name":"Home","item":"https:\/\/www.atins.me\/es\/"},{"@type":"ListItem","position":2,"name":"La regi\u00f3n","item":"https:\/\/www.atins.me\/es\/la-region\/"},{"@type":"ListItem","position":3,"name":"Barra Grande"}]},{"@type":"WebSite","@id":"https:\/\/www.atins.me\/es\/#website","url":"https:\/\/www.atins.me\/es\/","name":"Atins","description":"Len\u00e7\u00f3is Maranhenses","potentialAction":[{"@type":"SearchAction","target":{"@type":"EntryPoint","urlTemplate":"https:\/\/www.atins.me\/es\/?s={search_term_string}"},"query-input":"required name=search_term_string"}],"inLanguage":"es"}]}},"jetpack_sharing_enabled":true,"_links":{"self":[{"href":"https:\/\/www.atins.me\/es\/wp-json\/wp\/v2\/pages\/2461"}],"collection":[{"href":"https:\/\/www.atins.me\/es\/wp-json\/wp\/v2\/pages"}],"about":[{"href":"https:\/\/www.atins.me\/es\/wp-json\/wp\/v2\/types\/page"}],"author":[{"embeddable":true,"href":"https:\/\/www.atins.me\/es\/wp-json\/wp\/v2\/users\/2"}],"replies":[{"embeddable":true,"href":"https:\/\/www.atins.me\/es\/wp-json\/wp\/v2\/comments?post=2461"}],"version-history":[{"count":0,"href":"https:\/\/www.atins.me\/es\/wp-json\/wp\/v2\/pages\/2461\/revisions"}],"up":[{"embeddable":true,"href":"https:\/\/www.atins.me\/es\/wp-json\/wp\/v2\/pages\/1611"}],"wp:featuredmedia":[{"embeddable":true,"href":"https:\/\/www.atins.me\/es\/wp-json\/wp\/v2\/media\/8967"}],"wp:attachment":[{"href":"https:\/\/www.atins.me\/es\/wp-json\/wp\/v2\/media?parent=2461"}],"curies":[{"name":"wp","href":"https:\/\/api.w.org\/{rel}","templated":true}]}}