{"id":2036,"date":"2011-01-05T16:22:00","date_gmt":"2011-01-05T18:22:00","guid":{"rendered":"https:\/\/www.atins.me\/?page_id=2036"},"modified":"2016-07-11T13:50:13","modified_gmt":"2016-07-11T16:50:13","slug":"deportes-acuaticos","status":"publish","type":"page","link":"https:\/\/www.atins.me\/es\/deportes-acuaticos\/","title":{"rendered":"Deportes acu\u00e1ticos"},"content":{"rendered":"<p>Mientras que el kitesurf es el favorito de la gente en Atins, los vientos constantes (julio &#8211; diciembre, 15 &#8211; 30 nudos laterales on-shore) tambi\u00e9n crean grandes condiciones para el windsurf. La variedad de aguas (laguna con agua plana y calma, olas en mar abierto, aguas de r\u00edo) le agregan un car\u00e1cter especial. Sin embargo, debido a su ubicaci\u00f3n remota, el transporte de las tablas y m\u00e1stiles es una tarea algo tedioso. Por lo tanto, actualmente el deporte acu\u00e1tico m\u00e1s popular despu\u00e9s del kite son las carreras de botes de los pescadores locales.<\/p>\n<p><a href=\"https:\/\/www.atins.me\/wp-content\/uploads\/2011\/01\/Atins-RPB_002_Roberto-Bandeira_952x476.jpg\"><img decoding=\"async\" loading=\"lazy\" class=\"alignnone wp-image-10731 size-full\" src=\"https:\/\/www.atins.me\/wp-content\/uploads\/2011\/01\/Atins-RPB_002_Roberto-Bandeira_952x476.jpg\" alt=\"Watersports\" width=\"952\" height=\"476\" srcset=\"https:\/\/www.atins.me\/wp-content\/uploads\/2011\/01\/Atins-RPB_002_Roberto-Bandeira_952x476.jpg 952w, https:\/\/www.atins.me\/wp-content\/uploads\/2011\/01\/Atins-RPB_002_Roberto-Bandeira_952x476-300x150.jpg 300w\" sizes=\"(max-width: 952px) 100vw, 952px\" \/><\/a><\/p>\n<p>Hasta la fecha, los surfistas son una raza igualmente rara en Atins. Esto puede ser debido a la falta de transporte fiable o debido al hecho de que uno tiene que cruzar toda la laguna para acceder al mar abierto. En su lugar, el SUP se est\u00e1 convirtiendo cada vez m\u00e1s popular entre los locales y los visitantes. Instrucci\u00f3n, alquiler y excursiones se pueden organizar en Aloha Atins.<\/p>\n<p><a href=\"https:\/\/www.atins.me\/wp-content\/uploads\/2011\/01\/SUP_952x476.jpg\"><img decoding=\"async\" loading=\"lazy\" class=\"alignnone wp-image-10737 size-full\" src=\"https:\/\/www.atins.me\/wp-content\/uploads\/2011\/01\/SUP_952x476.jpg\" alt=\"SUP\" width=\"952\" height=\"476\" srcset=\"https:\/\/www.atins.me\/wp-content\/uploads\/2011\/01\/SUP_952x476.jpg 952w, https:\/\/www.atins.me\/wp-content\/uploads\/2011\/01\/SUP_952x476-300x150.jpg 300w\" sizes=\"(max-width: 952px) 100vw, 952px\" \/><\/a><\/p>\n","protected":false},"excerpt":{"rendered":"<p>Mientras que el kitesurf es el favorito de la gente en Atins, los vientos constantes (julio &#8211; diciembre, 15 &#8211; 30 nudos laterales on-shore) tambi\u00e9n crean grandes condiciones para el windsurf. La variedad de aguas (laguna con agua plana y calma, olas en mar abierto, aguas de r\u00edo) le agregan un car\u00e1cter especial. Sin embargo,\u2026<\/p>\n","protected":false},"author":2,"featured_media":10735,"parent":0,"menu_order":6,"comment_status":"open","ping_status":"closed","template":"","meta":{"_mi_skip_tracking":false,"_monsterinsights_sitenote_active":false,"_monsterinsights_sitenote_note":"","_monsterinsights_sitenote_category":0,"footnotes":""},"yoast_head":"<!-- This site is optimized with the Yoast SEO plugin v21.0 - https:\/\/yoast.com\/wordpress\/plugins\/seo\/ -->\n<title>Windsurf y Surfing a\u00fan no son populares en Atins<\/title>\n<meta name=\"description\" content=\"Mientras que Atins tendr\u00eda potencial para el Windsurf y Surfing hoy en d\u00eda es dominado por Kiteboarding, con SUP como una actividad de ocio adicional.\" \/>\n<meta name=\"robots\" content=\"index, follow, max-snippet:-1, max-image-preview:large, max-video-preview:-1\" \/>\n<link rel=\"canonical\" href=\"https:\/\/www.atins.me\/es\/deportes-acuaticos\/\" \/>\n<meta property=\"og:locale\" content=\"es_ES\" \/>\n<meta property=\"og:type\" content=\"article\" \/>\n<meta property=\"og:title\" content=\"Windsurf y Surfing a\u00fan no son populares en Atins\" \/>\n<meta property=\"og:description\" content=\"Mientras que Atins tendr\u00eda potencial para el Windsurf y Surfing hoy en d\u00eda es dominado por Kiteboarding, con SUP como una actividad de ocio adicional.\" \/>\n<meta property=\"og:url\" content=\"https:\/\/www.atins.me\/es\/deportes-acuaticos\/\" \/>\n<meta property=\"og:site_name\" content=\"Atins\" \/>\n<meta property=\"article:publisher\" content=\"http:\/\/www.facebook.com\/conventoarcadia\" \/>\n<meta property=\"article:modified_time\" content=\"2016-07-11T16:50:13+00:00\" \/>\n<meta property=\"og:image\" content=\"https:\/\/www.atins.me\/wp-content\/uploads\/2011\/01\/Atins-RPB_002_Roberto-Bandeira_952x476.jpg\" \/>\n\t<meta property=\"og:image:width\" content=\"952\" \/>\n\t<meta property=\"og:image:height\" content=\"476\" \/>\n\t<meta property=\"og:image:type\" content=\"image\/jpeg\" \/>\n<meta name=\"twitter:card\" content=\"summary_large_image\" \/>\n<meta name=\"twitter:site\" content=\"@atinsme\" \/>\n<meta name=\"twitter:label1\" content=\"Est. reading time\" \/>\n\t<meta name=\"twitter:data1\" content=\"1 minute\" \/>\n<script type=\"application\/ld+json\" class=\"yoast-schema-graph\">{\"@context\":\"https:\/\/schema.org\",\"@graph\":[{\"@type\":\"WebPage\",\"@id\":\"https:\/\/www.atins.me\/es\/deportes-acuaticos\/\",\"url\":\"https:\/\/www.atins.me\/es\/deportes-acuaticos\/\",\"name\":\"Windsurf y Surfing a\u00fan no son populares en Atins\",\"isPartOf\":{\"@id\":\"https:\/\/www.atins.me\/es\/#website\"},\"datePublished\":\"2011-01-05T18:22:00+00:00\",\"dateModified\":\"2016-07-11T16:50:13+00:00\",\"description\":\"Mientras que Atins tendr\u00eda potencial para el Windsurf y Surfing hoy en d\u00eda es dominado por Kiteboarding, con SUP como una actividad de ocio adicional.\",\"breadcrumb\":{\"@id\":\"https:\/\/www.atins.me\/es\/deportes-acuaticos\/#breadcrumb\"},\"inLanguage\":\"es\",\"potentialAction\":[{\"@type\":\"ReadAction\",\"target\":[\"https:\/\/www.atins.me\/es\/deportes-acuaticos\/\"]}]},{\"@type\":\"BreadcrumbList\",\"@id\":\"https:\/\/www.atins.me\/es\/deportes-acuaticos\/#breadcrumb\",\"itemListElement\":[{\"@type\":\"ListItem\",\"position\":1,\"name\":\"Home\",\"item\":\"https:\/\/www.atins.me\/es\/\"},{\"@type\":\"ListItem\",\"position\":2,\"name\":\"Deportes acu\u00e1ticos\"}]},{\"@type\":\"WebSite\",\"@id\":\"https:\/\/www.atins.me\/es\/#website\",\"url\":\"https:\/\/www.atins.me\/es\/\",\"name\":\"Atins\",\"description\":\"Len\u00e7\u00f3is Maranhenses\",\"potentialAction\":[{\"@type\":\"SearchAction\",\"target\":{\"@type\":\"EntryPoint\",\"urlTemplate\":\"https:\/\/www.atins.me\/es\/?s={search_term_string}\"},\"query-input\":\"required name=search_term_string\"}],\"inLanguage\":\"es\"}]}<\/script>\n<!-- \/ Yoast SEO plugin. -->","yoast_head_json":{"title":"Windsurf y Surfing a\u00fan no son populares en Atins","description":"Mientras que Atins tendr\u00eda potencial para el Windsurf y Surfing hoy en d\u00eda es dominado por Kiteboarding, con SUP como una actividad de ocio adicional.","robots":{"index":"index","follow":"follow","max-snippet":"max-snippet:-1","max-image-preview":"max-image-preview:large","max-video-preview":"max-video-preview:-1"},"canonical":"https:\/\/www.atins.me\/es\/deportes-acuaticos\/","og_locale":"es_ES","og_type":"article","og_title":"Windsurf y Surfing a\u00fan no son populares en Atins","og_description":"Mientras que Atins tendr\u00eda potencial para el Windsurf y Surfing hoy en d\u00eda es dominado por Kiteboarding, con SUP como una actividad de ocio adicional.","og_url":"https:\/\/www.atins.me\/es\/deportes-acuaticos\/","og_site_name":"Atins","article_publisher":"http:\/\/www.facebook.com\/conventoarcadia","article_modified_time":"2016-07-11T16:50:13+00:00","og_image":[{"width":952,"height":476,"url":"https:\/\/www.atins.me\/wp-content\/uploads\/2011\/01\/Atins-RPB_002_Roberto-Bandeira_952x476.jpg","type":"image\/jpeg"}],"twitter_card":"summary_large_image","twitter_site":"@atinsme","twitter_misc":{"Est. reading time":"1 minute"},"schema":{"@context":"https:\/\/schema.org","@graph":[{"@type":"WebPage","@id":"https:\/\/www.atins.me\/es\/deportes-acuaticos\/","url":"https:\/\/www.atins.me\/es\/deportes-acuaticos\/","name":"Windsurf y Surfing a\u00fan no son populares en Atins","isPartOf":{"@id":"https:\/\/www.atins.me\/es\/#website"},"datePublished":"2011-01-05T18:22:00+00:00","dateModified":"2016-07-11T16:50:13+00:00","description":"Mientras que Atins tendr\u00eda potencial para el Windsurf y Surfing hoy en d\u00eda es dominado por Kiteboarding, con SUP como una actividad de ocio adicional.","breadcrumb":{"@id":"https:\/\/www.atins.me\/es\/deportes-acuaticos\/#breadcrumb"},"inLanguage":"es","potentialAction":[{"@type":"ReadAction","target":["https:\/\/www.atins.me\/es\/deportes-acuaticos\/"]}]},{"@type":"BreadcrumbList","@id":"https:\/\/www.atins.me\/es\/deportes-acuaticos\/#breadcrumb","itemListElement":[{"@type":"ListItem","position":1,"name":"Home","item":"https:\/\/www.atins.me\/es\/"},{"@type":"ListItem","position":2,"name":"Deportes acu\u00e1ticos"}]},{"@type":"WebSite","@id":"https:\/\/www.atins.me\/es\/#website","url":"https:\/\/www.atins.me\/es\/","name":"Atins","description":"Len\u00e7\u00f3is Maranhenses","potentialAction":[{"@type":"SearchAction","target":{"@type":"EntryPoint","urlTemplate":"https:\/\/www.atins.me\/es\/?s={search_term_string}"},"query-input":"required name=search_term_string"}],"inLanguage":"es"}]}},"jetpack_sharing_enabled":true,"_links":{"self":[{"href":"https:\/\/www.atins.me\/es\/wp-json\/wp\/v2\/pages\/2036"}],"collection":[{"href":"https:\/\/www.atins.me\/es\/wp-json\/wp\/v2\/pages"}],"about":[{"href":"https:\/\/www.atins.me\/es\/wp-json\/wp\/v2\/types\/page"}],"author":[{"embeddable":true,"href":"https:\/\/www.atins.me\/es\/wp-json\/wp\/v2\/users\/2"}],"replies":[{"embeddable":true,"href":"https:\/\/www.atins.me\/es\/wp-json\/wp\/v2\/comments?post=2036"}],"version-history":[{"count":0,"href":"https:\/\/www.atins.me\/es\/wp-json\/wp\/v2\/pages\/2036\/revisions"}],"wp:featuredmedia":[{"embeddable":true,"href":"https:\/\/www.atins.me\/es\/wp-json\/wp\/v2\/media\/10735"}],"wp:attachment":[{"href":"https:\/\/www.atins.me\/es\/wp-json\/wp\/v2\/media?parent=2036"}],"curies":[{"name":"wp","href":"https:\/\/api.w.org\/{rel}","templated":true}]}}