{"id":2020,"date":"2011-01-05T16:23:53","date_gmt":"2011-01-05T18:23:53","guid":{"rendered":"https:\/\/www.atins.me\/?page_id=2020"},"modified":"2016-05-25T14:51:00","modified_gmt":"2016-05-25T17:51:00","slug":"vida-en-la-playa","status":"publish","type":"page","link":"https:\/\/www.atins.me\/es\/vida-en-la-playa\/","title":{"rendered":"Vida en la playa"},"content":{"rendered":"<p>La vida en la playa de Atins consta de una vasta zona des\u00e9rtica que se extiende por innumerables kil\u00f3metros a lo largo del Parque Nacional Len\u00e7\u00f3is Maranhenses. Sin embargo, este no es la t\u00edpica playa tropical de palmeras. La arena es blanca y fina, y el frente de playa se caracteriza por dunas de arena y bastante viento durante la temporada seca de julio a diciembre. En estos d\u00edas, existen una serie de caba\u00f1as de playa que proporcionan protecci\u00f3n contra el sol y el viento y ofrecen bebidas fr\u00edas y sabrosas comidas, sin embargo, recuerde llevar protector solar y mantenerse hidratado.<\/p>\n<p>De vuelta en el pueblo, relajarse con un buen libro en su hamaca es tambi\u00e9n una buena opci\u00f3n. La suave brisa constante hace la vida muy agradable cuando se entrega a la pereza!<\/p>\n<p><a href=\"https:\/\/www.atins.me\/wp-content\/uploads\/2011\/01\/IMG_7042_952x476.jpg\"><img decoding=\"async\" loading=\"lazy\" class=\"alignnone wp-image-10743 size-full\" src=\"https:\/\/www.atins.me\/wp-content\/uploads\/2011\/01\/IMG_7042_952x476.jpg\" alt=\"Beach life\" width=\"952\" height=\"476\" srcset=\"https:\/\/www.atins.me\/wp-content\/uploads\/2011\/01\/IMG_7042_952x476.jpg 952w, https:\/\/www.atins.me\/wp-content\/uploads\/2011\/01\/IMG_7042_952x476-300x150.jpg 300w\" sizes=\"(max-width: 952px) 100vw, 952px\" \/><\/a><\/p>\n","protected":false},"excerpt":{"rendered":"<p>La vida en la playa de Atins consta de una vasta zona des\u00e9rtica que se extiende por innumerables kil\u00f3metros a lo largo del Parque Nacional Len\u00e7\u00f3is Maranhenses. Sin embargo, este no es la t\u00edpica playa tropical de palmeras. La arena es blanca y fina, y el frente de playa se caracteriza por dunas de arena\u2026<\/p>\n","protected":false},"author":2,"featured_media":10747,"parent":0,"menu_order":4,"comment_status":"open","ping_status":"open","template":"","meta":{"_mi_skip_tracking":false,"_monsterinsights_sitenote_active":false,"_monsterinsights_sitenote_note":"","_monsterinsights_sitenote_category":0,"footnotes":""},"yoast_head":"<!-- This site is optimized with the Yoast SEO plugin v21.0 - https:\/\/yoast.com\/wordpress\/plugins\/seo\/ -->\n<title>La vida en la playa en Atins, playa de los Len\u00e7\u00f3is Maranhenses<\/title>\n<meta name=\"description\" content=\"La vida en la playa de Atins se extiende a trav\u00e9s de una vasta zona des\u00e9rtica que se estira a innumerables millas en el Parque Nacional Len\u00e7\u00f3is Maranhenses.\" \/>\n<meta name=\"robots\" content=\"index, follow, max-snippet:-1, max-image-preview:large, max-video-preview:-1\" \/>\n<link rel=\"canonical\" href=\"https:\/\/www.atins.me\/es\/vida-en-la-playa\/\" \/>\n<meta property=\"og:locale\" content=\"es_ES\" \/>\n<meta property=\"og:type\" content=\"article\" \/>\n<meta property=\"og:title\" content=\"La vida en la playa en Atins, playa de los Len\u00e7\u00f3is Maranhenses\" \/>\n<meta property=\"og:description\" content=\"La vida en la playa de Atins se extiende a trav\u00e9s de una vasta zona des\u00e9rtica que se estira a innumerables millas en el Parque Nacional Len\u00e7\u00f3is Maranhenses.\" \/>\n<meta property=\"og:url\" content=\"https:\/\/www.atins.me\/es\/vida-en-la-playa\/\" \/>\n<meta property=\"og:site_name\" content=\"Atins\" \/>\n<meta property=\"article:publisher\" content=\"http:\/\/www.facebook.com\/conventoarcadia\" \/>\n<meta property=\"article:modified_time\" content=\"2016-05-25T17:51:00+00:00\" \/>\n<meta property=\"og:image\" content=\"https:\/\/www.atins.me\/wp-content\/uploads\/2011\/01\/IMG_7042_952x476.jpg\" \/>\n\t<meta property=\"og:image:width\" content=\"952\" \/>\n\t<meta property=\"og:image:height\" content=\"476\" \/>\n\t<meta property=\"og:image:type\" content=\"image\/jpeg\" \/>\n<meta name=\"twitter:card\" content=\"summary_large_image\" \/>\n<meta name=\"twitter:site\" content=\"@atinsme\" \/>\n<meta name=\"twitter:label1\" content=\"Est. reading time\" \/>\n\t<meta name=\"twitter:data1\" content=\"1 minute\" \/>\n<script type=\"application\/ld+json\" class=\"yoast-schema-graph\">{\"@context\":\"https:\/\/schema.org\",\"@graph\":[{\"@type\":\"WebPage\",\"@id\":\"https:\/\/www.atins.me\/es\/vida-en-la-playa\/\",\"url\":\"https:\/\/www.atins.me\/es\/vida-en-la-playa\/\",\"name\":\"La vida en la playa en Atins, playa de los Len\u00e7\u00f3is Maranhenses\",\"isPartOf\":{\"@id\":\"https:\/\/www.atins.me\/es\/#website\"},\"datePublished\":\"2011-01-05T18:23:53+00:00\",\"dateModified\":\"2016-05-25T17:51:00+00:00\",\"description\":\"La vida en la playa de Atins se extiende a trav\u00e9s de una vasta zona des\u00e9rtica que se estira a innumerables millas en el Parque Nacional Len\u00e7\u00f3is Maranhenses.\",\"breadcrumb\":{\"@id\":\"https:\/\/www.atins.me\/es\/vida-en-la-playa\/#breadcrumb\"},\"inLanguage\":\"es\",\"potentialAction\":[{\"@type\":\"ReadAction\",\"target\":[\"https:\/\/www.atins.me\/es\/vida-en-la-playa\/\"]}]},{\"@type\":\"BreadcrumbList\",\"@id\":\"https:\/\/www.atins.me\/es\/vida-en-la-playa\/#breadcrumb\",\"itemListElement\":[{\"@type\":\"ListItem\",\"position\":1,\"name\":\"Home\",\"item\":\"https:\/\/www.atins.me\/es\/\"},{\"@type\":\"ListItem\",\"position\":2,\"name\":\"Vida en la playa\"}]},{\"@type\":\"WebSite\",\"@id\":\"https:\/\/www.atins.me\/es\/#website\",\"url\":\"https:\/\/www.atins.me\/es\/\",\"name\":\"Atins\",\"description\":\"Len\u00e7\u00f3is Maranhenses\",\"potentialAction\":[{\"@type\":\"SearchAction\",\"target\":{\"@type\":\"EntryPoint\",\"urlTemplate\":\"https:\/\/www.atins.me\/es\/?s={search_term_string}\"},\"query-input\":\"required name=search_term_string\"}],\"inLanguage\":\"es\"}]}<\/script>\n<!-- \/ Yoast SEO plugin. -->","yoast_head_json":{"title":"La vida en la playa en Atins, playa de los Len\u00e7\u00f3is Maranhenses","description":"La vida en la playa de Atins se extiende a trav\u00e9s de una vasta zona des\u00e9rtica que se estira a innumerables millas en el Parque Nacional Len\u00e7\u00f3is Maranhenses.","robots":{"index":"index","follow":"follow","max-snippet":"max-snippet:-1","max-image-preview":"max-image-preview:large","max-video-preview":"max-video-preview:-1"},"canonical":"https:\/\/www.atins.me\/es\/vida-en-la-playa\/","og_locale":"es_ES","og_type":"article","og_title":"La vida en la playa en Atins, playa de los Len\u00e7\u00f3is Maranhenses","og_description":"La vida en la playa de Atins se extiende a trav\u00e9s de una vasta zona des\u00e9rtica que se estira a innumerables millas en el Parque Nacional Len\u00e7\u00f3is Maranhenses.","og_url":"https:\/\/www.atins.me\/es\/vida-en-la-playa\/","og_site_name":"Atins","article_publisher":"http:\/\/www.facebook.com\/conventoarcadia","article_modified_time":"2016-05-25T17:51:00+00:00","og_image":[{"width":952,"height":476,"url":"https:\/\/www.atins.me\/wp-content\/uploads\/2011\/01\/IMG_7042_952x476.jpg","type":"image\/jpeg"}],"twitter_card":"summary_large_image","twitter_site":"@atinsme","twitter_misc":{"Est. reading time":"1 minute"},"schema":{"@context":"https:\/\/schema.org","@graph":[{"@type":"WebPage","@id":"https:\/\/www.atins.me\/es\/vida-en-la-playa\/","url":"https:\/\/www.atins.me\/es\/vida-en-la-playa\/","name":"La vida en la playa en Atins, playa de los Len\u00e7\u00f3is Maranhenses","isPartOf":{"@id":"https:\/\/www.atins.me\/es\/#website"},"datePublished":"2011-01-05T18:23:53+00:00","dateModified":"2016-05-25T17:51:00+00:00","description":"La vida en la playa de Atins se extiende a trav\u00e9s de una vasta zona des\u00e9rtica que se estira a innumerables millas en el Parque Nacional Len\u00e7\u00f3is Maranhenses.","breadcrumb":{"@id":"https:\/\/www.atins.me\/es\/vida-en-la-playa\/#breadcrumb"},"inLanguage":"es","potentialAction":[{"@type":"ReadAction","target":["https:\/\/www.atins.me\/es\/vida-en-la-playa\/"]}]},{"@type":"BreadcrumbList","@id":"https:\/\/www.atins.me\/es\/vida-en-la-playa\/#breadcrumb","itemListElement":[{"@type":"ListItem","position":1,"name":"Home","item":"https:\/\/www.atins.me\/es\/"},{"@type":"ListItem","position":2,"name":"Vida en la playa"}]},{"@type":"WebSite","@id":"https:\/\/www.atins.me\/es\/#website","url":"https:\/\/www.atins.me\/es\/","name":"Atins","description":"Len\u00e7\u00f3is Maranhenses","potentialAction":[{"@type":"SearchAction","target":{"@type":"EntryPoint","urlTemplate":"https:\/\/www.atins.me\/es\/?s={search_term_string}"},"query-input":"required name=search_term_string"}],"inLanguage":"es"}]}},"jetpack_sharing_enabled":true,"_links":{"self":[{"href":"https:\/\/www.atins.me\/es\/wp-json\/wp\/v2\/pages\/2020"}],"collection":[{"href":"https:\/\/www.atins.me\/es\/wp-json\/wp\/v2\/pages"}],"about":[{"href":"https:\/\/www.atins.me\/es\/wp-json\/wp\/v2\/types\/page"}],"author":[{"embeddable":true,"href":"https:\/\/www.atins.me\/es\/wp-json\/wp\/v2\/users\/2"}],"replies":[{"embeddable":true,"href":"https:\/\/www.atins.me\/es\/wp-json\/wp\/v2\/comments?post=2020"}],"version-history":[{"count":0,"href":"https:\/\/www.atins.me\/es\/wp-json\/wp\/v2\/pages\/2020\/revisions"}],"wp:featuredmedia":[{"embeddable":true,"href":"https:\/\/www.atins.me\/es\/wp-json\/wp\/v2\/media\/10747"}],"wp:attachment":[{"href":"https:\/\/www.atins.me\/es\/wp-json\/wp\/v2\/media?parent=2020"}],"curies":[{"name":"wp","href":"https:\/\/api.w.org\/{rel}","templated":true}]}}