{"id":1945,"date":"2011-01-05T16:22:44","date_gmt":"2011-01-05T18:22:44","guid":{"rendered":"https:\/\/www.atins.me\/?page_id=1945"},"modified":"2016-05-25T14:45:45","modified_gmt":"2016-05-25T17:45:45","slug":"excursiones-treks","status":"publish","type":"page","link":"https:\/\/www.atins.me\/es\/excursiones-treks\/","title":{"rendered":"Excursiones &#038; Treks"},"content":{"rendered":"<p>Entre las opciones m\u00e1s ecol\u00f3gicas para conocer Atins se destacan los tours caminando o a caballo. Existen tambi\u00e9n tours en veh\u00edculos 4&#215;4 especialmente autorizada para entrar en el parque.<\/p>\n<p>En el \u00faltimo par de a\u00f1os, algunas excursiones en quad desde Barreirinhas se han vuelto populares entre los turistas brasile\u00f1os que frecuentan los Len\u00e7\u00f3is y llegan hasta el Canto do Atins.<\/p>\n<p>Algunos viajeros con destino a Atins pueden tambi\u00e9n llegar en uno de los barcos de excursiones desde Barreirinhas, un modo bastante agradable de transporte que ofrece vistas de los poblados vecinos de Vassouras, Mandacar\u00fa y Cabur\u00e9 a lo largo de la ruta.<\/p>\n<hr \/>\n<p><a href=\"https:\/\/www.atins.me\/wp-content\/uploads\/2011\/01\/dreamstime_xxl_34686750_683x341.png\"><img decoding=\"async\" loading=\"lazy\" class=\"alignnone wp-image-10693 size-full\" src=\"https:\/\/www.atins.me\/wp-content\/uploads\/2011\/01\/dreamstime_xxl_34686750_683x341.png\" alt=\"Tours &amp; treks through the Len\u00e7\u00f3is Maranhenses\" width=\"683\" height=\"341\" srcset=\"https:\/\/www.atins.me\/wp-content\/uploads\/2011\/01\/dreamstime_xxl_34686750_683x341.png 683w, https:\/\/www.atins.me\/wp-content\/uploads\/2011\/01\/dreamstime_xxl_34686750_683x341-300x150.png 300w\" sizes=\"(max-width: 683px) 100vw, 683px\" \/><\/a><\/p>\n<h2 id=\"parque-nacional\">Parque Nacional Len\u00e7\u00f3is Maranhenses<\/h2>\n<p>La mejor manera de explorar los Len\u00e7\u00f3is Maranhenses es mediante visitas y excursiones guiadas. Los tours var\u00edan de uno a cuatro d\u00edas, dependiendo del entusiasmo del grupo. La mayor\u00eda de las caminatas incluyen al menos uno de los dos oasis Baixa Grande y Queimada dos Britos. Este \u00faltimo es el m\u00e1s grande, y m\u00e1s bello, y se encuentra a mitad de camino a trav\u00e9s del parque. Un pu\u00f1ado de familias han vivido aqu\u00ed por generaciones. Un impresionante oasis en el medio de la nada lleno de vida y de historia, que ofrece una parada de bienvenida y ofrece un lugar para descansar.<\/p>\n<p>El m\u00e1s exigente de los paseos atraviesa todo el parque en m\u00e1s de tres o cuatro d\u00edas a partir de Atins, pasando por Queimada dos Britos, y terminando en Santo Amaro. Unos 75 kil\u00f3metros total. Es un reto, sin embargo, a un ritmo razonable y con abundante agua y paradas de descanso, se puede lograr con relativa facilidad. Hay un mont\u00f3n de lagunas de agua de lluvia para tomar ba\u00f1os y refrescarse en el camino. Al final de la larga caminata, viajeros cansados llegan a la ciudad de Santo Amaro do Maranh\u00e3o donde puedan descansar y disfrutar de unas cervezas mientras degustan los famosos camarones de agua dulce. Desde Santo Amaro, se puede optar por volver a Atins o continuar a San Lu\u00eds en 4\u00d74 o autob\u00fas.<\/p>\n<p>Hay algunos gu\u00edas biling\u00fces disponibles y se puede conseguir porteros para llevar sus equipajes (viajen livianos!). Es recomendable llevar un sombrero y un mont\u00f3n de protector solar para protegerse del sol ecuatorial.<\/p>\n<p>Tambi\u00e9n se organizan caminatas de 1 d\u00eda, que son una combinaci\u00f3n de Toyota y caminatas cortas. los destinos m\u00e1s populares son Lagoa Verde, Laguna tropical, Ponta do Mangue, la Cachoeira do Bozinho (una cascada que derrama su agua dulce caliente en el mar &#8211; s\u00f3lo durante la temporada de lluvias) o R\u00edo Negro con un almuerzo en el Canto do Atins en el camino de vuelta.<\/p>\n<p>La mayor\u00eda de las caminatas suelen comenzar al amanecer para evitar el calor abrasador del desierto.<\/p>\n<hr \/>\n<h2 id=\"canto-do-atins\">Canto do Atins<\/h2>\n<p><a href=\"https:\/\/www.atins.me\/wp-content\/uploads\/2011\/01\/Canto-do-Atins_683x341.jpg\"><img decoding=\"async\" loading=\"lazy\" class=\"alignnone wp-image-10705 size-full\" src=\"https:\/\/www.atins.me\/wp-content\/uploads\/2011\/01\/Canto-do-Atins_683x341.jpg\" alt=\"Canto do Atins\" width=\"683\" height=\"341\" srcset=\"https:\/\/www.atins.me\/wp-content\/uploads\/2011\/01\/Canto-do-Atins_683x341.jpg 683w, https:\/\/www.atins.me\/wp-content\/uploads\/2011\/01\/Canto-do-Atins_683x341-300x150.jpg 300w\" sizes=\"(max-width: 683px) 100vw, 683px\" \/><\/a><\/p>\n<p>Mientras Atins est\u00e1 al borde del Parque Nacional Len\u00e7ois Maranhenses, existe un peque\u00f1o grupo de familias asentadas 3 km en el interior del parque, a lo largo del mar. Este asentamiento constituye Canto do Atins. El viaje desde Atins e Canto do Atins, es una excursi\u00f3n formidable a lo largo de los bordes de las dunas del parque, y se recomienda hacer ya sea a caballo o a pie. Aseg\u00farese de parar para el almuerzo y probar los deliciosos camarones , ya sea en los restaurantes de Luzia o de Antonio.<\/p>\n<hr \/>\n<h2 id=\"vassouras\">Vassouras<\/h2>\n<p><a href=\"https:\/\/www.atins.me\/wp-content\/uploads\/2011\/01\/02_Vassouras.jpg\"><img decoding=\"async\" loading=\"lazy\" class=\"alignright wp-image-10675 size-full\" src=\"https:\/\/www.atins.me\/wp-content\/uploads\/2011\/01\/02_Vassouras.jpg\" alt=\"Vassouras\" width=\"238\" height=\"238\" srcset=\"https:\/\/www.atins.me\/wp-content\/uploads\/2011\/01\/02_Vassouras.jpg 238w, https:\/\/www.atins.me\/wp-content\/uploads\/2011\/01\/02_Vassouras-200x200.jpg 200w\" sizes=\"(max-width: 238px) 100vw, 238px\" \/><\/a>La primera parada que el barco hace cuando baja por el Rio Pregui\u00e7as desde Barreirinhas hasta Atins, es normalmente Vassouras, una peque\u00f1a comunidad de familias que viven sobre el rio, al frente de los Peque\u00f1os Len\u00e7\u00f3is Maranhenses. Aqu\u00ed, las personas se encuentran por la primera vez con las enormes dunas o s\u00f3lo disfrutan de un agua de coco mientras alimentan a los monos salvajes que viven entre los manglares.<\/p>\n<h2 id=\"mandacaru\">Mandacar\u00fa<\/h2>\n<p>La siguiente parada del paseo en barco desde Barreirinhas es la peque\u00f1a villa de pescadores llamada Mandacar\u00fa, localizada un poco m\u00e1s abajo en la otra margen del rio Pregui\u00e7as. El farol de Mandacar\u00fa es el punto m\u00e1s alto de toda la regi\u00f3n e tiene una deslumbrante vista de 360\u00b0 de vasta \u00e1rea de manglares, del rio, de los Len\u00e7\u00f3is Maranhenses e de su hermano menor, los Peque\u00f1os Len\u00e7\u00f3is, atravesando el Rio Pregui\u00e7as, Cabur\u00e9, Atins e el mar. Mandacar\u00fa tambi\u00e9n tiene algunos buenos restaurantes, tiendas de artesan\u00edas regionales y un helipuerto (cerca del farol).<\/p>\n<p><a href=\"https:\/\/www.atins.me\/wp-content\/uploads\/2011\/01\/02_Farol-Mandacaru_683x341.jpg\"><img decoding=\"async\" loading=\"lazy\" class=\"alignnone wp-image-10687 size-full\" src=\"https:\/\/www.atins.me\/wp-content\/uploads\/2011\/01\/02_Farol-Mandacaru_683x341.jpg\" alt=\"Lighthouse of Mandacar\u00fa\" width=\"682\" height=\"341\" srcset=\"https:\/\/www.atins.me\/wp-content\/uploads\/2011\/01\/02_Farol-Mandacaru_683x341.jpg 682w, https:\/\/www.atins.me\/wp-content\/uploads\/2011\/01\/02_Farol-Mandacaru_683x341-300x150.jpg 300w\" sizes=\"(max-width: 682px) 100vw, 682px\" \/><\/a><\/p>\n<h2 id=\"cabure\">Cabur\u00e9<\/h2>\n<p>El destino final (para aquellos que no contin\u00faan hasta Atins) en el paseo de un d\u00eda en barco desde Barreirinhas es Cabur\u00e9. Situado en un banco de arena estrecho que divide el mar del R\u00edo Pregui\u00e7as, Cabur\u00e9 es un destino mayormente frecuentado por los turistas de un d\u00eda de Barreirinhas, algunos de los cuales pueden pasar una noche o dos. En realidad, es una peque\u00f1a aglomeraci\u00f3n de tres a cuatro restaurantes y casas de hu\u00e9spedes, bien colocados para almorzar y un ba\u00f1o en el mar abierto o en las tranquilas aguas del r\u00edo (se puede cruzar de un lado al otro en cuesti\u00f3n de minutos). Algunos vecinos dicen que en pocos a\u00f1os el mar se abrir\u00e1 paso hasta el r\u00edo para tragar Cabur\u00e9 en el proceso.<\/p>\n<p><a href=\"https:\/\/www.atins.me\/wp-content\/uploads\/2011\/01\/Cabure_683x341.jpg\"><img decoding=\"async\" loading=\"lazy\" class=\"alignnone wp-image-10827 size-full\" src=\"https:\/\/www.atins.me\/wp-content\/uploads\/2011\/01\/Cabure_683x341.jpg\" alt=\"Cabur\u00e9\" width=\"683\" height=\"341\" srcset=\"https:\/\/www.atins.me\/wp-content\/uploads\/2011\/01\/Cabure_683x341.jpg 683w, https:\/\/www.atins.me\/wp-content\/uploads\/2011\/01\/Cabure_683x341-300x150.jpg 300w\" sizes=\"(max-width: 683px) 100vw, 683px\" \/><\/a><\/p>\n","protected":false},"excerpt":{"rendered":"<p>Entre las opciones m\u00e1s ecol\u00f3gicas para conocer Atins se destacan los tours caminando o a caballo. Existen tambi\u00e9n tours en veh\u00edculos 4&#215;4 especialmente autorizada para entrar en el parque. En el \u00faltimo par de a\u00f1os, algunas excursiones en quad desde Barreirinhas se han vuelto populares entre los turistas brasile\u00f1os que frecuentan los Len\u00e7\u00f3is y llegan\u2026<\/p>\n","protected":false},"author":2,"featured_media":10649,"parent":0,"menu_order":3,"comment_status":"open","ping_status":"closed","template":"template-with-sidebar.php","meta":{"_mi_skip_tracking":false,"_monsterinsights_sitenote_active":false,"_monsterinsights_sitenote_note":"","_monsterinsights_sitenote_category":0,"footnotes":""},"yoast_head":"<!-- This site is optimized with the Yoast SEO plugin v21.0 - https:\/\/yoast.com\/wordpress\/plugins\/seo\/ -->\n<title>Excursiones en los alrededores de Atins y los Len\u00e7\u00f3is Maranhenses<\/title>\n<meta name=\"description\" content=\"Excursiones y treks de Atins normalmente requieren que sea caminando o en caballo para explorar los Len\u00e7\u00f3is Maranhenses y sus alrededores.\" \/>\n<meta name=\"robots\" content=\"index, follow, max-snippet:-1, max-image-preview:large, max-video-preview:-1\" \/>\n<link rel=\"canonical\" href=\"https:\/\/www.atins.me\/es\/excursiones-treks\/\" \/>\n<meta property=\"og:locale\" content=\"es_ES\" \/>\n<meta property=\"og:type\" content=\"article\" \/>\n<meta property=\"og:title\" content=\"Excursiones en los alrededores de Atins y los Len\u00e7\u00f3is Maranhenses\" \/>\n<meta property=\"og:description\" content=\"Excursiones y treks de Atins normalmente requieren que sea caminando o en caballo para explorar los Len\u00e7\u00f3is Maranhenses y sus alrededores.\" \/>\n<meta property=\"og:url\" content=\"https:\/\/www.atins.me\/es\/excursiones-treks\/\" \/>\n<meta property=\"og:site_name\" content=\"Atins\" \/>\n<meta property=\"article:publisher\" content=\"http:\/\/www.facebook.com\/conventoarcadia\" \/>\n<meta property=\"article:modified_time\" content=\"2016-05-25T17:45:45+00:00\" \/>\n<meta property=\"og:image\" content=\"https:\/\/www.atins.me\/wp-content\/uploads\/2011\/01\/dreamstime_xxl_34686750_952x238.jpg\" \/>\n\t<meta property=\"og:image:width\" content=\"952\" \/>\n\t<meta property=\"og:image:height\" content=\"238\" \/>\n\t<meta property=\"og:image:type\" content=\"image\/jpeg\" \/>\n<meta name=\"twitter:card\" content=\"summary_large_image\" \/>\n<meta name=\"twitter:site\" content=\"@atinsme\" \/>\n<meta name=\"twitter:label1\" content=\"Est. reading time\" \/>\n\t<meta name=\"twitter:data1\" content=\"4 minutes\" \/>\n<script type=\"application\/ld+json\" class=\"yoast-schema-graph\">{\"@context\":\"https:\/\/schema.org\",\"@graph\":[{\"@type\":\"WebPage\",\"@id\":\"https:\/\/www.atins.me\/es\/excursiones-treks\/\",\"url\":\"https:\/\/www.atins.me\/es\/excursiones-treks\/\",\"name\":\"Excursiones en los alrededores de Atins y los Len\u00e7\u00f3is Maranhenses\",\"isPartOf\":{\"@id\":\"https:\/\/www.atins.me\/es\/#website\"},\"datePublished\":\"2011-01-05T18:22:44+00:00\",\"dateModified\":\"2016-05-25T17:45:45+00:00\",\"description\":\"Excursiones y treks de Atins normalmente requieren que sea caminando o en caballo para explorar los Len\u00e7\u00f3is Maranhenses y sus alrededores.\",\"breadcrumb\":{\"@id\":\"https:\/\/www.atins.me\/es\/excursiones-treks\/#breadcrumb\"},\"inLanguage\":\"es\",\"potentialAction\":[{\"@type\":\"ReadAction\",\"target\":[\"https:\/\/www.atins.me\/es\/excursiones-treks\/\"]}]},{\"@type\":\"BreadcrumbList\",\"@id\":\"https:\/\/www.atins.me\/es\/excursiones-treks\/#breadcrumb\",\"itemListElement\":[{\"@type\":\"ListItem\",\"position\":1,\"name\":\"Home\",\"item\":\"https:\/\/www.atins.me\/es\/\"},{\"@type\":\"ListItem\",\"position\":2,\"name\":\"Excursiones &#038; Treks\"}]},{\"@type\":\"WebSite\",\"@id\":\"https:\/\/www.atins.me\/es\/#website\",\"url\":\"https:\/\/www.atins.me\/es\/\",\"name\":\"Atins\",\"description\":\"Len\u00e7\u00f3is Maranhenses\",\"potentialAction\":[{\"@type\":\"SearchAction\",\"target\":{\"@type\":\"EntryPoint\",\"urlTemplate\":\"https:\/\/www.atins.me\/es\/?s={search_term_string}\"},\"query-input\":\"required name=search_term_string\"}],\"inLanguage\":\"es\"}]}<\/script>\n<!-- \/ Yoast SEO plugin. -->","yoast_head_json":{"title":"Excursiones en los alrededores de Atins y los Len\u00e7\u00f3is Maranhenses","description":"Excursiones y treks de Atins normalmente requieren que sea caminando o en caballo para explorar los Len\u00e7\u00f3is Maranhenses y sus alrededores.","robots":{"index":"index","follow":"follow","max-snippet":"max-snippet:-1","max-image-preview":"max-image-preview:large","max-video-preview":"max-video-preview:-1"},"canonical":"https:\/\/www.atins.me\/es\/excursiones-treks\/","og_locale":"es_ES","og_type":"article","og_title":"Excursiones en los alrededores de Atins y los Len\u00e7\u00f3is Maranhenses","og_description":"Excursiones y treks de Atins normalmente requieren que sea caminando o en caballo para explorar los Len\u00e7\u00f3is Maranhenses y sus alrededores.","og_url":"https:\/\/www.atins.me\/es\/excursiones-treks\/","og_site_name":"Atins","article_publisher":"http:\/\/www.facebook.com\/conventoarcadia","article_modified_time":"2016-05-25T17:45:45+00:00","og_image":[{"width":952,"height":238,"url":"https:\/\/www.atins.me\/wp-content\/uploads\/2011\/01\/dreamstime_xxl_34686750_952x238.jpg","type":"image\/jpeg"}],"twitter_card":"summary_large_image","twitter_site":"@atinsme","twitter_misc":{"Est. reading time":"4 minutes"},"schema":{"@context":"https:\/\/schema.org","@graph":[{"@type":"WebPage","@id":"https:\/\/www.atins.me\/es\/excursiones-treks\/","url":"https:\/\/www.atins.me\/es\/excursiones-treks\/","name":"Excursiones en los alrededores de Atins y los Len\u00e7\u00f3is Maranhenses","isPartOf":{"@id":"https:\/\/www.atins.me\/es\/#website"},"datePublished":"2011-01-05T18:22:44+00:00","dateModified":"2016-05-25T17:45:45+00:00","description":"Excursiones y treks de Atins normalmente requieren que sea caminando o en caballo para explorar los Len\u00e7\u00f3is Maranhenses y sus alrededores.","breadcrumb":{"@id":"https:\/\/www.atins.me\/es\/excursiones-treks\/#breadcrumb"},"inLanguage":"es","potentialAction":[{"@type":"ReadAction","target":["https:\/\/www.atins.me\/es\/excursiones-treks\/"]}]},{"@type":"BreadcrumbList","@id":"https:\/\/www.atins.me\/es\/excursiones-treks\/#breadcrumb","itemListElement":[{"@type":"ListItem","position":1,"name":"Home","item":"https:\/\/www.atins.me\/es\/"},{"@type":"ListItem","position":2,"name":"Excursiones &#038; Treks"}]},{"@type":"WebSite","@id":"https:\/\/www.atins.me\/es\/#website","url":"https:\/\/www.atins.me\/es\/","name":"Atins","description":"Len\u00e7\u00f3is Maranhenses","potentialAction":[{"@type":"SearchAction","target":{"@type":"EntryPoint","urlTemplate":"https:\/\/www.atins.me\/es\/?s={search_term_string}"},"query-input":"required name=search_term_string"}],"inLanguage":"es"}]}},"jetpack_sharing_enabled":true,"_links":{"self":[{"href":"https:\/\/www.atins.me\/es\/wp-json\/wp\/v2\/pages\/1945"}],"collection":[{"href":"https:\/\/www.atins.me\/es\/wp-json\/wp\/v2\/pages"}],"about":[{"href":"https:\/\/www.atins.me\/es\/wp-json\/wp\/v2\/types\/page"}],"author":[{"embeddable":true,"href":"https:\/\/www.atins.me\/es\/wp-json\/wp\/v2\/users\/2"}],"replies":[{"embeddable":true,"href":"https:\/\/www.atins.me\/es\/wp-json\/wp\/v2\/comments?post=1945"}],"version-history":[{"count":0,"href":"https:\/\/www.atins.me\/es\/wp-json\/wp\/v2\/pages\/1945\/revisions"}],"wp:featuredmedia":[{"embeddable":true,"href":"https:\/\/www.atins.me\/es\/wp-json\/wp\/v2\/media\/10649"}],"wp:attachment":[{"href":"https:\/\/www.atins.me\/es\/wp-json\/wp\/v2\/media?parent=1945"}],"curies":[{"name":"wp","href":"https:\/\/api.w.org\/{rel}","templated":true}]}}