{"id":1769,"date":"2011-01-21T09:00:07","date_gmt":"2011-01-21T11:00:07","guid":{"rendered":"https:\/\/www.atins.me\/?page_id=1769"},"modified":"2019-06-24T19:52:31","modified_gmt":"2019-06-24T22:52:31","slug":"lee-esto","status":"publish","type":"page","link":"https:\/\/www.atins.me\/es\/lee-esto\/","title":{"rendered":"Lee esto"},"content":{"rendered":"<p>Un factor que contribuye al encanto de Atins es su locaci\u00f3n rural alejada de la prisa del mundo civilizado. Los visitantes deben estar concientes de eso, por la falta de ciertos elementos y comodidades que muchos pueden dar por sentado. Venga preparado.<\/p>\n<hr \/>\n<p><a href=\"https:\/\/www.atins.me\/wp-content\/uploads\/2011\/01\/10929939_10206667606558940_1413935248970245382_n-1.jpg\"><img decoding=\"async\" loading=\"lazy\" class=\"alignnone wp-image-10763 size-full\" src=\"https:\/\/www.atins.me\/wp-content\/uploads\/2011\/01\/10929939_10206667606558940_1413935248970245382_n-1.jpg\" alt=\"Atins beach\" width=\"682\" height=\"341\" srcset=\"https:\/\/www.atins.me\/wp-content\/uploads\/2011\/01\/10929939_10206667606558940_1413935248970245382_n-1.jpg 682w, https:\/\/www.atins.me\/wp-content\/uploads\/2011\/01\/10929939_10206667606558940_1413935248970245382_n-1-300x150.jpg 300w\" sizes=\"(max-width: 682px) 100vw, 682px\" \/><\/a><\/p>\n<h2 id=\"cuando-ir\">Cuando ir?<\/h2>\n<p>La regi\u00f3n posee solo dos estaciones, verano e invierno. Invierno es la estaci\u00f3n de lluvias, donde la temperatura se encuentra entre los 24\u00b0C y 32\u00b0C con d\u00edas de fuertes lluvias combinados con d\u00edas soleados.<\/p>\n<p>La temporada de lluvias normalmente comienza a mediados\/finales de enero, defini\u00e9ndose en marzo, con las lluvias mas fuertes en abril y mayo, terminando en junio. Durante ese per\u00edodo las lagunas y valles entre las dunas del Parque Nacional se llenan. Lo mismo acontece con las \u00e1reas bajas de Atins y algunos caminos que conducen al poblado y a los Len\u00e7\u00f3is. Para abril\/mayo las lagunas de los Len\u00e7\u00f3is Maranhenses est\u00e1n totalmente llenas.<\/p>\n<p>Para julio entra el verano y el viento de costa comienza a soplar en forma constante de 15 a 30 nudos. Los visitantes pueden esperar d\u00edas soleados y temperaturas alrededor de los 30\u00b0C-35\u00b0C.<\/p>\n<p>El mejor momento para visitar el parque es entre junio y finales de septiembre, talvez mediados de octubre, dado que al final de ese per\u00edodo, muchas de las lagunas ya se han evaporado.<\/p>\n<p>Para los kitesurfistas la temporada es entre julio y diciembre; en ciertos a\u00f1os se extiende hasta mediados de enero. Los vientos mas fuertes se presentan de octubre a mediados de diciembre.<\/p>\n<p>Durante la temporada alta, julio y agosto, como tambi\u00e9n entre navidad y a\u00f1o nuevo, es recomendable reservar con anticipaci\u00f3n.<\/p>\n<h2 id=\"comestibles\">Comestibles<\/h2>\n<p>Atins solo posee algunos comercios que tienen los comestibles mas esenciales. Si est\u00e1 pensando alquilar una casa de vacaciones y quedarse un buen tiempo, es recomendable llevar los comestibles y mercader\u00edas de Barreirinhas o incluso de Sao Luis. Aseg\u00farese de traer suficiente protector solar, repelente para insectos, bater\u00edas, etc.<\/p>\n<h2 id=\"dinero\">Dinero<\/h2>\n<p>Atins no posee cajeros autom\u00e1ticos, y solo unas pocas posadas y restaurantes han empezado a aceptar tarjetas de cr\u00e9dito y d\u00e9bito. La \u00faltima oportunidad de requerir dinero es en Barreirinhas. Banco do Brasil se encuentra en el centro, cerca del puerto y de la parada de taxis, y est\u00e1 abierto de 9:00 a 14:00. Es posible retirar dinero con tarjetas de cr\u00e9dito y d\u00e9bito de VISA y Master\/Maestro. Observe los s\u00edmbolos que se encuentran en el frente de cada cajero autom\u00e1tico.<\/p>\n<p>Existen tambi\u00e9n sucursales de los bancos Bradesco, Caixa y Banco do Nordeste.<\/p>\n<p>Tenga en cuenta los l\u00edmites de extracci\u00f3n de dinero. Tal vez es recomendable hacerse de dinero en S\u00e3o Lu\u00eds.<\/p>\n<h2 id=\"electricidad\">Electricidad<\/h2>\n<p>En Atins han conectado energ\u00eda trif\u00e1sica recientemente. Durante diez a\u00f1os solo cont\u00f3 con energ\u00eda monof\u00e1sica. Se espera que mas alojamientos en Atins comiencen a ofrecer aire acondicionado, TV o refrigeradores en los cuartos, aunque esta inclusi\u00f3n de elementos de la civilizaci\u00f3n moderna sea altamente cuestionable para el lugar.<\/p>\n<h2 id=\"equipajes\">Equipajes<\/h2>\n<p>Recuerde que Atins no cuenta con calles pavimentadas! Deje su valija en casa y cargue una mochila. La mayor\u00eda de las personas no necesitan mucho cuando se encuentran en Atins. Usted se va a encontrar usando shorts y una remera a igual que sandalias. Traiga un sombrero para protegerse del sol y anteojos para sol y tantos libros como usted necesite y desee.<\/p>\n<h2 id=\"internet\">Internet<\/h2>\n<p>No es f\u00e1cil llevar internet a Atins. B\u00e1sicamente hay dos opciones: Primero, usar internet de la red m\u00f3vil que se encuentra disponible (ver abajo). O segundo, algunas pousadas y restaurantes ofrecen Wifi por sat\u00e9lite o un proveedor local de Internet. Sin embargo, estos servicios son propensos a la congesti\u00f3n y las interrupciones, por lo que no espere una conectividad buena en Atins y olv\u00eddese de Netflix, YouTube e Instagram mientras est\u00e9 aqu\u00ed.<\/p>\n<h2 id=\"medicina\">Medicina<\/h2>\n<p>El puesto de salud de Atins ha experimentado una ampliaci\u00f3n y mejoras. Una enfermera se encuentra todos los d\u00edas de la semana y los s\u00e1bados. Si usted se enferma seriamente prep\u00e1rese para realizar una salida de emergencia a Barreirinhas para atenci\u00f3n m\u00e9dica y para encontrar una farmacia.<\/p>\n<h2 id=\"mosquitos\">Mosquitos<\/h2>\n<p><a href=\"https:\/\/www.atins.me\/wp-content\/uploads\/2011\/01\/11665523_10207198273905292_8229979608647080258_n-1.jpg\"><img decoding=\"async\" loading=\"lazy\" class=\"alignnone wp-image-10769 size-full\" src=\"https:\/\/www.atins.me\/wp-content\/uploads\/2011\/01\/11665523_10207198273905292_8229979608647080258_n-1.jpg\" alt=\"11665523_10207198273905292_8229979608647080258_n\" width=\"682\" height=\"341\" srcset=\"https:\/\/www.atins.me\/wp-content\/uploads\/2011\/01\/11665523_10207198273905292_8229979608647080258_n-1.jpg 682w, https:\/\/www.atins.me\/wp-content\/uploads\/2011\/01\/11665523_10207198273905292_8229979608647080258_n-1-300x150.jpg 300w\" sizes=\"(max-width: 682px) 100vw, 682px\" \/><\/a><\/p>\n<p>Hay mosquitos durante la temporada de lluvias, desde finales de enero hasta mayo\/junio, cuando las partes bajas del poblado se encuentran inundadas y el viento a\u00fan no ha llegado. Es recomendable traer repelente durante ese per\u00edodo. Las posadas poseen mosquiteros para protegerlo durante la noche. Igualmente los mosquitos son casi inexistentes fuera de la temporada de lluvias, por causa del viento.<\/p>\n<h2 id=\"telefono\">Tel\u00e9fono<\/h2>\n<p>En general la red de telefon\u00eda m\u00f3vil en el \u00e1rea del poblado es muy d\u00e9bil o inexistente. No obstante ello, muchas posadas han instalado antenas amplificadoras de GSM que proveen se\u00f1al de telefon\u00eda m\u00f3vil en los espacios comunes de sus instalaciones.<\/p>\n","protected":false},"excerpt":{"rendered":"<p>Un factor que contribuye al encanto de Atins es su locaci\u00f3n rural alejada de la prisa del mundo civilizado. Los visitantes deben estar concientes de eso, por la falta de ciertos elementos y comodidades que muchos pueden dar por sentado. Venga preparado. Cuando ir? La regi\u00f3n posee solo dos estaciones, verano e invierno. Invierno es\u2026<\/p>\n","protected":false},"author":2,"featured_media":10767,"parent":0,"menu_order":16,"comment_status":"open","ping_status":"closed","template":"template-with-sidebar.php","meta":{"_mi_skip_tracking":false,"_monsterinsights_sitenote_active":false,"_monsterinsights_sitenote_note":"","_monsterinsights_sitenote_category":0,"footnotes":""},"yoast_head":"<!-- This site is optimized with the Yoast SEO plugin v21.0 - https:\/\/yoast.com\/wordpress\/plugins\/seo\/ -->\n<title>Consejos y trucos para viajar a Atins<\/title>\n<meta name=\"description\" content=\"Un factor importante que contribuye al encanto y la atracci\u00f3n Atins &#039;es su ubicaci\u00f3n rural muy alejado del mundo apresurado de la civilizaci\u00f3n.\" \/>\n<meta name=\"robots\" content=\"index, follow, max-snippet:-1, max-image-preview:large, max-video-preview:-1\" \/>\n<link rel=\"canonical\" href=\"https:\/\/www.atins.me\/es\/lee-esto\/\" \/>\n<meta property=\"og:locale\" content=\"es_ES\" \/>\n<meta property=\"og:type\" content=\"article\" \/>\n<meta property=\"og:title\" content=\"Consejos y trucos para viajar a Atins\" \/>\n<meta property=\"og:description\" content=\"Un factor importante que contribuye al encanto y la atracci\u00f3n Atins &#039;es su ubicaci\u00f3n rural muy alejado del mundo apresurado de la civilizaci\u00f3n.\" \/>\n<meta property=\"og:url\" content=\"https:\/\/www.atins.me\/es\/lee-esto\/\" \/>\n<meta property=\"og:site_name\" content=\"Atins\" \/>\n<meta property=\"article:publisher\" content=\"http:\/\/www.facebook.com\/conventoarcadia\" \/>\n<meta property=\"article:modified_time\" content=\"2019-06-24T22:52:31+00:00\" \/>\n<meta property=\"og:image\" content=\"https:\/\/www.atins.me\/wp-content\/uploads\/2011\/01\/10929939_10206667606558940_1413935248970245382_n-1.jpg\" \/>\n\t<meta property=\"og:image:width\" content=\"682\" \/>\n\t<meta property=\"og:image:height\" content=\"341\" \/>\n\t<meta property=\"og:image:type\" content=\"image\/jpeg\" \/>\n<meta name=\"twitter:card\" content=\"summary_large_image\" \/>\n<meta name=\"twitter:site\" content=\"@atinsme\" \/>\n<meta name=\"twitter:label1\" content=\"Est. reading time\" \/>\n\t<meta name=\"twitter:data1\" content=\"4 minutes\" \/>\n<script type=\"application\/ld+json\" class=\"yoast-schema-graph\">{\"@context\":\"https:\/\/schema.org\",\"@graph\":[{\"@type\":\"WebPage\",\"@id\":\"https:\/\/www.atins.me\/es\/lee-esto\/\",\"url\":\"https:\/\/www.atins.me\/es\/lee-esto\/\",\"name\":\"Consejos y trucos para viajar a Atins\",\"isPartOf\":{\"@id\":\"https:\/\/www.atins.me\/es\/#website\"},\"datePublished\":\"2011-01-21T11:00:07+00:00\",\"dateModified\":\"2019-06-24T22:52:31+00:00\",\"description\":\"Un factor importante que contribuye al encanto y la atracci\u00f3n Atins 'es su ubicaci\u00f3n rural muy alejado del mundo apresurado de la civilizaci\u00f3n.\",\"breadcrumb\":{\"@id\":\"https:\/\/www.atins.me\/es\/lee-esto\/#breadcrumb\"},\"inLanguage\":\"es\",\"potentialAction\":[{\"@type\":\"ReadAction\",\"target\":[\"https:\/\/www.atins.me\/es\/lee-esto\/\"]}]},{\"@type\":\"BreadcrumbList\",\"@id\":\"https:\/\/www.atins.me\/es\/lee-esto\/#breadcrumb\",\"itemListElement\":[{\"@type\":\"ListItem\",\"position\":1,\"name\":\"Home\",\"item\":\"https:\/\/www.atins.me\/es\/\"},{\"@type\":\"ListItem\",\"position\":2,\"name\":\"Lee esto\"}]},{\"@type\":\"WebSite\",\"@id\":\"https:\/\/www.atins.me\/es\/#website\",\"url\":\"https:\/\/www.atins.me\/es\/\",\"name\":\"Atins\",\"description\":\"Len\u00e7\u00f3is Maranhenses\",\"potentialAction\":[{\"@type\":\"SearchAction\",\"target\":{\"@type\":\"EntryPoint\",\"urlTemplate\":\"https:\/\/www.atins.me\/es\/?s={search_term_string}\"},\"query-input\":\"required name=search_term_string\"}],\"inLanguage\":\"es\"}]}<\/script>\n<!-- \/ Yoast SEO plugin. -->","yoast_head_json":{"title":"Consejos y trucos para viajar a Atins","description":"Un factor importante que contribuye al encanto y la atracci\u00f3n Atins 'es su ubicaci\u00f3n rural muy alejado del mundo apresurado de la civilizaci\u00f3n.","robots":{"index":"index","follow":"follow","max-snippet":"max-snippet:-1","max-image-preview":"max-image-preview:large","max-video-preview":"max-video-preview:-1"},"canonical":"https:\/\/www.atins.me\/es\/lee-esto\/","og_locale":"es_ES","og_type":"article","og_title":"Consejos y trucos para viajar a Atins","og_description":"Un factor importante que contribuye al encanto y la atracci\u00f3n Atins 'es su ubicaci\u00f3n rural muy alejado del mundo apresurado de la civilizaci\u00f3n.","og_url":"https:\/\/www.atins.me\/es\/lee-esto\/","og_site_name":"Atins","article_publisher":"http:\/\/www.facebook.com\/conventoarcadia","article_modified_time":"2019-06-24T22:52:31+00:00","og_image":[{"width":682,"height":341,"url":"https:\/\/www.atins.me\/wp-content\/uploads\/2011\/01\/10929939_10206667606558940_1413935248970245382_n-1.jpg","type":"image\/jpeg"}],"twitter_card":"summary_large_image","twitter_site":"@atinsme","twitter_misc":{"Est. reading time":"4 minutes"},"schema":{"@context":"https:\/\/schema.org","@graph":[{"@type":"WebPage","@id":"https:\/\/www.atins.me\/es\/lee-esto\/","url":"https:\/\/www.atins.me\/es\/lee-esto\/","name":"Consejos y trucos para viajar a Atins","isPartOf":{"@id":"https:\/\/www.atins.me\/es\/#website"},"datePublished":"2011-01-21T11:00:07+00:00","dateModified":"2019-06-24T22:52:31+00:00","description":"Un factor importante que contribuye al encanto y la atracci\u00f3n Atins 'es su ubicaci\u00f3n rural muy alejado del mundo apresurado de la civilizaci\u00f3n.","breadcrumb":{"@id":"https:\/\/www.atins.me\/es\/lee-esto\/#breadcrumb"},"inLanguage":"es","potentialAction":[{"@type":"ReadAction","target":["https:\/\/www.atins.me\/es\/lee-esto\/"]}]},{"@type":"BreadcrumbList","@id":"https:\/\/www.atins.me\/es\/lee-esto\/#breadcrumb","itemListElement":[{"@type":"ListItem","position":1,"name":"Home","item":"https:\/\/www.atins.me\/es\/"},{"@type":"ListItem","position":2,"name":"Lee esto"}]},{"@type":"WebSite","@id":"https:\/\/www.atins.me\/es\/#website","url":"https:\/\/www.atins.me\/es\/","name":"Atins","description":"Len\u00e7\u00f3is Maranhenses","potentialAction":[{"@type":"SearchAction","target":{"@type":"EntryPoint","urlTemplate":"https:\/\/www.atins.me\/es\/?s={search_term_string}"},"query-input":"required name=search_term_string"}],"inLanguage":"es"}]}},"jetpack_sharing_enabled":true,"_links":{"self":[{"href":"https:\/\/www.atins.me\/es\/wp-json\/wp\/v2\/pages\/1769"}],"collection":[{"href":"https:\/\/www.atins.me\/es\/wp-json\/wp\/v2\/pages"}],"about":[{"href":"https:\/\/www.atins.me\/es\/wp-json\/wp\/v2\/types\/page"}],"author":[{"embeddable":true,"href":"https:\/\/www.atins.me\/es\/wp-json\/wp\/v2\/users\/2"}],"replies":[{"embeddable":true,"href":"https:\/\/www.atins.me\/es\/wp-json\/wp\/v2\/comments?post=1769"}],"version-history":[{"count":0,"href":"https:\/\/www.atins.me\/es\/wp-json\/wp\/v2\/pages\/1769\/revisions"}],"wp:featuredmedia":[{"embeddable":true,"href":"https:\/\/www.atins.me\/es\/wp-json\/wp\/v2\/media\/10767"}],"wp:attachment":[{"href":"https:\/\/www.atins.me\/es\/wp-json\/wp\/v2\/media?parent=1769"}],"curies":[{"name":"wp","href":"https:\/\/api.w.org\/{rel}","templated":true}]}}