{"id":1671,"date":"2011-01-05T15:42:47","date_gmt":"2011-01-05T17:42:47","guid":{"rendered":"https:\/\/www.atins.me\/?page_id=1671"},"modified":"2016-05-23T22:47:04","modified_gmt":"2016-05-24T01:47:04","slug":"viajes","status":"publish","type":"page","link":"https:\/\/www.atins.me\/es\/viajes\/","title":{"rendered":"Viajes"},"content":{"rendered":"<p>El aeropuerto dom\u00e9stico mas cercano de Atins y de los the Len\u00e7\u00f3is Maranhenses es S\u00e3o Lu\u00eds (SLZ). El aeropuerto internacional mas cercano est\u00e1 en Fortaleza (FRO), Bel\u00e9n (BEL) o Natal (NAT), desde donde podr\u00e1 volar hasta Sao Luis. Muchos vuelos dom\u00e9sticos e internacionales poseen conexi\u00f3n en la capital, Brasilia (BSB).<\/p>\n<p>A SLZ vuelan las siguientes aerol\u00edneas:<\/p>\n<ul>\n<li><a title=\"Azul\" href=\"http:\/\/voeazul.com.br\" target=\"_blank\">Azul<\/a><\/li>\n<li><a title=\"GOL\" href=\"http:\/\/www.voegol.com.br\/\" target=\"_blank\">GOL<\/a><\/li>\n<li><a title=\"TAM\" href=\"http:\/\/www.tam.com.br\/\" target=\"_blank\">TAM<\/a><\/li>\n<\/ul>\n<hr \/>\n<p><a href=\"https:\/\/www.atins.me\/wp-content\/uploads\/2011\/01\/Toyota_952x317-1.jpg\"><img decoding=\"async\" loading=\"lazy\" class=\"aligncenter wp-image-10813 size-full\" src=\"https:\/\/www.atins.me\/wp-content\/uploads\/2011\/01\/Toyota_952x317-1.jpg\" alt=\"Toyota_952x317\" width=\"952\" height=\"317\" srcset=\"https:\/\/www.atins.me\/wp-content\/uploads\/2011\/01\/Toyota_952x317-1.jpg 952w, https:\/\/www.atins.me\/wp-content\/uploads\/2011\/01\/Toyota_952x317-1-300x100.jpg 300w\" sizes=\"(max-width: 952px) 100vw, 952px\" \/><\/a><\/p>\n<p>El Parque Nacional de los Len\u00e7\u00f3is Maranhenses es muy extenso y no posee rutas de acceso. Por causa de su condici\u00f3n de parque natural protegido, solo veh\u00edculos especialemente habilitados tienen permitido el acceso. Solo se puede ingresar al parque con veh\u00edculo 4&#215;4.<\/p>\n<p>Cuando planee su viaje a Atins debe tener presente ciertas cuestiones. Los horarios del transporte no son del todo precisos y puede experimentar algunas demoras en Barreirinhas por lo que puede perder la conexi\u00f3n con los veh\u00edculos 4&#215;4 o con la lancha.<\/p>\n<p><a title=\"TAM\" href=\"https:\/\/www.atins.me\/wp-content\/uploads\/2011\/01\/Lancha_952x476.jpg\" target=\"_blank\"><img decoding=\"async\" loading=\"lazy\" class=\"aligncenter wp-image-10807 size-full\" src=\"https:\/\/www.atins.me\/wp-content\/uploads\/2011\/01\/Lancha_952x476.jpg\" alt=\"Lancha_952x476\" width=\"952\" height=\"476\" srcset=\"https:\/\/www.atins.me\/wp-content\/uploads\/2011\/01\/Lancha_952x476.jpg 952w, https:\/\/www.atins.me\/wp-content\/uploads\/2011\/01\/Lancha_952x476-300x150.jpg 300w\" sizes=\"(max-width: 952px) 100vw, 952px\" \/><\/a><\/p>\n","protected":false},"excerpt":{"rendered":"<p>El aeropuerto dom\u00e9stico mas cercano de Atins y de los the Len\u00e7\u00f3is Maranhenses es S\u00e3o Lu\u00eds (SLZ). El aeropuerto internacional mas cercano est\u00e1 en Fortaleza (FRO), Bel\u00e9n (BEL) o Natal (NAT), desde donde podr\u00e1 volar hasta Sao Luis. Muchos vuelos dom\u00e9sticos e internacionales poseen conexi\u00f3n en la capital, Brasilia (BSB). A SLZ vuelan las siguientes\u2026<\/p>\n","protected":false},"author":2,"featured_media":0,"parent":0,"menu_order":17,"comment_status":"open","ping_status":"open","template":"","meta":{"_mi_skip_tracking":false,"_monsterinsights_sitenote_active":false,"_monsterinsights_sitenote_note":"","_monsterinsights_sitenote_category":0,"footnotes":""},"yoast_head":"<!-- This site is optimized with the Yoast SEO plugin v21.0 - https:\/\/yoast.com\/wordpress\/plugins\/seo\/ -->\n<title>C\u00f3mo llegar a Atins, al lado de los Len\u00e7\u00f3is Maranhenses<\/title>\n<meta name=\"description\" content=\"El principal aeropuerto nacional m\u00e1s cercano a Atins y los Len\u00e7\u00f3is Maranhenses es S\u00e3o Lu\u00eds, seguido de Fortaleza y Bel\u00e9m, o Brasilia para conexi\u00f3n.\" \/>\n<meta name=\"robots\" content=\"index, follow, max-snippet:-1, max-image-preview:large, max-video-preview:-1\" \/>\n<link rel=\"canonical\" href=\"https:\/\/www.atins.me\/es\/viajes\/\" \/>\n<meta property=\"og:locale\" content=\"es_ES\" \/>\n<meta property=\"og:type\" content=\"article\" \/>\n<meta property=\"og:title\" content=\"C\u00f3mo llegar a Atins, al lado de los Len\u00e7\u00f3is Maranhenses\" \/>\n<meta property=\"og:description\" content=\"El principal aeropuerto nacional m\u00e1s cercano a Atins y los Len\u00e7\u00f3is Maranhenses es S\u00e3o Lu\u00eds, seguido de Fortaleza y Bel\u00e9m, o Brasilia para conexi\u00f3n.\" \/>\n<meta property=\"og:url\" content=\"https:\/\/www.atins.me\/es\/viajes\/\" \/>\n<meta property=\"og:site_name\" content=\"Atins\" \/>\n<meta property=\"article:publisher\" content=\"http:\/\/www.facebook.com\/conventoarcadia\" \/>\n<meta property=\"article:modified_time\" content=\"2016-05-24T01:47:04+00:00\" \/>\n<meta property=\"og:image\" content=\"https:\/\/www.atins.me\/wp-content\/uploads\/2011\/01\/Toyota_952x317-1.jpg\" \/>\n<meta name=\"twitter:card\" content=\"summary_large_image\" \/>\n<meta name=\"twitter:site\" content=\"@atinsme\" \/>\n<meta name=\"twitter:label1\" content=\"Est. reading time\" \/>\n\t<meta name=\"twitter:data1\" content=\"1 minute\" \/>\n<script type=\"application\/ld+json\" class=\"yoast-schema-graph\">{\"@context\":\"https:\/\/schema.org\",\"@graph\":[{\"@type\":\"WebPage\",\"@id\":\"https:\/\/www.atins.me\/es\/viajes\/\",\"url\":\"https:\/\/www.atins.me\/es\/viajes\/\",\"name\":\"C\u00f3mo llegar a Atins, al lado de los Len\u00e7\u00f3is Maranhenses\",\"isPartOf\":{\"@id\":\"https:\/\/www.atins.me\/es\/#website\"},\"datePublished\":\"2011-01-05T17:42:47+00:00\",\"dateModified\":\"2016-05-24T01:47:04+00:00\",\"description\":\"El principal aeropuerto nacional m\u00e1s cercano a Atins y los Len\u00e7\u00f3is Maranhenses es S\u00e3o Lu\u00eds, seguido de Fortaleza y Bel\u00e9m, o Brasilia para conexi\u00f3n.\",\"breadcrumb\":{\"@id\":\"https:\/\/www.atins.me\/es\/viajes\/#breadcrumb\"},\"inLanguage\":\"es\",\"potentialAction\":[{\"@type\":\"ReadAction\",\"target\":[\"https:\/\/www.atins.me\/es\/viajes\/\"]}]},{\"@type\":\"BreadcrumbList\",\"@id\":\"https:\/\/www.atins.me\/es\/viajes\/#breadcrumb\",\"itemListElement\":[{\"@type\":\"ListItem\",\"position\":1,\"name\":\"Home\",\"item\":\"https:\/\/www.atins.me\/es\/\"},{\"@type\":\"ListItem\",\"position\":2,\"name\":\"Viajes\"}]},{\"@type\":\"WebSite\",\"@id\":\"https:\/\/www.atins.me\/es\/#website\",\"url\":\"https:\/\/www.atins.me\/es\/\",\"name\":\"Atins\",\"description\":\"Len\u00e7\u00f3is Maranhenses\",\"potentialAction\":[{\"@type\":\"SearchAction\",\"target\":{\"@type\":\"EntryPoint\",\"urlTemplate\":\"https:\/\/www.atins.me\/es\/?s={search_term_string}\"},\"query-input\":\"required name=search_term_string\"}],\"inLanguage\":\"es\"}]}<\/script>\n<!-- \/ Yoast SEO plugin. -->","yoast_head_json":{"title":"C\u00f3mo llegar a Atins, al lado de los Len\u00e7\u00f3is Maranhenses","description":"El principal aeropuerto nacional m\u00e1s cercano a Atins y los Len\u00e7\u00f3is Maranhenses es S\u00e3o Lu\u00eds, seguido de Fortaleza y Bel\u00e9m, o Brasilia para conexi\u00f3n.","robots":{"index":"index","follow":"follow","max-snippet":"max-snippet:-1","max-image-preview":"max-image-preview:large","max-video-preview":"max-video-preview:-1"},"canonical":"https:\/\/www.atins.me\/es\/viajes\/","og_locale":"es_ES","og_type":"article","og_title":"C\u00f3mo llegar a Atins, al lado de los Len\u00e7\u00f3is Maranhenses","og_description":"El principal aeropuerto nacional m\u00e1s cercano a Atins y los Len\u00e7\u00f3is Maranhenses es S\u00e3o Lu\u00eds, seguido de Fortaleza y Bel\u00e9m, o Brasilia para conexi\u00f3n.","og_url":"https:\/\/www.atins.me\/es\/viajes\/","og_site_name":"Atins","article_publisher":"http:\/\/www.facebook.com\/conventoarcadia","article_modified_time":"2016-05-24T01:47:04+00:00","og_image":[{"url":"https:\/\/www.atins.me\/wp-content\/uploads\/2011\/01\/Toyota_952x317-1.jpg"}],"twitter_card":"summary_large_image","twitter_site":"@atinsme","twitter_misc":{"Est. reading time":"1 minute"},"schema":{"@context":"https:\/\/schema.org","@graph":[{"@type":"WebPage","@id":"https:\/\/www.atins.me\/es\/viajes\/","url":"https:\/\/www.atins.me\/es\/viajes\/","name":"C\u00f3mo llegar a Atins, al lado de los Len\u00e7\u00f3is Maranhenses","isPartOf":{"@id":"https:\/\/www.atins.me\/es\/#website"},"datePublished":"2011-01-05T17:42:47+00:00","dateModified":"2016-05-24T01:47:04+00:00","description":"El principal aeropuerto nacional m\u00e1s cercano a Atins y los Len\u00e7\u00f3is Maranhenses es S\u00e3o Lu\u00eds, seguido de Fortaleza y Bel\u00e9m, o Brasilia para conexi\u00f3n.","breadcrumb":{"@id":"https:\/\/www.atins.me\/es\/viajes\/#breadcrumb"},"inLanguage":"es","potentialAction":[{"@type":"ReadAction","target":["https:\/\/www.atins.me\/es\/viajes\/"]}]},{"@type":"BreadcrumbList","@id":"https:\/\/www.atins.me\/es\/viajes\/#breadcrumb","itemListElement":[{"@type":"ListItem","position":1,"name":"Home","item":"https:\/\/www.atins.me\/es\/"},{"@type":"ListItem","position":2,"name":"Viajes"}]},{"@type":"WebSite","@id":"https:\/\/www.atins.me\/es\/#website","url":"https:\/\/www.atins.me\/es\/","name":"Atins","description":"Len\u00e7\u00f3is Maranhenses","potentialAction":[{"@type":"SearchAction","target":{"@type":"EntryPoint","urlTemplate":"https:\/\/www.atins.me\/es\/?s={search_term_string}"},"query-input":"required name=search_term_string"}],"inLanguage":"es"}]}},"jetpack_sharing_enabled":true,"_links":{"self":[{"href":"https:\/\/www.atins.me\/es\/wp-json\/wp\/v2\/pages\/1671"}],"collection":[{"href":"https:\/\/www.atins.me\/es\/wp-json\/wp\/v2\/pages"}],"about":[{"href":"https:\/\/www.atins.me\/es\/wp-json\/wp\/v2\/types\/page"}],"author":[{"embeddable":true,"href":"https:\/\/www.atins.me\/es\/wp-json\/wp\/v2\/users\/2"}],"replies":[{"embeddable":true,"href":"https:\/\/www.atins.me\/es\/wp-json\/wp\/v2\/comments?post=1671"}],"version-history":[{"count":0,"href":"https:\/\/www.atins.me\/es\/wp-json\/wp\/v2\/pages\/1671\/revisions"}],"wp:attachment":[{"href":"https:\/\/www.atins.me\/es\/wp-json\/wp\/v2\/media?parent=1671"}],"curies":[{"name":"wp","href":"https:\/\/api.w.org\/{rel}","templated":true}]}}