{"id":1639,"date":"2011-09-21T11:00:20","date_gmt":"2011-09-21T14:00:20","guid":{"rendered":"https:\/\/www.atins.me\/?page_id=1639"},"modified":"2016-05-25T14:28:05","modified_gmt":"2016-05-25T17:28:05","slug":"alcantara","status":"publish","type":"page","link":"https:\/\/www.atins.me\/es\/la-region\/alcantara\/","title":{"rendered":"Alc\u00e2ntara"},"content":{"rendered":"<p><a href=\"https:\/\/www.atins.me\/wp-content\/uploads\/2011\/09\/Alcantara-02_952x476.jpg\"><img decoding=\"async\" loading=\"lazy\" class=\"alignnone wp-image-9025 size-full\" src=\"https:\/\/www.atins.me\/wp-content\/uploads\/2011\/09\/Alcantara-02_952x476.jpg\" alt=\"Alc\u00e2ntara\" width=\"952\" height=\"476\" srcset=\"https:\/\/www.atins.me\/wp-content\/uploads\/2011\/09\/Alcantara-02_952x476.jpg 952w, https:\/\/www.atins.me\/wp-content\/uploads\/2011\/09\/Alcantara-02_952x476-300x150.jpg 300w\" sizes=\"(max-width: 952px) 100vw, 952px\" \/><\/a><\/p>\n<p>El viaje a trav\u00e9s de la bah\u00eda de S\u00e3o Lu\u00eds (Ba\u00eda de S\u00e3o Marcos) le lleva a Alc\u00e2ntara, una impresionante ciudad hist\u00f3rica, en majestuosa decadencia. Si desea total tranquilidad, ruinas extra\u00f1as del siglo 17, fant\u00e1sticas oportunidades de observaci\u00f3n de aves y playas desiertas; entonces considere pasar al menos dos d\u00edas en esta isla que est\u00e1 a s\u00f3lo 30 km de S\u00e3o Lu\u00eds.<\/p>\n","protected":false},"excerpt":{"rendered":"<p>El viaje a trav\u00e9s de la bah\u00eda de S\u00e3o Lu\u00eds (Ba\u00eda de S\u00e3o Marcos) le lleva a Alc\u00e2ntara, una impresionante ciudad hist\u00f3rica, en majestuosa decadencia. Si desea total tranquilidad, ruinas extra\u00f1as del siglo 17, fant\u00e1sticas oportunidades de observaci\u00f3n de aves y playas desiertas; entonces considere pasar al menos dos d\u00edas en esta isla que est\u00e1\u2026<\/p>\n","protected":false},"author":2,"featured_media":9036,"parent":1611,"menu_order":9,"comment_status":"open","ping_status":"closed","template":"","meta":{"_mi_skip_tracking":false,"_monsterinsights_sitenote_active":false,"_monsterinsights_sitenote_note":"","_monsterinsights_sitenote_category":0,"footnotes":""},"yoast_head":"<!-- This site is optimized with the Yoast SEO plugin v21.0 - https:\/\/yoast.com\/wordpress\/plugins\/seo\/ -->\n<title>Alc\u00e1ntara ofrece una mezcla \u00fanica de naturaleza e hist\u00f3ra<\/title>\n<meta name=\"description\" content=\"El viaje a trav\u00e9s de la bah\u00eda de S\u00e3o Lu\u00eds (Ba\u00eda de S\u00e3o Marcos) le lleva a Alc\u00e2ntara, una impresionante ciudad hist\u00f3rica deslizarse en decadencia.\" \/>\n<meta name=\"robots\" content=\"index, follow, max-snippet:-1, max-image-preview:large, max-video-preview:-1\" \/>\n<link rel=\"canonical\" href=\"https:\/\/www.atins.me\/es\/la-region\/alcantara\/\" \/>\n<meta property=\"og:locale\" content=\"es_ES\" \/>\n<meta property=\"og:type\" content=\"article\" \/>\n<meta property=\"og:title\" content=\"Alc\u00e1ntara ofrece una mezcla \u00fanica de naturaleza e hist\u00f3ra\" \/>\n<meta property=\"og:description\" content=\"El viaje a trav\u00e9s de la bah\u00eda de S\u00e3o Lu\u00eds (Ba\u00eda de S\u00e3o Marcos) le lleva a Alc\u00e2ntara, una impresionante ciudad hist\u00f3rica deslizarse en decadencia.\" \/>\n<meta property=\"og:url\" content=\"https:\/\/www.atins.me\/es\/la-region\/alcantara\/\" \/>\n<meta property=\"og:site_name\" content=\"Atins\" \/>\n<meta property=\"article:publisher\" content=\"http:\/\/www.facebook.com\/conventoarcadia\" \/>\n<meta property=\"article:modified_time\" content=\"2016-05-25T17:28:05+00:00\" \/>\n<meta property=\"og:image\" content=\"https:\/\/www.atins.me\/wp-content\/uploads\/2011\/09\/Alcantara-2_300x400.jpg\" \/>\n\t<meta property=\"og:image:width\" content=\"300\" \/>\n\t<meta property=\"og:image:height\" content=\"400\" \/>\n\t<meta property=\"og:image:type\" content=\"image\/jpeg\" \/>\n<meta name=\"twitter:card\" content=\"summary_large_image\" \/>\n<meta name=\"twitter:site\" content=\"@atinsme\" \/>\n<script type=\"application\/ld+json\" class=\"yoast-schema-graph\">{\"@context\":\"https:\/\/schema.org\",\"@graph\":[{\"@type\":\"WebPage\",\"@id\":\"https:\/\/www.atins.me\/es\/la-region\/alcantara\/\",\"url\":\"https:\/\/www.atins.me\/es\/la-region\/alcantara\/\",\"name\":\"Alc\u00e1ntara ofrece una mezcla \u00fanica de naturaleza e hist\u00f3ra\",\"isPartOf\":{\"@id\":\"https:\/\/www.atins.me\/es\/#website\"},\"datePublished\":\"2011-09-21T14:00:20+00:00\",\"dateModified\":\"2016-05-25T17:28:05+00:00\",\"description\":\"El viaje a trav\u00e9s de la bah\u00eda de S\u00e3o Lu\u00eds (Ba\u00eda de S\u00e3o Marcos) le lleva a Alc\u00e2ntara, una impresionante ciudad hist\u00f3rica deslizarse en decadencia.\",\"breadcrumb\":{\"@id\":\"https:\/\/www.atins.me\/es\/la-region\/alcantara\/#breadcrumb\"},\"inLanguage\":\"es\",\"potentialAction\":[{\"@type\":\"ReadAction\",\"target\":[\"https:\/\/www.atins.me\/es\/la-region\/alcantara\/\"]}]},{\"@type\":\"BreadcrumbList\",\"@id\":\"https:\/\/www.atins.me\/es\/la-region\/alcantara\/#breadcrumb\",\"itemListElement\":[{\"@type\":\"ListItem\",\"position\":1,\"name\":\"Home\",\"item\":\"https:\/\/www.atins.me\/es\/\"},{\"@type\":\"ListItem\",\"position\":2,\"name\":\"La regi\u00f3n\",\"item\":\"https:\/\/www.atins.me\/es\/la-region\/\"},{\"@type\":\"ListItem\",\"position\":3,\"name\":\"Alc\u00e2ntara\"}]},{\"@type\":\"WebSite\",\"@id\":\"https:\/\/www.atins.me\/es\/#website\",\"url\":\"https:\/\/www.atins.me\/es\/\",\"name\":\"Atins\",\"description\":\"Len\u00e7\u00f3is Maranhenses\",\"potentialAction\":[{\"@type\":\"SearchAction\",\"target\":{\"@type\":\"EntryPoint\",\"urlTemplate\":\"https:\/\/www.atins.me\/es\/?s={search_term_string}\"},\"query-input\":\"required name=search_term_string\"}],\"inLanguage\":\"es\"}]}<\/script>\n<!-- \/ Yoast SEO plugin. -->","yoast_head_json":{"title":"Alc\u00e1ntara ofrece una mezcla \u00fanica de naturaleza e hist\u00f3ra","description":"El viaje a trav\u00e9s de la bah\u00eda de S\u00e3o Lu\u00eds (Ba\u00eda de S\u00e3o Marcos) le lleva a Alc\u00e2ntara, una impresionante ciudad hist\u00f3rica deslizarse en decadencia.","robots":{"index":"index","follow":"follow","max-snippet":"max-snippet:-1","max-image-preview":"max-image-preview:large","max-video-preview":"max-video-preview:-1"},"canonical":"https:\/\/www.atins.me\/es\/la-region\/alcantara\/","og_locale":"es_ES","og_type":"article","og_title":"Alc\u00e1ntara ofrece una mezcla \u00fanica de naturaleza e hist\u00f3ra","og_description":"El viaje a trav\u00e9s de la bah\u00eda de S\u00e3o Lu\u00eds (Ba\u00eda de S\u00e3o Marcos) le lleva a Alc\u00e2ntara, una impresionante ciudad hist\u00f3rica deslizarse en decadencia.","og_url":"https:\/\/www.atins.me\/es\/la-region\/alcantara\/","og_site_name":"Atins","article_publisher":"http:\/\/www.facebook.com\/conventoarcadia","article_modified_time":"2016-05-25T17:28:05+00:00","og_image":[{"width":300,"height":400,"url":"https:\/\/www.atins.me\/wp-content\/uploads\/2011\/09\/Alcantara-2_300x400.jpg","type":"image\/jpeg"}],"twitter_card":"summary_large_image","twitter_site":"@atinsme","schema":{"@context":"https:\/\/schema.org","@graph":[{"@type":"WebPage","@id":"https:\/\/www.atins.me\/es\/la-region\/alcantara\/","url":"https:\/\/www.atins.me\/es\/la-region\/alcantara\/","name":"Alc\u00e1ntara ofrece una mezcla \u00fanica de naturaleza e hist\u00f3ra","isPartOf":{"@id":"https:\/\/www.atins.me\/es\/#website"},"datePublished":"2011-09-21T14:00:20+00:00","dateModified":"2016-05-25T17:28:05+00:00","description":"El viaje a trav\u00e9s de la bah\u00eda de S\u00e3o Lu\u00eds (Ba\u00eda de S\u00e3o Marcos) le lleva a Alc\u00e2ntara, una impresionante ciudad hist\u00f3rica deslizarse en decadencia.","breadcrumb":{"@id":"https:\/\/www.atins.me\/es\/la-region\/alcantara\/#breadcrumb"},"inLanguage":"es","potentialAction":[{"@type":"ReadAction","target":["https:\/\/www.atins.me\/es\/la-region\/alcantara\/"]}]},{"@type":"BreadcrumbList","@id":"https:\/\/www.atins.me\/es\/la-region\/alcantara\/#breadcrumb","itemListElement":[{"@type":"ListItem","position":1,"name":"Home","item":"https:\/\/www.atins.me\/es\/"},{"@type":"ListItem","position":2,"name":"La regi\u00f3n","item":"https:\/\/www.atins.me\/es\/la-region\/"},{"@type":"ListItem","position":3,"name":"Alc\u00e2ntara"}]},{"@type":"WebSite","@id":"https:\/\/www.atins.me\/es\/#website","url":"https:\/\/www.atins.me\/es\/","name":"Atins","description":"Len\u00e7\u00f3is Maranhenses","potentialAction":[{"@type":"SearchAction","target":{"@type":"EntryPoint","urlTemplate":"https:\/\/www.atins.me\/es\/?s={search_term_string}"},"query-input":"required name=search_term_string"}],"inLanguage":"es"}]}},"jetpack_sharing_enabled":true,"_links":{"self":[{"href":"https:\/\/www.atins.me\/es\/wp-json\/wp\/v2\/pages\/1639"}],"collection":[{"href":"https:\/\/www.atins.me\/es\/wp-json\/wp\/v2\/pages"}],"about":[{"href":"https:\/\/www.atins.me\/es\/wp-json\/wp\/v2\/types\/page"}],"author":[{"embeddable":true,"href":"https:\/\/www.atins.me\/es\/wp-json\/wp\/v2\/users\/2"}],"replies":[{"embeddable":true,"href":"https:\/\/www.atins.me\/es\/wp-json\/wp\/v2\/comments?post=1639"}],"version-history":[{"count":0,"href":"https:\/\/www.atins.me\/es\/wp-json\/wp\/v2\/pages\/1639\/revisions"}],"up":[{"embeddable":true,"href":"https:\/\/www.atins.me\/es\/wp-json\/wp\/v2\/pages\/1611"}],"wp:featuredmedia":[{"embeddable":true,"href":"https:\/\/www.atins.me\/es\/wp-json\/wp\/v2\/media\/9036"}],"wp:attachment":[{"href":"https:\/\/www.atins.me\/es\/wp-json\/wp\/v2\/media?parent=1639"}],"curies":[{"name":"wp","href":"https:\/\/api.w.org\/{rel}","templated":true}]}}