{"id":1629,"date":"2011-09-21T10:00:00","date_gmt":"2011-09-21T13:00:00","guid":{"rendered":"https:\/\/www.atins.me\/?page_id=1629"},"modified":"2016-05-25T14:28:43","modified_gmt":"2016-05-25T17:28:43","slug":"delta-do-parnaiba","status":"publish","type":"page","link":"https:\/\/www.atins.me\/es\/la-region\/delta-do-parnaiba\/","title":{"rendered":"Delta do Parna\u00edba"},"content":{"rendered":"<p><a href=\"https:\/\/www.atins.me\/wp-content\/uploads\/2011\/09\/9075514415_5a4c406ee0_o_952x476.jpg\"><img decoding=\"async\" loading=\"lazy\" class=\"alignnone wp-image-8981 size-full\" src=\"https:\/\/www.atins.me\/wp-content\/uploads\/2011\/09\/9075514415_5a4c406ee0_o_952x476.jpg\" alt=\"Delta do Parna\u00edba\" width=\"952\" height=\"476\" srcset=\"https:\/\/www.atins.me\/wp-content\/uploads\/2011\/09\/9075514415_5a4c406ee0_o_952x476.jpg 952w, https:\/\/www.atins.me\/wp-content\/uploads\/2011\/09\/9075514415_5a4c406ee0_o_952x476-300x150.jpg 300w\" sizes=\"(max-width: 952px) 100vw, 952px\" \/><\/a><\/p>\n<p>Formado por unas 85 islas, con una superficie de 2.700 km\u00b2, localizado entre los estados de Piau\u00ed y Maranh\u00e3o, y abri\u00e9ndose en cinco brazos; el Delta do Parna\u00edba, o Delta de las Am\u00e9ricas, es una formaci\u00f3n fluvial tan sorprendente en su enorme amplitud como los deltas del Nilo o del Mekong. La mezcla de r\u00edos, manglares, dunas y playas des\u00e9rticas; son el hogar de una extraordinaria abundancia de flora y fauna \u00fanicas, as\u00ed como una gran variedad de aves.<\/p>\n<p>Es mejor explorar el Delta en barco, pasando unos 1\/2 d\u00edas de crucero, por ejemplo de Parna\u00edba a Tut\u00f3ia (o la direcci\u00f3n opuesta) con una estancia de una noche en Ilha do Caj\u00fa, una de las islas del Delta. Alternativamente, Ilha dos Poldros tambi\u00e9n ofrece alojamiento. Vale la pena se\u00f1alar que la temporada de lluvias dura desde marzo hasta agosto. Este es el mejor momento para visitar el Delta do Parna\u00edba, cuando la naturaleza se encuentra m\u00e1s viva.<\/p>\n<p>El Delta do Parna\u00edba est\u00e1 a medio camino entre los Len\u00e7\u00f3is Maranhenses y Jericoacoara, en la Rota das Emo\u00e7\u00f5es (Ruta de las Emociones).<\/p>\n","protected":false},"excerpt":{"rendered":"<p>Formado por unas 85 islas, con una superficie de 2.700 km\u00b2, localizado entre los estados de Piau\u00ed y Maranh\u00e3o, y abri\u00e9ndose en cinco brazos; el Delta do Parna\u00edba, o Delta de las Am\u00e9ricas, es una formaci\u00f3n fluvial tan sorprendente en su enorme amplitud como los deltas del Nilo o del Mekong. La mezcla de r\u00edos,\u2026<\/p>\n","protected":false},"author":2,"featured_media":8992,"parent":1611,"menu_order":5,"comment_status":"open","ping_status":"closed","template":"","meta":{"_mi_skip_tracking":false,"_monsterinsights_sitenote_active":false,"_monsterinsights_sitenote_note":"","_monsterinsights_sitenote_category":0,"footnotes":""},"yoast_head":"<!-- This site is optimized with the Yoast SEO plugin v21.0 - https:\/\/yoast.com\/wordpress\/plugins\/seo\/ -->\n<title>El Delta do Parna\u00edba es a medio camino entre Atins y Jericoacoara<\/title>\n<meta name=\"description\" content=\"El Delta do Parna\u00edba es formado por unas 85 islas y tan sorprendente en su enorme amplitud como los deltas del Nilo o del Mekong.\" \/>\n<meta name=\"robots\" content=\"index, follow, max-snippet:-1, max-image-preview:large, max-video-preview:-1\" \/>\n<link rel=\"canonical\" href=\"https:\/\/www.atins.me\/es\/la-region\/delta-do-parnaiba\/\" \/>\n<meta property=\"og:locale\" content=\"es_ES\" \/>\n<meta property=\"og:type\" content=\"article\" \/>\n<meta property=\"og:title\" content=\"El Delta do Parna\u00edba es a medio camino entre Atins y Jericoacoara\" \/>\n<meta property=\"og:description\" content=\"El Delta do Parna\u00edba es formado por unas 85 islas y tan sorprendente en su enorme amplitud como los deltas del Nilo o del Mekong.\" \/>\n<meta property=\"og:url\" content=\"https:\/\/www.atins.me\/es\/la-region\/delta-do-parnaiba\/\" \/>\n<meta property=\"og:site_name\" content=\"Atins\" \/>\n<meta property=\"article:publisher\" content=\"http:\/\/www.facebook.com\/conventoarcadia\" \/>\n<meta property=\"article:modified_time\" content=\"2016-05-25T17:28:43+00:00\" \/>\n<meta property=\"og:image\" content=\"https:\/\/www.atins.me\/wp-content\/uploads\/2011\/09\/10642501875_f07088e00f_o_300x400.jpg\" \/>\n\t<meta property=\"og:image:width\" content=\"300\" \/>\n\t<meta property=\"og:image:height\" content=\"400\" \/>\n\t<meta property=\"og:image:type\" content=\"image\/jpeg\" \/>\n<meta name=\"twitter:card\" content=\"summary_large_image\" \/>\n<meta name=\"twitter:site\" content=\"@atinsme\" \/>\n<meta name=\"twitter:label1\" content=\"Est. reading time\" \/>\n\t<meta name=\"twitter:data1\" content=\"1 minute\" \/>\n<script type=\"application\/ld+json\" class=\"yoast-schema-graph\">{\"@context\":\"https:\/\/schema.org\",\"@graph\":[{\"@type\":\"WebPage\",\"@id\":\"https:\/\/www.atins.me\/es\/la-region\/delta-do-parnaiba\/\",\"url\":\"https:\/\/www.atins.me\/es\/la-region\/delta-do-parnaiba\/\",\"name\":\"El Delta do Parna\u00edba es a medio camino entre Atins y Jericoacoara\",\"isPartOf\":{\"@id\":\"https:\/\/www.atins.me\/es\/#website\"},\"datePublished\":\"2011-09-21T13:00:00+00:00\",\"dateModified\":\"2016-05-25T17:28:43+00:00\",\"description\":\"El Delta do Parna\u00edba es formado por unas 85 islas y tan sorprendente en su enorme amplitud como los deltas del Nilo o del Mekong.\",\"breadcrumb\":{\"@id\":\"https:\/\/www.atins.me\/es\/la-region\/delta-do-parnaiba\/#breadcrumb\"},\"inLanguage\":\"es\",\"potentialAction\":[{\"@type\":\"ReadAction\",\"target\":[\"https:\/\/www.atins.me\/es\/la-region\/delta-do-parnaiba\/\"]}]},{\"@type\":\"BreadcrumbList\",\"@id\":\"https:\/\/www.atins.me\/es\/la-region\/delta-do-parnaiba\/#breadcrumb\",\"itemListElement\":[{\"@type\":\"ListItem\",\"position\":1,\"name\":\"Home\",\"item\":\"https:\/\/www.atins.me\/es\/\"},{\"@type\":\"ListItem\",\"position\":2,\"name\":\"La regi\u00f3n\",\"item\":\"https:\/\/www.atins.me\/es\/la-region\/\"},{\"@type\":\"ListItem\",\"position\":3,\"name\":\"Delta do Parna\u00edba\"}]},{\"@type\":\"WebSite\",\"@id\":\"https:\/\/www.atins.me\/es\/#website\",\"url\":\"https:\/\/www.atins.me\/es\/\",\"name\":\"Atins\",\"description\":\"Len\u00e7\u00f3is Maranhenses\",\"potentialAction\":[{\"@type\":\"SearchAction\",\"target\":{\"@type\":\"EntryPoint\",\"urlTemplate\":\"https:\/\/www.atins.me\/es\/?s={search_term_string}\"},\"query-input\":\"required name=search_term_string\"}],\"inLanguage\":\"es\"}]}<\/script>\n<!-- \/ Yoast SEO plugin. -->","yoast_head_json":{"title":"El Delta do Parna\u00edba es a medio camino entre Atins y Jericoacoara","description":"El Delta do Parna\u00edba es formado por unas 85 islas y tan sorprendente en su enorme amplitud como los deltas del Nilo o del Mekong.","robots":{"index":"index","follow":"follow","max-snippet":"max-snippet:-1","max-image-preview":"max-image-preview:large","max-video-preview":"max-video-preview:-1"},"canonical":"https:\/\/www.atins.me\/es\/la-region\/delta-do-parnaiba\/","og_locale":"es_ES","og_type":"article","og_title":"El Delta do Parna\u00edba es a medio camino entre Atins y Jericoacoara","og_description":"El Delta do Parna\u00edba es formado por unas 85 islas y tan sorprendente en su enorme amplitud como los deltas del Nilo o del Mekong.","og_url":"https:\/\/www.atins.me\/es\/la-region\/delta-do-parnaiba\/","og_site_name":"Atins","article_publisher":"http:\/\/www.facebook.com\/conventoarcadia","article_modified_time":"2016-05-25T17:28:43+00:00","og_image":[{"width":300,"height":400,"url":"https:\/\/www.atins.me\/wp-content\/uploads\/2011\/09\/10642501875_f07088e00f_o_300x400.jpg","type":"image\/jpeg"}],"twitter_card":"summary_large_image","twitter_site":"@atinsme","twitter_misc":{"Est. reading time":"1 minute"},"schema":{"@context":"https:\/\/schema.org","@graph":[{"@type":"WebPage","@id":"https:\/\/www.atins.me\/es\/la-region\/delta-do-parnaiba\/","url":"https:\/\/www.atins.me\/es\/la-region\/delta-do-parnaiba\/","name":"El Delta do Parna\u00edba es a medio camino entre Atins y Jericoacoara","isPartOf":{"@id":"https:\/\/www.atins.me\/es\/#website"},"datePublished":"2011-09-21T13:00:00+00:00","dateModified":"2016-05-25T17:28:43+00:00","description":"El Delta do Parna\u00edba es formado por unas 85 islas y tan sorprendente en su enorme amplitud como los deltas del Nilo o del Mekong.","breadcrumb":{"@id":"https:\/\/www.atins.me\/es\/la-region\/delta-do-parnaiba\/#breadcrumb"},"inLanguage":"es","potentialAction":[{"@type":"ReadAction","target":["https:\/\/www.atins.me\/es\/la-region\/delta-do-parnaiba\/"]}]},{"@type":"BreadcrumbList","@id":"https:\/\/www.atins.me\/es\/la-region\/delta-do-parnaiba\/#breadcrumb","itemListElement":[{"@type":"ListItem","position":1,"name":"Home","item":"https:\/\/www.atins.me\/es\/"},{"@type":"ListItem","position":2,"name":"La regi\u00f3n","item":"https:\/\/www.atins.me\/es\/la-region\/"},{"@type":"ListItem","position":3,"name":"Delta do Parna\u00edba"}]},{"@type":"WebSite","@id":"https:\/\/www.atins.me\/es\/#website","url":"https:\/\/www.atins.me\/es\/","name":"Atins","description":"Len\u00e7\u00f3is Maranhenses","potentialAction":[{"@type":"SearchAction","target":{"@type":"EntryPoint","urlTemplate":"https:\/\/www.atins.me\/es\/?s={search_term_string}"},"query-input":"required name=search_term_string"}],"inLanguage":"es"}]}},"jetpack_sharing_enabled":true,"_links":{"self":[{"href":"https:\/\/www.atins.me\/es\/wp-json\/wp\/v2\/pages\/1629"}],"collection":[{"href":"https:\/\/www.atins.me\/es\/wp-json\/wp\/v2\/pages"}],"about":[{"href":"https:\/\/www.atins.me\/es\/wp-json\/wp\/v2\/types\/page"}],"author":[{"embeddable":true,"href":"https:\/\/www.atins.me\/es\/wp-json\/wp\/v2\/users\/2"}],"replies":[{"embeddable":true,"href":"https:\/\/www.atins.me\/es\/wp-json\/wp\/v2\/comments?post=1629"}],"version-history":[{"count":0,"href":"https:\/\/www.atins.me\/es\/wp-json\/wp\/v2\/pages\/1629\/revisions"}],"up":[{"embeddable":true,"href":"https:\/\/www.atins.me\/es\/wp-json\/wp\/v2\/pages\/1611"}],"wp:featuredmedia":[{"embeddable":true,"href":"https:\/\/www.atins.me\/es\/wp-json\/wp\/v2\/media\/8992"}],"wp:attachment":[{"href":"https:\/\/www.atins.me\/es\/wp-json\/wp\/v2\/media?parent=1629"}],"curies":[{"name":"wp","href":"https:\/\/api.w.org\/{rel}","templated":true}]}}