{"id":1596,"date":"2011-01-05T15:53:33","date_gmt":"2011-01-05T17:53:33","guid":{"rendered":"https:\/\/www.atins.me\/?page_id=1596"},"modified":"2016-05-23T21:19:20","modified_gmt":"2016-05-24T00:19:20","slug":"atins","status":"publish","type":"page","link":"https:\/\/www.atins.me\/es\/atins\/","title":{"rendered":"Atins"},"content":{"rendered":"<p><a href=\"https:\/\/www.atins.me\/wp-content\/uploads\/2011\/01\/X-Atins-RPB_007_Roberto-Bandeira_952x535.jpg\"><img decoding=\"async\" loading=\"lazy\" class=\"alignnone size-full wp-image-8913\" src=\"https:\/\/www.atins.me\/wp-content\/uploads\/2011\/01\/X-Atins-RPB_007_Roberto-Bandeira_952x535.jpg\" alt=\"Atins y sus pescadores\" width=\"952\" height=\"535\" srcset=\"https:\/\/www.atins.me\/wp-content\/uploads\/2011\/01\/X-Atins-RPB_007_Roberto-Bandeira_952x535.jpg 952w, https:\/\/www.atins.me\/wp-content\/uploads\/2011\/01\/X-Atins-RPB_007_Roberto-Bandeira_952x535-300x169.jpg 300w\" sizes=\"(max-width: 952px) 100vw, 952px\" \/><\/a><\/p>\n<p>Atins es una peque\u00f1a villa de pescadores en la costa de Maranh\u00e3o al Nordeste de Brasil, uno de los estados m\u00e1s pobres del pa\u00eds. Comparte alrededor de 2,000 habitantes con Santo In\u00e1cio, su vecino cercano, aunque la mayor\u00eda de ellos est\u00e1n bien escondidos. Atins est\u00e1 ubicado entre las dunas del Parque Nacional Len\u00e7\u00f3is Maranhenses, el delta del Rio Pregui\u00e7as y el Oc\u00e9ano Atl\u00e1ntico. Para llegar se necesitan dos horas en barco o en veh\u00edculos 4&#215;4 desde Barreirinhas, que es la principal ciudad del municipio y eje log\u00edstico de la regi\u00f3n.<\/p>\n<p>El pueblo se extiende a lo largo del mar en calles de arena con caba\u00f1as y casa bajas que se encuentran a algunos cientos de metros de la playa.<\/p>\n<p>Los vientos empujan las arenas de la costa y los bancos de arena por estos esculpidos, junto con los sedimentos cargados por el rio, forman una laguna natural que protege las playas del oleaje del mar, proporcionando condiciones ideales para la pr\u00e1ctica del Kitesurf.<\/p>\n<p>Para los m\u00e1s aventureros, Atins es la mejor base para visitar los Len\u00e7\u00f3is Maranhenses, debido a su proximidad a las dunas y el acceso directo al mar.<\/p>\n<p>Mientras Barreirinhas experimenta un r\u00e1pido desarrollo tur\u00edstico, la vida en Atins sigue siendo sencilla. Los visitantes que esperan un nivel de actividad similares al de Jericoacoara, o que esperan algo parecido a una vida nocturna y la posibilidad de conocer compa\u00f1eros de viaje, podr\u00edan terminar decepcionados.<\/p>\n<p>Atins se parece m\u00e1s a lo que fue Jericoacoara, Praia da Pipa o Trancoso unos 20 a\u00f1os atr\u00e1s. Los aldeanos se ganan la vida principalmente de la pesca en el mar y trabajando las peque\u00f1as parcelas de tierras durante un corto per\u00edodo de tiempo despu\u00e9s de la \u00e9poca de lluvias. Todo y todos en Atins se mueve m\u00e1s lento y lo mismo ocurre con el tiempo en s\u00ed.<\/p>\n","protected":false},"excerpt":{"rendered":"<p>Atins es una peque\u00f1a villa de pescadores en la costa de Maranh\u00e3o al Nordeste de Brasil, uno de los estados m\u00e1s pobres del pa\u00eds. Comparte alrededor de 2,000 habitantes con Santo In\u00e1cio, su vecino cercano, aunque la mayor\u00eda de ellos est\u00e1n bien escondidos. Atins est\u00e1 ubicado entre las dunas del Parque Nacional Len\u00e7\u00f3is Maranhenses, el\u2026<\/p>\n","protected":false},"author":2,"featured_media":8913,"parent":0,"menu_order":3,"comment_status":"open","ping_status":"open","template":"","meta":{"_mi_skip_tracking":false,"_monsterinsights_sitenote_active":false,"_monsterinsights_sitenote_note":"","_monsterinsights_sitenote_category":0,"footnotes":""},"yoast_head":"<!-- This site is optimized with the Yoast SEO plugin v21.0 - https:\/\/yoast.com\/wordpress\/plugins\/seo\/ -->\n<title>Atins, la mejor localizaci\u00f3n para explorar los Len\u00e7\u00f3is<\/title>\n<meta name=\"description\" content=\"Atins es un peque\u00f1o pueblo de pescadores en la costa de Maranh\u00e3o situada a las afueras del Parque Nacional Len\u00e7ois Maranhenses.\" \/>\n<meta name=\"robots\" content=\"index, follow, max-snippet:-1, max-image-preview:large, max-video-preview:-1\" \/>\n<link rel=\"canonical\" href=\"https:\/\/www.atins.me\/es\/atins\/\" \/>\n<meta property=\"og:locale\" content=\"es_ES\" \/>\n<meta property=\"og:type\" content=\"article\" \/>\n<meta property=\"og:title\" content=\"Atins, la mejor localizaci\u00f3n para explorar los Len\u00e7\u00f3is\" \/>\n<meta property=\"og:description\" content=\"Atins es un peque\u00f1o pueblo de pescadores en la costa de Maranh\u00e3o situada a las afueras del Parque Nacional Len\u00e7ois Maranhenses.\" \/>\n<meta property=\"og:url\" content=\"https:\/\/www.atins.me\/es\/atins\/\" \/>\n<meta property=\"og:site_name\" content=\"Atins\" \/>\n<meta property=\"article:publisher\" content=\"http:\/\/www.facebook.com\/conventoarcadia\" \/>\n<meta property=\"article:modified_time\" content=\"2016-05-24T00:19:20+00:00\" \/>\n<meta property=\"og:image\" content=\"https:\/\/www.atins.me\/wp-content\/uploads\/2011\/01\/X-Atins-RPB_007_Roberto-Bandeira_952x535.jpg\" \/>\n\t<meta property=\"og:image:width\" content=\"952\" \/>\n\t<meta property=\"og:image:height\" content=\"535\" \/>\n\t<meta property=\"og:image:type\" content=\"image\/jpeg\" \/>\n<meta name=\"twitter:card\" content=\"summary_large_image\" \/>\n<meta name=\"twitter:site\" content=\"@atinsme\" \/>\n<meta name=\"twitter:label1\" content=\"Est. reading time\" \/>\n\t<meta name=\"twitter:data1\" content=\"2 minutes\" \/>\n<script type=\"application\/ld+json\" class=\"yoast-schema-graph\">{\"@context\":\"https:\/\/schema.org\",\"@graph\":[{\"@type\":\"WebPage\",\"@id\":\"https:\/\/www.atins.me\/es\/atins\/\",\"url\":\"https:\/\/www.atins.me\/es\/atins\/\",\"name\":\"Atins, la mejor localizaci\u00f3n para explorar los Len\u00e7\u00f3is\",\"isPartOf\":{\"@id\":\"https:\/\/www.atins.me\/es\/#website\"},\"datePublished\":\"2011-01-05T17:53:33+00:00\",\"dateModified\":\"2016-05-24T00:19:20+00:00\",\"description\":\"Atins es un peque\u00f1o pueblo de pescadores en la costa de Maranh\u00e3o situada a las afueras del Parque Nacional Len\u00e7ois Maranhenses.\",\"breadcrumb\":{\"@id\":\"https:\/\/www.atins.me\/es\/atins\/#breadcrumb\"},\"inLanguage\":\"es\",\"potentialAction\":[{\"@type\":\"ReadAction\",\"target\":[\"https:\/\/www.atins.me\/es\/atins\/\"]}]},{\"@type\":\"BreadcrumbList\",\"@id\":\"https:\/\/www.atins.me\/es\/atins\/#breadcrumb\",\"itemListElement\":[{\"@type\":\"ListItem\",\"position\":1,\"name\":\"Home\",\"item\":\"https:\/\/www.atins.me\/es\/\"},{\"@type\":\"ListItem\",\"position\":2,\"name\":\"Atins\"}]},{\"@type\":\"WebSite\",\"@id\":\"https:\/\/www.atins.me\/es\/#website\",\"url\":\"https:\/\/www.atins.me\/es\/\",\"name\":\"Atins\",\"description\":\"Len\u00e7\u00f3is Maranhenses\",\"potentialAction\":[{\"@type\":\"SearchAction\",\"target\":{\"@type\":\"EntryPoint\",\"urlTemplate\":\"https:\/\/www.atins.me\/es\/?s={search_term_string}\"},\"query-input\":\"required name=search_term_string\"}],\"inLanguage\":\"es\"}]}<\/script>\n<!-- \/ Yoast SEO plugin. -->","yoast_head_json":{"title":"Atins, la mejor localizaci\u00f3n para explorar los Len\u00e7\u00f3is","description":"Atins es un peque\u00f1o pueblo de pescadores en la costa de Maranh\u00e3o situada a las afueras del Parque Nacional Len\u00e7ois Maranhenses.","robots":{"index":"index","follow":"follow","max-snippet":"max-snippet:-1","max-image-preview":"max-image-preview:large","max-video-preview":"max-video-preview:-1"},"canonical":"https:\/\/www.atins.me\/es\/atins\/","og_locale":"es_ES","og_type":"article","og_title":"Atins, la mejor localizaci\u00f3n para explorar los Len\u00e7\u00f3is","og_description":"Atins es un peque\u00f1o pueblo de pescadores en la costa de Maranh\u00e3o situada a las afueras del Parque Nacional Len\u00e7ois Maranhenses.","og_url":"https:\/\/www.atins.me\/es\/atins\/","og_site_name":"Atins","article_publisher":"http:\/\/www.facebook.com\/conventoarcadia","article_modified_time":"2016-05-24T00:19:20+00:00","og_image":[{"width":952,"height":535,"url":"https:\/\/www.atins.me\/wp-content\/uploads\/2011\/01\/X-Atins-RPB_007_Roberto-Bandeira_952x535.jpg","type":"image\/jpeg"}],"twitter_card":"summary_large_image","twitter_site":"@atinsme","twitter_misc":{"Est. reading time":"2 minutes"},"schema":{"@context":"https:\/\/schema.org","@graph":[{"@type":"WebPage","@id":"https:\/\/www.atins.me\/es\/atins\/","url":"https:\/\/www.atins.me\/es\/atins\/","name":"Atins, la mejor localizaci\u00f3n para explorar los Len\u00e7\u00f3is","isPartOf":{"@id":"https:\/\/www.atins.me\/es\/#website"},"datePublished":"2011-01-05T17:53:33+00:00","dateModified":"2016-05-24T00:19:20+00:00","description":"Atins es un peque\u00f1o pueblo de pescadores en la costa de Maranh\u00e3o situada a las afueras del Parque Nacional Len\u00e7ois Maranhenses.","breadcrumb":{"@id":"https:\/\/www.atins.me\/es\/atins\/#breadcrumb"},"inLanguage":"es","potentialAction":[{"@type":"ReadAction","target":["https:\/\/www.atins.me\/es\/atins\/"]}]},{"@type":"BreadcrumbList","@id":"https:\/\/www.atins.me\/es\/atins\/#breadcrumb","itemListElement":[{"@type":"ListItem","position":1,"name":"Home","item":"https:\/\/www.atins.me\/es\/"},{"@type":"ListItem","position":2,"name":"Atins"}]},{"@type":"WebSite","@id":"https:\/\/www.atins.me\/es\/#website","url":"https:\/\/www.atins.me\/es\/","name":"Atins","description":"Len\u00e7\u00f3is Maranhenses","potentialAction":[{"@type":"SearchAction","target":{"@type":"EntryPoint","urlTemplate":"https:\/\/www.atins.me\/es\/?s={search_term_string}"},"query-input":"required name=search_term_string"}],"inLanguage":"es"}]}},"jetpack_sharing_enabled":true,"_links":{"self":[{"href":"https:\/\/www.atins.me\/es\/wp-json\/wp\/v2\/pages\/1596"}],"collection":[{"href":"https:\/\/www.atins.me\/es\/wp-json\/wp\/v2\/pages"}],"about":[{"href":"https:\/\/www.atins.me\/es\/wp-json\/wp\/v2\/types\/page"}],"author":[{"embeddable":true,"href":"https:\/\/www.atins.me\/es\/wp-json\/wp\/v2\/users\/2"}],"replies":[{"embeddable":true,"href":"https:\/\/www.atins.me\/es\/wp-json\/wp\/v2\/comments?post=1596"}],"version-history":[{"count":0,"href":"https:\/\/www.atins.me\/es\/wp-json\/wp\/v2\/pages\/1596\/revisions"}],"wp:featuredmedia":[{"embeddable":true,"href":"https:\/\/www.atins.me\/es\/wp-json\/wp\/v2\/media\/8913"}],"wp:attachment":[{"href":"https:\/\/www.atins.me\/es\/wp-json\/wp\/v2\/media?parent=1596"}],"curies":[{"name":"wp","href":"https:\/\/api.w.org\/{rel}","templated":true}]}}