{"id":1318,"date":"2011-01-05T15:54:14","date_gmt":"2011-01-05T17:54:14","guid":{"rendered":"https:\/\/www.atins.me\/?page_id=1318"},"modified":"2016-05-24T21:12:22","modified_gmt":"2016-05-25T00:12:22","slug":"el-lencois-maranhenses","status":"publish","type":"page","link":"https:\/\/www.atins.me\/es\/el-lencois-maranhenses\/","title":{"rendered":"El Len\u00e7\u00f3is Maranhenses"},"content":{"rendered":"<p><a href=\"https:\/\/www.atins.me\/wp-content\/uploads\/2011\/01\/photo-01_Tony-Galvez_682x383.jpg\"><img decoding=\"async\" loading=\"lazy\" class=\"alignnone wp-image-8881 size-full\" src=\"https:\/\/www.atins.me\/wp-content\/uploads\/2011\/01\/photo-01_Tony-Galvez_682x383.jpg\" alt=\"Len\u00e7\u00f3is Maranhenses\" width=\"682\" height=\"383\" srcset=\"https:\/\/www.atins.me\/wp-content\/uploads\/2011\/01\/photo-01_Tony-Galvez_682x383.jpg 682w, https:\/\/www.atins.me\/wp-content\/uploads\/2011\/01\/photo-01_Tony-Galvez_682x383-300x168.jpg 300w\" sizes=\"(max-width: 682px) 100vw, 682px\" \/><\/a><\/p>\n<h1><strong>Un mar de dunas<\/strong><\/h1>\n<h2>Invocado por el viento y el agua, el m\u00e1gico paisaje arenoso de la costa nororiental de Brasil no es un espejismo.<\/h2>\n<p>A vista de p\u00e1jaro, las dunas parecen s\u00e1banas blancas tendidas al viento vespertino. De hecho, el nombre de este lugar, Len\u00e7\u00f3is Maranhenses, significa &#8220;s\u00e1banas de Maranh\u00e3o&#8221;, el estado de la costa del nordeste de Brasil donde se encuentran las dunas con forma de media luna. Al margen del top\u00f3nimo, es un desierto m\u00e1gico, con ola tras ola de arena blanca y resplandeciente, bancos de peces plateados que nadan en charcas pluviales azules y verdes, pastores que salvan formidables dunas con sus reba\u00f1os de cabras y pescadores que se hacen a la mar guiados s\u00f3lo por las estrellas y los fantasmas de antiguos naufragios.<\/p>\n<p>\u201cParece un mundo paralelo\u201d, dice Carolina Alvite, antigua directora del parque nacional de 1.550 kil\u00f3metros cuadrados creado hace 30 a\u00f1os para proteger este ins\u00f3lito ecosistema . Es como si el mar que ba\u00f1a las Bahamas se materializase de pronto como un espejismo en medio del Sahara. S\u00f3lo que en este desierto el espejismo es real.<br \/>\nEn realidad, seg\u00fan un criterio estrictamente geogr\u00e1fico, el Len\u00e7\u00f3is Maranhenses no es un verdadero desierto, indica Antonio Cordeiro Feitosa, ge\u00f3grafo de la Universidad Federal de Maranh\u00e3o. La regi\u00f3n recibe unos 1.200 mil\u00edmetros de lluvia al a\u00f1o. Por definici\u00f3n, en un desierto las precipitaciones no superan los 250 mil\u00edmetros anuales.<\/p>\n<p>Y es la presencia de agua lo que hace posible este paisaje de arena. Dos r\u00edos cercanos, el Parna\u00edba y el Pregui\u00e7as, arrastran arena desde el interior del continente hasta el Atl\u00e1ntico, donde las corrientes oce\u00e1nicas la empujan hacia el oeste. Buena parte del sedimento queda depositado en los 70 kil\u00f3metros de l\u00ednea de costa del parque de Len\u00e7\u00f3is Maranhenses. Durante la estaci\u00f3n seca, sobre todo en octubre y noviembre, un pertinaz viento del nordeste transporta la arena hasta 48 kil\u00f3metros tierra adentro, esculpiendo dunas con forma de media luna que llegan a medir 39 metros de altura y se extienden hasta donde alcanza la vista. Cordeiro tambi\u00e9n es testigo del movimiento perpetuo de Len\u00e7\u00f3is Maranhenses. En ciertos puntos las dunas pueden avanzar hasta 20 metros al a\u00f1o. \u201cEl paisaje se transforma radicalmente con cada ciclo estacional\u201d, dice el ge\u00f3grafo.<\/p>\n<p>Todos los a\u00f1os nacen nuevas lagunas cuando, de enero a junio, las lluvias colman los valles interdunares. Algunas de estas masas de agua temporales superan los 90 metros de largo y alcanzan los tres metros de profundidad. A principios de julio, \u00e9poca en que est\u00e1n a su nivel m\u00e1ximo, las lagunas pueden quedar interconectadas cuando r\u00edos como el Negro atraviesan las dunas. De este modo los peces tienen una ruta migratoria a las lagunas, donde se alimentan de otros peces o de larvas de insectos enterradas en la arena. Unas pocas ictioespecies, como la tararira (Hoplias malabaricus), incluso pasan la estaci\u00f3n seca aletargadas en el barro, del que emergen cuando vuelven los aguaceros. Al final de la estaci\u00f3n lluviosa, las lagunas empiezan a evaporarse bajo el calor tropical; el nivel de agua puede bajar a un ritmo de hasta un metro al mes.<\/p>\n<p>Peces e insectos no est\u00e1n solos. Adem\u00e1s de la poblaci\u00f3n concentrada en los pueblos que hay alrededor de las dunas, otros 90 hombres, mujeres y ni\u00f1os viven repartidos en dos oasis, Queimada dos Britos y Baixa Grande, en caba\u00f1as de adobe con techumbre de palma. Como las propias dunas, var\u00edan sus rutinas con las estaciones. En la seca cr\u00edan pollos, cabras y vacas, cultivan mandioca, habas y anacardos, y extraen fibras de burit\u00ed y carnauba, unas palmeras de la restinga (o vegetaci\u00f3n costera) que crece cerca de las dunas. Cuando llegan las lluvias y plantar se hace m\u00e1s dif\u00edcil, los habitantes de los oasis se desplazan al mar e instalan campamentos pesqueros en la playa. All\u00ed venden s\u00e1balo salado y otros pescados a los comerciantes, que luego los venden en las ciudades.<\/p>\n<p>En 2002 se asfalt\u00f3 una autopista entre la capital de Maranh\u00e3o, S\u00e3o Lu\u00eds, y Barreirinhas, una poblaci\u00f3n rural que hoy se publicita como puerta de entrada al parque. Desde entonces, el turismo se ha incrementado, con m\u00e1s de 60.000 visitantes al a\u00f1o, y la conducci\u00f3n de todo terrenos por las dunas se ha convertido en una grave preocupaci\u00f3n para los responsables del parque.<br \/>\n\u201cEst\u00e1 prohibido ir en veh\u00edculo por las dunas\u201d, explica Alvite, a quien inquieta que una actividad tan imprudente ponga en peligro a los correlimos y charranes migratorios, am\u00e9n de las aves que anidan en la zona. Como iniciativa de promoci\u00f3n de un turismo m\u00e1s sostenible, en 2009 ella encabez\u00f3 una caminata de 65 kil\u00f3metros de punta a punta del parque en busca de fauna dunar, como el jicotea de Maranh\u00e3o (Trachemys adiutrix), el armadillo amarillo (Euphractus sexcinctus) y la zarig\u00fceya orejiblanca (Didelphis albiventris).<\/p>\n<p>No es de extra\u00f1ar que los forasteros quieran visitar este paraje de ensue\u00f1o, el campo de dunas costeras m\u00e1s grande de Brasil. Su belleza en constante movimiento sorprende incluso a quienes mejor lo conocen. Manoel Brito, difunto patriarca de Queimada dos Britos, ten\u00eda un reba\u00f1o de unas 500 cabras que se mov\u00edan en libertad por la arena. Al recorrer las dunas con su reba\u00f1o, se maravillaba ante el dinamismo de las arenas. \u201cAqu\u00ed todo parece siempre igual \u2013me dijo en una ocasi\u00f3n\u2013. Pero, si te fijas bien, todos los d\u00edas ves que la arena se ha movido. Dios cre\u00f3 estas monta\u00f1as blancas e hizo que el viento jugase con ellas eternamente.\u201d<\/p>\n<p><a title=\"Ronaldo Ribeiro\/National Geographic, 07\/2010\" href=\"http:\/\/www.nationalgeographic.com.es\/2010\/06\/29\/mar_dunas.html\" target=\"_blank\">\u00a0\u00a9 Por Ronaldo Ribeiro\/National Geographic, 07\/2010<br \/>\n<\/a><\/p>\n","protected":false},"excerpt":{"rendered":"<p>Un mar de dunas Invocado por el viento y el agua, el m\u00e1gico paisaje arenoso de la costa nororiental de Brasil no es un espejismo. A vista de p\u00e1jaro, las dunas parecen s\u00e1banas blancas tendidas al viento vespertino. De hecho, el nombre de este lugar, Len\u00e7\u00f3is Maranhenses, significa &#8220;s\u00e1banas de Maranh\u00e3o&#8221;, el estado de la\u2026<\/p>\n","protected":false},"author":2,"featured_media":8881,"parent":0,"menu_order":2,"comment_status":"open","ping_status":"open","template":"template-with-sidebar.php","meta":{"_mi_skip_tracking":false,"_monsterinsights_sitenote_active":false,"_monsterinsights_sitenote_note":"","_monsterinsights_sitenote_category":0,"footnotes":""},"yoast_head":"<!-- This site is optimized with the Yoast SEO plugin v21.0 - https:\/\/yoast.com\/wordpress\/plugins\/seo\/ -->\n<title>Len\u00e7\u00f3is Maranhenses, en la costa noreste de Brasil<\/title>\n<meta name=\"description\" content=\"El nombre Len\u00e7ois Maranhenses significa las &quot;s\u00e1banas de Maranh\u00e3o&quot;, el estado de Brasil en la costa noreste tropical donde se encuentra este desierto m\u00e1gico.\" \/>\n<meta name=\"robots\" content=\"index, follow, max-snippet:-1, max-image-preview:large, max-video-preview:-1\" \/>\n<link rel=\"canonical\" href=\"https:\/\/www.atins.me\/es\/el-lencois-maranhenses\/\" \/>\n<meta property=\"og:locale\" content=\"es_ES\" \/>\n<meta property=\"og:type\" content=\"article\" \/>\n<meta property=\"og:title\" content=\"Len\u00e7\u00f3is Maranhenses, en la costa noreste de Brasil\" \/>\n<meta property=\"og:description\" content=\"El nombre Len\u00e7ois Maranhenses significa las &quot;s\u00e1banas de Maranh\u00e3o&quot;, el estado de Brasil en la costa noreste tropical donde se encuentra este desierto m\u00e1gico.\" \/>\n<meta property=\"og:url\" content=\"https:\/\/www.atins.me\/es\/el-lencois-maranhenses\/\" \/>\n<meta property=\"og:site_name\" content=\"Atins\" \/>\n<meta property=\"article:publisher\" content=\"http:\/\/www.facebook.com\/conventoarcadia\" \/>\n<meta property=\"article:modified_time\" content=\"2016-05-25T00:12:22+00:00\" \/>\n<meta property=\"og:image\" content=\"https:\/\/www.atins.me\/wp-content\/uploads\/2011\/01\/photo-01_Tony-Galvez_682x383.jpg\" \/>\n\t<meta property=\"og:image:width\" content=\"682\" \/>\n\t<meta property=\"og:image:height\" content=\"383\" \/>\n\t<meta property=\"og:image:type\" content=\"image\/jpeg\" \/>\n<meta name=\"twitter:card\" content=\"summary_large_image\" \/>\n<meta name=\"twitter:site\" content=\"@atinsme\" \/>\n<meta name=\"twitter:label1\" content=\"Est. reading time\" \/>\n\t<meta name=\"twitter:data1\" content=\"5 minutes\" \/>\n<script type=\"application\/ld+json\" class=\"yoast-schema-graph\">{\"@context\":\"https:\/\/schema.org\",\"@graph\":[{\"@type\":\"WebPage\",\"@id\":\"https:\/\/www.atins.me\/es\/el-lencois-maranhenses\/\",\"url\":\"https:\/\/www.atins.me\/es\/el-lencois-maranhenses\/\",\"name\":\"Len\u00e7\u00f3is Maranhenses, en la costa noreste de Brasil\",\"isPartOf\":{\"@id\":\"https:\/\/www.atins.me\/es\/#website\"},\"datePublished\":\"2011-01-05T17:54:14+00:00\",\"dateModified\":\"2016-05-25T00:12:22+00:00\",\"description\":\"El nombre Len\u00e7ois Maranhenses significa las \\\"s\u00e1banas de Maranh\u00e3o\\\", el estado de Brasil en la costa noreste tropical donde se encuentra este desierto m\u00e1gico.\",\"breadcrumb\":{\"@id\":\"https:\/\/www.atins.me\/es\/el-lencois-maranhenses\/#breadcrumb\"},\"inLanguage\":\"es\",\"potentialAction\":[{\"@type\":\"ReadAction\",\"target\":[\"https:\/\/www.atins.me\/es\/el-lencois-maranhenses\/\"]}]},{\"@type\":\"BreadcrumbList\",\"@id\":\"https:\/\/www.atins.me\/es\/el-lencois-maranhenses\/#breadcrumb\",\"itemListElement\":[{\"@type\":\"ListItem\",\"position\":1,\"name\":\"Home\",\"item\":\"https:\/\/www.atins.me\/es\/\"},{\"@type\":\"ListItem\",\"position\":2,\"name\":\"El Len\u00e7\u00f3is Maranhenses\"}]},{\"@type\":\"WebSite\",\"@id\":\"https:\/\/www.atins.me\/es\/#website\",\"url\":\"https:\/\/www.atins.me\/es\/\",\"name\":\"Atins\",\"description\":\"Len\u00e7\u00f3is Maranhenses\",\"potentialAction\":[{\"@type\":\"SearchAction\",\"target\":{\"@type\":\"EntryPoint\",\"urlTemplate\":\"https:\/\/www.atins.me\/es\/?s={search_term_string}\"},\"query-input\":\"required name=search_term_string\"}],\"inLanguage\":\"es\"}]}<\/script>\n<!-- \/ Yoast SEO plugin. -->","yoast_head_json":{"title":"Len\u00e7\u00f3is Maranhenses, en la costa noreste de Brasil","description":"El nombre Len\u00e7ois Maranhenses significa las \"s\u00e1banas de Maranh\u00e3o\", el estado de Brasil en la costa noreste tropical donde se encuentra este desierto m\u00e1gico.","robots":{"index":"index","follow":"follow","max-snippet":"max-snippet:-1","max-image-preview":"max-image-preview:large","max-video-preview":"max-video-preview:-1"},"canonical":"https:\/\/www.atins.me\/es\/el-lencois-maranhenses\/","og_locale":"es_ES","og_type":"article","og_title":"Len\u00e7\u00f3is Maranhenses, en la costa noreste de Brasil","og_description":"El nombre Len\u00e7ois Maranhenses significa las \"s\u00e1banas de Maranh\u00e3o\", el estado de Brasil en la costa noreste tropical donde se encuentra este desierto m\u00e1gico.","og_url":"https:\/\/www.atins.me\/es\/el-lencois-maranhenses\/","og_site_name":"Atins","article_publisher":"http:\/\/www.facebook.com\/conventoarcadia","article_modified_time":"2016-05-25T00:12:22+00:00","og_image":[{"width":682,"height":383,"url":"https:\/\/www.atins.me\/wp-content\/uploads\/2011\/01\/photo-01_Tony-Galvez_682x383.jpg","type":"image\/jpeg"}],"twitter_card":"summary_large_image","twitter_site":"@atinsme","twitter_misc":{"Est. reading time":"5 minutes"},"schema":{"@context":"https:\/\/schema.org","@graph":[{"@type":"WebPage","@id":"https:\/\/www.atins.me\/es\/el-lencois-maranhenses\/","url":"https:\/\/www.atins.me\/es\/el-lencois-maranhenses\/","name":"Len\u00e7\u00f3is Maranhenses, en la costa noreste de Brasil","isPartOf":{"@id":"https:\/\/www.atins.me\/es\/#website"},"datePublished":"2011-01-05T17:54:14+00:00","dateModified":"2016-05-25T00:12:22+00:00","description":"El nombre Len\u00e7ois Maranhenses significa las \"s\u00e1banas de Maranh\u00e3o\", el estado de Brasil en la costa noreste tropical donde se encuentra este desierto m\u00e1gico.","breadcrumb":{"@id":"https:\/\/www.atins.me\/es\/el-lencois-maranhenses\/#breadcrumb"},"inLanguage":"es","potentialAction":[{"@type":"ReadAction","target":["https:\/\/www.atins.me\/es\/el-lencois-maranhenses\/"]}]},{"@type":"BreadcrumbList","@id":"https:\/\/www.atins.me\/es\/el-lencois-maranhenses\/#breadcrumb","itemListElement":[{"@type":"ListItem","position":1,"name":"Home","item":"https:\/\/www.atins.me\/es\/"},{"@type":"ListItem","position":2,"name":"El Len\u00e7\u00f3is Maranhenses"}]},{"@type":"WebSite","@id":"https:\/\/www.atins.me\/es\/#website","url":"https:\/\/www.atins.me\/es\/","name":"Atins","description":"Len\u00e7\u00f3is Maranhenses","potentialAction":[{"@type":"SearchAction","target":{"@type":"EntryPoint","urlTemplate":"https:\/\/www.atins.me\/es\/?s={search_term_string}"},"query-input":"required name=search_term_string"}],"inLanguage":"es"}]}},"jetpack_sharing_enabled":true,"_links":{"self":[{"href":"https:\/\/www.atins.me\/es\/wp-json\/wp\/v2\/pages\/1318"}],"collection":[{"href":"https:\/\/www.atins.me\/es\/wp-json\/wp\/v2\/pages"}],"about":[{"href":"https:\/\/www.atins.me\/es\/wp-json\/wp\/v2\/types\/page"}],"author":[{"embeddable":true,"href":"https:\/\/www.atins.me\/es\/wp-json\/wp\/v2\/users\/2"}],"replies":[{"embeddable":true,"href":"https:\/\/www.atins.me\/es\/wp-json\/wp\/v2\/comments?post=1318"}],"version-history":[{"count":0,"href":"https:\/\/www.atins.me\/es\/wp-json\/wp\/v2\/pages\/1318\/revisions"}],"wp:featuredmedia":[{"embeddable":true,"href":"https:\/\/www.atins.me\/es\/wp-json\/wp\/v2\/media\/8881"}],"wp:attachment":[{"href":"https:\/\/www.atins.me\/es\/wp-json\/wp\/v2\/media?parent=1318"}],"curies":[{"name":"wp","href":"https:\/\/api.w.org\/{rel}","templated":true}]}}