{"id":10790,"date":"2016-02-18T23:22:06","date_gmt":"2016-02-19T01:22:06","guid":{"rendered":"https:\/\/www.atins.me\/es\/map\/"},"modified":"2019-06-25T09:25:19","modified_gmt":"2019-06-25T12:25:19","slug":"mapa","status":"publish","type":"page","link":"https:\/\/www.atins.me\/es\/lee-esto\/mapa\/","title":{"rendered":"Mapa"},"content":{"rendered":"<p><iframe loading=\"lazy\" src=\"https:\/\/www.google.com\/maps\/d\/embed?mid=1ZJOQbu2eBoH5_7LargqjEK4JZPoyX_YE\" width=\"640\" height=\"480\"><\/iframe><\/p>\n<p style=\"text-align: right;\"><a class=\"button\" href=\"https:\/\/www.atins.me\/wp-content\/uploads\/2016\/02\/Mapa-Atins-Sustenta\u0301vel.pdf\" target=\"_blank\" rel=\"noopener noreferrer\">Imprimir el mapa<\/a><\/p>\n","protected":false},"excerpt":{"rendered":"<p>Imprimir el mapa<\/p>\n","protected":false},"author":2,"featured_media":0,"parent":1769,"menu_order":0,"comment_status":"closed","ping_status":"closed","template":"","meta":{"_mi_skip_tracking":false,"_monsterinsights_sitenote_active":false,"_monsterinsights_sitenote_note":"","_monsterinsights_sitenote_category":0,"footnotes":""},"yoast_head":"<!-- This site is optimized with the Yoast SEO plugin v21.0 - https:\/\/yoast.com\/wordpress\/plugins\/seo\/ -->\n<title>How do I find Atins?<\/title>\n<meta name=\"description\" content=\"Atins is a small fishing village on the coast of Maranh\u00e3o, on the borders of the Len\u00e7\u00f3is Maranhenses National Park and two hours from Barreirinhas.\" \/>\n<meta name=\"robots\" content=\"index, follow, max-snippet:-1, max-image-preview:large, max-video-preview:-1\" \/>\n<link rel=\"canonical\" href=\"https:\/\/www.atins.me\/es\/lee-esto\/mapa\/\" \/>\n<meta property=\"og:locale\" content=\"es_ES\" \/>\n<meta property=\"og:type\" content=\"article\" \/>\n<meta property=\"og:title\" content=\"How do I find Atins?\" \/>\n<meta property=\"og:description\" content=\"Atins is a small fishing village on the coast of Maranh\u00e3o, on the borders of the Len\u00e7\u00f3is Maranhenses National Park and two hours from Barreirinhas.\" \/>\n<meta property=\"og:url\" content=\"https:\/\/www.atins.me\/es\/lee-esto\/mapa\/\" \/>\n<meta property=\"og:site_name\" content=\"Atins\" \/>\n<meta property=\"article:publisher\" content=\"http:\/\/www.facebook.com\/conventoarcadia\" \/>\n<meta property=\"article:modified_time\" content=\"2019-06-25T12:25:19+00:00\" \/>\n<meta name=\"twitter:card\" content=\"summary_large_image\" \/>\n<meta name=\"twitter:site\" content=\"@atinsme\" \/>\n<script type=\"application\/ld+json\" class=\"yoast-schema-graph\">{\"@context\":\"https:\/\/schema.org\",\"@graph\":[{\"@type\":\"WebPage\",\"@id\":\"https:\/\/www.atins.me\/es\/lee-esto\/mapa\/\",\"url\":\"https:\/\/www.atins.me\/es\/lee-esto\/mapa\/\",\"name\":\"How do I find Atins?\",\"isPartOf\":{\"@id\":\"https:\/\/www.atins.me\/es\/#website\"},\"datePublished\":\"2016-02-19T01:22:06+00:00\",\"dateModified\":\"2019-06-25T12:25:19+00:00\",\"description\":\"Atins is a small fishing village on the coast of Maranh\u00e3o, on the borders of the Len\u00e7\u00f3is Maranhenses National Park and two hours from Barreirinhas.\",\"breadcrumb\":{\"@id\":\"https:\/\/www.atins.me\/es\/lee-esto\/mapa\/#breadcrumb\"},\"inLanguage\":\"es\",\"potentialAction\":[{\"@type\":\"ReadAction\",\"target\":[\"https:\/\/www.atins.me\/es\/lee-esto\/mapa\/\"]}]},{\"@type\":\"BreadcrumbList\",\"@id\":\"https:\/\/www.atins.me\/es\/lee-esto\/mapa\/#breadcrumb\",\"itemListElement\":[{\"@type\":\"ListItem\",\"position\":1,\"name\":\"Home\",\"item\":\"https:\/\/www.atins.me\/es\/\"},{\"@type\":\"ListItem\",\"position\":2,\"name\":\"Lee esto\",\"item\":\"https:\/\/www.atins.me\/es\/lee-esto\/\"},{\"@type\":\"ListItem\",\"position\":3,\"name\":\"Mapa\"}]},{\"@type\":\"WebSite\",\"@id\":\"https:\/\/www.atins.me\/es\/#website\",\"url\":\"https:\/\/www.atins.me\/es\/\",\"name\":\"Atins\",\"description\":\"Len\u00e7\u00f3is Maranhenses\",\"potentialAction\":[{\"@type\":\"SearchAction\",\"target\":{\"@type\":\"EntryPoint\",\"urlTemplate\":\"https:\/\/www.atins.me\/es\/?s={search_term_string}\"},\"query-input\":\"required name=search_term_string\"}],\"inLanguage\":\"es\"}]}<\/script>\n<!-- \/ Yoast SEO plugin. -->","yoast_head_json":{"title":"How do I find Atins?","description":"Atins is a small fishing village on the coast of Maranh\u00e3o, on the borders of the Len\u00e7\u00f3is Maranhenses National Park and two hours from Barreirinhas.","robots":{"index":"index","follow":"follow","max-snippet":"max-snippet:-1","max-image-preview":"max-image-preview:large","max-video-preview":"max-video-preview:-1"},"canonical":"https:\/\/www.atins.me\/es\/lee-esto\/mapa\/","og_locale":"es_ES","og_type":"article","og_title":"How do I find Atins?","og_description":"Atins is a small fishing village on the coast of Maranh\u00e3o, on the borders of the Len\u00e7\u00f3is Maranhenses National Park and two hours from Barreirinhas.","og_url":"https:\/\/www.atins.me\/es\/lee-esto\/mapa\/","og_site_name":"Atins","article_publisher":"http:\/\/www.facebook.com\/conventoarcadia","article_modified_time":"2019-06-25T12:25:19+00:00","twitter_card":"summary_large_image","twitter_site":"@atinsme","schema":{"@context":"https:\/\/schema.org","@graph":[{"@type":"WebPage","@id":"https:\/\/www.atins.me\/es\/lee-esto\/mapa\/","url":"https:\/\/www.atins.me\/es\/lee-esto\/mapa\/","name":"How do I find Atins?","isPartOf":{"@id":"https:\/\/www.atins.me\/es\/#website"},"datePublished":"2016-02-19T01:22:06+00:00","dateModified":"2019-06-25T12:25:19+00:00","description":"Atins is a small fishing village on the coast of Maranh\u00e3o, on the borders of the Len\u00e7\u00f3is Maranhenses National Park and two hours from Barreirinhas.","breadcrumb":{"@id":"https:\/\/www.atins.me\/es\/lee-esto\/mapa\/#breadcrumb"},"inLanguage":"es","potentialAction":[{"@type":"ReadAction","target":["https:\/\/www.atins.me\/es\/lee-esto\/mapa\/"]}]},{"@type":"BreadcrumbList","@id":"https:\/\/www.atins.me\/es\/lee-esto\/mapa\/#breadcrumb","itemListElement":[{"@type":"ListItem","position":1,"name":"Home","item":"https:\/\/www.atins.me\/es\/"},{"@type":"ListItem","position":2,"name":"Lee esto","item":"https:\/\/www.atins.me\/es\/lee-esto\/"},{"@type":"ListItem","position":3,"name":"Mapa"}]},{"@type":"WebSite","@id":"https:\/\/www.atins.me\/es\/#website","url":"https:\/\/www.atins.me\/es\/","name":"Atins","description":"Len\u00e7\u00f3is Maranhenses","potentialAction":[{"@type":"SearchAction","target":{"@type":"EntryPoint","urlTemplate":"https:\/\/www.atins.me\/es\/?s={search_term_string}"},"query-input":"required name=search_term_string"}],"inLanguage":"es"}]}},"jetpack_sharing_enabled":true,"_links":{"self":[{"href":"https:\/\/www.atins.me\/es\/wp-json\/wp\/v2\/pages\/10790"}],"collection":[{"href":"https:\/\/www.atins.me\/es\/wp-json\/wp\/v2\/pages"}],"about":[{"href":"https:\/\/www.atins.me\/es\/wp-json\/wp\/v2\/types\/page"}],"author":[{"embeddable":true,"href":"https:\/\/www.atins.me\/es\/wp-json\/wp\/v2\/users\/2"}],"replies":[{"embeddable":true,"href":"https:\/\/www.atins.me\/es\/wp-json\/wp\/v2\/comments?post=10790"}],"version-history":[{"count":0,"href":"https:\/\/www.atins.me\/es\/wp-json\/wp\/v2\/pages\/10790\/revisions"}],"up":[{"embeddable":true,"href":"https:\/\/www.atins.me\/es\/wp-json\/wp\/v2\/pages\/1769"}],"wp:attachment":[{"href":"https:\/\/www.atins.me\/es\/wp-json\/wp\/v2\/media?parent=10790"}],"curies":[{"name":"wp","href":"https:\/\/api.w.org\/{rel}","templated":true}]}}