{"id":5448,"date":"2016-02-10T19:02:55","date_gmt":"2016-02-10T21:02:55","guid":{"rendered":"https:\/\/www.atins.me\/de\/travel\/from-atins-2\/"},"modified":"2019-08-24T09:45:04","modified_gmt":"2019-08-24T12:45:04","slug":"von-atins","status":"publish","type":"page","link":"https:\/\/www.atins.me\/de\/anreise\/von-atins\/","title":{"rendered":"Von Atins"},"content":{"rendered":"<h2 id=\"atins-barreirinhas\">Atins\u00a0\u2013\u00a0Barreirinhas (~30km)<\/h2>\n<p><iframe loading=\"lazy\" src=\"https:\/\/mapsengine.google.com\/map\/embed?mid=zxSI7JzleyhY.kmaIFKULF_yo\" width=\"535\" height=\"225\"><\/iframe><\/p>\n<div class='box yellow' ><h3 class='title'><i class='icon-jeep'><\/i>Toyota<\/h3><\/p>\n<p>T\u00e4glich ausser Sonntags. Am besten die Pousada bitten, die Details nochmals zu best\u00e4tigen und zu reservieren.<\/p>\n<ul>\n<li>Zwischen 5:00 &#8211; 6:00<\/li>\n<li>~ 2 Stunden<\/li>\n<li>R$ 40<\/li>\n<\/ul>\n<p>Es hat noch eine weitere Abfahrt um 14:00.<\/p>\n<p>\n<\/div>\n<div class='box gray' ><h3 class='title'><i class='icon-boat'><\/i>Schnellboot<\/h3><\/p>\n<p>Zwei Lininenboote (lancha voadeira) verbinden Atins direkt mit Barreirinhas:<\/p>\n<p><strong>Satur:<\/strong> WA +55 98 99232 8780<\/p>\n<ul>\n<li>06:00\/06:30, 14:00 (in der Hochsaison)<\/li>\n<li>~ 1,5 Stunde<\/li>\n<li>R$ 60 pro Person<\/li>\n<\/ul>\n<p><strong>K-Be\u00e7a Turismo:<\/strong> WA +55 98 98827\u00a07715<\/p>\n<ul>\n<li>07:00<\/li>\n<li>~ 1,5 Stunde<\/li>\n<li>R$ 60 pro Person<\/li>\n<\/ul>\n<p>Zudem bietet die Agentur Atins Len\u00e7\u00f3is individuelle Fahrten an, sollten sich gen\u00fcgend Interessenten melden.<\/p>\n<ul>\n<li>~ 1\u00a0Stunde<\/li>\n<li>R$ 50 pro Person<\/li>\n<\/ul>\n<p>Alternativ kann man auch von dem Ausflugsboot auf seiner Heimfahrt von Cabur\u00e9 mitnehmen lassen.<\/p>\n<ul>\n<li>14:00<\/li>\n<li>~ 1,5 Stunden<\/li>\n<li>R$ 70 pro Person<\/li>\n<\/ul>\n<p><strong>Alternativa:<\/strong> WA +55 98 98865 0905<\/p>\n<p><strong>Malibu:<\/strong> WA +55 98 98842 1660<\/p>\n<p>Schliesslich kann man noch ein Privatboot mieten:<\/p>\n<ul>\n<li>~ 1 Stunde<\/li>\n<li>R$ 400 &#8211; R$ 450 (4 Passagiere)<\/li>\n<\/ul>\n<p>Zu den obigen Anbietern gibt es hierf\u00fcr noch die folgenden:<\/p>\n<p class=\"p1\"><span class=\"s1\"><b>Atins Len\u00e7\u00f3is:<\/b> WA +55 98 99104 9770<\/span><\/p>\n<p class=\"p1\"><span class=\"s1\"><b>Chico da Fia:<\/b> WA +55 98 99233 0708<\/span><\/p>\n<p>\n<\/div>\n<h3 id=\"barreirinhas-sao-luis\">Barreirinhas\u00a0\u2013\u00a0S\u00e3o Lu\u00eds (280km)<\/h3>\n<p><iframe loading=\"lazy\" src=\"https:\/\/mapsengine.google.com\/map\/embed?mid=zxSI7JzleyhY.kHKl5c3apIEI\" width=\"535\" height=\"225\"><\/iframe><\/p>\n<div class='box green' ><h3 class='title'><i class='icon-bus'><\/i>Bus<\/h3><\/p>\n<p>Der Reisebus setzt die Passagiere am Busbahnhof (rodovi\u00e1ria) oder direkt am Kreisel vor dem Flughafen (800m)\u00a0 in S\u00e3o Lu\u00eds ab. Falls Du weiter in die Altstadt ziehst, wirst Du noch ein weiteres Taxi bis zu Deinem Hotel bezahlen m\u00fcssen.<\/p>\n<p><strong><a href=\"http:\/\/www.cisnebrancoturismo.com.br\/\" target=\"_blank\" rel=\"noopener noreferrer\">Cisne Branco<\/a><\/strong><\/p>\n<ul>\n<li>06:00 \u00a0 &#8211; \u00a0 09:00 \u00a0 &#8211; \u00a0 14:00 \u00a0 &#8211; \u00a0 18:45<\/li>\n<li>~5 Stunden<\/li>\n<li>R$ 60<\/li>\n<\/ul>\n<p><strong><a href=\"https:\/\/www.expressoguanabara.com.br\/\" target=\"_blank\" rel=\"noopener noreferrer\">Guanabara<\/a><\/strong><\/p>\n<ul>\n<li>00:16\u00a0 \u00a0&#8211;\u00a0 \u00a009:40\u00a0 \u00a0&#8211;\u00a0 16:40<\/li>\n<li>~ 4,5 Stunden<\/li>\n<li>R$ 60,50<\/li>\n<\/ul>\n<p>\n<\/div>\n<div class='box yellow' ><h3 class='title'><i class='icon-taxi'><\/i>Taxi<\/h3><\/p>\n<p>Die Genossenschaft befindet sich an der Ecke des Pra\u00e7a do Trabalhador. Der Taxifahrer bringt die Passagiere zum Hotel oder direkt zum Flughafen in S\u00e3o Lu\u00eds.<\/p>\n<ul>\n<li>~ 3,5 Stunden<\/li>\n<li>R$ 70 pro Person<\/li>\n<li>R$ 400 privat (bis zu 4 Personen)<\/li>\n<\/ul>\n<p><strong>Coopcart:<\/strong> WA <span class=\"s1\">+55 98 99132 9047<\/span><\/p>\n<p>\n<\/div>\n<div class='box green' ><h3 class='title'><i class='icon-minibus'><\/i>Kleinbus<\/h3><\/p>\n<p>Der Minibus bringt die Passagiere zum Hotel oder direkt zum Flughafen in S\u00e3o Lu\u00eds. Man muss voraus buchen und Zeit- und Treffpunkt vereinbaren.<\/p>\n<ul>\n<li>~ 4\u00a0Stunden<\/li>\n<li>60 R$ pro Person<\/li>\n<\/ul>\n<p><strong>BRTur: <\/strong>WA\u00a0+ 55 98 98114 3649, reservasbrtur@gmail.com<\/p>\n<ul>\n<li>16:30<\/li>\n<\/ul>\n<p><strong>Divertix:<\/strong> WA +55 98 99115 1558<\/p>\n<ul>\n<li>08:30<\/li>\n<\/ul>\n<p><strong>Encanto dos Len\u00e7\u00f3is:<\/strong> WA +55 98 99607 3792<\/p>\n<ul>\n<li>16:30<\/li>\n<\/ul>\n<p><strong>Fanttur: <\/strong>WA +55 98 98876 1610, fanttur.turismo@hotmail.com<\/p>\n<ul>\n<li>16:30<\/li>\n<\/ul>\n<p><strong>Tigre: <\/strong>WA +55 98 99611 3331<\/p>\n<ul>\n<li>08:30\u00a0 &#8211; \u00a0 16:30<\/li>\n<\/ul>\n<p>\n<\/div>\n<h3><\/h3>\n<h3 id=\"barreirinhas-santo-amaro\">Barreirinhas \u2013 Santo Amaro (100km)<\/h3>\n<p><iframe loading=\"lazy\" src=\"https:\/\/www.google.com\/maps\/d\/embed?mid=1VS59ss_nvlWCJuIDZ3D0Z7L0wqBQnkbe\" width=\"535\" height=\"225\"><\/iframe><\/p>\n<div class='box yellow' ><h3 class='title'><i class='icon-taxi'><\/i>Taxi<\/h3><\/p>\n<p><strong>Coopcart:<\/strong> WA <span class=\"s1\">+55 98 99132 9047<\/span><\/p>\n<ul>\n<li>~ 1,5 Stunden<\/li>\n<li>R$ 300 privat (bis zu 4 Personen)<\/li>\n<\/ul>\n<p>\n<\/div>\n<div class='box green' ><h3 class='title'><i class='icon-minibus'><\/i>Kleinbus<\/h3><\/p>\n<p><strong>Cacau Viagens &amp; Denilson Viagens:\u00a0<\/strong>WA +55 98 98752 9762<\/p>\n<ul>\n<li>12:00<\/li>\n<li>~2 Stunden<\/li>\n<li>R$ 30 pro Person<\/li>\n<\/ul>\n<p>\n<\/div>\n<h3 id=\"barreirinhas-parnaiba\"><\/h3>\n<h3 id=\"barreirinhas-parnaiba\">Barreirinhas \u2013 Parna\u00edba (200km)<\/h3>\n<p><iframe loading=\"lazy\" src=\"https:\/\/www.google.com\/maps\/d\/embed?mid=1CgxFTzsPpyBuIM_pPVS14utP2h4CsPfA\" width=\"535\" height=\"225\"><\/iframe><\/p>\n<div class='box yellow' ><h3 class='title'><i class='icon-taxi'><\/i>Taxi<\/h3><\/p>\n<ul>\n<li>~ 3,5 Stunden<\/li>\n<li>R$ 550 privat (bis zu 4 Personen)<\/li>\n<\/ul>\n<p><strong>Coopcart:<\/strong> WA <span class=\"s1\">+55 98 99132 9047<\/span><\/p>\n<p>\n<\/div>\n<div class='box green' ><h3 class='title'><i class='icon-bus'><\/i>Bus<\/h3><\/p>\n<p><strong><em>Barreirinhas &#8211; Tutoia<\/em><\/strong><\/p>\n<p><strong><a href=\"http:\/\/www.cisnebrancoturismo.com.br\/\" target=\"_blank\" rel=\"noopener noreferrer\">Cisne Branco<\/a><\/strong><\/p>\n<ul>\n<li><span style=\"line-height: 1.5;\">11:00 \u00a0 &#8211;\u00a0 \u00a019:00\u00a0 \u00a0\u00a0<\/span><\/li>\n<li>~ 2 Stunden<\/li>\n<li>R$ 18 pro Person<\/li>\n<\/ul>\n<p><strong><a href=\"https:\/\/www.expressoguanabara.com.br\/\" target=\"_blank\" rel=\"noopener noreferrer\">Guanabara<\/a>\u00a0<\/strong><\/p>\n<ul>\n<li>12:00\u00a0 \u00a0&#8211;\u00a0 \u00a022:00\u00a0 \u00a0&#8211;\u00a0 01:00<\/li>\n<li>~ 2 Stunden<\/li>\n<li>R$ 16 pro Person<\/li>\n<\/ul>\n<p>Tickets k\u00f6nnen bei <a href=\"http:\/\/www.santosturismo.com\" target=\"_blank\" rel=\"noopener noreferrer\">Santos Turismo<\/a> am Kreisverkehr gekauft werden.<\/p>\n<p><strong><em>Tutoia &#8211; Parna\u00edba<\/em><\/strong><\/p>\n<p><strong>Rota do Mar:<\/strong> WA +55 86 98805 7228<\/p>\n<ul>\n<li>04:30 \u00a0 \u2013\u00a0 \u00a009:30 \u00a0 \u2013 \u00a0 15:00<\/li>\n<li>~ 3 Stunden<\/li>\n<li>R$ 20 pro Person<\/li>\n<\/ul>\n<p>\n<\/div>\n<div class='box green' ><h3 class='title'><i class='icon-minibus'><\/i>Kleinbus<\/h3><\/p>\n<p>Die Strecke Barreirinhas &#8211; Parna\u00edba &#8211; Jericoacoara wird in zwei Streckenabschnitten an aufeinanderfolgenden Tagen bew\u00e4ltigt.<\/p>\n<p>Barreirinhas &#8211; Parna\u00edba:<\/p>\n<ul>\n<li>~09:00<\/li>\n<li>4 Stunden<\/li>\n<li>Dienstags, Donnerstags<\/li>\n<li>R$ 125 pro Person<\/li>\n<\/ul>\n<p>Jericoacoara &#8211; Parna\u00edba (\u00fcber Barra Grande und mit Besuch der Lagoa Para\u00edso):<\/p>\n<ul>\n<li>~ 06:00<\/li>\n<li>7 Stunden<\/li>\n<li>Montags, Mittwochs, Freitags<\/li>\n<li>R$ 125 pro Person<\/li>\n<\/ul>\n<p><strong><a href=\"https:\/\/www.rotacombo.com\" target=\"_blank\" rel=\"noopener noreferrer\">Rota Combo<\/a>:<\/strong> WA +55 86 99993-0111<\/p>\n<p>\n<\/div>\n","protected":false},"excerpt":{"rendered":"<p>Atins\u00a0\u2013\u00a0Barreirinhas (~30km) Barreirinhas\u00a0\u2013\u00a0S\u00e3o Lu\u00eds (280km) Barreirinhas \u2013 Santo Amaro (100km) Barreirinhas \u2013 Parna\u00edba (200km)<\/p>\n","protected":false},"author":2,"featured_media":0,"parent":1669,"menu_order":2,"comment_status":"closed","ping_status":"closed","template":"template-with-sidebar.php","meta":{"_mi_skip_tracking":false,"_monsterinsights_sitenote_active":false,"_monsterinsights_sitenote_note":"","_monsterinsights_sitenote_category":0,"footnotes":""},"yoast_head":"<!-- This site is optimized with the Yoast SEO plugin v21.0 - https:\/\/yoast.com\/wordpress\/plugins\/seo\/ -->\n<title>Von Atins &ndash; Atins<\/title>\n<meta name=\"robots\" content=\"index, follow, max-snippet:-1, max-image-preview:large, max-video-preview:-1\" \/>\n<link rel=\"canonical\" href=\"https:\/\/www.atins.me\/de\/anreise\/von-atins\/\" \/>\n<meta property=\"og:locale\" content=\"de_DE\" \/>\n<meta property=\"og:type\" content=\"article\" \/>\n<meta property=\"og:title\" content=\"Von Atins &ndash; Atins\" \/>\n<meta property=\"og:description\" content=\"Atins\u00a0\u2013\u00a0Barreirinhas (~30km) Barreirinhas\u00a0\u2013\u00a0S\u00e3o Lu\u00eds (280km) Barreirinhas \u2013 Santo Amaro (100km) Barreirinhas \u2013 Parna\u00edba (200km)\" \/>\n<meta property=\"og:url\" content=\"https:\/\/www.atins.me\/de\/anreise\/von-atins\/\" \/>\n<meta property=\"og:site_name\" content=\"Atins\" \/>\n<meta property=\"article:publisher\" content=\"http:\/\/www.facebook.com\/conventoarcadia\" \/>\n<meta property=\"article:modified_time\" content=\"2019-08-24T12:45:04+00:00\" \/>\n<meta name=\"twitter:card\" content=\"summary_large_image\" \/>\n<meta name=\"twitter:site\" content=\"@atinsme\" \/>\n<meta name=\"twitter:label1\" content=\"Est. reading time\" \/>\n\t<meta name=\"twitter:data1\" content=\"2 minutes\" \/>\n<script type=\"application\/ld+json\" class=\"yoast-schema-graph\">{\"@context\":\"https:\/\/schema.org\",\"@graph\":[{\"@type\":\"WebPage\",\"@id\":\"https:\/\/www.atins.me\/de\/anreise\/von-atins\/\",\"url\":\"https:\/\/www.atins.me\/de\/anreise\/von-atins\/\",\"name\":\"Von Atins &ndash; Atins\",\"isPartOf\":{\"@id\":\"https:\/\/www.atins.me\/es\/#website\"},\"datePublished\":\"2016-02-10T21:02:55+00:00\",\"dateModified\":\"2019-08-24T12:45:04+00:00\",\"breadcrumb\":{\"@id\":\"https:\/\/www.atins.me\/de\/anreise\/von-atins\/#breadcrumb\"},\"inLanguage\":\"de\",\"potentialAction\":[{\"@type\":\"ReadAction\",\"target\":[\"https:\/\/www.atins.me\/de\/anreise\/von-atins\/\"]}]},{\"@type\":\"BreadcrumbList\",\"@id\":\"https:\/\/www.atins.me\/de\/anreise\/von-atins\/#breadcrumb\",\"itemListElement\":[{\"@type\":\"ListItem\",\"position\":1,\"name\":\"Home\",\"item\":\"https:\/\/www.atins.me\/de\/\"},{\"@type\":\"ListItem\",\"position\":2,\"name\":\"Anreise\",\"item\":\"https:\/\/www.atins.me\/de\/anreise\/\"},{\"@type\":\"ListItem\",\"position\":3,\"name\":\"Von Atins\"}]},{\"@type\":\"WebSite\",\"@id\":\"https:\/\/www.atins.me\/es\/#website\",\"url\":\"https:\/\/www.atins.me\/es\/\",\"name\":\"Atins\",\"description\":\"Len\u00e7\u00f3is Maranhenses\",\"potentialAction\":[{\"@type\":\"SearchAction\",\"target\":{\"@type\":\"EntryPoint\",\"urlTemplate\":\"https:\/\/www.atins.me\/es\/?s={search_term_string}\"},\"query-input\":\"required name=search_term_string\"}],\"inLanguage\":\"de\"}]}<\/script>\n<!-- \/ Yoast SEO plugin. -->","yoast_head_json":{"title":"Von Atins &ndash; Atins","robots":{"index":"index","follow":"follow","max-snippet":"max-snippet:-1","max-image-preview":"max-image-preview:large","max-video-preview":"max-video-preview:-1"},"canonical":"https:\/\/www.atins.me\/de\/anreise\/von-atins\/","og_locale":"de_DE","og_type":"article","og_title":"Von Atins &ndash; Atins","og_description":"Atins\u00a0\u2013\u00a0Barreirinhas (~30km) Barreirinhas\u00a0\u2013\u00a0S\u00e3o Lu\u00eds (280km) Barreirinhas \u2013 Santo Amaro (100km) Barreirinhas \u2013 Parna\u00edba (200km)","og_url":"https:\/\/www.atins.me\/de\/anreise\/von-atins\/","og_site_name":"Atins","article_publisher":"http:\/\/www.facebook.com\/conventoarcadia","article_modified_time":"2019-08-24T12:45:04+00:00","twitter_card":"summary_large_image","twitter_site":"@atinsme","twitter_misc":{"Est. reading time":"2 minutes"},"schema":{"@context":"https:\/\/schema.org","@graph":[{"@type":"WebPage","@id":"https:\/\/www.atins.me\/de\/anreise\/von-atins\/","url":"https:\/\/www.atins.me\/de\/anreise\/von-atins\/","name":"Von Atins &ndash; Atins","isPartOf":{"@id":"https:\/\/www.atins.me\/es\/#website"},"datePublished":"2016-02-10T21:02:55+00:00","dateModified":"2019-08-24T12:45:04+00:00","breadcrumb":{"@id":"https:\/\/www.atins.me\/de\/anreise\/von-atins\/#breadcrumb"},"inLanguage":"de","potentialAction":[{"@type":"ReadAction","target":["https:\/\/www.atins.me\/de\/anreise\/von-atins\/"]}]},{"@type":"BreadcrumbList","@id":"https:\/\/www.atins.me\/de\/anreise\/von-atins\/#breadcrumb","itemListElement":[{"@type":"ListItem","position":1,"name":"Home","item":"https:\/\/www.atins.me\/de\/"},{"@type":"ListItem","position":2,"name":"Anreise","item":"https:\/\/www.atins.me\/de\/anreise\/"},{"@type":"ListItem","position":3,"name":"Von Atins"}]},{"@type":"WebSite","@id":"https:\/\/www.atins.me\/es\/#website","url":"https:\/\/www.atins.me\/es\/","name":"Atins","description":"Len\u00e7\u00f3is Maranhenses","potentialAction":[{"@type":"SearchAction","target":{"@type":"EntryPoint","urlTemplate":"https:\/\/www.atins.me\/es\/?s={search_term_string}"},"query-input":"required name=search_term_string"}],"inLanguage":"de"}]}},"jetpack_sharing_enabled":true,"_links":{"self":[{"href":"https:\/\/www.atins.me\/de\/wp-json\/wp\/v2\/pages\/5448"}],"collection":[{"href":"https:\/\/www.atins.me\/de\/wp-json\/wp\/v2\/pages"}],"about":[{"href":"https:\/\/www.atins.me\/de\/wp-json\/wp\/v2\/types\/page"}],"author":[{"embeddable":true,"href":"https:\/\/www.atins.me\/de\/wp-json\/wp\/v2\/users\/2"}],"replies":[{"embeddable":true,"href":"https:\/\/www.atins.me\/de\/wp-json\/wp\/v2\/comments?post=5448"}],"version-history":[{"count":0,"href":"https:\/\/www.atins.me\/de\/wp-json\/wp\/v2\/pages\/5448\/revisions"}],"up":[{"embeddable":true,"href":"https:\/\/www.atins.me\/de\/wp-json\/wp\/v2\/pages\/1669"}],"wp:attachment":[{"href":"https:\/\/www.atins.me\/de\/wp-json\/wp\/v2\/media?parent=5448"}],"curies":[{"name":"wp","href":"https:\/\/api.w.org\/{rel}","templated":true}]}}