{"id":5443,"date":"2016-02-10T18:34:18","date_gmt":"2016-02-10T20:34:18","guid":{"rendered":"https:\/\/www.atins.me\/de\/travel\/to-atins\/"},"modified":"2019-08-24T09:56:56","modified_gmt":"2019-08-24T12:56:56","slug":"nach-atins","status":"publish","type":"page","link":"https:\/\/www.atins.me\/de\/anreise\/nach-atins\/","title":{"rendered":"Nach Atins"},"content":{"rendered":"<h2 id=\"sao-luis-airport\">S\u00e3o Lu\u00eds Flughafen\u00a0\u2013 S\u00e3o Lu\u00eds Altstadt<\/h2>\n<div class='box yellow' ><h3 class='title'><i class='icon-taxi'><\/i>Taxi<\/h3><\/p>\n<p>Regul\u00e4re und speziell f\u00fcr den Flughafen lizensierte Taxis ins Historische Zentrum (Centro Hist\u00f3rico):<\/p>\n<ul>\n<li>~ R$ 55<\/li>\n<\/ul>\n<p>G\u00fcnstigere Alternative: ~800 Meter vor den T\u00fcren des Flughafens, am Kreisverkehr (links abbiegen wenn man das Flughafengel\u00e4nde verl\u00e4sst), finden sich zahlreiche Mototaxis wie auch regul\u00e4re Taxis. Uber ist auch in S\u00e3o Lu\u00eds or Ort und berechnet um die 60% der regul\u00e4ren Taxis.<\/p>\n<p>\n<\/div>\n<h2 id=\"sao-luis-barreirinhas\">S\u00e3o Lu\u00eds \u2013 Barreirinhas (280km)<\/h2>\n<p><iframe loading=\"lazy\" src=\"https:\/\/mapsengine.google.com\/map\/embed?mid=zxSI7JzleyhY.kn0fLdsh74XQ\" width=\"535\" height=\"225\"><\/iframe><\/p>\n<div class='box green' ><h3 class='title'><i class='icon-bus'><\/i>Bus<\/h3><\/p>\n<p>Der Busbahnhof (rodovi\u00e1ria) befindet sich nahe des Flughafens. Der Bus ist eine praktische Option sollte man direkt vom Flughafen nach Barreirinhas wollen, andernfalls sollte man die Kosten f\u00fcr das Taxi vom Zentrum zum Busbahnhof mit ber\u00fccksichtigen.<\/p>\n<p><strong><a href=\"http:\/\/www.cisnebrancoturismo.com.br\/\" target=\"_blank\" rel=\"noopener noreferrer\">Cisne Branco<\/a><\/strong><\/p>\n<ul>\n<li>06:00 \u00a0 &#8211; \u00a0 08:45 \u00a0 &#8211; \u00a0 14:00 \u00a0 &#8211; \u00a0 19:30<\/li>\n<li>~ 5 Stunden<\/li>\n<li>R$ 60<\/li>\n<\/ul>\n<p><strong><a href=\"https:\/\/www.expressoguanabara.com.br\/\" target=\"_blank\" rel=\"noopener noreferrer\">Guanabara<\/a><\/strong><\/p>\n<ul>\n<li>07:30 \u00a0 &#8211;\u00a0 \u00a018:00\u00a0 \u00a0&#8211;\u00a0 \u00a021:00<\/li>\n<li>~ 4,5 Stunden<\/li>\n<li>R$ 62,50<\/li>\n<\/ul>\n<p>\n<\/div>\n<div class='box yellow' ><h3 class='title'><i class='icon-taxi'><\/i>Taxi<\/h3><\/p>\n<p>Holen die G\u00e4ste direkt am Hotel oder auch am Flughafen ab. Falls Du direkt vom Flughafen abgeholt werden magst solltest Du vorausbuchen.<\/p>\n<ul>\n<li>~ 3,5 Stunden<\/li>\n<li>R$ 70 pro Person<\/li>\n<li>R$ 400 privat<\/li>\n<\/ul>\n<p><strong>Coopcart:<\/strong> WA <span class=\"s1\">+55 98 99132 9047<\/span><\/p>\n<p>\n<\/div>\n<div class='box green' ><h3 class='title'><i class='icon-minibus'><\/i>Kleinbus<\/h3><\/p>\n<ul>\n<li>~4,5 horas<\/li>\n<li>60 R$ pro Person<\/li>\n<\/ul>\n<p><strong>BRTur: <\/strong>WA\u00a0+ 55 98 98114 3649, reservasbrtur@gmail.com<\/p>\n<ul>\n<li>07:00<\/li>\n<\/ul>\n<p><strong>Divertix:<\/strong> WA +55 98 99115 1558<\/p>\n<ul>\n<li>15:30<\/li>\n<\/ul>\n<p><strong>Encanto dos Len\u00e7\u00f3is:<\/strong> WA +55 98 99607 3792<\/p>\n<ul>\n<li>06:30<\/li>\n<\/ul>\n<p><strong>Fanttur: <\/strong>WA +55 98 98876 1610, fanttur.turismo@hotmail.com<\/p>\n<ul>\n<li>06:30<\/li>\n<\/ul>\n<p><strong>Tigre: <\/strong>WA +55 98 99611 3331<\/p>\n<ul>\n<li>04:h00 \u00a0 &#8211; \u00a0 07:00\u00a0 \u00a0&#8211; \u00a0 16:30<\/li>\n<\/ul>\n<p>\n<\/div>\n<h2 id=\"barreirinhas-atins\">Barreirinhas \u2013 Atins (~30km)<\/h2>\n<p><iframe loading=\"lazy\" src=\"https:\/\/mapsengine.google.com\/map\/embed?mid=zxSI7JzleyhY.kmaIFKULF_yo\" width=\"535\" height=\"225\"><\/iframe><\/p>\n<div class='box yellow' ><h3 class='title'><i class='icon-jeep'><\/i>4x4<\/h3><\/p>\n<p>Abfahrt zwischen 10.00 \u2013 11.00 t\u00e4glich ausgenommen Sonntag. Mehrere Wagen fahren ab vom Agro Veterin\u00e1ria Correa, welcher sich eine Strasse parallel zur Hauptstrasse (Banco do Brasil) zur\u00fcckversetzt befindet (Rua Maj. Galas). Manchmal findet sich noch eine zweite Abfahrtszeit am nachmittag zwischen 13:00 \u2013 15:00.<\/p>\n<ul>\n<li>~ 2\u00a0Stunden<\/li>\n<li>R$ 40 pro Person<\/li>\n<\/ul>\n<p>\n<\/div>\n<div class='box gray' ><h3 class='title'><i class='icon-boat'><\/i>Schnellboot<\/h3><\/p>\n<p>Zwei Lininenboote (lancha voadeira) verbinden Barreirinhas direkt mit Atins:<\/p>\n<p><strong>Satur:<\/strong> WA +55 98 99232 8780<\/p>\n<ul>\n<li>12:00, 16:00 (in der Hochsaison)<\/li>\n<li>~ 1,5 Stunde<\/li>\n<li>R$ 60 pro Person<\/li>\n<\/ul>\n<p><strong>K-Be\u00e7a Turismo:<\/strong> WA +55 98 98827\u00a07715<\/p>\n<ul>\n<li>12:30<\/li>\n<li>~ 1,5 Stunde<\/li>\n<li>R$ 60 pro Person<\/li>\n<\/ul>\n<p>Alternativ kannst Du auch die Ausflugsfahrt auf dem Rio Pregui\u00e7as mit dem Touristenboot mitmachen. Kann man empfehlen, Haltestellen sind Vassouras, Mandacar\u00fa und Cabur\u00e9.<\/p>\n<ul>\n<li>08:30<\/li>\n<li>~ 5-6 Stunden<\/li>\n<li>R$ 70 &#8211; 80 pro Person<\/li>\n<\/ul>\n<p><strong>Alternativa:<\/strong> WA +55 98 98865 0905<\/p>\n<p><strong>Malibu:<\/strong> WA +55 98 98842 1660<\/p>\n<p>Schliesslich kann man noch ein Privatboot mieten:<\/p>\n<ul>\n<li>~ 1 Stunde<\/li>\n<li>R$ 400 &#8211; R$ 450 (4 Passagiere)<\/li>\n<\/ul>\n<p>Zu den obigen Anbietern gibt es hierf\u00fcr noch die folgenden:<\/p>\n<p class=\"p1\"><span class=\"s1\"><b>Atins Len\u00e7\u00f3is:<\/b> WA +55 98 99104 9770<\/span><\/p>\n<p class=\"p1\"><span class=\"s1\"><b>Chico da Fia:<\/b> WA +55 98 99233 0708<\/span><\/p>\n<p>\n<\/div>\n<h2 id=\"jericoacoara-barreirinhas\">Jericoacoara &#8211; Barreirinhas (~ 400km)<\/h2>\n<p><iframe loading=\"lazy\" src=\"https:\/\/mapsengine.google.com\/map\/embed?mid=zxSI7JzleyhY.kwPFq3anFxLI\" width=\"535\" height=\"225\"><\/iframe><\/p>\n<h3>Direkt<\/h3>\n<div class='box yellow' ><h3 class='title'><i class='icon-jeep'><\/i>Privatwagen<\/h3><\/p>\n<ul>\n<li>7 Stunden<\/li>\n<li>~ R$ 1000 &#8211; 1200 pro Wagen (bis zu 4 Passagiere)<\/li>\n<\/ul>\n<p>\n<\/div>\n<h3>Mehrere Tage<\/h3>\n<div class='box yellow' ><h3 class='title'><i class='icon-jeep'><\/i>Privatwagen<\/h3><\/p>\n<p>2 &#8211; 3 Tagestour von Jeri zum Len\u00e7\u00f3is\u00a0 Maranhenses. Mehrere Agenturen und zahlreiche Privatfahrer bieten verschiedene Pakete an. Es lohnt, sich etwa umzuschauen und zu verhandeln, speziell in der Neben- und Nachsaison.<\/p>\n<ul>\n<li>2 &#8211; 3 Tage<\/li>\n<li>R$ 1500+ pro Auto (bis zu 4 Personen, nur f\u00fcr die Fahrt, ohne Unterkunft)<\/li>\n<\/ul>\n<p>\n<\/div>\n<div class='box green' ><h3 class='title'><i class='icon-minibus'><\/i>Kleinbus<\/h3><\/p>\n<p>Die Strecke Jericoacoara &#8211; Parna\u00edba &#8211; Barreirinhas wird in zwei Streckenabschnitten an aufeinanderfolgenden Tagen bew\u00e4ltigt.<\/p>\n<p>Jericoacoara &#8211; Parna\u00edba (\u00fcber Barra Grande):<\/p>\n<ul>\n<li>~ 09:30<\/li>\n<li>4 Stunden<\/li>\n<li>Montags, Mittwochs, Freitags<\/li>\n<li>R$ 125 pro Person<\/li>\n<\/ul>\n<p>Parna\u00edba &#8211; Barreirinhas:<\/p>\n<ul>\n<li>~05:30<\/li>\n<li>4 Stunden<\/li>\n<li>Dienstags, Donnerstags<\/li>\n<li>R$ 125 pro Person<\/li>\n<\/ul>\n<p><strong><a href=\"https:\/\/www.rotacombo.com\" target=\"_blank\" rel=\"noopener noreferrer\">Rota Combo<\/a>:<\/strong> WA +55 86 99993-0111<\/p>\n<p>\n<\/div>\n<p>[\/jeep]<\/p>\n<div class='box gray' style='color:#fff;border-color:#fff;background-color:#545454;'><h3 class='title'><i class='icon-none'><\/i>\u00d6ffentlicher Verkehr<\/h3><\/p>\n<p>Wenigstens 2 Tage und Du kannst noch einen Zwischenstopp in Barra Grande, Parna\u00edba, Tut\u00f3ia, Paulino Neves oder Cabur\u00e9\/Barreirinhas mit einplanen.<\/p>\n<ul>\n<li>2+Tagesreise<\/li>\n<li>ab R$ 200 pro Person<\/li>\n<\/ul>\n<p>\n<\/div>\n<hr \/>\n<h4>Zwischenhalte<\/h4>\n<hr \/>\n<h4><strong>Jericoacoara &#8211; Camocim<\/strong><\/h4>\n<div class='box yellow' ><h3 class='title'><i class='icon-jeep'><\/i>4x4<\/h3><\/p>\n<p>Ein sehr pituresker Trip am Strand entlang. Buche in einer der Reiseagenturen in Jeri!<\/p>\n<ul>\n<li>~ 2\u00a0Stunden<\/li>\n<\/ul>\n<p>\n<\/div>\n<div class='box green' ><h3 class='title'><i class='icon-bus'><\/i>Bus<\/h3><\/p>\n<p>Durchs Hinterland via Jijoca entlang der Hauptverbindungsstrasse.<\/p>\n<p>\n<\/div>\n<h4>Camocim &#8211; Parna\u00edba<\/h4>\n<div class='box green' ><h3 class='title'><i class='icon-bus'><\/i>Bus<\/h3><\/p>\n<p>Wenn Du den Abzweiger nach Barra Grande machen m\u00f6chtest solltest Du in Camurupim aussteigen. Die Busreise von Jeri bis Parna\u00edba ist<\/p>\n<ul>\n<li>~ 2 Stunden<\/li>\n<li>~ R$ 25<\/li>\n<\/ul>\n<p><strong><a href=\"https:\/\/www.expressoguanabara.com.br\/\" target=\"_blank\" rel=\"noopener noreferrer\">Guanabara<\/a><\/strong><\/p>\n<p>\n<\/div>\n<div class='box gray' style='color:#fff;border-color:#fff;background-color:#545454;'><h3 class='title'><i class='icon-none'><\/i>Camurupim - Barra Grande<\/h3><\/p>\n<p>Zweimal t\u00e4glich geht ein Bus, oder Du trampst. Falls Ihr schon eine Unterkunft in Barra Grande gebucht habt, dann lasst Euch von denen in Camurupim oder sogar direkt in Camocim abholen.<\/p>\n<p>\n<\/div>\n<h4><strong>Barra Grande &#8211; Parna\u00edba<\/strong><\/h4>\n<div class='box green' ><h3 class='title'><i class='icon-bus'><\/i>Bus<\/h3><\/p>\n<ul>\n<li>1 Stunde<\/li>\n<\/ul>\n<p>\n<\/div>\n<div class='box green' ><h3 class='title'><i class='icon-minibus'><\/i>Kleinbus<\/h3><\/p>\n<p>Der Minibus ist ein wenig schneller als der \u00f6ffentliche.<\/p>\n<p>\n<\/div>\n<h4>Parna\u00edba &#8211; Tut\u00f3ia<\/h4>\n<div class='box gray' ><h3 class='title'><i class='icon-boat'><\/i>Boot<\/h3><\/p>\n<p>Manchmal bieten die Agenturen g\u00fcnstigere Tarife, wenn sie bereits eine Fahrt in die Gegenrichtung gebucht haben. Anstatt einer Leerfahrt bekommen sie so noch etwas in die Kasse. Die regul\u00e4ren Preise sind wie folgt:<\/p>\n<ul>\n<li>~3-4 Stunden<\/li>\n<li>~ R$ 800 Privatboot (&lt; 4 Personen)<\/li>\n<\/ul>\n<p>Geht direkt zum <em>Porto das Barcas<\/em> um die Bootsfahrt von Parna\u00edba nach Tut\u00f3ia zu buchen.<\/p>\n<ul>\n<li><a title=\"Clip Ecoturismo\" href=\"http:\/\/www.clipecoturismo.com.br\" target=\"_blank\" rel=\"noopener noreferrer\">Clip<\/a><\/li>\n<li><a href=\"https:\/\/www.rotacombo.com\/\" target=\"_blank\" rel=\"noopener noreferrer\">Rota Combo<\/a><\/li>\n<\/ul>\n<p>Die meisten Boote legen vom nahegelegenen Tatus, welches lediglich 15 Minuten mit dem Taxi oder eine 1\/2 Stunde per Bus entfernt ist, ab.<\/p>\n<p>Ihr k\u00f6nntet also auch direkt selbst\u00e4ndig von Parna\u00edba nach Tatus und Euch dort vor Ort eine Bootsfahrt organisieren.<\/p>\n<p>Reisenden, die sich f\u00fcr die reichhaltige Fauna und Flora des Delta interessieren, wird geraten sich ein langsames Boot zu arrangieren und einen ganzen oder besser zwei volle Tage im M\u00fcndungsdelta zu verbringen.<\/p>\n<p>\n<\/div>\n<div class='box green' ><h3 class='title'><i class='icon-bus'><\/i>Bus<\/h3><\/p>\n<p><strong>Rota do Mar:<\/strong> WA +55 86 98805-7228<\/p>\n<ul>\n<li>05:30 \u00a0 \u2013\u00a0 \u00a011:30 \u00a0 \u2013\u00a0 \u00a0 16:30<\/li>\n<li>~ 3 Stunden<\/li>\n<li>R$ 20<\/li>\n<\/ul>\n<p>\n<\/div>\n<h4>Tut\u00f3ia &#8211; Barreirinhas<\/h4>\n<div class='box green' ><h3 class='title'><i class='icon-bus'><\/i>Bus<\/h3><\/p>\n<p>Mit Zwischenhalt in Paulino Neves.<\/p>\n<p><strong><a href=\"http:\/\/www.cisnebrancoturismo.com.br\/\" target=\"_blank\" rel=\"noopener noreferrer\">Cisne Branco<\/a><\/strong><\/p>\n<ul>\n<li>07:00\u00a0 \u00a0\u2013\u00a0 \u00a012:00<\/li>\n<li>~ 2 Stunden<\/li>\n<li>R$ 18 pro Person<\/li>\n<\/ul>\n<p><strong><a href=\"https:\/\/www.expressoguanabara.com.br\/\" target=\"_blank\" rel=\"noopener noreferrer\">Guanabara<\/a><\/strong><\/p>\n<ul>\n<li>08:00\u00a0 \u00a0&#8211;\u00a0 \u00a015:00\u00a0 \u00a0&#8211;\u00a0 22:30<\/li>\n<li>~ 2 Stunden<\/li>\n<li>R$ 16 pro Person<\/li>\n<\/ul>\n<p>\n<\/div>\n<h4>Paulinho Neves &#8211; Cabur\u00e9<\/h4>\n<div class='box yellow' ><h3 class='title'><i class='icon-jeep'><\/i>4x4<\/h3><\/p>\n<ul>\n<li>~ 45 Minuten<\/li>\n<li>R$ 250 pro Auto<\/li>\n<\/ul>\n<p><strong>Lobotours:<\/strong> WA +55 98 98421 0188<\/p>\n<p>\n<\/div>\n<h4>Cabur\u00e9 &#8211; Atins:<\/h4>\n<div class='box gray' ><h3 class='title'><i class='icon-boat'><\/i>Boot<\/h3><\/p>\n<ul>\n<li>~ 1\/2\u00a0Stunde<\/li>\n<li>R$ 50 pro Person<\/li>\n<\/ul>\n<p><strong>Everton Turismo:<\/strong> WA +55 98 98709 8592<\/p>\n<p><strong>Chico Da Fia:<\/strong> WA +55 98 99233 0708<\/p>\n<p>\n<\/div>\n<h2>Agenturen in Jericoacoara<\/h2>\n<ul>\n<li><a title=\"Global Connection\" href=\"http:\/\/globalconnection.tur.br\" target=\"_blank\" rel=\"noopener noreferrer\">Global Connection<\/a>: Busfahrkarten nach Fortaleza, Fortaleza Flughafen, Camocim, Parna\u00edba, S\u00e3o Lu\u00eds, etc., <span style=\"line-height: 1.5;\">Privatwagen (4&#215;4) und Einzelabschnitte, halb\u00f6ffentliche Verkehrsmittel<\/span><\/li>\n<li><a style=\"line-height: 1.5;\" title=\"Unitur Viagens\" href=\"http:\/\/uniturviagens.com.br\" target=\"_blank\" rel=\"noopener noreferrer\">Unitur<\/a><span style=\"line-height: 1.5;\">: Privatwagen (4&#215;4) und Einzelabschnitte, halb\u00f6ffentliche Verkehrsmittel <\/span><\/li>\n<\/ul>\n","protected":false},"excerpt":{"rendered":"<p>S\u00e3o Lu\u00eds Flughafen\u00a0\u2013 S\u00e3o Lu\u00eds Altstadt S\u00e3o Lu\u00eds \u2013 Barreirinhas (280km) Barreirinhas \u2013 Atins (~30km) Jericoacoara &#8211; Barreirinhas (~ 400km) Direkt Mehrere Tage [\/jeep] Zwischenhalte Jericoacoara &#8211; Camocim Camocim &#8211; Parna\u00edba Barra Grande &#8211; Parna\u00edba Parna\u00edba &#8211; Tut\u00f3ia Tut\u00f3ia &#8211; Barreirinhas Paulinho Neves &#8211; Cabur\u00e9 Cabur\u00e9 &#8211; Atins: Agenturen in Jericoacoara Global Connection: Busfahrkarten nach\u2026<\/p>\n","protected":false},"author":2,"featured_media":0,"parent":1669,"menu_order":1,"comment_status":"closed","ping_status":"closed","template":"template-with-sidebar.php","meta":{"_mi_skip_tracking":false,"_monsterinsights_sitenote_active":false,"_monsterinsights_sitenote_note":"","_monsterinsights_sitenote_category":0,"footnotes":""},"yoast_head":"<!-- This site is optimized with the Yoast SEO plugin v21.0 - https:\/\/yoast.com\/wordpress\/plugins\/seo\/ -->\n<title>Nach Atins &ndash; Atins<\/title>\n<meta name=\"robots\" content=\"index, follow, max-snippet:-1, max-image-preview:large, max-video-preview:-1\" \/>\n<link rel=\"canonical\" href=\"https:\/\/www.atins.me\/de\/anreise\/nach-atins\/\" \/>\n<meta property=\"og:locale\" content=\"de_DE\" \/>\n<meta property=\"og:type\" content=\"article\" \/>\n<meta property=\"og:title\" content=\"Nach Atins &ndash; Atins\" \/>\n<meta property=\"og:description\" content=\"S\u00e3o Lu\u00eds Flughafen\u00a0\u2013 S\u00e3o Lu\u00eds Altstadt S\u00e3o Lu\u00eds \u2013 Barreirinhas (280km) Barreirinhas \u2013 Atins (~30km) Jericoacoara &#8211; Barreirinhas (~ 400km) Direkt Mehrere Tage [\/jeep] Zwischenhalte Jericoacoara &#8211; Camocim Camocim &#8211; Parna\u00edba Barra Grande &#8211; Parna\u00edba Parna\u00edba &#8211; Tut\u00f3ia Tut\u00f3ia &#8211; Barreirinhas Paulinho Neves &#8211; Cabur\u00e9 Cabur\u00e9 &#8211; Atins: Agenturen in Jericoacoara Global Connection: Busfahrkarten nach\u2026\" \/>\n<meta property=\"og:url\" content=\"https:\/\/www.atins.me\/de\/anreise\/nach-atins\/\" \/>\n<meta property=\"og:site_name\" content=\"Atins\" \/>\n<meta property=\"article:publisher\" content=\"http:\/\/www.facebook.com\/conventoarcadia\" \/>\n<meta property=\"article:modified_time\" content=\"2019-08-24T12:56:56+00:00\" \/>\n<meta name=\"twitter:card\" content=\"summary_large_image\" \/>\n<meta name=\"twitter:site\" content=\"@atinsme\" \/>\n<meta name=\"twitter:label1\" content=\"Est. reading time\" \/>\n\t<meta name=\"twitter:data1\" content=\"4 minutes\" \/>\n<script type=\"application\/ld+json\" class=\"yoast-schema-graph\">{\"@context\":\"https:\/\/schema.org\",\"@graph\":[{\"@type\":\"WebPage\",\"@id\":\"https:\/\/www.atins.me\/de\/anreise\/nach-atins\/\",\"url\":\"https:\/\/www.atins.me\/de\/anreise\/nach-atins\/\",\"name\":\"Nach Atins &ndash; Atins\",\"isPartOf\":{\"@id\":\"https:\/\/www.atins.me\/es\/#website\"},\"datePublished\":\"2016-02-10T20:34:18+00:00\",\"dateModified\":\"2019-08-24T12:56:56+00:00\",\"breadcrumb\":{\"@id\":\"https:\/\/www.atins.me\/de\/anreise\/nach-atins\/#breadcrumb\"},\"inLanguage\":\"de\",\"potentialAction\":[{\"@type\":\"ReadAction\",\"target\":[\"https:\/\/www.atins.me\/de\/anreise\/nach-atins\/\"]}]},{\"@type\":\"BreadcrumbList\",\"@id\":\"https:\/\/www.atins.me\/de\/anreise\/nach-atins\/#breadcrumb\",\"itemListElement\":[{\"@type\":\"ListItem\",\"position\":1,\"name\":\"Home\",\"item\":\"https:\/\/www.atins.me\/de\/\"},{\"@type\":\"ListItem\",\"position\":2,\"name\":\"Anreise\",\"item\":\"https:\/\/www.atins.me\/de\/anreise\/\"},{\"@type\":\"ListItem\",\"position\":3,\"name\":\"Nach Atins\"}]},{\"@type\":\"WebSite\",\"@id\":\"https:\/\/www.atins.me\/es\/#website\",\"url\":\"https:\/\/www.atins.me\/es\/\",\"name\":\"Atins\",\"description\":\"Len\u00e7\u00f3is Maranhenses\",\"potentialAction\":[{\"@type\":\"SearchAction\",\"target\":{\"@type\":\"EntryPoint\",\"urlTemplate\":\"https:\/\/www.atins.me\/es\/?s={search_term_string}\"},\"query-input\":\"required name=search_term_string\"}],\"inLanguage\":\"de\"}]}<\/script>\n<!-- \/ Yoast SEO plugin. -->","yoast_head_json":{"title":"Nach Atins &ndash; Atins","robots":{"index":"index","follow":"follow","max-snippet":"max-snippet:-1","max-image-preview":"max-image-preview:large","max-video-preview":"max-video-preview:-1"},"canonical":"https:\/\/www.atins.me\/de\/anreise\/nach-atins\/","og_locale":"de_DE","og_type":"article","og_title":"Nach Atins &ndash; Atins","og_description":"S\u00e3o Lu\u00eds Flughafen\u00a0\u2013 S\u00e3o Lu\u00eds Altstadt S\u00e3o Lu\u00eds \u2013 Barreirinhas (280km) Barreirinhas \u2013 Atins (~30km) Jericoacoara &#8211; Barreirinhas (~ 400km) Direkt Mehrere Tage [\/jeep] Zwischenhalte Jericoacoara &#8211; Camocim Camocim &#8211; Parna\u00edba Barra Grande &#8211; Parna\u00edba Parna\u00edba &#8211; Tut\u00f3ia Tut\u00f3ia &#8211; Barreirinhas Paulinho Neves &#8211; Cabur\u00e9 Cabur\u00e9 &#8211; Atins: Agenturen in Jericoacoara Global Connection: Busfahrkarten nach\u2026","og_url":"https:\/\/www.atins.me\/de\/anreise\/nach-atins\/","og_site_name":"Atins","article_publisher":"http:\/\/www.facebook.com\/conventoarcadia","article_modified_time":"2019-08-24T12:56:56+00:00","twitter_card":"summary_large_image","twitter_site":"@atinsme","twitter_misc":{"Est. reading time":"4 minutes"},"schema":{"@context":"https:\/\/schema.org","@graph":[{"@type":"WebPage","@id":"https:\/\/www.atins.me\/de\/anreise\/nach-atins\/","url":"https:\/\/www.atins.me\/de\/anreise\/nach-atins\/","name":"Nach Atins &ndash; Atins","isPartOf":{"@id":"https:\/\/www.atins.me\/es\/#website"},"datePublished":"2016-02-10T20:34:18+00:00","dateModified":"2019-08-24T12:56:56+00:00","breadcrumb":{"@id":"https:\/\/www.atins.me\/de\/anreise\/nach-atins\/#breadcrumb"},"inLanguage":"de","potentialAction":[{"@type":"ReadAction","target":["https:\/\/www.atins.me\/de\/anreise\/nach-atins\/"]}]},{"@type":"BreadcrumbList","@id":"https:\/\/www.atins.me\/de\/anreise\/nach-atins\/#breadcrumb","itemListElement":[{"@type":"ListItem","position":1,"name":"Home","item":"https:\/\/www.atins.me\/de\/"},{"@type":"ListItem","position":2,"name":"Anreise","item":"https:\/\/www.atins.me\/de\/anreise\/"},{"@type":"ListItem","position":3,"name":"Nach Atins"}]},{"@type":"WebSite","@id":"https:\/\/www.atins.me\/es\/#website","url":"https:\/\/www.atins.me\/es\/","name":"Atins","description":"Len\u00e7\u00f3is Maranhenses","potentialAction":[{"@type":"SearchAction","target":{"@type":"EntryPoint","urlTemplate":"https:\/\/www.atins.me\/es\/?s={search_term_string}"},"query-input":"required name=search_term_string"}],"inLanguage":"de"}]}},"jetpack_sharing_enabled":true,"_links":{"self":[{"href":"https:\/\/www.atins.me\/de\/wp-json\/wp\/v2\/pages\/5443"}],"collection":[{"href":"https:\/\/www.atins.me\/de\/wp-json\/wp\/v2\/pages"}],"about":[{"href":"https:\/\/www.atins.me\/de\/wp-json\/wp\/v2\/types\/page"}],"author":[{"embeddable":true,"href":"https:\/\/www.atins.me\/de\/wp-json\/wp\/v2\/users\/2"}],"replies":[{"embeddable":true,"href":"https:\/\/www.atins.me\/de\/wp-json\/wp\/v2\/comments?post=5443"}],"version-history":[{"count":0,"href":"https:\/\/www.atins.me\/de\/wp-json\/wp\/v2\/pages\/5443\/revisions"}],"up":[{"embeddable":true,"href":"https:\/\/www.atins.me\/de\/wp-json\/wp\/v2\/pages\/1669"}],"wp:attachment":[{"href":"https:\/\/www.atins.me\/de\/wp-json\/wp\/v2\/media?parent=5443"}],"curies":[{"name":"wp","href":"https:\/\/api.w.org\/{rel}","templated":true}]}}