{"id":4223,"date":"2016-01-17T17:12:26","date_gmt":"2016-01-17T19:12:26","guid":{"rendered":"https:\/\/www.atins.me\/home-2\/?lang=de"},"modified":"2016-11-18T21:48:29","modified_gmt":"2016-11-18T23:48:29","slug":"home","status":"publish","type":"page","link":"https:\/\/www.atins.me\/de\/","title":{"rendered":"Home"},"content":{"rendered":"","protected":false},"excerpt":{"rendered":"","protected":false},"author":2,"featured_media":0,"parent":0,"menu_order":7,"comment_status":"closed","ping_status":"closed","template":"","meta":{"_mi_skip_tracking":false,"_monsterinsights_sitenote_active":false,"_monsterinsights_sitenote_note":"","_monsterinsights_sitenote_category":0,"footnotes":""},"yoast_head":"<!-- This site is optimized with the Yoast SEO plugin v21.0 - https:\/\/yoast.com\/wordpress\/plugins\/seo\/ -->\n<title>Atins ist einer der weltweit besten Kiteboading Orte<\/title>\n<meta name=\"description\" content=\"In Atins tauchst Du richtig ein in den Len\u00e7\u00f3is Maranhenses, hier kannst Du einmal richtig abschalten, zur\u00fccklehnen und entspannen unserer Zivilisationswelt.\" \/>\n<meta name=\"robots\" content=\"index, follow, max-snippet:-1, max-image-preview:large, max-video-preview:-1\" \/>\n<link rel=\"canonical\" href=\"https:\/\/www.atins.me\/de\/\" \/>\n<meta property=\"og:locale\" content=\"de_DE\" \/>\n<meta property=\"og:type\" content=\"article\" \/>\n<meta property=\"og:title\" content=\"Atins ist einer der weltweit besten Kiteboading Orte\" \/>\n<meta property=\"og:description\" content=\"In Atins tauchst Du richtig ein in den Len\u00e7\u00f3is Maranhenses, hier kannst Du einmal richtig abschalten, zur\u00fccklehnen und entspannen unserer Zivilisationswelt.\" \/>\n<meta property=\"og:url\" content=\"https:\/\/www.atins.me\/de\/\" \/>\n<meta property=\"og:site_name\" content=\"Atins\" \/>\n<meta property=\"article:publisher\" content=\"http:\/\/www.facebook.com\/conventoarcadia\" \/>\n<meta property=\"article:modified_time\" content=\"2016-11-18T23:48:29+00:00\" \/>\n<meta name=\"twitter:card\" content=\"summary_large_image\" \/>\n<meta name=\"twitter:site\" content=\"@atinsme\" \/>\n<script type=\"application\/ld+json\" class=\"yoast-schema-graph\">{\"@context\":\"https:\/\/schema.org\",\"@graph\":[{\"@type\":\"WebPage\",\"@id\":\"https:\/\/www.atins.me\/de\/\",\"url\":\"https:\/\/www.atins.me\/de\/\",\"name\":\"Atins ist einer der weltweit besten Kiteboading Orte\",\"isPartOf\":{\"@id\":\"https:\/\/www.atins.me\/es\/#website\"},\"datePublished\":\"2016-01-17T19:12:26+00:00\",\"dateModified\":\"2016-11-18T23:48:29+00:00\",\"description\":\"In Atins tauchst Du richtig ein in den Len\u00e7\u00f3is Maranhenses, hier kannst Du einmal richtig abschalten, zur\u00fccklehnen und entspannen unserer Zivilisationswelt.\",\"breadcrumb\":{\"@id\":\"https:\/\/www.atins.me\/de\/#breadcrumb\"},\"inLanguage\":\"de\",\"potentialAction\":[{\"@type\":\"ReadAction\",\"target\":[\"https:\/\/www.atins.me\/de\/\"]}]},{\"@type\":\"BreadcrumbList\",\"@id\":\"https:\/\/www.atins.me\/de\/#breadcrumb\",\"itemListElement\":[{\"@type\":\"ListItem\",\"position\":1,\"name\":\"Home\",\"item\":\"https:\/\/www.atins.me\/de\/\"},{\"@type\":\"ListItem\",\"position\":2,\"name\":\"Home\"}]},{\"@type\":\"WebSite\",\"@id\":\"https:\/\/www.atins.me\/es\/#website\",\"url\":\"https:\/\/www.atins.me\/es\/\",\"name\":\"Atins\",\"description\":\"Len\u00e7\u00f3is Maranhenses\",\"potentialAction\":[{\"@type\":\"SearchAction\",\"target\":{\"@type\":\"EntryPoint\",\"urlTemplate\":\"https:\/\/www.atins.me\/es\/?s={search_term_string}\"},\"query-input\":\"required name=search_term_string\"}],\"inLanguage\":\"de\"}]}<\/script>\n<!-- \/ Yoast SEO plugin. -->","yoast_head_json":{"title":"Atins ist einer der weltweit besten Kiteboading Orte","description":"In Atins tauchst Du richtig ein in den Len\u00e7\u00f3is Maranhenses, hier kannst Du einmal richtig abschalten, zur\u00fccklehnen und entspannen unserer Zivilisationswelt.","robots":{"index":"index","follow":"follow","max-snippet":"max-snippet:-1","max-image-preview":"max-image-preview:large","max-video-preview":"max-video-preview:-1"},"canonical":"https:\/\/www.atins.me\/de\/","og_locale":"de_DE","og_type":"article","og_title":"Atins ist einer der weltweit besten Kiteboading Orte","og_description":"In Atins tauchst Du richtig ein in den Len\u00e7\u00f3is Maranhenses, hier kannst Du einmal richtig abschalten, zur\u00fccklehnen und entspannen unserer Zivilisationswelt.","og_url":"https:\/\/www.atins.me\/de\/","og_site_name":"Atins","article_publisher":"http:\/\/www.facebook.com\/conventoarcadia","article_modified_time":"2016-11-18T23:48:29+00:00","twitter_card":"summary_large_image","twitter_site":"@atinsme","schema":{"@context":"https:\/\/schema.org","@graph":[{"@type":"WebPage","@id":"https:\/\/www.atins.me\/de\/","url":"https:\/\/www.atins.me\/de\/","name":"Atins ist einer der weltweit besten Kiteboading Orte","isPartOf":{"@id":"https:\/\/www.atins.me\/es\/#website"},"datePublished":"2016-01-17T19:12:26+00:00","dateModified":"2016-11-18T23:48:29+00:00","description":"In Atins tauchst Du richtig ein in den Len\u00e7\u00f3is Maranhenses, hier kannst Du einmal richtig abschalten, zur\u00fccklehnen und entspannen unserer Zivilisationswelt.","breadcrumb":{"@id":"https:\/\/www.atins.me\/de\/#breadcrumb"},"inLanguage":"de","potentialAction":[{"@type":"ReadAction","target":["https:\/\/www.atins.me\/de\/"]}]},{"@type":"BreadcrumbList","@id":"https:\/\/www.atins.me\/de\/#breadcrumb","itemListElement":[{"@type":"ListItem","position":1,"name":"Home","item":"https:\/\/www.atins.me\/de\/"},{"@type":"ListItem","position":2,"name":"Home"}]},{"@type":"WebSite","@id":"https:\/\/www.atins.me\/es\/#website","url":"https:\/\/www.atins.me\/es\/","name":"Atins","description":"Len\u00e7\u00f3is Maranhenses","potentialAction":[{"@type":"SearchAction","target":{"@type":"EntryPoint","urlTemplate":"https:\/\/www.atins.me\/es\/?s={search_term_string}"},"query-input":"required name=search_term_string"}],"inLanguage":"de"}]}},"jetpack_sharing_enabled":true,"_links":{"self":[{"href":"https:\/\/www.atins.me\/de\/wp-json\/wp\/v2\/pages\/4223"}],"collection":[{"href":"https:\/\/www.atins.me\/de\/wp-json\/wp\/v2\/pages"}],"about":[{"href":"https:\/\/www.atins.me\/de\/wp-json\/wp\/v2\/types\/page"}],"author":[{"embeddable":true,"href":"https:\/\/www.atins.me\/de\/wp-json\/wp\/v2\/users\/2"}],"replies":[{"embeddable":true,"href":"https:\/\/www.atins.me\/de\/wp-json\/wp\/v2\/comments?post=4223"}],"version-history":[{"count":0,"href":"https:\/\/www.atins.me\/de\/wp-json\/wp\/v2\/pages\/4223\/revisions"}],"wp:attachment":[{"href":"https:\/\/www.atins.me\/de\/wp-json\/wp\/v2\/media?parent=4223"}],"curies":[{"name":"wp","href":"https:\/\/api.w.org\/{rel}","templated":true}]}}