{"id":2459,"date":"2011-09-21T09:00:30","date_gmt":"2011-09-21T12:00:30","guid":{"rendered":"https:\/\/www.atins.me\/?page_id=2459"},"modified":"2016-04-01T12:43:21","modified_gmt":"2016-04-01T15:43:21","slug":"barra-grande","status":"publish","type":"page","link":"https:\/\/www.atins.me\/de\/die-region\/barra-grande\/","title":{"rendered":"Barra Grande"},"content":{"rendered":"<p><a href=\"https:\/\/www.atins.me\/wp-content\/uploads\/2011\/09\/9383608831_9bacdb66d4_k_952x476.jpg\"><img decoding=\"async\" loading=\"lazy\" class=\"alignnone wp-image-8969 size-full\" src=\"https:\/\/www.atins.me\/wp-content\/uploads\/2011\/09\/9383608831_9bacdb66d4_k_952x476.jpg\" alt=\"Barra Grande bei Nacht\" width=\"952\" height=\"476\" srcset=\"https:\/\/www.atins.me\/wp-content\/uploads\/2011\/09\/9383608831_9bacdb66d4_k_952x476.jpg 952w, https:\/\/www.atins.me\/wp-content\/uploads\/2011\/09\/9383608831_9bacdb66d4_k_952x476-300x150.jpg 300w\" sizes=\"(max-width: 952px) 100vw, 952px\" \/><\/a><\/p>\n<p>Barra Grande erfreut sich ebenfalls zunehmender Beliebtheit in der weiltweiten Kite-Community. Der Ort gilt zudem als einer der Geheimtipps der \u201cStrasse der Gef\u00fchle\u201d (\u201cRota das Emo\u00e7\u00f5es\u201d). Die Bedingungen zum Kiten hier sind mehr oder minder identisch mit Atins hinsichtlich der Saison und Windverh\u00e4ltnisse. Barra hat mehrere Kite-Spots anzubieten. Bei Ebbe l\u00e4sst es sich prima direkt am Hauptstrand kiten. Bei Hochwasser kann man zwischen verschiedenen Spots in der wellengesch\u00fctzten Lagune w\u00e4hlen.<\/p>\n<p>Barra ist eine super Zwischenstopp auf der Reise von Jericoacoara nach Atins. Das Dorf hat eine informative <a title=\"Barra Grande Piau\u00ed\" href=\"http:\/\/www.barragrandepiaui.com\" target=\"_blank\">Tourismus-Webseite<\/a> zur Orientierung.<\/p>\n","protected":false},"excerpt":{"rendered":"<p>Barra Grande erfreut sich ebenfalls zunehmender Beliebtheit in der weiltweiten Kite-Community. Der Ort gilt zudem als einer der Geheimtipps der \u201cStrasse der Gef\u00fchle\u201d (\u201cRota das Emo\u00e7\u00f5es\u201d). Die Bedingungen zum Kiten hier sind mehr oder minder identisch mit Atins hinsichtlich der Saison und Windverh\u00e4ltnisse. Barra hat mehrere Kite-Spots anzubieten. Bei Ebbe l\u00e4sst es sich prima direkt\u2026<\/p>\n","protected":false},"author":2,"featured_media":8965,"parent":1609,"menu_order":10,"comment_status":"closed","ping_status":"closed","template":"","meta":{"_mi_skip_tracking":false,"_monsterinsights_sitenote_active":false,"_monsterinsights_sitenote_note":"","_monsterinsights_sitenote_category":0,"footnotes":""},"yoast_head":"<!-- This site is optimized with the Yoast SEO plugin v21.0 - https:\/\/yoast.com\/wordpress\/plugins\/seo\/ -->\n<title>Barra ist eine super Zwischenstopp zwischen Jeri und Atins<\/title>\n<meta name=\"description\" content=\"Barra Grande erfreut sich zunehmender Beliebtheit in der weiltweiten Kite-Community und gilt zudem als einer der Geheimtipps auf der Rota das Emo\u00e7\u00f5es.\" \/>\n<meta name=\"robots\" content=\"index, follow, max-snippet:-1, max-image-preview:large, max-video-preview:-1\" \/>\n<link rel=\"canonical\" href=\"https:\/\/www.atins.me\/de\/die-region\/barra-grande\/\" \/>\n<meta property=\"og:locale\" content=\"de_DE\" \/>\n<meta property=\"og:type\" content=\"article\" \/>\n<meta property=\"og:title\" content=\"Barra ist eine super Zwischenstopp zwischen Jeri und Atins\" \/>\n<meta property=\"og:description\" content=\"Barra Grande erfreut sich zunehmender Beliebtheit in der weiltweiten Kite-Community und gilt zudem als einer der Geheimtipps auf der Rota das Emo\u00e7\u00f5es.\" \/>\n<meta property=\"og:url\" content=\"https:\/\/www.atins.me\/de\/die-region\/barra-grande\/\" \/>\n<meta property=\"og:site_name\" content=\"Atins\" \/>\n<meta property=\"article:publisher\" content=\"http:\/\/www.facebook.com\/conventoarcadia\" \/>\n<meta property=\"article:modified_time\" content=\"2016-04-01T15:43:21+00:00\" \/>\n<meta property=\"og:image\" content=\"https:\/\/www.atins.me\/wp-content\/uploads\/2011\/09\/Kiters_Featured-Image_300x400.jpg\" \/>\n\t<meta property=\"og:image:width\" content=\"300\" \/>\n\t<meta property=\"og:image:height\" content=\"400\" \/>\n\t<meta property=\"og:image:type\" content=\"image\/jpeg\" \/>\n<meta name=\"twitter:card\" content=\"summary_large_image\" \/>\n<meta name=\"twitter:site\" content=\"@atinsme\" \/>\n<script type=\"application\/ld+json\" class=\"yoast-schema-graph\">{\"@context\":\"https:\/\/schema.org\",\"@graph\":[{\"@type\":\"WebPage\",\"@id\":\"https:\/\/www.atins.me\/de\/die-region\/barra-grande\/\",\"url\":\"https:\/\/www.atins.me\/de\/die-region\/barra-grande\/\",\"name\":\"Barra ist eine super Zwischenstopp zwischen Jeri und Atins\",\"isPartOf\":{\"@id\":\"https:\/\/www.atins.me\/es\/#website\"},\"datePublished\":\"2011-09-21T12:00:30+00:00\",\"dateModified\":\"2016-04-01T15:43:21+00:00\",\"description\":\"Barra Grande erfreut sich zunehmender Beliebtheit in der weiltweiten Kite-Community und gilt zudem als einer der Geheimtipps auf der Rota das Emo\u00e7\u00f5es.\",\"breadcrumb\":{\"@id\":\"https:\/\/www.atins.me\/de\/die-region\/barra-grande\/#breadcrumb\"},\"inLanguage\":\"de\",\"potentialAction\":[{\"@type\":\"ReadAction\",\"target\":[\"https:\/\/www.atins.me\/de\/die-region\/barra-grande\/\"]}]},{\"@type\":\"BreadcrumbList\",\"@id\":\"https:\/\/www.atins.me\/de\/die-region\/barra-grande\/#breadcrumb\",\"itemListElement\":[{\"@type\":\"ListItem\",\"position\":1,\"name\":\"Home\",\"item\":\"https:\/\/www.atins.me\/de\/\"},{\"@type\":\"ListItem\",\"position\":2,\"name\":\"Die Region\",\"item\":\"https:\/\/www.atins.me\/de\/die-region\/\"},{\"@type\":\"ListItem\",\"position\":3,\"name\":\"Barra Grande\"}]},{\"@type\":\"WebSite\",\"@id\":\"https:\/\/www.atins.me\/es\/#website\",\"url\":\"https:\/\/www.atins.me\/es\/\",\"name\":\"Atins\",\"description\":\"Len\u00e7\u00f3is Maranhenses\",\"potentialAction\":[{\"@type\":\"SearchAction\",\"target\":{\"@type\":\"EntryPoint\",\"urlTemplate\":\"https:\/\/www.atins.me\/es\/?s={search_term_string}\"},\"query-input\":\"required name=search_term_string\"}],\"inLanguage\":\"de\"}]}<\/script>\n<!-- \/ Yoast SEO plugin. -->","yoast_head_json":{"title":"Barra ist eine super Zwischenstopp zwischen Jeri und Atins","description":"Barra Grande erfreut sich zunehmender Beliebtheit in der weiltweiten Kite-Community und gilt zudem als einer der Geheimtipps auf der Rota das Emo\u00e7\u00f5es.","robots":{"index":"index","follow":"follow","max-snippet":"max-snippet:-1","max-image-preview":"max-image-preview:large","max-video-preview":"max-video-preview:-1"},"canonical":"https:\/\/www.atins.me\/de\/die-region\/barra-grande\/","og_locale":"de_DE","og_type":"article","og_title":"Barra ist eine super Zwischenstopp zwischen Jeri und Atins","og_description":"Barra Grande erfreut sich zunehmender Beliebtheit in der weiltweiten Kite-Community und gilt zudem als einer der Geheimtipps auf der Rota das Emo\u00e7\u00f5es.","og_url":"https:\/\/www.atins.me\/de\/die-region\/barra-grande\/","og_site_name":"Atins","article_publisher":"http:\/\/www.facebook.com\/conventoarcadia","article_modified_time":"2016-04-01T15:43:21+00:00","og_image":[{"width":300,"height":400,"url":"https:\/\/www.atins.me\/wp-content\/uploads\/2011\/09\/Kiters_Featured-Image_300x400.jpg","type":"image\/jpeg"}],"twitter_card":"summary_large_image","twitter_site":"@atinsme","schema":{"@context":"https:\/\/schema.org","@graph":[{"@type":"WebPage","@id":"https:\/\/www.atins.me\/de\/die-region\/barra-grande\/","url":"https:\/\/www.atins.me\/de\/die-region\/barra-grande\/","name":"Barra ist eine super Zwischenstopp zwischen Jeri und Atins","isPartOf":{"@id":"https:\/\/www.atins.me\/es\/#website"},"datePublished":"2011-09-21T12:00:30+00:00","dateModified":"2016-04-01T15:43:21+00:00","description":"Barra Grande erfreut sich zunehmender Beliebtheit in der weiltweiten Kite-Community und gilt zudem als einer der Geheimtipps auf der Rota das Emo\u00e7\u00f5es.","breadcrumb":{"@id":"https:\/\/www.atins.me\/de\/die-region\/barra-grande\/#breadcrumb"},"inLanguage":"de","potentialAction":[{"@type":"ReadAction","target":["https:\/\/www.atins.me\/de\/die-region\/barra-grande\/"]}]},{"@type":"BreadcrumbList","@id":"https:\/\/www.atins.me\/de\/die-region\/barra-grande\/#breadcrumb","itemListElement":[{"@type":"ListItem","position":1,"name":"Home","item":"https:\/\/www.atins.me\/de\/"},{"@type":"ListItem","position":2,"name":"Die Region","item":"https:\/\/www.atins.me\/de\/die-region\/"},{"@type":"ListItem","position":3,"name":"Barra Grande"}]},{"@type":"WebSite","@id":"https:\/\/www.atins.me\/es\/#website","url":"https:\/\/www.atins.me\/es\/","name":"Atins","description":"Len\u00e7\u00f3is Maranhenses","potentialAction":[{"@type":"SearchAction","target":{"@type":"EntryPoint","urlTemplate":"https:\/\/www.atins.me\/es\/?s={search_term_string}"},"query-input":"required name=search_term_string"}],"inLanguage":"de"}]}},"jetpack_sharing_enabled":true,"_links":{"self":[{"href":"https:\/\/www.atins.me\/de\/wp-json\/wp\/v2\/pages\/2459"}],"collection":[{"href":"https:\/\/www.atins.me\/de\/wp-json\/wp\/v2\/pages"}],"about":[{"href":"https:\/\/www.atins.me\/de\/wp-json\/wp\/v2\/types\/page"}],"author":[{"embeddable":true,"href":"https:\/\/www.atins.me\/de\/wp-json\/wp\/v2\/users\/2"}],"replies":[{"embeddable":true,"href":"https:\/\/www.atins.me\/de\/wp-json\/wp\/v2\/comments?post=2459"}],"version-history":[{"count":0,"href":"https:\/\/www.atins.me\/de\/wp-json\/wp\/v2\/pages\/2459\/revisions"}],"up":[{"embeddable":true,"href":"https:\/\/www.atins.me\/de\/wp-json\/wp\/v2\/pages\/1609"}],"wp:featuredmedia":[{"embeddable":true,"href":"https:\/\/www.atins.me\/de\/wp-json\/wp\/v2\/media\/8965"}],"wp:attachment":[{"href":"https:\/\/www.atins.me\/de\/wp-json\/wp\/v2\/media?parent=2459"}],"curies":[{"name":"wp","href":"https:\/\/api.w.org\/{rel}","templated":true}]}}