{"id":2018,"date":"2011-01-05T16:23:53","date_gmt":"2011-01-05T18:23:53","guid":{"rendered":"https:\/\/www.atins.me\/?page_id=2018"},"modified":"2016-04-01T12:38:37","modified_gmt":"2016-04-01T15:38:37","slug":"strandleben","status":"publish","type":"page","link":"https:\/\/www.atins.me\/de\/strandleben\/","title":{"rendered":"Strandleben"},"content":{"rendered":"<p>Atins Strandleben entfaltet sich auf ellenlangen, weitgehendst unber\u00fchrten Str\u00e4nden, welche sich zahllose Kilometer entlang der K\u00fcste in den Len\u00e7\u00f3is Maranhenses Nationalpark erstrecken. Es handelt sich hierbei jedoch nicht um einen karibischen, von Kokospalmen gepr\u00e4gten Strand. W\u00e4hrend der Sand fast weiss und unglaublich fein daherkommt, ist die Strandszenerie gepr\u00e4gt von wandernden D\u00fcnen, die die starken Winde der Sommermonate Juli bis Dezember in dauernder Bewegung halten. Zwischenzeitlich finden sich eine Reihe von Strandwirtschaften in Atins, die Schutz vor Sonne und Wind bieten sowie kalte Getr\u00e4nke und schmackhafte Snacks. Dennoch sollte man niemals die Sonnencreme, sowie immer sch\u00f6n viel zu trinken, vergessen.<\/p>\n<p>Zur\u00fcck im Dorf und der Unterkunft l\u00e4sst es sich prima mit einem guten Buch in der H\u00e4ngematte entspannen. Die best\u00e4ndig sanfte Brise macht das Faulenzen dabei besonders erholsam!<\/p>\n<p><a href=\"https:\/\/www.atins.me\/wp-content\/uploads\/2011\/01\/IMG_7042_952x476.jpg\"><img decoding=\"async\" loading=\"lazy\" class=\"alignnone wp-image-10743 size-full\" src=\"https:\/\/www.atins.me\/wp-content\/uploads\/2011\/01\/IMG_7042_952x476.jpg\" alt=\"Strandleben\" width=\"952\" height=\"476\" srcset=\"https:\/\/www.atins.me\/wp-content\/uploads\/2011\/01\/IMG_7042_952x476.jpg 952w, https:\/\/www.atins.me\/wp-content\/uploads\/2011\/01\/IMG_7042_952x476-300x150.jpg 300w\" sizes=\"(max-width: 952px) 100vw, 952px\" \/><\/a><\/p>\n<p>&nbsp;<\/p>\n","protected":false},"excerpt":{"rendered":"<p>Atins Strandleben entfaltet sich auf ellenlangen, weitgehendst unber\u00fchrten Str\u00e4nden, welche sich zahllose Kilometer entlang der K\u00fcste in den Len\u00e7\u00f3is Maranhenses Nationalpark erstrecken. Es handelt sich hierbei jedoch nicht um einen karibischen, von Kokospalmen gepr\u00e4gten Strand. W\u00e4hrend der Sand fast weiss und unglaublich fein daherkommt, ist die Strandszenerie gepr\u00e4gt von wandernden D\u00fcnen, die die starken Winde\u2026<\/p>\n","protected":false},"author":2,"featured_media":10745,"parent":0,"menu_order":4,"comment_status":"open","ping_status":"open","template":"","meta":{"_mi_skip_tracking":false,"_monsterinsights_sitenote_active":false,"_monsterinsights_sitenote_note":"","_monsterinsights_sitenote_category":0,"footnotes":""},"yoast_head":"<!-- This site is optimized with the Yoast SEO plugin v21.0 - https:\/\/yoast.com\/wordpress\/plugins\/seo\/ -->\n<title>An den ellenlangen Str\u00e4nden Atins l\u00e4sst es sich gut erholen.<\/title>\n<meta name=\"description\" content=\"Atins Strandleben entfaltet sich auf ellenlangen, weitgehendst unber\u00fchrten Str\u00e4nden bis in den Len\u00e7\u00f3is Maranhenses Nationalpark.\" \/>\n<meta name=\"robots\" content=\"index, follow, max-snippet:-1, max-image-preview:large, max-video-preview:-1\" \/>\n<link rel=\"canonical\" href=\"https:\/\/www.atins.me\/de\/strandleben\/\" \/>\n<meta property=\"og:locale\" content=\"de_DE\" \/>\n<meta property=\"og:type\" content=\"article\" \/>\n<meta property=\"og:title\" content=\"An den ellenlangen Str\u00e4nden Atins l\u00e4sst es sich gut erholen.\" \/>\n<meta property=\"og:description\" content=\"Atins Strandleben entfaltet sich auf ellenlangen, weitgehendst unber\u00fchrten Str\u00e4nden bis in den Len\u00e7\u00f3is Maranhenses Nationalpark.\" \/>\n<meta property=\"og:url\" content=\"https:\/\/www.atins.me\/de\/strandleben\/\" \/>\n<meta property=\"og:site_name\" content=\"Atins\" \/>\n<meta property=\"article:publisher\" content=\"http:\/\/www.facebook.com\/conventoarcadia\" \/>\n<meta property=\"article:modified_time\" content=\"2016-04-01T15:38:37+00:00\" \/>\n<meta property=\"og:image\" content=\"https:\/\/www.atins.me\/wp-content\/uploads\/2011\/01\/IMG_7042_952x476.jpg\" \/>\n\t<meta property=\"og:image:width\" content=\"952\" \/>\n\t<meta property=\"og:image:height\" content=\"476\" \/>\n\t<meta property=\"og:image:type\" content=\"image\/jpeg\" \/>\n<meta name=\"twitter:card\" content=\"summary_large_image\" \/>\n<meta name=\"twitter:site\" content=\"@atinsme\" \/>\n<meta name=\"twitter:label1\" content=\"Est. reading time\" \/>\n\t<meta name=\"twitter:data1\" content=\"1 minute\" \/>\n<script type=\"application\/ld+json\" class=\"yoast-schema-graph\">{\"@context\":\"https:\/\/schema.org\",\"@graph\":[{\"@type\":\"WebPage\",\"@id\":\"https:\/\/www.atins.me\/de\/strandleben\/\",\"url\":\"https:\/\/www.atins.me\/de\/strandleben\/\",\"name\":\"An den ellenlangen Str\u00e4nden Atins l\u00e4sst es sich gut erholen.\",\"isPartOf\":{\"@id\":\"https:\/\/www.atins.me\/es\/#website\"},\"datePublished\":\"2011-01-05T18:23:53+00:00\",\"dateModified\":\"2016-04-01T15:38:37+00:00\",\"description\":\"Atins Strandleben entfaltet sich auf ellenlangen, weitgehendst unber\u00fchrten Str\u00e4nden bis in den Len\u00e7\u00f3is Maranhenses Nationalpark.\",\"breadcrumb\":{\"@id\":\"https:\/\/www.atins.me\/de\/strandleben\/#breadcrumb\"},\"inLanguage\":\"de\",\"potentialAction\":[{\"@type\":\"ReadAction\",\"target\":[\"https:\/\/www.atins.me\/de\/strandleben\/\"]}]},{\"@type\":\"BreadcrumbList\",\"@id\":\"https:\/\/www.atins.me\/de\/strandleben\/#breadcrumb\",\"itemListElement\":[{\"@type\":\"ListItem\",\"position\":1,\"name\":\"Home\",\"item\":\"https:\/\/www.atins.me\/de\/\"},{\"@type\":\"ListItem\",\"position\":2,\"name\":\"Strandleben\"}]},{\"@type\":\"WebSite\",\"@id\":\"https:\/\/www.atins.me\/es\/#website\",\"url\":\"https:\/\/www.atins.me\/es\/\",\"name\":\"Atins\",\"description\":\"Len\u00e7\u00f3is Maranhenses\",\"potentialAction\":[{\"@type\":\"SearchAction\",\"target\":{\"@type\":\"EntryPoint\",\"urlTemplate\":\"https:\/\/www.atins.me\/es\/?s={search_term_string}\"},\"query-input\":\"required name=search_term_string\"}],\"inLanguage\":\"de\"}]}<\/script>\n<!-- \/ Yoast SEO plugin. -->","yoast_head_json":{"title":"An den ellenlangen Str\u00e4nden Atins l\u00e4sst es sich gut erholen.","description":"Atins Strandleben entfaltet sich auf ellenlangen, weitgehendst unber\u00fchrten Str\u00e4nden bis in den Len\u00e7\u00f3is Maranhenses Nationalpark.","robots":{"index":"index","follow":"follow","max-snippet":"max-snippet:-1","max-image-preview":"max-image-preview:large","max-video-preview":"max-video-preview:-1"},"canonical":"https:\/\/www.atins.me\/de\/strandleben\/","og_locale":"de_DE","og_type":"article","og_title":"An den ellenlangen Str\u00e4nden Atins l\u00e4sst es sich gut erholen.","og_description":"Atins Strandleben entfaltet sich auf ellenlangen, weitgehendst unber\u00fchrten Str\u00e4nden bis in den Len\u00e7\u00f3is Maranhenses Nationalpark.","og_url":"https:\/\/www.atins.me\/de\/strandleben\/","og_site_name":"Atins","article_publisher":"http:\/\/www.facebook.com\/conventoarcadia","article_modified_time":"2016-04-01T15:38:37+00:00","og_image":[{"width":952,"height":476,"url":"https:\/\/www.atins.me\/wp-content\/uploads\/2011\/01\/IMG_7042_952x476.jpg","type":"image\/jpeg"}],"twitter_card":"summary_large_image","twitter_site":"@atinsme","twitter_misc":{"Est. reading time":"1 minute"},"schema":{"@context":"https:\/\/schema.org","@graph":[{"@type":"WebPage","@id":"https:\/\/www.atins.me\/de\/strandleben\/","url":"https:\/\/www.atins.me\/de\/strandleben\/","name":"An den ellenlangen Str\u00e4nden Atins l\u00e4sst es sich gut erholen.","isPartOf":{"@id":"https:\/\/www.atins.me\/es\/#website"},"datePublished":"2011-01-05T18:23:53+00:00","dateModified":"2016-04-01T15:38:37+00:00","description":"Atins Strandleben entfaltet sich auf ellenlangen, weitgehendst unber\u00fchrten Str\u00e4nden bis in den Len\u00e7\u00f3is Maranhenses Nationalpark.","breadcrumb":{"@id":"https:\/\/www.atins.me\/de\/strandleben\/#breadcrumb"},"inLanguage":"de","potentialAction":[{"@type":"ReadAction","target":["https:\/\/www.atins.me\/de\/strandleben\/"]}]},{"@type":"BreadcrumbList","@id":"https:\/\/www.atins.me\/de\/strandleben\/#breadcrumb","itemListElement":[{"@type":"ListItem","position":1,"name":"Home","item":"https:\/\/www.atins.me\/de\/"},{"@type":"ListItem","position":2,"name":"Strandleben"}]},{"@type":"WebSite","@id":"https:\/\/www.atins.me\/es\/#website","url":"https:\/\/www.atins.me\/es\/","name":"Atins","description":"Len\u00e7\u00f3is Maranhenses","potentialAction":[{"@type":"SearchAction","target":{"@type":"EntryPoint","urlTemplate":"https:\/\/www.atins.me\/es\/?s={search_term_string}"},"query-input":"required name=search_term_string"}],"inLanguage":"de"}]}},"jetpack_sharing_enabled":true,"_links":{"self":[{"href":"https:\/\/www.atins.me\/de\/wp-json\/wp\/v2\/pages\/2018"}],"collection":[{"href":"https:\/\/www.atins.me\/de\/wp-json\/wp\/v2\/pages"}],"about":[{"href":"https:\/\/www.atins.me\/de\/wp-json\/wp\/v2\/types\/page"}],"author":[{"embeddable":true,"href":"https:\/\/www.atins.me\/de\/wp-json\/wp\/v2\/users\/2"}],"replies":[{"embeddable":true,"href":"https:\/\/www.atins.me\/de\/wp-json\/wp\/v2\/comments?post=2018"}],"version-history":[{"count":0,"href":"https:\/\/www.atins.me\/de\/wp-json\/wp\/v2\/pages\/2018\/revisions"}],"wp:featuredmedia":[{"embeddable":true,"href":"https:\/\/www.atins.me\/de\/wp-json\/wp\/v2\/media\/10745"}],"wp:attachment":[{"href":"https:\/\/www.atins.me\/de\/wp-json\/wp\/v2\/media?parent=2018"}],"curies":[{"name":"wp","href":"https:\/\/api.w.org\/{rel}","templated":true}]}}