{"id":1943,"date":"2011-01-05T16:22:44","date_gmt":"2011-01-05T18:22:44","guid":{"rendered":"https:\/\/www.atins.me\/?page_id=1943"},"modified":"2016-04-01T12:36:32","modified_gmt":"2016-04-01T15:36:32","slug":"ausfluege-treks","status":"publish","type":"page","link":"https:\/\/www.atins.me\/de\/ausfluege-treks\/","title":{"rendered":"Ausfl\u00fcge &#038; Treks"},"content":{"rendered":"<p>Ausfl\u00fcge &amp; Treks von Atins hinterlassen zumeist nur einen geringen CO2-Abdruck, man ist wahlweise zu Fuss oder auf dem Pferd unterwegs. Tagesausfl\u00fcge beinhalten oftmals eine kurze Anfahrt mit dem lizensierten 4&#215;4 um die erste Strecke in den Park zu bew\u00e4ltigen.<\/p>\n<p>In den vergangenen Jahren finden Touren per Quad Bike bei den haupts\u00e4chlich brasilianischen Touristen vermehrt Anklang. Die Mehrzahl dieser Touren f\u00fchrt durch den Len\u00e7\u00f3is und endet zum Mittag in Canto do Atins, durch Atins selbst fahren diese meist nur durch.<\/p>\n<p>Einige Reisende erreichen Atins mit dem Tagesausflugsboot von Barreirinhas, eine recht vergn\u00fcgliche Anreise, bei der man unterwegs gleich die Sehensw\u00fcrdigkeiten von Vassouras, Mandacar\u00fa und Cabur\u00e9 kennenlernt.<\/p>\n<hr \/>\n<p><a href=\"https:\/\/www.atins.me\/wp-content\/uploads\/2011\/01\/dreamstime_xxl_34686750_683x341.png\"><img decoding=\"async\" loading=\"lazy\" class=\"alignnone wp-image-10693 size-full\" src=\"https:\/\/www.atins.me\/wp-content\/uploads\/2011\/01\/dreamstime_xxl_34686750_683x341.png\" alt=\"Ausfl\u00fcge &amp; Treks durch den Len\u00e7\u00f3is Maranhenses\" width=\"683\" height=\"341\" srcset=\"https:\/\/www.atins.me\/wp-content\/uploads\/2011\/01\/dreamstime_xxl_34686750_683x341.png 683w, https:\/\/www.atins.me\/wp-content\/uploads\/2011\/01\/dreamstime_xxl_34686750_683x341-300x150.png 300w\" sizes=\"(max-width: 683px) 100vw, 683px\" \/><\/a><\/p>\n<h2 id=\"national-park\">Nationalpark<\/h2>\n<p>Der beste Weg, um den Len\u00e7\u00f3is Maranhenses zu erkunden, ist mit gef\u00fchrten Ausfl\u00fcge &amp; Treks in und durch den Park. Wanderungen variieren von einem bis zu vier Tagen, je nach Gusto der Teilnehmer. Die meisten Touren schliessen den Besuch einer der beiden Oasen Baixa Grande oder Queimada dos Britos mit ein. Letztere ist die gr\u00f6\u00dfere und sch\u00f6nere der beiden und markiert quasi die Mitte des Parks. Eine Handvoll Familien nennt sie seit Generationen ihr Zuhause. Mitten im Nirgendwo, und dennoch voll des Lebens und reichhaltiger Vergangenheit, bietet dieser erstaunliche Ort einen willkommenen Zwischenstopp zum Ausruhen.<br \/>\nDer herausfordernste Trek durchquert den gesamten Park in drei bis vier Tage, beginnend in Atins mit Halt in Queimada dos Britos und endend in Santo Amaro, gesamthaft etwa 75 Kilometer. Durchaus herausfordernt, aber in angemessenen Tempo und mit gen\u00fcgend Wasser und Zwischensstopps, kann man auch diese W\u00fcstenwanderung gut bestehen. In den zahlreichen S\u00fcsswasserlagunen l\u00e4sst es sich hervorragend schwimmen und abk\u00fchlen. Am Ende der langen Wanderung erreichen m\u00fcde Wanderer dann den Ort Santo Amaro (Maranh\u00e3o). Hier kann man sich auf ein paar Bier entspannen und regenerieren, sowie die lokalen S\u00fc\u00dfwasser-Garnelen degustieren. Von Santo Amaro l\u00e4sst es sich entweder nach Atins zur\u00fcckkehren oder per 4\u00d74 und Bus weiter nach S\u00e3o Lu\u00eds reisen.<\/p>\n<p>Zweisprachige F\u00fchrer stehen zur Verf\u00fcgung und Tr\u00e4ger f\u00fcr das Gep\u00e4ck k\u00f6nnen organisiert werden (reisen sie leicht!). Es ist ratsam, ein Sonnenhut und jede Menge Sonnencreme mitzubringen, um sich vor der \u00e4quatorialen Sonne zu sch\u00fctzen.<\/p>\n<p>K\u00fcrzere \u00bd bis 1-Tages-Touren werden oft in Kombination aus Autofahrten und kurzen Fusswegen unternommen. Beliebte Ziele sind Lagoa Verde, Lagoa Tropical, Ponto de Mangue, die Cachoeira do Bozinho (ein Wasserfall, \u00fcber den das S\u00fc\u00dfwasser des Rio Negro ins Meer gelangt &#8211; nur w\u00e4hrend der Regenzeit besichtbar) oder der Rio Negro, je mit Mittagspause auf dem R\u00fcckweg in Canto do Atins.<\/p>\n<p>Die meisten Touren beginnen in der Regel bei Sonnenaufgang um der gl\u00fchende Mittagshitze aus dem Weg zu gehen.<\/p>\n<hr \/>\n<h2 id=\"canto-do-atins\">Canto do Atins<\/h2>\n<p><a href=\"https:\/\/www.atins.me\/wp-content\/uploads\/2011\/01\/Canto-do-Atins_683x341.jpg\"><img decoding=\"async\" loading=\"lazy\" class=\"alignnone wp-image-10705 size-full\" src=\"https:\/\/www.atins.me\/wp-content\/uploads\/2011\/01\/Canto-do-Atins_683x341.jpg\" alt=\"Canto do Atins\" width=\"683\" height=\"341\" srcset=\"https:\/\/www.atins.me\/wp-content\/uploads\/2011\/01\/Canto-do-Atins_683x341.jpg 683w, https:\/\/www.atins.me\/wp-content\/uploads\/2011\/01\/Canto-do-Atins_683x341-300x150.jpg 300w\" sizes=\"(max-width: 683px) 100vw, 683px\" \/><\/a><\/p>\n<p>W\u00e4hrend Atins geradeso ausserhalb der Demarkierung des Len\u00e7ois Maranhenses Nationalpark liegt, hat sich eine kleine Gruppe von Familien 3km entfernt entlang der K\u00fcste und innerhalb des Parkes niedergelassen. Diese Siedlung nennt sich Canto do Atins. Die Exkursion nach Canto ist ein super Ausflug entlang der D\u00fcnen des Nationalparks. Am besten geht man zu Fuss oder nimmt sich ein Pferd. Unbedingt sollte man sich die Zeit nehmen, zum Mittag in einem der beiden Restaurants (Luzia oder Antonio) einzukehren und die k\u00f6stlichen Garnelen zu probieren.<\/p>\n<hr \/>\n<h2 id=\"vassouras\">Vassouras<\/h2>\n<p><a href=\"https:\/\/www.atins.me\/wp-content\/uploads\/2011\/01\/02_Vassouras.jpg\"><img decoding=\"async\" loading=\"lazy\" class=\"alignright wp-image-10675 size-full\" src=\"https:\/\/www.atins.me\/wp-content\/uploads\/2011\/01\/02_Vassouras.jpg\" alt=\"Vassouras\" width=\"238\" height=\"238\" srcset=\"https:\/\/www.atins.me\/wp-content\/uploads\/2011\/01\/02_Vassouras.jpg 238w, https:\/\/www.atins.me\/wp-content\/uploads\/2011\/01\/02_Vassouras-200x200.jpg 200w\" sizes=\"(max-width: 238px) 100vw, 238px\" \/><\/a>The first stop on the boat day-trip from Barreirinhas down the Rio Pregui\u00e7as towards Atins is typically Vassouras, a small community of families living on the river bank in front of the Len\u00e7\u00f3is Pequenos. Here, people make their first encounter with the massive sand dunes or just enjoy a refreshing drink of coconut water and feed the wild monkeys that live in the mangroves.<\/p>\n<p>Der erste Halt auf dem Tagesausflug von Barreirinhas per Boot den Rio Pregui\u00e7as hinab Richtung Atins ist Vassouras, eine kleine Kolonie von Familien, die entlang des Flussufers an den ersten D\u00fcnen des Pequenos (kleinen) Len\u00e7\u00f3is leben. Hier verschafft man sich einen ersten Eindruck der Sandd\u00fcnen, geniesst ein erfrischendes Kokosnusswasser oder f\u00fcttert die kleinen \u00c4ffchen, die frei in den Mangroven leben.<\/p>\n<h2 id=\"mandacaru\">Mandacar\u00fa<\/h2>\n<p>Der n\u00e4chste Halt auf dem beliebten Tagesausflug von Barreirinhas ist das kleine Fischerdorf Mandacar\u00fa, etwas weiter flussabw\u00e4rts von Vassouras an den Ufern des Rio Pregui\u00e7as gelegen. Der Leuchtturm Mandacar\u00fas ist der h\u00f6chste Punkt der gesamten Region. Von hier aus bietet sich ein toller Rundumblick auf die enorme Mangroven- und Flusslandschaft, den Len\u00e7\u00f3is Maranhenses, Atins, das Meer, und auf der gegen\u00fcberliegenden Seite des Flusses, Cabur\u00e9 und und das kleines Geschwisterchen des Len\u00e7\u00f3is Maranhenses, der Pequenos (kleine) Len\u00e7\u00f3is. \u00dcberdies finden sich in Mandacar\u00fa verschiedene Restaurants, regionale Kunsthandwerksl\u00e4den, sowie ein Heliport (neben dem Leuchtturm).<\/p>\n<p><a href=\"https:\/\/www.atins.me\/wp-content\/uploads\/2011\/01\/02_Farol-Mandacaru_683x341.jpg\"><img decoding=\"async\" loading=\"lazy\" class=\"alignnone wp-image-10687 size-full\" src=\"https:\/\/www.atins.me\/wp-content\/uploads\/2011\/01\/02_Farol-Mandacaru_683x341.jpg\" alt=\"Leuchtturm von Mandacar\u00fa\" width=\"682\" height=\"341\" srcset=\"https:\/\/www.atins.me\/wp-content\/uploads\/2011\/01\/02_Farol-Mandacaru_683x341.jpg 682w, https:\/\/www.atins.me\/wp-content\/uploads\/2011\/01\/02_Farol-Mandacaru_683x341-300x150.jpg 300w\" sizes=\"(max-width: 682px) 100vw, 682px\" \/><\/a><\/p>\n<h2 id=\"cabure\">Cabur\u00e9<\/h2>\n<p>The final destination (if not continuing to Atins) on the day-trip boat from Barreirinhas is Cabur\u00e9. Located on a narrow sandbank that divides the sea from the Rio Pregui\u00e7as, Cabur\u00e9 is a pure tourist resort mostly frequented by day trippers from Barreirinhas, some of which may stay for a night or two. It is actually a small agglomeration of three to four restaurants and guest houses, well placed for a spot of lunch and a swim in the open sea or the calm river waters (you can cross from one to the other in a matter of minutes). Some locals say that in a few years the sea will break through to the river swallowing Cabur\u00e9\u00a0 in the process.<\/p>\n<p>Der letzte Ort (vor Atins), auf der Bootsfahrt von Barreirinhas w\u00e4re Cabur\u00e9. Der Ort liegt auf einer schmalen Sandbank, die den Pregui\u00e7as Fluss vom Meer trennt und ist ein reines Touristenresort, zumeist frequentiert von Tagesausfl\u00fcglern, die ab und an auch mal f\u00fcr eine oder zwei N\u00e4chte \u00fcbernachten. Die Ansammlung von drei bis vier Restaurants und Gasth\u00e4usern bietet sich an f\u00fcr eine genussvolle Mittagspause gefolgt von einem Bad im Meer oder in den ruhigeren Flussgew\u00e4ssern. Die Sandbank l\u00e4sst sich in wenigen Minuten von der Meer- zur Flusseite passieren. Es gibt einige Stimmen, die vorhersagen, dass die Gew\u00e4sser die Sandbank in Cabur\u00e9 in wenigen Jahren durchbrechen und so einen neuen Flussaustritt schaffen werden.<\/p>\n<p><a href=\"https:\/\/www.atins.me\/wp-content\/uploads\/2011\/01\/Cabure_683x341.jpg\"><img decoding=\"async\" loading=\"lazy\" class=\"alignnone wp-image-10827 size-full\" src=\"https:\/\/www.atins.me\/wp-content\/uploads\/2011\/01\/Cabure_683x341.jpg\" alt=\"Cabur\u00e9\" width=\"683\" height=\"341\" srcset=\"https:\/\/www.atins.me\/wp-content\/uploads\/2011\/01\/Cabure_683x341.jpg 683w, https:\/\/www.atins.me\/wp-content\/uploads\/2011\/01\/Cabure_683x341-300x150.jpg 300w\" sizes=\"(max-width: 683px) 100vw, 683px\" \/><\/a><\/p>\n","protected":false},"excerpt":{"rendered":"<p>Ausfl\u00fcge &amp; Treks von Atins hinterlassen zumeist nur einen geringen CO2-Abdruck, man ist wahlweise zu Fuss oder auf dem Pferd unterwegs. Tagesausfl\u00fcge beinhalten oftmals eine kurze Anfahrt mit dem lizensierten 4&#215;4 um die erste Strecke in den Park zu bew\u00e4ltigen. In den vergangenen Jahren finden Touren per Quad Bike bei den haupts\u00e4chlich brasilianischen Touristen vermehrt\u2026<\/p>\n","protected":false},"author":2,"featured_media":10647,"parent":0,"menu_order":3,"comment_status":"open","ping_status":"closed","template":"template-with-sidebar.php","meta":{"_mi_skip_tracking":false,"_monsterinsights_sitenote_active":false,"_monsterinsights_sitenote_note":"","_monsterinsights_sitenote_category":0,"footnotes":""},"yoast_head":"<!-- This site is optimized with the Yoast SEO plugin v21.0 - https:\/\/yoast.com\/wordpress\/plugins\/seo\/ -->\n<title>Ausfl\u00fcge und Treks um Atins und in den Len\u00e7\u00f3is Maranhenses<\/title>\n<meta name=\"description\" content=\"Ausfl\u00fcge &amp; Treks von Atins erforden es zumeist zu Fuss oder auf dem Pferd den Len\u00e7\u00f3is Maranhenses sowie seine Umgebung zu erkunden.\" \/>\n<meta name=\"robots\" content=\"index, follow, max-snippet:-1, max-image-preview:large, max-video-preview:-1\" \/>\n<link rel=\"canonical\" href=\"https:\/\/www.atins.me\/de\/ausfluege-treks\/\" \/>\n<meta property=\"og:locale\" content=\"de_DE\" \/>\n<meta property=\"og:type\" content=\"article\" \/>\n<meta property=\"og:title\" content=\"Ausfl\u00fcge und Treks um Atins und in den Len\u00e7\u00f3is Maranhenses\" \/>\n<meta property=\"og:description\" content=\"Ausfl\u00fcge &amp; Treks von Atins erforden es zumeist zu Fuss oder auf dem Pferd den Len\u00e7\u00f3is Maranhenses sowie seine Umgebung zu erkunden.\" \/>\n<meta property=\"og:url\" content=\"https:\/\/www.atins.me\/de\/ausfluege-treks\/\" \/>\n<meta property=\"og:site_name\" content=\"Atins\" \/>\n<meta property=\"article:publisher\" content=\"http:\/\/www.facebook.com\/conventoarcadia\" \/>\n<meta property=\"article:modified_time\" content=\"2016-04-01T15:36:32+00:00\" \/>\n<meta property=\"og:image\" content=\"https:\/\/www.atins.me\/wp-content\/uploads\/2011\/01\/dreamstime_xxl_34686750_952x238.jpg\" \/>\n\t<meta property=\"og:image:width\" content=\"952\" \/>\n\t<meta property=\"og:image:height\" content=\"238\" \/>\n\t<meta property=\"og:image:type\" content=\"image\/jpeg\" \/>\n<meta name=\"twitter:card\" content=\"summary_large_image\" \/>\n<meta name=\"twitter:site\" content=\"@atinsme\" \/>\n<meta name=\"twitter:label1\" content=\"Est. reading time\" \/>\n\t<meta name=\"twitter:data1\" content=\"5 minutes\" \/>\n<script type=\"application\/ld+json\" class=\"yoast-schema-graph\">{\"@context\":\"https:\/\/schema.org\",\"@graph\":[{\"@type\":\"WebPage\",\"@id\":\"https:\/\/www.atins.me\/de\/ausfluege-treks\/\",\"url\":\"https:\/\/www.atins.me\/de\/ausfluege-treks\/\",\"name\":\"Ausfl\u00fcge und Treks um Atins und in den Len\u00e7\u00f3is Maranhenses\",\"isPartOf\":{\"@id\":\"https:\/\/www.atins.me\/es\/#website\"},\"datePublished\":\"2011-01-05T18:22:44+00:00\",\"dateModified\":\"2016-04-01T15:36:32+00:00\",\"description\":\"Ausfl\u00fcge & Treks von Atins erforden es zumeist zu Fuss oder auf dem Pferd den Len\u00e7\u00f3is Maranhenses sowie seine Umgebung zu erkunden.\",\"breadcrumb\":{\"@id\":\"https:\/\/www.atins.me\/de\/ausfluege-treks\/#breadcrumb\"},\"inLanguage\":\"de\",\"potentialAction\":[{\"@type\":\"ReadAction\",\"target\":[\"https:\/\/www.atins.me\/de\/ausfluege-treks\/\"]}]},{\"@type\":\"BreadcrumbList\",\"@id\":\"https:\/\/www.atins.me\/de\/ausfluege-treks\/#breadcrumb\",\"itemListElement\":[{\"@type\":\"ListItem\",\"position\":1,\"name\":\"Home\",\"item\":\"https:\/\/www.atins.me\/de\/\"},{\"@type\":\"ListItem\",\"position\":2,\"name\":\"Ausfl\u00fcge &#038; Treks\"}]},{\"@type\":\"WebSite\",\"@id\":\"https:\/\/www.atins.me\/es\/#website\",\"url\":\"https:\/\/www.atins.me\/es\/\",\"name\":\"Atins\",\"description\":\"Len\u00e7\u00f3is Maranhenses\",\"potentialAction\":[{\"@type\":\"SearchAction\",\"target\":{\"@type\":\"EntryPoint\",\"urlTemplate\":\"https:\/\/www.atins.me\/es\/?s={search_term_string}\"},\"query-input\":\"required name=search_term_string\"}],\"inLanguage\":\"de\"}]}<\/script>\n<!-- \/ Yoast SEO plugin. -->","yoast_head_json":{"title":"Ausfl\u00fcge und Treks um Atins und in den Len\u00e7\u00f3is Maranhenses","description":"Ausfl\u00fcge & Treks von Atins erforden es zumeist zu Fuss oder auf dem Pferd den Len\u00e7\u00f3is Maranhenses sowie seine Umgebung zu erkunden.","robots":{"index":"index","follow":"follow","max-snippet":"max-snippet:-1","max-image-preview":"max-image-preview:large","max-video-preview":"max-video-preview:-1"},"canonical":"https:\/\/www.atins.me\/de\/ausfluege-treks\/","og_locale":"de_DE","og_type":"article","og_title":"Ausfl\u00fcge und Treks um Atins und in den Len\u00e7\u00f3is Maranhenses","og_description":"Ausfl\u00fcge & Treks von Atins erforden es zumeist zu Fuss oder auf dem Pferd den Len\u00e7\u00f3is Maranhenses sowie seine Umgebung zu erkunden.","og_url":"https:\/\/www.atins.me\/de\/ausfluege-treks\/","og_site_name":"Atins","article_publisher":"http:\/\/www.facebook.com\/conventoarcadia","article_modified_time":"2016-04-01T15:36:32+00:00","og_image":[{"width":952,"height":238,"url":"https:\/\/www.atins.me\/wp-content\/uploads\/2011\/01\/dreamstime_xxl_34686750_952x238.jpg","type":"image\/jpeg"}],"twitter_card":"summary_large_image","twitter_site":"@atinsme","twitter_misc":{"Est. reading time":"5 minutes"},"schema":{"@context":"https:\/\/schema.org","@graph":[{"@type":"WebPage","@id":"https:\/\/www.atins.me\/de\/ausfluege-treks\/","url":"https:\/\/www.atins.me\/de\/ausfluege-treks\/","name":"Ausfl\u00fcge und Treks um Atins und in den Len\u00e7\u00f3is Maranhenses","isPartOf":{"@id":"https:\/\/www.atins.me\/es\/#website"},"datePublished":"2011-01-05T18:22:44+00:00","dateModified":"2016-04-01T15:36:32+00:00","description":"Ausfl\u00fcge & Treks von Atins erforden es zumeist zu Fuss oder auf dem Pferd den Len\u00e7\u00f3is Maranhenses sowie seine Umgebung zu erkunden.","breadcrumb":{"@id":"https:\/\/www.atins.me\/de\/ausfluege-treks\/#breadcrumb"},"inLanguage":"de","potentialAction":[{"@type":"ReadAction","target":["https:\/\/www.atins.me\/de\/ausfluege-treks\/"]}]},{"@type":"BreadcrumbList","@id":"https:\/\/www.atins.me\/de\/ausfluege-treks\/#breadcrumb","itemListElement":[{"@type":"ListItem","position":1,"name":"Home","item":"https:\/\/www.atins.me\/de\/"},{"@type":"ListItem","position":2,"name":"Ausfl\u00fcge &#038; Treks"}]},{"@type":"WebSite","@id":"https:\/\/www.atins.me\/es\/#website","url":"https:\/\/www.atins.me\/es\/","name":"Atins","description":"Len\u00e7\u00f3is Maranhenses","potentialAction":[{"@type":"SearchAction","target":{"@type":"EntryPoint","urlTemplate":"https:\/\/www.atins.me\/es\/?s={search_term_string}"},"query-input":"required name=search_term_string"}],"inLanguage":"de"}]}},"jetpack_sharing_enabled":true,"_links":{"self":[{"href":"https:\/\/www.atins.me\/de\/wp-json\/wp\/v2\/pages\/1943"}],"collection":[{"href":"https:\/\/www.atins.me\/de\/wp-json\/wp\/v2\/pages"}],"about":[{"href":"https:\/\/www.atins.me\/de\/wp-json\/wp\/v2\/types\/page"}],"author":[{"embeddable":true,"href":"https:\/\/www.atins.me\/de\/wp-json\/wp\/v2\/users\/2"}],"replies":[{"embeddable":true,"href":"https:\/\/www.atins.me\/de\/wp-json\/wp\/v2\/comments?post=1943"}],"version-history":[{"count":0,"href":"https:\/\/www.atins.me\/de\/wp-json\/wp\/v2\/pages\/1943\/revisions"}],"wp:featuredmedia":[{"embeddable":true,"href":"https:\/\/www.atins.me\/de\/wp-json\/wp\/v2\/media\/10647"}],"wp:attachment":[{"href":"https:\/\/www.atins.me\/de\/wp-json\/wp\/v2\/media?parent=1943"}],"curies":[{"name":"wp","href":"https:\/\/api.w.org\/{rel}","templated":true}]}}