{"id":1933,"date":"2011-01-05T16:21:35","date_gmt":"2011-01-05T18:21:35","guid":{"rendered":"https:\/\/www.atins.me\/?page_id=1933"},"modified":"2016-04-01T12:31:57","modified_gmt":"2016-04-01T15:31:57","slug":"kiteboarding","status":"publish","type":"page","link":"https:\/\/www.atins.me\/de\/kiteboarding\/","title":{"rendered":"Kiteboarding"},"content":{"rendered":"<p><a href=\"https:\/\/www.atins.me\/wp-content\/uploads\/2011\/01\/Drone-Kiter_952_476.jpg\"><img decoding=\"async\" loading=\"lazy\" class=\"alignnone wp-image-10638 size-full\" src=\"https:\/\/www.atins.me\/wp-content\/uploads\/2011\/01\/Drone-Kiter_952_476.jpg\" alt=\"Kiteboarding in Atins \" width=\"952\" height=\"476\" srcset=\"https:\/\/www.atins.me\/wp-content\/uploads\/2011\/01\/Drone-Kiter_952_476.jpg 952w, https:\/\/www.atins.me\/wp-content\/uploads\/2011\/01\/Drone-Kiter_952_476-300x150.jpg 300w\" sizes=\"(max-width: 952px) 100vw, 952px\" \/><\/a><\/p>\n<p>Atins gilt als einer der Top-4 Flachwasser Kiteboarding Spots der Welt gem\u00e4ss Kitesurfing Magazine. Zwischen Juli und Dezember finden Kiteboarder ideale Bedingungen in Atins vor. W\u00e4hrend dieser Zeit treffen die konstant quer-auflandigen Passatwinde von 15 bis 30 Knoten auf die weitl\u00e4ufigen und d\u00fcnn bev\u00f6lkerten Str\u00e4nde.<\/p>\n<p>Anf\u00e4nger k\u00f6nnen in der riesigen Lagune in ruhigen, flachen Gew\u00e4ssern im Schutz zweier Sandb\u00e4nke \u00fcben, w\u00e4hrend sich die erfahrenen Kiter aufs offene Meer wagen, wo man je nach Gezeiten Wellen zwischen 1 1\/2 und 2 1\/2 m antrifft. W<\/p>\n<p>Weitere Optionen w\u00e4ren die ruhigen Gew\u00e4sser des Rio Pregui\u00e7as oder die Lagunen im Innern des Len\u00e7\u00f3is Maranhenses Nationalpark, deren Gr\u00f6\u00dfe von der Niederschlagsmenge der letzten Regenzeit (in der Regel von Januar bis Mai) in Relation zur aktuellen Jahreszeit abh\u00e4ngt.<\/p>\n<p>Atins hat eine kleine Kiteboarding Gemeinschaft an Kitern, erfahrenen Instruktoren, Ausr\u00fcstungsverleihern und Anbietern von gef\u00fchrten Trips.<\/p>\n","protected":false},"excerpt":{"rendered":"<p>Atins gilt als einer der Top-4 Flachwasser Kiteboarding Spots der Welt gem\u00e4ss Kitesurfing Magazine. Zwischen Juli und Dezember finden Kiteboarder ideale Bedingungen in Atins vor. W\u00e4hrend dieser Zeit treffen die konstant quer-auflandigen Passatwinde von 15 bis 30 Knoten auf die weitl\u00e4ufigen und d\u00fcnn bev\u00f6lkerten Str\u00e4nde. Anf\u00e4nger k\u00f6nnen in der riesigen Lagune in ruhigen, flachen Gew\u00e4ssern\u2026<\/p>\n","protected":false},"author":2,"featured_media":10640,"parent":0,"menu_order":2,"comment_status":"open","ping_status":"open","template":"","meta":{"_mi_skip_tracking":false,"_monsterinsights_sitenote_active":false,"_monsterinsights_sitenote_note":"","_monsterinsights_sitenote_category":0,"footnotes":""},"yoast_head":"<!-- This site is optimized with the Yoast SEO plugin v21.0 - https:\/\/yoast.com\/wordpress\/plugins\/seo\/ -->\n<title>Kiteboarding und Kitesurfing mit Windgarantie in Brasilien<\/title>\n<meta name=\"description\" content=\"Atins wurde als einer der Top-4 Flachwasser Kiteboarding Spots der Welt benannt. Von Juli bis Dezember finden sich hier verl\u00e4ssliche Winde von 15-30 Knoten.\" \/>\n<meta name=\"robots\" content=\"index, follow, max-snippet:-1, max-image-preview:large, max-video-preview:-1\" \/>\n<link rel=\"canonical\" href=\"https:\/\/www.atins.me\/de\/kiteboarding\/\" \/>\n<meta property=\"og:locale\" content=\"de_DE\" \/>\n<meta property=\"og:type\" content=\"article\" \/>\n<meta property=\"og:title\" content=\"Kiteboarding und Kitesurfing mit Windgarantie in Brasilien\" \/>\n<meta property=\"og:description\" content=\"Atins wurde als einer der Top-4 Flachwasser Kiteboarding Spots der Welt benannt. Von Juli bis Dezember finden sich hier verl\u00e4ssliche Winde von 15-30 Knoten.\" \/>\n<meta property=\"og:url\" content=\"https:\/\/www.atins.me\/de\/kiteboarding\/\" \/>\n<meta property=\"og:site_name\" content=\"Atins\" \/>\n<meta property=\"article:publisher\" content=\"http:\/\/www.facebook.com\/conventoarcadia\" \/>\n<meta property=\"article:modified_time\" content=\"2016-04-01T15:31:57+00:00\" \/>\n<meta property=\"og:image\" content=\"https:\/\/www.atins.me\/wp-content\/uploads\/2011\/01\/Drone-Kiter_952_476.jpg\" \/>\n\t<meta property=\"og:image:width\" content=\"952\" \/>\n\t<meta property=\"og:image:height\" content=\"476\" \/>\n\t<meta property=\"og:image:type\" content=\"image\/jpeg\" \/>\n<meta name=\"twitter:card\" content=\"summary_large_image\" \/>\n<meta name=\"twitter:site\" content=\"@atinsme\" \/>\n<meta name=\"twitter:label1\" content=\"Est. reading time\" \/>\n\t<meta name=\"twitter:data1\" content=\"1 minute\" \/>\n<script type=\"application\/ld+json\" class=\"yoast-schema-graph\">{\"@context\":\"https:\/\/schema.org\",\"@graph\":[{\"@type\":\"WebPage\",\"@id\":\"https:\/\/www.atins.me\/de\/kiteboarding\/\",\"url\":\"https:\/\/www.atins.me\/de\/kiteboarding\/\",\"name\":\"Kiteboarding und Kitesurfing mit Windgarantie in Brasilien\",\"isPartOf\":{\"@id\":\"https:\/\/www.atins.me\/es\/#website\"},\"datePublished\":\"2011-01-05T18:21:35+00:00\",\"dateModified\":\"2016-04-01T15:31:57+00:00\",\"description\":\"Atins wurde als einer der Top-4 Flachwasser Kiteboarding Spots der Welt benannt. Von Juli bis Dezember finden sich hier verl\u00e4ssliche Winde von 15-30 Knoten.\",\"breadcrumb\":{\"@id\":\"https:\/\/www.atins.me\/de\/kiteboarding\/#breadcrumb\"},\"inLanguage\":\"de\",\"potentialAction\":[{\"@type\":\"ReadAction\",\"target\":[\"https:\/\/www.atins.me\/de\/kiteboarding\/\"]}]},{\"@type\":\"BreadcrumbList\",\"@id\":\"https:\/\/www.atins.me\/de\/kiteboarding\/#breadcrumb\",\"itemListElement\":[{\"@type\":\"ListItem\",\"position\":1,\"name\":\"Home\",\"item\":\"https:\/\/www.atins.me\/de\/\"},{\"@type\":\"ListItem\",\"position\":2,\"name\":\"Kiteboarding\"}]},{\"@type\":\"WebSite\",\"@id\":\"https:\/\/www.atins.me\/es\/#website\",\"url\":\"https:\/\/www.atins.me\/es\/\",\"name\":\"Atins\",\"description\":\"Len\u00e7\u00f3is Maranhenses\",\"potentialAction\":[{\"@type\":\"SearchAction\",\"target\":{\"@type\":\"EntryPoint\",\"urlTemplate\":\"https:\/\/www.atins.me\/es\/?s={search_term_string}\"},\"query-input\":\"required name=search_term_string\"}],\"inLanguage\":\"de\"}]}<\/script>\n<!-- \/ Yoast SEO plugin. -->","yoast_head_json":{"title":"Kiteboarding und Kitesurfing mit Windgarantie in Brasilien","description":"Atins wurde als einer der Top-4 Flachwasser Kiteboarding Spots der Welt benannt. Von Juli bis Dezember finden sich hier verl\u00e4ssliche Winde von 15-30 Knoten.","robots":{"index":"index","follow":"follow","max-snippet":"max-snippet:-1","max-image-preview":"max-image-preview:large","max-video-preview":"max-video-preview:-1"},"canonical":"https:\/\/www.atins.me\/de\/kiteboarding\/","og_locale":"de_DE","og_type":"article","og_title":"Kiteboarding und Kitesurfing mit Windgarantie in Brasilien","og_description":"Atins wurde als einer der Top-4 Flachwasser Kiteboarding Spots der Welt benannt. Von Juli bis Dezember finden sich hier verl\u00e4ssliche Winde von 15-30 Knoten.","og_url":"https:\/\/www.atins.me\/de\/kiteboarding\/","og_site_name":"Atins","article_publisher":"http:\/\/www.facebook.com\/conventoarcadia","article_modified_time":"2016-04-01T15:31:57+00:00","og_image":[{"width":952,"height":476,"url":"https:\/\/www.atins.me\/wp-content\/uploads\/2011\/01\/Drone-Kiter_952_476.jpg","type":"image\/jpeg"}],"twitter_card":"summary_large_image","twitter_site":"@atinsme","twitter_misc":{"Est. reading time":"1 minute"},"schema":{"@context":"https:\/\/schema.org","@graph":[{"@type":"WebPage","@id":"https:\/\/www.atins.me\/de\/kiteboarding\/","url":"https:\/\/www.atins.me\/de\/kiteboarding\/","name":"Kiteboarding und Kitesurfing mit Windgarantie in Brasilien","isPartOf":{"@id":"https:\/\/www.atins.me\/es\/#website"},"datePublished":"2011-01-05T18:21:35+00:00","dateModified":"2016-04-01T15:31:57+00:00","description":"Atins wurde als einer der Top-4 Flachwasser Kiteboarding Spots der Welt benannt. Von Juli bis Dezember finden sich hier verl\u00e4ssliche Winde von 15-30 Knoten.","breadcrumb":{"@id":"https:\/\/www.atins.me\/de\/kiteboarding\/#breadcrumb"},"inLanguage":"de","potentialAction":[{"@type":"ReadAction","target":["https:\/\/www.atins.me\/de\/kiteboarding\/"]}]},{"@type":"BreadcrumbList","@id":"https:\/\/www.atins.me\/de\/kiteboarding\/#breadcrumb","itemListElement":[{"@type":"ListItem","position":1,"name":"Home","item":"https:\/\/www.atins.me\/de\/"},{"@type":"ListItem","position":2,"name":"Kiteboarding"}]},{"@type":"WebSite","@id":"https:\/\/www.atins.me\/es\/#website","url":"https:\/\/www.atins.me\/es\/","name":"Atins","description":"Len\u00e7\u00f3is Maranhenses","potentialAction":[{"@type":"SearchAction","target":{"@type":"EntryPoint","urlTemplate":"https:\/\/www.atins.me\/es\/?s={search_term_string}"},"query-input":"required name=search_term_string"}],"inLanguage":"de"}]}},"jetpack_sharing_enabled":true,"_links":{"self":[{"href":"https:\/\/www.atins.me\/de\/wp-json\/wp\/v2\/pages\/1933"}],"collection":[{"href":"https:\/\/www.atins.me\/de\/wp-json\/wp\/v2\/pages"}],"about":[{"href":"https:\/\/www.atins.me\/de\/wp-json\/wp\/v2\/types\/page"}],"author":[{"embeddable":true,"href":"https:\/\/www.atins.me\/de\/wp-json\/wp\/v2\/users\/2"}],"replies":[{"embeddable":true,"href":"https:\/\/www.atins.me\/de\/wp-json\/wp\/v2\/comments?post=1933"}],"version-history":[{"count":0,"href":"https:\/\/www.atins.me\/de\/wp-json\/wp\/v2\/pages\/1933\/revisions"}],"wp:featuredmedia":[{"embeddable":true,"href":"https:\/\/www.atins.me\/de\/wp-json\/wp\/v2\/media\/10640"}],"wp:attachment":[{"href":"https:\/\/www.atins.me\/de\/wp-json\/wp\/v2\/media?parent=1933"}],"curies":[{"name":"wp","href":"https:\/\/api.w.org\/{rel}","templated":true}]}}