{"id":1767,"date":"2011-01-21T09:00:07","date_gmt":"2011-01-21T11:00:07","guid":{"rendered":"https:\/\/www.atins.me\/?page_id=1767"},"modified":"2019-06-24T19:45:39","modified_gmt":"2019-06-24T22:45:39","slug":"lies-dies","status":"publish","type":"page","link":"https:\/\/www.atins.me\/de\/lies-dies\/","title":{"rendered":"Lies&#8217; dies"},"content":{"rendered":"<p>Eine gewichtige Rolle in Atins&#8217; Charme und Anziehungskraft spielt seine l\u00e4ndliche Lage weit abgeschieden von unserer hastigen Zivilisationswelt. Besucher sollten sich bewusst sein, dass mit dieser Abgeschiedenheit ein Verzicht auf gewisse Konsumg\u00fcter und Annehmlichkeiten, die viele h\u00e4ufig als selbstverst\u00e4ndlich betrachten, verbunden sein kann. Kommt vorbereitet!<\/p>\n<hr \/>\n<p><a href=\"https:\/\/www.atins.me\/wp-content\/uploads\/2011\/01\/10929939_10206667606558940_1413935248970245382_n-1.jpg\"><img decoding=\"async\" loading=\"lazy\" class=\"alignnone wp-image-10763 size-full\" src=\"https:\/\/www.atins.me\/wp-content\/uploads\/2011\/01\/10929939_10206667606558940_1413935248970245382_n-1.jpg\" alt=\"Atins Strand\" width=\"682\" height=\"341\" srcset=\"https:\/\/www.atins.me\/wp-content\/uploads\/2011\/01\/10929939_10206667606558940_1413935248970245382_n-1.jpg 682w, https:\/\/www.atins.me\/wp-content\/uploads\/2011\/01\/10929939_10206667606558940_1413935248970245382_n-1-300x150.jpg 300w\" sizes=\"(max-width: 682px) 100vw, 682px\" \/><\/a><\/p>\n<h2 id=\"when-to-go\">Wann ist die beste Zeit?<\/h2>\n<p>Die Region kennt generell nur zwei Jahreszeiten, Sommer und Winter. Winter entspricht der Regenzeit. Die Temperaturen liegen normalerweise zwischen 24\u00b0c und 32\u00b0c und Tage heftiger Niederschl\u00e4ge sowie Sonnentage wechseln sich miteinander ab.<\/p>\n<p>Die Regenzeit beginnt gew\u00f6hnlich Mitte bis Ende Januar, der Regen steigert sich dann bis in den M\u00e4rz, die heftigsten Niederschl\u00e4ge fallen im April und Mai, und im Juni flaut der Regen wieder ab. In diesen Monaten f\u00fcllen sich die Lagunen und Becken in den D\u00fcnen des Nationalparks mit Wasser. Das gleiche Schicksal ereilt allerdings auch die niedrigen Lagen des Dorfes sowie einige der unbefestigten Wege, die durch den Len\u00e7\u00f3is nach Atins f\u00fchren. Im Mai sind die Lagunen des Len\u00e7\u00f3is Maranhenses dann vollends mit Wasser gef\u00fcllt.<\/p>\n<p>Zum Juli setzt der Sommer an und die quer-auflandigen Passatwinde mit ihren konstant 15 bis 30 Knoten kehren wieder ein. Besucher d\u00fcrfen sich auf durchg\u00e4ngigen Sonnenschein und Temperaturen um die 30\u00b0c \u2013 35\u00b0c freuen.<\/p>\n<p>Die beste Zeit, um den Park zu genie\u00dfen w\u00e4re demnach von Juni bis Ende September, evtl. bis Mitte Oktober, danach werden viele der Lagunen wieder trocken sein.<\/p>\n<p>F\u00fcr die Kiteboarder ist Juli bis Dezember die beste Zeit &#8211; vielleicht noch bis Mitte Januar. Die st\u00e4rksten Winde lassen sich von Oktober bis Mitte Dezember erwarten.<\/p>\n<p>W\u00e4hrend der Hochsaison im Juli und August sowie zwischen Weihnachten und Neujahr w\u00e4re es anzuraten voraus zu buchen.<\/p>\n<h2 id=\"medical\">\u00c4rztliche Versorgung<\/h2>\n<p>Der medizinische Versorgungsst\u00fctzpunkt in Atins wurde k\u00fcrzlich ausgebaut. Eine Krankenschwester ist wochent\u00e4glich sowie Samstags zugegen. Im Falle ernsthafter Krankheiten oder Verletzungen sollte man sich jedoch schonmal auf die Reise nach Barreirinhas einstellen, um sich behandeln zu lassen und f\u00fcr die n\u00e4chste Apotheke<\/p>\n<h2 id=\"money\">Bargeld<\/h2>\n<p>Atins kennt keine Geldautomaten, und nur wenige Pousadas und Restaurants bieten seit kurzem die Zahlung mit EC- oder Kreditkarte an. Die letzte M\u00f6glichkeit, sich vor Atins mit Bargeld zu versorgen, ist Barreirinhas. Die Filiale der Banco do Brasil befindet sich in der N\u00e4he des Piers und des Taxistands und ist von 9:00 bis 14:00 ge\u00f6ffnet.<\/p>\n<p>Mit Visa und Mastercard kann man am Schalter auch gr\u00f6ssere Betr\u00e4ge abheben.<\/p>\n<p>Zudem gibt es noch Filialen der Banken Bradesco, Caixa und Banco do Nordeste.<\/p>\n<p>Behalten Sie unterschiedliche Abhebelimite im Sinn. Empfehlenswert w\u00e4re, sich bereits in S\u00e3o Lu\u00eds mit Bargeld einzudecken.<\/p>\n<h2 id=\"electricity\">Elektrizit\u00e4t<\/h2>\n<p><a href=\"https:\/\/www.atins.me\/wp-content\/uploads\/2011\/01\/11665523_10207198273905292_8229979608647080258_n-1.jpg\"><img decoding=\"async\" loading=\"lazy\" class=\"alignnone wp-image-10769 size-full\" src=\"https:\/\/www.atins.me\/wp-content\/uploads\/2011\/01\/11665523_10207198273905292_8229979608647080258_n-1.jpg\" alt=\"Atins bei Nacht\" width=\"682\" height=\"341\" srcset=\"https:\/\/www.atins.me\/wp-content\/uploads\/2011\/01\/11665523_10207198273905292_8229979608647080258_n-1.jpg 682w, https:\/\/www.atins.me\/wp-content\/uploads\/2011\/01\/11665523_10207198273905292_8229979608647080258_n-1-300x150.jpg 300w\" sizes=\"(max-width: 682px) 100vw, 682px\" \/><\/a><\/p>\n<p>Erst k\u00fcrzlich wurde Atins an das Dreiphasen-Stromnetz angeschlossen, nachdem der Ort die vergangenen 10 Jahre mono-phasisch versorgt wurde. Man kann davon ausgehen, dass die Unterk\u00fcnfte in Atins nun vermehrt anfangen Klimaanlagen, Fernseher oder Minibars auf den Zimmern zu installieren, auch wenn eine solch fl\u00e4chenm\u00e4ssige Ausweitung solcherlei Zivilisationserrungenschaften einige Fragen aufwirft.<\/p>\n<h2 id=\"internet\">Internet<\/h2>\n<p>Es ist nicht einfach an Internet in Atins zu gelangen. Grunds\u00e4tzlich bestehen zwei M\u00f6glichkeiten: Erstens, die Nutzung des Internets \u00fcber das Mobilfunknetz , wo verf\u00fcgbar (siehe unten). Zweitens, einige Pousadas und Restaurants bieten Wifi via Satellit oder einen lokalen Internet Provider an. Diese Dienste sind jedoch anf\u00e4llig f\u00fcr \u00dcberlastungen und Ausf\u00e4lle. Man sollte daher keine gute Internetverbindung in Atins erwarten und Netflix, YouTube und Instagram kann man gleich vergessen.<\/p>\n<h2 id=\"luggage\">Gep\u00e4ck<\/h2>\n<p>Denkt daran, asphaltierte Stra\u00dfe kennt man in Atins nicht! Also, Rollkoffer zu Hause lassen und mit Rucksack kommen. Die meisten Menschen brauchen nicht viel in Atins. Die meiste Zeit findet man sich in Shorts und T-Shirt oder Badeklamotten sowie Badelatschen. Bring&#8217; einen Hut f\u00fcr die Sonne und eine Sonnenbrille, und so viele B\u00fccher wie Du lesen kannst und willst.<\/p>\n<h2 id=\"groceries\">Lebensmittel<\/h2>\n<p>Atins hat nur wenige Gesch\u00e4fte, welche auch nur die n\u00f6tigsten Waren f\u00fchren. Plant man, ein Ferienhaus zu mieten und etwas l\u00e4nger zu verweilen, so w\u00e4re zu empfehlen, sich in Barreirinhas oder gar in S\u00e3o Lu\u00eds entsprechend einzudecken. Achte darauf, gen\u00fcgend Sonnen- und Insektenschutzmittel, Batterien und dergleichen mitzubringen.<\/p>\n<h2 id=\"mosquitoes\">M\u00fccken<\/h2>\n<p>Die Regenzeit von Ende Januar bis Ende Mai\/Juni, wenn im Dorf and vielen Orten das Wasser steht und der Wind ruht, ist Insektenzeit. In dieser Zeit empfiehlt es sich dringend Insektenschutzmittel mitzubringen. Die Pousadas haben in der Regel Moskitonetze in den Zimmern, um einen ungest\u00f6rten Schlaf zu gew\u00e4hrleisten. Aufgrund des starken Windes gibt es eigentlich so gut wie keine M\u00fccken ausserhalb der Regenzeit.<\/p>\n<h2 id=\"phone\">Telefon<\/h2>\n<p>Generell ist der Mobilfunkempfang im Dorf ziemlich d\u00fcrftig bis nahezu gar nicht vorhanden. Einige der Pousadas haben spezielle Antennen mit Verst\u00e4rkern installiert und stellen Mobilfunkempfang in den Gemeinschaftsr\u00e4umen zur Verf\u00fcgung.<\/p>\n","protected":false},"excerpt":{"rendered":"<p>Eine gewichtige Rolle in Atins&#8217; Charme und Anziehungskraft spielt seine l\u00e4ndliche Lage weit abgeschieden von unserer hastigen Zivilisationswelt. Besucher sollten sich bewusst sein, dass mit dieser Abgeschiedenheit ein Verzicht auf gewisse Konsumg\u00fcter und Annehmlichkeiten, die viele h\u00e4ufig als selbstverst\u00e4ndlich betrachten, verbunden sein kann. Kommt vorbereitet! Wann ist die beste Zeit? Die Region kennt generell nur\u2026<\/p>\n","protected":false},"author":2,"featured_media":10765,"parent":0,"menu_order":16,"comment_status":"open","ping_status":"closed","template":"template-with-sidebar.php","meta":{"_mi_skip_tracking":false,"_monsterinsights_sitenote_active":false,"_monsterinsights_sitenote_note":"","_monsterinsights_sitenote_category":0,"footnotes":""},"yoast_head":"<!-- This site is optimized with the Yoast SEO plugin v21.0 - https:\/\/yoast.com\/wordpress\/plugins\/seo\/ -->\n<title>Tipps und Tricks f\u00fcr die Reise nach Atins<\/title>\n<meta name=\"description\" content=\"Eine gewichtige Rolle in Atins&#039; Charme und Anziehungskraft spielt seine l\u00e4ndliche Lage weit abgeschieden von unserer hastigen Zivilisationswelt.\" \/>\n<meta name=\"robots\" content=\"index, follow, max-snippet:-1, max-image-preview:large, max-video-preview:-1\" \/>\n<link rel=\"canonical\" href=\"https:\/\/www.atins.me\/de\/lies-dies\/\" \/>\n<meta property=\"og:locale\" content=\"de_DE\" \/>\n<meta property=\"og:type\" content=\"article\" \/>\n<meta property=\"og:title\" content=\"Tipps und Tricks f\u00fcr die Reise nach Atins\" \/>\n<meta property=\"og:description\" content=\"Eine gewichtige Rolle in Atins&#039; Charme und Anziehungskraft spielt seine l\u00e4ndliche Lage weit abgeschieden von unserer hastigen Zivilisationswelt.\" \/>\n<meta property=\"og:url\" content=\"https:\/\/www.atins.me\/de\/lies-dies\/\" \/>\n<meta property=\"og:site_name\" content=\"Atins\" \/>\n<meta property=\"article:publisher\" content=\"http:\/\/www.facebook.com\/conventoarcadia\" \/>\n<meta property=\"article:modified_time\" content=\"2019-06-24T22:45:39+00:00\" \/>\n<meta property=\"og:image\" content=\"https:\/\/www.atins.me\/wp-content\/uploads\/2011\/01\/10929939_10206667606558940_1413935248970245382_n-1.jpg\" \/>\n\t<meta property=\"og:image:width\" content=\"682\" \/>\n\t<meta property=\"og:image:height\" content=\"341\" \/>\n\t<meta property=\"og:image:type\" content=\"image\/jpeg\" \/>\n<meta name=\"twitter:card\" content=\"summary_large_image\" \/>\n<meta name=\"twitter:site\" content=\"@atinsme\" \/>\n<meta name=\"twitter:label1\" content=\"Est. reading time\" \/>\n\t<meta name=\"twitter:data1\" content=\"4 minutes\" \/>\n<script type=\"application\/ld+json\" class=\"yoast-schema-graph\">{\"@context\":\"https:\/\/schema.org\",\"@graph\":[{\"@type\":\"WebPage\",\"@id\":\"https:\/\/www.atins.me\/de\/lies-dies\/\",\"url\":\"https:\/\/www.atins.me\/de\/lies-dies\/\",\"name\":\"Tipps und Tricks f\u00fcr die Reise nach Atins\",\"isPartOf\":{\"@id\":\"https:\/\/www.atins.me\/es\/#website\"},\"datePublished\":\"2011-01-21T11:00:07+00:00\",\"dateModified\":\"2019-06-24T22:45:39+00:00\",\"description\":\"Eine gewichtige Rolle in Atins' Charme und Anziehungskraft spielt seine l\u00e4ndliche Lage weit abgeschieden von unserer hastigen Zivilisationswelt.\",\"breadcrumb\":{\"@id\":\"https:\/\/www.atins.me\/de\/lies-dies\/#breadcrumb\"},\"inLanguage\":\"de\",\"potentialAction\":[{\"@type\":\"ReadAction\",\"target\":[\"https:\/\/www.atins.me\/de\/lies-dies\/\"]}]},{\"@type\":\"BreadcrumbList\",\"@id\":\"https:\/\/www.atins.me\/de\/lies-dies\/#breadcrumb\",\"itemListElement\":[{\"@type\":\"ListItem\",\"position\":1,\"name\":\"Home\",\"item\":\"https:\/\/www.atins.me\/de\/\"},{\"@type\":\"ListItem\",\"position\":2,\"name\":\"Lies&#8217; dies\"}]},{\"@type\":\"WebSite\",\"@id\":\"https:\/\/www.atins.me\/es\/#website\",\"url\":\"https:\/\/www.atins.me\/es\/\",\"name\":\"Atins\",\"description\":\"Len\u00e7\u00f3is Maranhenses\",\"potentialAction\":[{\"@type\":\"SearchAction\",\"target\":{\"@type\":\"EntryPoint\",\"urlTemplate\":\"https:\/\/www.atins.me\/es\/?s={search_term_string}\"},\"query-input\":\"required name=search_term_string\"}],\"inLanguage\":\"de\"}]}<\/script>\n<!-- \/ Yoast SEO plugin. -->","yoast_head_json":{"title":"Tipps und Tricks f\u00fcr die Reise nach Atins","description":"Eine gewichtige Rolle in Atins' Charme und Anziehungskraft spielt seine l\u00e4ndliche Lage weit abgeschieden von unserer hastigen Zivilisationswelt.","robots":{"index":"index","follow":"follow","max-snippet":"max-snippet:-1","max-image-preview":"max-image-preview:large","max-video-preview":"max-video-preview:-1"},"canonical":"https:\/\/www.atins.me\/de\/lies-dies\/","og_locale":"de_DE","og_type":"article","og_title":"Tipps und Tricks f\u00fcr die Reise nach Atins","og_description":"Eine gewichtige Rolle in Atins' Charme und Anziehungskraft spielt seine l\u00e4ndliche Lage weit abgeschieden von unserer hastigen Zivilisationswelt.","og_url":"https:\/\/www.atins.me\/de\/lies-dies\/","og_site_name":"Atins","article_publisher":"http:\/\/www.facebook.com\/conventoarcadia","article_modified_time":"2019-06-24T22:45:39+00:00","og_image":[{"width":682,"height":341,"url":"https:\/\/www.atins.me\/wp-content\/uploads\/2011\/01\/10929939_10206667606558940_1413935248970245382_n-1.jpg","type":"image\/jpeg"}],"twitter_card":"summary_large_image","twitter_site":"@atinsme","twitter_misc":{"Est. reading time":"4 minutes"},"schema":{"@context":"https:\/\/schema.org","@graph":[{"@type":"WebPage","@id":"https:\/\/www.atins.me\/de\/lies-dies\/","url":"https:\/\/www.atins.me\/de\/lies-dies\/","name":"Tipps und Tricks f\u00fcr die Reise nach Atins","isPartOf":{"@id":"https:\/\/www.atins.me\/es\/#website"},"datePublished":"2011-01-21T11:00:07+00:00","dateModified":"2019-06-24T22:45:39+00:00","description":"Eine gewichtige Rolle in Atins' Charme und Anziehungskraft spielt seine l\u00e4ndliche Lage weit abgeschieden von unserer hastigen Zivilisationswelt.","breadcrumb":{"@id":"https:\/\/www.atins.me\/de\/lies-dies\/#breadcrumb"},"inLanguage":"de","potentialAction":[{"@type":"ReadAction","target":["https:\/\/www.atins.me\/de\/lies-dies\/"]}]},{"@type":"BreadcrumbList","@id":"https:\/\/www.atins.me\/de\/lies-dies\/#breadcrumb","itemListElement":[{"@type":"ListItem","position":1,"name":"Home","item":"https:\/\/www.atins.me\/de\/"},{"@type":"ListItem","position":2,"name":"Lies&#8217; dies"}]},{"@type":"WebSite","@id":"https:\/\/www.atins.me\/es\/#website","url":"https:\/\/www.atins.me\/es\/","name":"Atins","description":"Len\u00e7\u00f3is Maranhenses","potentialAction":[{"@type":"SearchAction","target":{"@type":"EntryPoint","urlTemplate":"https:\/\/www.atins.me\/es\/?s={search_term_string}"},"query-input":"required name=search_term_string"}],"inLanguage":"de"}]}},"jetpack_sharing_enabled":true,"_links":{"self":[{"href":"https:\/\/www.atins.me\/de\/wp-json\/wp\/v2\/pages\/1767"}],"collection":[{"href":"https:\/\/www.atins.me\/de\/wp-json\/wp\/v2\/pages"}],"about":[{"href":"https:\/\/www.atins.me\/de\/wp-json\/wp\/v2\/types\/page"}],"author":[{"embeddable":true,"href":"https:\/\/www.atins.me\/de\/wp-json\/wp\/v2\/users\/2"}],"replies":[{"embeddable":true,"href":"https:\/\/www.atins.me\/de\/wp-json\/wp\/v2\/comments?post=1767"}],"version-history":[{"count":0,"href":"https:\/\/www.atins.me\/de\/wp-json\/wp\/v2\/pages\/1767\/revisions"}],"wp:featuredmedia":[{"embeddable":true,"href":"https:\/\/www.atins.me\/de\/wp-json\/wp\/v2\/media\/10765"}],"wp:attachment":[{"href":"https:\/\/www.atins.me\/de\/wp-json\/wp\/v2\/media?parent=1767"}],"curies":[{"name":"wp","href":"https:\/\/api.w.org\/{rel}","templated":true}]}}