{"id":1669,"date":"2011-01-05T15:42:47","date_gmt":"2011-01-05T17:42:47","guid":{"rendered":"https:\/\/www.atins.me\/?page_id=1669"},"modified":"2016-11-06T18:15:53","modified_gmt":"2016-11-06T20:15:53","slug":"anreise","status":"publish","type":"page","link":"https:\/\/www.atins.me\/de\/anreise\/","title":{"rendered":"Anreise"},"content":{"rendered":"<p>Der n\u00e4chstgelegene Flughafen f\u00fcr Atins und den Len\u00e7\u00f3is Maranhenses ist S\u00e3o Lu\u00eds (SLZ). Internationale Fl\u00fcge steuern Fortaleza (FOR), Belem (BEL) oder Natal (NAT) an, von wo aus man einen inl\u00e4ndischen Flug nach S\u00e3o Lu\u00eds nimmt. Viele nationale oder internationale Fl\u00fcge k\u00f6nnen auch bequem \u00fcber die Hauptstadt Bras\u00edlia (BSB) gebucht werden, oder eben auch \u00fcber Rio de Janeiro (GIG) oder S\u00e3o Paulo (GRU).<\/p>\n<p>SLZ wird von den folgenden Fluglinien angeflogen:<\/p>\n<ul>\n<li><a title=\"Azul\" href=\"http:\/\/voeazul.com.br\" target=\"_blank\">Azul<\/a><\/li>\n<li><a title=\"GOL\" href=\"http:\/\/www.voegol.com.br\/\" target=\"_blank\">GOL<\/a><\/li>\n<li><a title=\"TAM\" href=\"http:\/\/www.tam.com.br\/\" target=\"_blank\">TAM<\/a><\/li>\n<\/ul>\n<hr \/>\n<p><a href=\"https:\/\/www.atins.me\/wp-content\/uploads\/2011\/01\/Toyota_952x317-1.jpg\"><img decoding=\"async\" loading=\"lazy\" class=\"aligncenter wp-image-10813 size-full\" src=\"https:\/\/www.atins.me\/wp-content\/uploads\/2011\/01\/Toyota_952x317-1.jpg\" alt=\"Anreise\" width=\"952\" height=\"317\" srcset=\"https:\/\/www.atins.me\/wp-content\/uploads\/2011\/01\/Toyota_952x317-1.jpg 952w, https:\/\/www.atins.me\/wp-content\/uploads\/2011\/01\/Toyota_952x317-1-300x100.jpg 300w\" sizes=\"(max-width: 952px) 100vw, 952px\" \/><\/a><\/p>\n<p>Der Len\u00e7\u00f3is Maranhenses Nationalpark ist recht grossfl\u00e4chig und hat keine geteerten Zufahrtsstra\u00dfen. Aufgrund des Naturschutzstatus sind nur eigens lizenzierte Fahrzeuge zugelassen. Zufahrt zum Park ist ausschlie\u00dflich mit vierradangetriebenen Gef\u00e4hrten m\u00f6glich.<\/p>\n<p>Etwas vorausschauendes Planen der Anreise nach Atins erweist sich als sinnvoll. Die Zeitpl\u00e4ne der Bef\u00f6rderungsmittel der verschiedenen Anreiseabschnitte sind nicht perfekt aufeinander abgestimmt und so k\u00f6nnte sich beispielsweise ein unerw\u00fcnschter Aufenthalt in Barreirinhas ergeben, sollte man den Anschluss-4&#215;4 oder das Boot von dort aus verpassen.<\/p>\n<p><a title=\"TAM\" href=\"https:\/\/www.atins.me\/wp-content\/uploads\/2011\/01\/Lancha_952x476.jpg\" target=\"_blank\"><img decoding=\"async\" loading=\"lazy\" class=\"aligncenter wp-image-10807 size-full\" src=\"https:\/\/www.atins.me\/wp-content\/uploads\/2011\/01\/Lancha_952x476.jpg\" alt=\"Anreise\" width=\"952\" height=\"476\" srcset=\"https:\/\/www.atins.me\/wp-content\/uploads\/2011\/01\/Lancha_952x476.jpg 952w, https:\/\/www.atins.me\/wp-content\/uploads\/2011\/01\/Lancha_952x476-300x150.jpg 300w\" sizes=\"(max-width: 952px) 100vw, 952px\" \/><\/a><\/p>\n","protected":false},"excerpt":{"rendered":"<p>Der n\u00e4chstgelegene Flughafen f\u00fcr Atins und den Len\u00e7\u00f3is Maranhenses ist S\u00e3o Lu\u00eds (SLZ). Internationale Fl\u00fcge steuern Fortaleza (FOR), Belem (BEL) oder Natal (NAT) an, von wo aus man einen inl\u00e4ndischen Flug nach S\u00e3o Lu\u00eds nimmt. Viele nationale oder internationale Fl\u00fcge k\u00f6nnen auch bequem \u00fcber die Hauptstadt Bras\u00edlia (BSB) gebucht werden, oder eben auch \u00fcber Rio\u2026<\/p>\n","protected":false},"author":2,"featured_media":0,"parent":0,"menu_order":17,"comment_status":"open","ping_status":"open","template":"","meta":{"_mi_skip_tracking":false,"_monsterinsights_sitenote_active":false,"_monsterinsights_sitenote_note":"","_monsterinsights_sitenote_category":0,"footnotes":""},"yoast_head":"<!-- This site is optimized with the Yoast SEO plugin v21.0 - https:\/\/yoast.com\/wordpress\/plugins\/seo\/ -->\n<title>Wie man nach Atins, im Len\u00e7\u00f3is Maranhenses, kommt<\/title>\n<meta name=\"description\" content=\"Der n\u00e4chstgelegene Flughafen f\u00fcr Atins und den Len\u00e7\u00f3is Maranhenses ist S\u00e3o Lu\u00eds (SLZ), danach folgen Fortaleza und Bel\u00e9m.\" \/>\n<meta name=\"robots\" content=\"index, follow, max-snippet:-1, max-image-preview:large, max-video-preview:-1\" \/>\n<link rel=\"canonical\" href=\"https:\/\/www.atins.me\/de\/anreise\/\" \/>\n<meta property=\"og:locale\" content=\"de_DE\" \/>\n<meta property=\"og:type\" content=\"article\" \/>\n<meta property=\"og:title\" content=\"Wie man nach Atins, im Len\u00e7\u00f3is Maranhenses, kommt\" \/>\n<meta property=\"og:description\" content=\"Der n\u00e4chstgelegene Flughafen f\u00fcr Atins und den Len\u00e7\u00f3is Maranhenses ist S\u00e3o Lu\u00eds (SLZ), danach folgen Fortaleza und Bel\u00e9m.\" \/>\n<meta property=\"og:url\" content=\"https:\/\/www.atins.me\/de\/anreise\/\" \/>\n<meta property=\"og:site_name\" content=\"Atins\" \/>\n<meta property=\"article:publisher\" content=\"http:\/\/www.facebook.com\/conventoarcadia\" \/>\n<meta property=\"article:modified_time\" content=\"2016-11-06T20:15:53+00:00\" \/>\n<meta property=\"og:image\" content=\"https:\/\/www.atins.me\/wp-content\/uploads\/2011\/01\/Toyota_952x317-1.jpg\" \/>\n<meta name=\"twitter:card\" content=\"summary_large_image\" \/>\n<meta name=\"twitter:site\" content=\"@atinsme\" \/>\n<meta name=\"twitter:label1\" content=\"Est. reading time\" \/>\n\t<meta name=\"twitter:data1\" content=\"1 minute\" \/>\n<script type=\"application\/ld+json\" class=\"yoast-schema-graph\">{\"@context\":\"https:\/\/schema.org\",\"@graph\":[{\"@type\":\"WebPage\",\"@id\":\"https:\/\/www.atins.me\/de\/anreise\/\",\"url\":\"https:\/\/www.atins.me\/de\/anreise\/\",\"name\":\"Wie man nach Atins, im Len\u00e7\u00f3is Maranhenses, kommt\",\"isPartOf\":{\"@id\":\"https:\/\/www.atins.me\/es\/#website\"},\"datePublished\":\"2011-01-05T17:42:47+00:00\",\"dateModified\":\"2016-11-06T20:15:53+00:00\",\"description\":\"Der n\u00e4chstgelegene Flughafen f\u00fcr Atins und den Len\u00e7\u00f3is Maranhenses ist S\u00e3o Lu\u00eds (SLZ), danach folgen Fortaleza und Bel\u00e9m.\",\"breadcrumb\":{\"@id\":\"https:\/\/www.atins.me\/de\/anreise\/#breadcrumb\"},\"inLanguage\":\"de\",\"potentialAction\":[{\"@type\":\"ReadAction\",\"target\":[\"https:\/\/www.atins.me\/de\/anreise\/\"]}]},{\"@type\":\"BreadcrumbList\",\"@id\":\"https:\/\/www.atins.me\/de\/anreise\/#breadcrumb\",\"itemListElement\":[{\"@type\":\"ListItem\",\"position\":1,\"name\":\"Home\",\"item\":\"https:\/\/www.atins.me\/de\/\"},{\"@type\":\"ListItem\",\"position\":2,\"name\":\"Anreise\"}]},{\"@type\":\"WebSite\",\"@id\":\"https:\/\/www.atins.me\/es\/#website\",\"url\":\"https:\/\/www.atins.me\/es\/\",\"name\":\"Atins\",\"description\":\"Len\u00e7\u00f3is Maranhenses\",\"potentialAction\":[{\"@type\":\"SearchAction\",\"target\":{\"@type\":\"EntryPoint\",\"urlTemplate\":\"https:\/\/www.atins.me\/es\/?s={search_term_string}\"},\"query-input\":\"required name=search_term_string\"}],\"inLanguage\":\"de\"}]}<\/script>\n<!-- \/ Yoast SEO plugin. -->","yoast_head_json":{"title":"Wie man nach Atins, im Len\u00e7\u00f3is Maranhenses, kommt","description":"Der n\u00e4chstgelegene Flughafen f\u00fcr Atins und den Len\u00e7\u00f3is Maranhenses ist S\u00e3o Lu\u00eds (SLZ), danach folgen Fortaleza und Bel\u00e9m.","robots":{"index":"index","follow":"follow","max-snippet":"max-snippet:-1","max-image-preview":"max-image-preview:large","max-video-preview":"max-video-preview:-1"},"canonical":"https:\/\/www.atins.me\/de\/anreise\/","og_locale":"de_DE","og_type":"article","og_title":"Wie man nach Atins, im Len\u00e7\u00f3is Maranhenses, kommt","og_description":"Der n\u00e4chstgelegene Flughafen f\u00fcr Atins und den Len\u00e7\u00f3is Maranhenses ist S\u00e3o Lu\u00eds (SLZ), danach folgen Fortaleza und Bel\u00e9m.","og_url":"https:\/\/www.atins.me\/de\/anreise\/","og_site_name":"Atins","article_publisher":"http:\/\/www.facebook.com\/conventoarcadia","article_modified_time":"2016-11-06T20:15:53+00:00","og_image":[{"url":"https:\/\/www.atins.me\/wp-content\/uploads\/2011\/01\/Toyota_952x317-1.jpg"}],"twitter_card":"summary_large_image","twitter_site":"@atinsme","twitter_misc":{"Est. reading time":"1 minute"},"schema":{"@context":"https:\/\/schema.org","@graph":[{"@type":"WebPage","@id":"https:\/\/www.atins.me\/de\/anreise\/","url":"https:\/\/www.atins.me\/de\/anreise\/","name":"Wie man nach Atins, im Len\u00e7\u00f3is Maranhenses, kommt","isPartOf":{"@id":"https:\/\/www.atins.me\/es\/#website"},"datePublished":"2011-01-05T17:42:47+00:00","dateModified":"2016-11-06T20:15:53+00:00","description":"Der n\u00e4chstgelegene Flughafen f\u00fcr Atins und den Len\u00e7\u00f3is Maranhenses ist S\u00e3o Lu\u00eds (SLZ), danach folgen Fortaleza und Bel\u00e9m.","breadcrumb":{"@id":"https:\/\/www.atins.me\/de\/anreise\/#breadcrumb"},"inLanguage":"de","potentialAction":[{"@type":"ReadAction","target":["https:\/\/www.atins.me\/de\/anreise\/"]}]},{"@type":"BreadcrumbList","@id":"https:\/\/www.atins.me\/de\/anreise\/#breadcrumb","itemListElement":[{"@type":"ListItem","position":1,"name":"Home","item":"https:\/\/www.atins.me\/de\/"},{"@type":"ListItem","position":2,"name":"Anreise"}]},{"@type":"WebSite","@id":"https:\/\/www.atins.me\/es\/#website","url":"https:\/\/www.atins.me\/es\/","name":"Atins","description":"Len\u00e7\u00f3is Maranhenses","potentialAction":[{"@type":"SearchAction","target":{"@type":"EntryPoint","urlTemplate":"https:\/\/www.atins.me\/es\/?s={search_term_string}"},"query-input":"required name=search_term_string"}],"inLanguage":"de"}]}},"jetpack_sharing_enabled":true,"_links":{"self":[{"href":"https:\/\/www.atins.me\/de\/wp-json\/wp\/v2\/pages\/1669"}],"collection":[{"href":"https:\/\/www.atins.me\/de\/wp-json\/wp\/v2\/pages"}],"about":[{"href":"https:\/\/www.atins.me\/de\/wp-json\/wp\/v2\/types\/page"}],"author":[{"embeddable":true,"href":"https:\/\/www.atins.me\/de\/wp-json\/wp\/v2\/users\/2"}],"replies":[{"embeddable":true,"href":"https:\/\/www.atins.me\/de\/wp-json\/wp\/v2\/comments?post=1669"}],"version-history":[{"count":0,"href":"https:\/\/www.atins.me\/de\/wp-json\/wp\/v2\/pages\/1669\/revisions"}],"wp:attachment":[{"href":"https:\/\/www.atins.me\/de\/wp-json\/wp\/v2\/media?parent=1669"}],"curies":[{"name":"wp","href":"https:\/\/api.w.org\/{rel}","templated":true}]}}