{"id":1658,"date":"2011-09-21T08:00:19","date_gmt":"2011-09-21T11:00:19","guid":{"rendered":"https:\/\/www.atins.me\/?page_id=1658"},"modified":"2016-04-01T12:41:03","modified_gmt":"2016-04-01T15:41:03","slug":"jericoacoara","status":"publish","type":"page","link":"https:\/\/www.atins.me\/de\/die-region\/jericoacoara\/","title":{"rendered":"Jericoacoara"},"content":{"rendered":"<p><a href=\"https:\/\/www.atins.me\/wp-content\/uploads\/2011\/09\/15429227511_d22a8315a2_k_952x476.jpg\"><img decoding=\"async\" loading=\"lazy\" class=\"alignnone wp-image-8919 size-full\" src=\"https:\/\/www.atins.me\/wp-content\/uploads\/2011\/09\/15429227511_d22a8315a2_k_952x476.jpg\" alt=\"Jericoacoara\" width=\"952\" height=\"476\" srcset=\"https:\/\/www.atins.me\/wp-content\/uploads\/2011\/09\/15429227511_d22a8315a2_k_952x476.jpg 952w, https:\/\/www.atins.me\/wp-content\/uploads\/2011\/09\/15429227511_d22a8315a2_k_952x476-300x150.jpg 300w\" sizes=\"(max-width: 952px) 100vw, 952px\" \/><\/a><\/p>\n<p>Oftmals der Einfachheit halber \u201cJeri\u201d genannt, beruht die Anziehungskraft Jericoacoaras auf Reisende aus aller Welt auf der Kombination seiner relativen Abgeschiedenheit, einer atemberaubenden K\u00fcstenlandschaft, zahlreichen Unterhaltungsaktivit\u00e4ten (besonders herauszuheben sind Windsurfen, Surfen und Kiteboarding), einem guten Preis-Leistungsverh\u00e4ltnis bei Unterk\u00fcnften und Restaurants, sowie dem lebhaften Nachtleben. Die sechs Sandstrassen des Dorfes befinden sich eingekeilt zwischen dem breiten Strand, einer Ansammlung an grasbewachsenen H\u00fcgeln, und der majest\u00e4tischen \u201cP\u00f4r do Sol\u201d (Sonnenuntergangs-) Sandd\u00fcne.<br \/>\nEs ist ein Ort, an dem man schnell Anschluss findet und viele Reisende verweilen l\u00e4nger als geplant. Die Hochsaison dauert von Juli bis Januar und es w\u00e4re anzuraten, eine Zimmerreservierung in diesen Monaten zu machen.<\/p>\n<p>Jeri ist der Start- oder Endpunkt der \u201cRota das Emo\u00e7\u00f5es\u201d (\u201cDie Strasse der Gef\u00fchle\u201d), welche bis zum Len\u00e7\u00f3is Maranhenses und nach Atins f\u00fchrt. Hier finden sich zwei Webseiten, auf denen sich umfangreiche Infos zu Jeri, seinen Unterk\u00fcnften, Restaurants, Windsurf- und Kiteboardschulen, usw. finden.<\/p>\n<p>Hier sind die Links zu zwei n\u00fctzlichen Portalen, die umfassend \u00fcber Jeri, seine Pousadas, Restaurants, Windsurf- und Kiteboardschulen, etc. informieren:<\/p>\n<p style=\"padding-left: 30px; text-align: center;\"><a href=\"http:\/\/www.portaljericoacoara.com.br\" target=\"_blank\">Portal Jericoacoara<\/a>\u00a0 \u00a0 \u00a0 \u00a0 \u00a0 \u00a0 \u00a0 \u00a0 \u00a0 \u00a0 <a href=\"http:\/\/www.jericoacoara.com\" target=\"_blank\">Jeri.com<\/a><\/p>\n","protected":false},"excerpt":{"rendered":"<p>Oftmals der Einfachheit halber \u201cJeri\u201d genannt, beruht die Anziehungskraft Jericoacoaras auf Reisende aus aller Welt auf der Kombination seiner relativen Abgeschiedenheit, einer atemberaubenden K\u00fcstenlandschaft, zahlreichen Unterhaltungsaktivit\u00e4ten (besonders herauszuheben sind Windsurfen, Surfen und Kiteboarding), einem guten Preis-Leistungsverh\u00e4ltnis bei Unterk\u00fcnften und Restaurants, sowie dem lebhaften Nachtleben. Die sechs Sandstrassen des Dorfes befinden sich eingekeilt zwischen dem breiten\u2026<\/p>\n","protected":false},"author":2,"featured_media":8933,"parent":1609,"menu_order":2,"comment_status":"open","ping_status":"closed","template":"","meta":{"_mi_skip_tracking":false,"_monsterinsights_sitenote_active":false,"_monsterinsights_sitenote_note":"","_monsterinsights_sitenote_category":0,"footnotes":""},"yoast_head":"<!-- This site is optimized with the Yoast SEO plugin v21.0 - https:\/\/yoast.com\/wordpress\/plugins\/seo\/ -->\n<title>Jeri ist der Startpunkt der \u201cRota das Emo\u00e7\u00f5es\u201d nach Atins<\/title>\n<meta name=\"description\" content=\"Atins wird oftmals das &quot;neue&quot; Jericoacoara genannt in Anspielung auf dessen Wandlung von einfachen Fischerdorf zu beliebten Ferienziel in Brasilien.\" \/>\n<meta name=\"robots\" content=\"index, follow, max-snippet:-1, max-image-preview:large, max-video-preview:-1\" \/>\n<link rel=\"canonical\" href=\"https:\/\/www.atins.me\/de\/die-region\/jericoacoara\/\" \/>\n<meta property=\"og:locale\" content=\"de_DE\" \/>\n<meta property=\"og:type\" content=\"article\" \/>\n<meta property=\"og:title\" content=\"Jeri ist der Startpunkt der \u201cRota das Emo\u00e7\u00f5es\u201d nach Atins\" \/>\n<meta property=\"og:description\" content=\"Atins wird oftmals das &quot;neue&quot; Jericoacoara genannt in Anspielung auf dessen Wandlung von einfachen Fischerdorf zu beliebten Ferienziel in Brasilien.\" \/>\n<meta property=\"og:url\" content=\"https:\/\/www.atins.me\/de\/die-region\/jericoacoara\/\" \/>\n<meta property=\"og:site_name\" content=\"Atins\" \/>\n<meta property=\"article:publisher\" content=\"http:\/\/www.facebook.com\/conventoarcadia\" \/>\n<meta property=\"article:modified_time\" content=\"2016-04-01T15:41:03+00:00\" \/>\n<meta property=\"og:image\" content=\"https:\/\/www.atins.me\/wp-content\/uploads\/2011\/09\/Jeri_Surfboard_Featured-Image_300x400.jpg\" \/>\n\t<meta property=\"og:image:width\" content=\"300\" \/>\n\t<meta property=\"og:image:height\" content=\"400\" \/>\n\t<meta property=\"og:image:type\" content=\"image\/jpeg\" \/>\n<meta name=\"twitter:card\" content=\"summary_large_image\" \/>\n<meta name=\"twitter:site\" content=\"@atinsme\" \/>\n<meta name=\"twitter:label1\" content=\"Est. reading time\" \/>\n\t<meta name=\"twitter:data1\" content=\"1 minute\" \/>\n<script type=\"application\/ld+json\" class=\"yoast-schema-graph\">{\"@context\":\"https:\/\/schema.org\",\"@graph\":[{\"@type\":\"WebPage\",\"@id\":\"https:\/\/www.atins.me\/de\/die-region\/jericoacoara\/\",\"url\":\"https:\/\/www.atins.me\/de\/die-region\/jericoacoara\/\",\"name\":\"Jeri ist der Startpunkt der \u201cRota das Emo\u00e7\u00f5es\u201d nach Atins\",\"isPartOf\":{\"@id\":\"https:\/\/www.atins.me\/es\/#website\"},\"datePublished\":\"2011-09-21T11:00:19+00:00\",\"dateModified\":\"2016-04-01T15:41:03+00:00\",\"description\":\"Atins wird oftmals das \\\"neue\\\" Jericoacoara genannt in Anspielung auf dessen Wandlung von einfachen Fischerdorf zu beliebten Ferienziel in Brasilien.\",\"breadcrumb\":{\"@id\":\"https:\/\/www.atins.me\/de\/die-region\/jericoacoara\/#breadcrumb\"},\"inLanguage\":\"de\",\"potentialAction\":[{\"@type\":\"ReadAction\",\"target\":[\"https:\/\/www.atins.me\/de\/die-region\/jericoacoara\/\"]}]},{\"@type\":\"BreadcrumbList\",\"@id\":\"https:\/\/www.atins.me\/de\/die-region\/jericoacoara\/#breadcrumb\",\"itemListElement\":[{\"@type\":\"ListItem\",\"position\":1,\"name\":\"Home\",\"item\":\"https:\/\/www.atins.me\/de\/\"},{\"@type\":\"ListItem\",\"position\":2,\"name\":\"Die Region\",\"item\":\"https:\/\/www.atins.me\/de\/die-region\/\"},{\"@type\":\"ListItem\",\"position\":3,\"name\":\"Jericoacoara\"}]},{\"@type\":\"WebSite\",\"@id\":\"https:\/\/www.atins.me\/es\/#website\",\"url\":\"https:\/\/www.atins.me\/es\/\",\"name\":\"Atins\",\"description\":\"Len\u00e7\u00f3is Maranhenses\",\"potentialAction\":[{\"@type\":\"SearchAction\",\"target\":{\"@type\":\"EntryPoint\",\"urlTemplate\":\"https:\/\/www.atins.me\/es\/?s={search_term_string}\"},\"query-input\":\"required name=search_term_string\"}],\"inLanguage\":\"de\"}]}<\/script>\n<!-- \/ Yoast SEO plugin. -->","yoast_head_json":{"title":"Jeri ist der Startpunkt der \u201cRota das Emo\u00e7\u00f5es\u201d nach Atins","description":"Atins wird oftmals das \"neue\" Jericoacoara genannt in Anspielung auf dessen Wandlung von einfachen Fischerdorf zu beliebten Ferienziel in Brasilien.","robots":{"index":"index","follow":"follow","max-snippet":"max-snippet:-1","max-image-preview":"max-image-preview:large","max-video-preview":"max-video-preview:-1"},"canonical":"https:\/\/www.atins.me\/de\/die-region\/jericoacoara\/","og_locale":"de_DE","og_type":"article","og_title":"Jeri ist der Startpunkt der \u201cRota das Emo\u00e7\u00f5es\u201d nach Atins","og_description":"Atins wird oftmals das \"neue\" Jericoacoara genannt in Anspielung auf dessen Wandlung von einfachen Fischerdorf zu beliebten Ferienziel in Brasilien.","og_url":"https:\/\/www.atins.me\/de\/die-region\/jericoacoara\/","og_site_name":"Atins","article_publisher":"http:\/\/www.facebook.com\/conventoarcadia","article_modified_time":"2016-04-01T15:41:03+00:00","og_image":[{"width":300,"height":400,"url":"https:\/\/www.atins.me\/wp-content\/uploads\/2011\/09\/Jeri_Surfboard_Featured-Image_300x400.jpg","type":"image\/jpeg"}],"twitter_card":"summary_large_image","twitter_site":"@atinsme","twitter_misc":{"Est. reading time":"1 minute"},"schema":{"@context":"https:\/\/schema.org","@graph":[{"@type":"WebPage","@id":"https:\/\/www.atins.me\/de\/die-region\/jericoacoara\/","url":"https:\/\/www.atins.me\/de\/die-region\/jericoacoara\/","name":"Jeri ist der Startpunkt der \u201cRota das Emo\u00e7\u00f5es\u201d nach Atins","isPartOf":{"@id":"https:\/\/www.atins.me\/es\/#website"},"datePublished":"2011-09-21T11:00:19+00:00","dateModified":"2016-04-01T15:41:03+00:00","description":"Atins wird oftmals das \"neue\" Jericoacoara genannt in Anspielung auf dessen Wandlung von einfachen Fischerdorf zu beliebten Ferienziel in Brasilien.","breadcrumb":{"@id":"https:\/\/www.atins.me\/de\/die-region\/jericoacoara\/#breadcrumb"},"inLanguage":"de","potentialAction":[{"@type":"ReadAction","target":["https:\/\/www.atins.me\/de\/die-region\/jericoacoara\/"]}]},{"@type":"BreadcrumbList","@id":"https:\/\/www.atins.me\/de\/die-region\/jericoacoara\/#breadcrumb","itemListElement":[{"@type":"ListItem","position":1,"name":"Home","item":"https:\/\/www.atins.me\/de\/"},{"@type":"ListItem","position":2,"name":"Die Region","item":"https:\/\/www.atins.me\/de\/die-region\/"},{"@type":"ListItem","position":3,"name":"Jericoacoara"}]},{"@type":"WebSite","@id":"https:\/\/www.atins.me\/es\/#website","url":"https:\/\/www.atins.me\/es\/","name":"Atins","description":"Len\u00e7\u00f3is Maranhenses","potentialAction":[{"@type":"SearchAction","target":{"@type":"EntryPoint","urlTemplate":"https:\/\/www.atins.me\/es\/?s={search_term_string}"},"query-input":"required name=search_term_string"}],"inLanguage":"de"}]}},"jetpack_sharing_enabled":true,"_links":{"self":[{"href":"https:\/\/www.atins.me\/de\/wp-json\/wp\/v2\/pages\/1658"}],"collection":[{"href":"https:\/\/www.atins.me\/de\/wp-json\/wp\/v2\/pages"}],"about":[{"href":"https:\/\/www.atins.me\/de\/wp-json\/wp\/v2\/types\/page"}],"author":[{"embeddable":true,"href":"https:\/\/www.atins.me\/de\/wp-json\/wp\/v2\/users\/2"}],"replies":[{"embeddable":true,"href":"https:\/\/www.atins.me\/de\/wp-json\/wp\/v2\/comments?post=1658"}],"version-history":[{"count":0,"href":"https:\/\/www.atins.me\/de\/wp-json\/wp\/v2\/pages\/1658\/revisions"}],"up":[{"embeddable":true,"href":"https:\/\/www.atins.me\/de\/wp-json\/wp\/v2\/pages\/1609"}],"wp:featuredmedia":[{"embeddable":true,"href":"https:\/\/www.atins.me\/de\/wp-json\/wp\/v2\/media\/8933"}],"wp:attachment":[{"href":"https:\/\/www.atins.me\/de\/wp-json\/wp\/v2\/media?parent=1658"}],"curies":[{"name":"wp","href":"https:\/\/api.w.org\/{rel}","templated":true}]}}