{"id":1637,"date":"2011-09-21T11:00:20","date_gmt":"2011-09-21T14:00:20","guid":{"rendered":"https:\/\/www.atins.me\/?page_id=1637"},"modified":"2016-04-01T12:42:45","modified_gmt":"2016-04-01T15:42:45","slug":"alcantara","status":"publish","type":"page","link":"https:\/\/www.atins.me\/de\/die-region\/alcantara\/","title":{"rendered":"Alc\u00e2ntara"},"content":{"rendered":"<p><a href=\"https:\/\/www.atins.me\/wp-content\/uploads\/2011\/09\/Alcantara-02_952x476.jpg\"><img decoding=\"async\" loading=\"lazy\" class=\"alignnone wp-image-9027 size-full\" src=\"https:\/\/www.atins.me\/wp-content\/uploads\/2011\/09\/Alcantara-02_952x476.jpg\" alt=\"Alc\u00e2ntara\" width=\"952\" height=\"476\" srcset=\"https:\/\/www.atins.me\/wp-content\/uploads\/2011\/09\/Alcantara-02_952x476.jpg 952w, https:\/\/www.atins.me\/wp-content\/uploads\/2011\/09\/Alcantara-02_952x476-300x150.jpg 300w\" sizes=\"(max-width: 952px) 100vw, 952px\" \/><\/a><\/p>\n<p>Kreuzt man die Bucht vor S\u00e3o Lu\u00eds, names Ba\u00eda de S\u00e3o Marcos, so gelangt man nach Alc\u00e2ntara, einer eindrucksvollen Altstadtruine, die wie im Dornr\u00f6schenschlaf dem Verfall entgegen zu gleiten scheint. Sollten Ihnen aussergew\u00f6hnliche Ruhe, bizarr anmutend verfallene Herrschaftsh\u00e4user aus dem 17. Jahrhundert, ausgezeichnete M\u00f6glichkeiten V\u00f6gel zu beobachten, sowie einsame Str\u00e4nde zusagen, so planen Sie wenigstens zwei Tage auf dieser Insel, die sich nur 30km von S\u00e3o Lu\u00eds befindet, mit ein.<\/p>\n","protected":false},"excerpt":{"rendered":"<p>Kreuzt man die Bucht vor S\u00e3o Lu\u00eds, names Ba\u00eda de S\u00e3o Marcos, so gelangt man nach Alc\u00e2ntara, einer eindrucksvollen Altstadtruine, die wie im Dornr\u00f6schenschlaf dem Verfall entgegen zu gleiten scheint. Sollten Ihnen aussergew\u00f6hnliche Ruhe, bizarr anmutend verfallene Herrschaftsh\u00e4user aus dem 17. Jahrhundert, ausgezeichnete M\u00f6glichkeiten V\u00f6gel zu beobachten, sowie einsame Str\u00e4nde zusagen, so planen Sie wenigstens\u2026<\/p>\n","protected":false},"author":2,"featured_media":9034,"parent":1609,"menu_order":9,"comment_status":"open","ping_status":"closed","template":"","meta":{"_mi_skip_tracking":false,"_monsterinsights_sitenote_active":false,"_monsterinsights_sitenote_note":"","_monsterinsights_sitenote_category":0,"footnotes":""},"yoast_head":"<!-- This site is optimized with the Yoast SEO plugin v21.0 - https:\/\/yoast.com\/wordpress\/plugins\/seo\/ -->\n<title>Alc\u00e2ntara bietet einen einzigartigen Mix aus Natur und Geschichte<\/title>\n<meta name=\"description\" content=\"Kreuzt man die Bucht vor S\u00e3o Lu\u00eds, so gelangt man nach Alc\u00e2ntara, einer eindrucksvollen Altstadtruine, die dem Dornr\u00f6schenschlaf verfallen scheint.\" \/>\n<meta name=\"robots\" content=\"index, follow, max-snippet:-1, max-image-preview:large, max-video-preview:-1\" \/>\n<link rel=\"canonical\" href=\"https:\/\/www.atins.me\/de\/die-region\/alcantara\/\" \/>\n<meta property=\"og:locale\" content=\"de_DE\" \/>\n<meta property=\"og:type\" content=\"article\" \/>\n<meta property=\"og:title\" content=\"Alc\u00e2ntara bietet einen einzigartigen Mix aus Natur und Geschichte\" \/>\n<meta property=\"og:description\" content=\"Kreuzt man die Bucht vor S\u00e3o Lu\u00eds, so gelangt man nach Alc\u00e2ntara, einer eindrucksvollen Altstadtruine, die dem Dornr\u00f6schenschlaf verfallen scheint.\" \/>\n<meta property=\"og:url\" content=\"https:\/\/www.atins.me\/de\/die-region\/alcantara\/\" \/>\n<meta property=\"og:site_name\" content=\"Atins\" \/>\n<meta property=\"article:publisher\" content=\"http:\/\/www.facebook.com\/conventoarcadia\" \/>\n<meta property=\"article:modified_time\" content=\"2016-04-01T15:42:45+00:00\" \/>\n<meta property=\"og:image\" content=\"https:\/\/www.atins.me\/wp-content\/uploads\/2011\/09\/Alcantara-2_300x400.jpg\" \/>\n\t<meta property=\"og:image:width\" content=\"300\" \/>\n\t<meta property=\"og:image:height\" content=\"400\" \/>\n\t<meta property=\"og:image:type\" content=\"image\/jpeg\" \/>\n<meta name=\"twitter:card\" content=\"summary_large_image\" \/>\n<meta name=\"twitter:site\" content=\"@atinsme\" \/>\n<script type=\"application\/ld+json\" class=\"yoast-schema-graph\">{\"@context\":\"https:\/\/schema.org\",\"@graph\":[{\"@type\":\"WebPage\",\"@id\":\"https:\/\/www.atins.me\/de\/die-region\/alcantara\/\",\"url\":\"https:\/\/www.atins.me\/de\/die-region\/alcantara\/\",\"name\":\"Alc\u00e2ntara bietet einen einzigartigen Mix aus Natur und Geschichte\",\"isPartOf\":{\"@id\":\"https:\/\/www.atins.me\/es\/#website\"},\"datePublished\":\"2011-09-21T14:00:20+00:00\",\"dateModified\":\"2016-04-01T15:42:45+00:00\",\"description\":\"Kreuzt man die Bucht vor S\u00e3o Lu\u00eds, so gelangt man nach Alc\u00e2ntara, einer eindrucksvollen Altstadtruine, die dem Dornr\u00f6schenschlaf verfallen scheint.\",\"breadcrumb\":{\"@id\":\"https:\/\/www.atins.me\/de\/die-region\/alcantara\/#breadcrumb\"},\"inLanguage\":\"de\",\"potentialAction\":[{\"@type\":\"ReadAction\",\"target\":[\"https:\/\/www.atins.me\/de\/die-region\/alcantara\/\"]}]},{\"@type\":\"BreadcrumbList\",\"@id\":\"https:\/\/www.atins.me\/de\/die-region\/alcantara\/#breadcrumb\",\"itemListElement\":[{\"@type\":\"ListItem\",\"position\":1,\"name\":\"Home\",\"item\":\"https:\/\/www.atins.me\/de\/\"},{\"@type\":\"ListItem\",\"position\":2,\"name\":\"Die Region\",\"item\":\"https:\/\/www.atins.me\/de\/die-region\/\"},{\"@type\":\"ListItem\",\"position\":3,\"name\":\"Alc\u00e2ntara\"}]},{\"@type\":\"WebSite\",\"@id\":\"https:\/\/www.atins.me\/es\/#website\",\"url\":\"https:\/\/www.atins.me\/es\/\",\"name\":\"Atins\",\"description\":\"Len\u00e7\u00f3is Maranhenses\",\"potentialAction\":[{\"@type\":\"SearchAction\",\"target\":{\"@type\":\"EntryPoint\",\"urlTemplate\":\"https:\/\/www.atins.me\/es\/?s={search_term_string}\"},\"query-input\":\"required name=search_term_string\"}],\"inLanguage\":\"de\"}]}<\/script>\n<!-- \/ Yoast SEO plugin. -->","yoast_head_json":{"title":"Alc\u00e2ntara bietet einen einzigartigen Mix aus Natur und Geschichte","description":"Kreuzt man die Bucht vor S\u00e3o Lu\u00eds, so gelangt man nach Alc\u00e2ntara, einer eindrucksvollen Altstadtruine, die dem Dornr\u00f6schenschlaf verfallen scheint.","robots":{"index":"index","follow":"follow","max-snippet":"max-snippet:-1","max-image-preview":"max-image-preview:large","max-video-preview":"max-video-preview:-1"},"canonical":"https:\/\/www.atins.me\/de\/die-region\/alcantara\/","og_locale":"de_DE","og_type":"article","og_title":"Alc\u00e2ntara bietet einen einzigartigen Mix aus Natur und Geschichte","og_description":"Kreuzt man die Bucht vor S\u00e3o Lu\u00eds, so gelangt man nach Alc\u00e2ntara, einer eindrucksvollen Altstadtruine, die dem Dornr\u00f6schenschlaf verfallen scheint.","og_url":"https:\/\/www.atins.me\/de\/die-region\/alcantara\/","og_site_name":"Atins","article_publisher":"http:\/\/www.facebook.com\/conventoarcadia","article_modified_time":"2016-04-01T15:42:45+00:00","og_image":[{"width":300,"height":400,"url":"https:\/\/www.atins.me\/wp-content\/uploads\/2011\/09\/Alcantara-2_300x400.jpg","type":"image\/jpeg"}],"twitter_card":"summary_large_image","twitter_site":"@atinsme","schema":{"@context":"https:\/\/schema.org","@graph":[{"@type":"WebPage","@id":"https:\/\/www.atins.me\/de\/die-region\/alcantara\/","url":"https:\/\/www.atins.me\/de\/die-region\/alcantara\/","name":"Alc\u00e2ntara bietet einen einzigartigen Mix aus Natur und Geschichte","isPartOf":{"@id":"https:\/\/www.atins.me\/es\/#website"},"datePublished":"2011-09-21T14:00:20+00:00","dateModified":"2016-04-01T15:42:45+00:00","description":"Kreuzt man die Bucht vor S\u00e3o Lu\u00eds, so gelangt man nach Alc\u00e2ntara, einer eindrucksvollen Altstadtruine, die dem Dornr\u00f6schenschlaf verfallen scheint.","breadcrumb":{"@id":"https:\/\/www.atins.me\/de\/die-region\/alcantara\/#breadcrumb"},"inLanguage":"de","potentialAction":[{"@type":"ReadAction","target":["https:\/\/www.atins.me\/de\/die-region\/alcantara\/"]}]},{"@type":"BreadcrumbList","@id":"https:\/\/www.atins.me\/de\/die-region\/alcantara\/#breadcrumb","itemListElement":[{"@type":"ListItem","position":1,"name":"Home","item":"https:\/\/www.atins.me\/de\/"},{"@type":"ListItem","position":2,"name":"Die Region","item":"https:\/\/www.atins.me\/de\/die-region\/"},{"@type":"ListItem","position":3,"name":"Alc\u00e2ntara"}]},{"@type":"WebSite","@id":"https:\/\/www.atins.me\/es\/#website","url":"https:\/\/www.atins.me\/es\/","name":"Atins","description":"Len\u00e7\u00f3is Maranhenses","potentialAction":[{"@type":"SearchAction","target":{"@type":"EntryPoint","urlTemplate":"https:\/\/www.atins.me\/es\/?s={search_term_string}"},"query-input":"required name=search_term_string"}],"inLanguage":"de"}]}},"jetpack_sharing_enabled":true,"_links":{"self":[{"href":"https:\/\/www.atins.me\/de\/wp-json\/wp\/v2\/pages\/1637"}],"collection":[{"href":"https:\/\/www.atins.me\/de\/wp-json\/wp\/v2\/pages"}],"about":[{"href":"https:\/\/www.atins.me\/de\/wp-json\/wp\/v2\/types\/page"}],"author":[{"embeddable":true,"href":"https:\/\/www.atins.me\/de\/wp-json\/wp\/v2\/users\/2"}],"replies":[{"embeddable":true,"href":"https:\/\/www.atins.me\/de\/wp-json\/wp\/v2\/comments?post=1637"}],"version-history":[{"count":0,"href":"https:\/\/www.atins.me\/de\/wp-json\/wp\/v2\/pages\/1637\/revisions"}],"up":[{"embeddable":true,"href":"https:\/\/www.atins.me\/de\/wp-json\/wp\/v2\/pages\/1609"}],"wp:featuredmedia":[{"embeddable":true,"href":"https:\/\/www.atins.me\/de\/wp-json\/wp\/v2\/media\/9034"}],"wp:attachment":[{"href":"https:\/\/www.atins.me\/de\/wp-json\/wp\/v2\/media?parent=1637"}],"curies":[{"name":"wp","href":"https:\/\/api.w.org\/{rel}","templated":true}]}}