{"id":1627,"date":"2011-09-21T10:00:00","date_gmt":"2011-09-21T13:00:00","guid":{"rendered":"https:\/\/www.atins.me\/?page_id=1627"},"modified":"2016-04-01T12:42:08","modified_gmt":"2016-04-01T15:42:08","slug":"delta-do-parnaiba","status":"publish","type":"page","link":"https:\/\/www.atins.me\/de\/die-region\/delta-do-parnaiba\/","title":{"rendered":"Delta do Parna\u00edba"},"content":{"rendered":"<p><a href=\"https:\/\/www.atins.me\/wp-content\/uploads\/2011\/09\/9075514415_5a4c406ee0_o_952x476.jpg\"><img decoding=\"async\" loading=\"lazy\" class=\"alignnone wp-image-8983 size-full\" src=\"https:\/\/www.atins.me\/wp-content\/uploads\/2011\/09\/9075514415_5a4c406ee0_o_952x476.jpg\" alt=\"Delta do Parna\u00edba\" width=\"952\" height=\"476\" srcset=\"https:\/\/www.atins.me\/wp-content\/uploads\/2011\/09\/9075514415_5a4c406ee0_o_952x476.jpg 952w, https:\/\/www.atins.me\/wp-content\/uploads\/2011\/09\/9075514415_5a4c406ee0_o_952x476-300x150.jpg 300w\" sizes=\"(max-width: 952px) 100vw, 952px\" \/><\/a><\/p>\n<p>Das Delta do Parna\u00edba besteht aus 85 Inseln, die sich \u00fcber eine Gesamtfl\u00e4che von 2.700 km\u00b2 erstrecken, und liegt an der Grenze zweier Bundesstaaten, Piau\u00ed und Maranh\u00e3o. Der Parna\u00edba teilt sich hier in insgesamt f\u00fcnf Arme, welche das Delta in seiner schieren Ausdehnung zu \u00e4hnlich beeindruckenden Ausmassen wie die M\u00fcndungen des Nil oder Mekong anschwellen l\u00e4sst. Die Mixtur an Fl\u00fcssen, Mangrovenw\u00e4ldern, Sandd\u00fcnen und seelenarmen Str\u00e4nden beheimatet eine einzigartige Vielfalt an Flora und Fauna, speziell exotischer Vogelarten.<\/p>\n<p>Am besten l\u00e4sst sich das M\u00fcndungsdelta in ein bis zwei Tagen per Bootsfahrt entweder von Parna\u00edba nach Tut\u00f3ia oder in die gegengesetzte Richtung erkunden. Eine \u00dcbernachtung auf der Ilha do Caj\u00fa, eine der Perlen des Deltas, w\u00fcrde sich anbieten. Alternativ g\u00e4be es auch noch die Ilha dos Podros, die Unterkunft anbietet. Von ganz besonderer Sch\u00f6nheit zeigt sich das Delta in der (Nach-) Regenzeit von M\u00e4rz bis August.<\/p>\n<p>Das Delta des Parna\u00edba liegt auf der H\u00e4lfte des Weges zwischen Len\u00e7\u00f3is Maranhenses und Jericoacoara an der \u201cStrasse der Gef\u00fchle\u201d (Rota das Emo\u00e7\u00f5es)<\/p>\n","protected":false},"excerpt":{"rendered":"<p>Das Delta do Parna\u00edba besteht aus 85 Inseln, die sich \u00fcber eine Gesamtfl\u00e4che von 2.700 km\u00b2 erstrecken, und liegt an der Grenze zweier Bundesstaaten, Piau\u00ed und Maranh\u00e3o. Der Parna\u00edba teilt sich hier in insgesamt f\u00fcnf Arme, welche das Delta in seiner schieren Ausdehnung zu \u00e4hnlich beeindruckenden Ausmassen wie die M\u00fcndungen des Nil oder Mekong anschwellen\u2026<\/p>\n","protected":false},"author":2,"featured_media":8990,"parent":1609,"menu_order":5,"comment_status":"open","ping_status":"closed","template":"","meta":{"_mi_skip_tracking":false,"_monsterinsights_sitenote_active":false,"_monsterinsights_sitenote_note":"","_monsterinsights_sitenote_category":0,"footnotes":""},"yoast_head":"<!-- This site is optimized with the Yoast SEO plugin v21.0 - https:\/\/yoast.com\/wordpress\/plugins\/seo\/ -->\n<title>Das Delta liegt auf der H\u00e4lfte des Weges zwischen Atins und Jeri<\/title>\n<meta name=\"description\" content=\"Das Delta do Parna\u00edba besteht aus 85 Inseln und teilt sich in insgesamt f\u00fcnf Arme, welche es in seinen Ausmassen mit Nil oder Mekong vergleichen l\u00e4sst.\" \/>\n<meta name=\"robots\" content=\"index, follow, max-snippet:-1, max-image-preview:large, max-video-preview:-1\" \/>\n<link rel=\"canonical\" href=\"https:\/\/www.atins.me\/de\/die-region\/delta-do-parnaiba\/\" \/>\n<meta property=\"og:locale\" content=\"de_DE\" \/>\n<meta property=\"og:type\" content=\"article\" \/>\n<meta property=\"og:title\" content=\"Das Delta liegt auf der H\u00e4lfte des Weges zwischen Atins und Jeri\" \/>\n<meta property=\"og:description\" content=\"Das Delta do Parna\u00edba besteht aus 85 Inseln und teilt sich in insgesamt f\u00fcnf Arme, welche es in seinen Ausmassen mit Nil oder Mekong vergleichen l\u00e4sst.\" \/>\n<meta property=\"og:url\" content=\"https:\/\/www.atins.me\/de\/die-region\/delta-do-parnaiba\/\" \/>\n<meta property=\"og:site_name\" content=\"Atins\" \/>\n<meta property=\"article:publisher\" content=\"http:\/\/www.facebook.com\/conventoarcadia\" \/>\n<meta property=\"article:modified_time\" content=\"2016-04-01T15:42:08+00:00\" \/>\n<meta property=\"og:image\" content=\"https:\/\/www.atins.me\/wp-content\/uploads\/2011\/09\/10642501875_f07088e00f_o_300x400.jpg\" \/>\n\t<meta property=\"og:image:width\" content=\"300\" \/>\n\t<meta property=\"og:image:height\" content=\"400\" \/>\n\t<meta property=\"og:image:type\" content=\"image\/jpeg\" \/>\n<meta name=\"twitter:card\" content=\"summary_large_image\" \/>\n<meta name=\"twitter:site\" content=\"@atinsme\" \/>\n<meta name=\"twitter:label1\" content=\"Est. reading time\" \/>\n\t<meta name=\"twitter:data1\" content=\"1 minute\" \/>\n<script type=\"application\/ld+json\" class=\"yoast-schema-graph\">{\"@context\":\"https:\/\/schema.org\",\"@graph\":[{\"@type\":\"WebPage\",\"@id\":\"https:\/\/www.atins.me\/de\/die-region\/delta-do-parnaiba\/\",\"url\":\"https:\/\/www.atins.me\/de\/die-region\/delta-do-parnaiba\/\",\"name\":\"Das Delta liegt auf der H\u00e4lfte des Weges zwischen Atins und Jeri\",\"isPartOf\":{\"@id\":\"https:\/\/www.atins.me\/es\/#website\"},\"datePublished\":\"2011-09-21T13:00:00+00:00\",\"dateModified\":\"2016-04-01T15:42:08+00:00\",\"description\":\"Das Delta do Parna\u00edba besteht aus 85 Inseln und teilt sich in insgesamt f\u00fcnf Arme, welche es in seinen Ausmassen mit Nil oder Mekong vergleichen l\u00e4sst.\",\"breadcrumb\":{\"@id\":\"https:\/\/www.atins.me\/de\/die-region\/delta-do-parnaiba\/#breadcrumb\"},\"inLanguage\":\"de\",\"potentialAction\":[{\"@type\":\"ReadAction\",\"target\":[\"https:\/\/www.atins.me\/de\/die-region\/delta-do-parnaiba\/\"]}]},{\"@type\":\"BreadcrumbList\",\"@id\":\"https:\/\/www.atins.me\/de\/die-region\/delta-do-parnaiba\/#breadcrumb\",\"itemListElement\":[{\"@type\":\"ListItem\",\"position\":1,\"name\":\"Home\",\"item\":\"https:\/\/www.atins.me\/de\/\"},{\"@type\":\"ListItem\",\"position\":2,\"name\":\"Die Region\",\"item\":\"https:\/\/www.atins.me\/de\/die-region\/\"},{\"@type\":\"ListItem\",\"position\":3,\"name\":\"Delta do Parna\u00edba\"}]},{\"@type\":\"WebSite\",\"@id\":\"https:\/\/www.atins.me\/es\/#website\",\"url\":\"https:\/\/www.atins.me\/es\/\",\"name\":\"Atins\",\"description\":\"Len\u00e7\u00f3is Maranhenses\",\"potentialAction\":[{\"@type\":\"SearchAction\",\"target\":{\"@type\":\"EntryPoint\",\"urlTemplate\":\"https:\/\/www.atins.me\/es\/?s={search_term_string}\"},\"query-input\":\"required name=search_term_string\"}],\"inLanguage\":\"de\"}]}<\/script>\n<!-- \/ Yoast SEO plugin. -->","yoast_head_json":{"title":"Das Delta liegt auf der H\u00e4lfte des Weges zwischen Atins und Jeri","description":"Das Delta do Parna\u00edba besteht aus 85 Inseln und teilt sich in insgesamt f\u00fcnf Arme, welche es in seinen Ausmassen mit Nil oder Mekong vergleichen l\u00e4sst.","robots":{"index":"index","follow":"follow","max-snippet":"max-snippet:-1","max-image-preview":"max-image-preview:large","max-video-preview":"max-video-preview:-1"},"canonical":"https:\/\/www.atins.me\/de\/die-region\/delta-do-parnaiba\/","og_locale":"de_DE","og_type":"article","og_title":"Das Delta liegt auf der H\u00e4lfte des Weges zwischen Atins und Jeri","og_description":"Das Delta do Parna\u00edba besteht aus 85 Inseln und teilt sich in insgesamt f\u00fcnf Arme, welche es in seinen Ausmassen mit Nil oder Mekong vergleichen l\u00e4sst.","og_url":"https:\/\/www.atins.me\/de\/die-region\/delta-do-parnaiba\/","og_site_name":"Atins","article_publisher":"http:\/\/www.facebook.com\/conventoarcadia","article_modified_time":"2016-04-01T15:42:08+00:00","og_image":[{"width":300,"height":400,"url":"https:\/\/www.atins.me\/wp-content\/uploads\/2011\/09\/10642501875_f07088e00f_o_300x400.jpg","type":"image\/jpeg"}],"twitter_card":"summary_large_image","twitter_site":"@atinsme","twitter_misc":{"Est. reading time":"1 minute"},"schema":{"@context":"https:\/\/schema.org","@graph":[{"@type":"WebPage","@id":"https:\/\/www.atins.me\/de\/die-region\/delta-do-parnaiba\/","url":"https:\/\/www.atins.me\/de\/die-region\/delta-do-parnaiba\/","name":"Das Delta liegt auf der H\u00e4lfte des Weges zwischen Atins und Jeri","isPartOf":{"@id":"https:\/\/www.atins.me\/es\/#website"},"datePublished":"2011-09-21T13:00:00+00:00","dateModified":"2016-04-01T15:42:08+00:00","description":"Das Delta do Parna\u00edba besteht aus 85 Inseln und teilt sich in insgesamt f\u00fcnf Arme, welche es in seinen Ausmassen mit Nil oder Mekong vergleichen l\u00e4sst.","breadcrumb":{"@id":"https:\/\/www.atins.me\/de\/die-region\/delta-do-parnaiba\/#breadcrumb"},"inLanguage":"de","potentialAction":[{"@type":"ReadAction","target":["https:\/\/www.atins.me\/de\/die-region\/delta-do-parnaiba\/"]}]},{"@type":"BreadcrumbList","@id":"https:\/\/www.atins.me\/de\/die-region\/delta-do-parnaiba\/#breadcrumb","itemListElement":[{"@type":"ListItem","position":1,"name":"Home","item":"https:\/\/www.atins.me\/de\/"},{"@type":"ListItem","position":2,"name":"Die Region","item":"https:\/\/www.atins.me\/de\/die-region\/"},{"@type":"ListItem","position":3,"name":"Delta do Parna\u00edba"}]},{"@type":"WebSite","@id":"https:\/\/www.atins.me\/es\/#website","url":"https:\/\/www.atins.me\/es\/","name":"Atins","description":"Len\u00e7\u00f3is Maranhenses","potentialAction":[{"@type":"SearchAction","target":{"@type":"EntryPoint","urlTemplate":"https:\/\/www.atins.me\/es\/?s={search_term_string}"},"query-input":"required name=search_term_string"}],"inLanguage":"de"}]}},"jetpack_sharing_enabled":true,"_links":{"self":[{"href":"https:\/\/www.atins.me\/de\/wp-json\/wp\/v2\/pages\/1627"}],"collection":[{"href":"https:\/\/www.atins.me\/de\/wp-json\/wp\/v2\/pages"}],"about":[{"href":"https:\/\/www.atins.me\/de\/wp-json\/wp\/v2\/types\/page"}],"author":[{"embeddable":true,"href":"https:\/\/www.atins.me\/de\/wp-json\/wp\/v2\/users\/2"}],"replies":[{"embeddable":true,"href":"https:\/\/www.atins.me\/de\/wp-json\/wp\/v2\/comments?post=1627"}],"version-history":[{"count":0,"href":"https:\/\/www.atins.me\/de\/wp-json\/wp\/v2\/pages\/1627\/revisions"}],"up":[{"embeddable":true,"href":"https:\/\/www.atins.me\/de\/wp-json\/wp\/v2\/pages\/1609"}],"wp:featuredmedia":[{"embeddable":true,"href":"https:\/\/www.atins.me\/de\/wp-json\/wp\/v2\/media\/8990"}],"wp:attachment":[{"href":"https:\/\/www.atins.me\/de\/wp-json\/wp\/v2\/media?parent=1627"}],"curies":[{"name":"wp","href":"https:\/\/api.w.org\/{rel}","templated":true}]}}