{"id":1609,"date":"2011-01-05T15:57:22","date_gmt":"2011-01-05T17:57:22","guid":{"rendered":"https:\/\/www.atins.me\/?page_id=1609"},"modified":"2016-05-24T12:38:22","modified_gmt":"2016-05-24T15:38:22","slug":"die-region","status":"publish","type":"page","link":"https:\/\/www.atins.me\/de\/die-region\/","title":{"rendered":"Die Region"},"content":{"rendered":"<p>Atins, der Len\u00e7\u00f3is Maranhenses sowie der Bundesstaat Maranh\u00e3o befinden sich im \u00e4u\u00dfersten Nordosten Brasiliens. Der Massentourismus hat die Region noch nicht erreicht, auch wenn sich die Landesregierung Maranh\u00e3os vermehrt bem\u00fcht den Wirtschaftszweig entsprechend des erfolgreichen Vorbildes des nahgelegenen Cear\u00e1 mit seiner Hauptstadt Fortaleza auszubauen.<\/p>\n<p>Mit der <a title=\"Rota das Emo\u00e7\u00f5es\" href=\"http:\/\/www.rotadasemocoes.com.br\/\" target=\"_blank\">Rota das Emo\u00e7\u00f5es<\/a> (\u201cDie Strasse der Gef\u00fchle\u201d) wurde eine Tourismusinitiative ins Leben gerufen, welche die gesamte K\u00fcstenregion vom Len\u00e7\u00f3is Maranhenses bis nach Jericoacoara miteinander verbindet. Damit erstreckt sich die Route \u00fcber die drei Bundesstaaten Maranh\u00e3o, Piau\u00ed und Cear\u00e1 mit Zugang auf nicht weniger als drei Nationalparks, den Len\u00e7\u00f3is Maranhenses, das Delta do Parna\u00edba und den Nationalpark Jericoacoara.<\/p>\n","protected":false},"excerpt":{"rendered":"<p>Atins, der Len\u00e7\u00f3is Maranhenses sowie der Bundesstaat Maranh\u00e3o befinden sich im \u00e4u\u00dfersten Nordosten Brasiliens. Der Massentourismus hat die Region noch nicht erreicht, auch wenn sich die Landesregierung Maranh\u00e3os vermehrt bem\u00fcht den Wirtschaftszweig entsprechend des erfolgreichen Vorbildes des nahgelegenen Cear\u00e1 mit seiner Hauptstadt Fortaleza auszubauen. Mit der Rota das Emo\u00e7\u00f5es (\u201cDie Strasse der Gef\u00fchle\u201d) wurde eine\u2026<\/p>\n","protected":false},"author":2,"featured_media":5872,"parent":0,"menu_order":4,"comment_status":"open","ping_status":"closed","template":"template-region.php","meta":{"_mi_skip_tracking":false,"_monsterinsights_sitenote_active":false,"_monsterinsights_sitenote_note":"","_monsterinsights_sitenote_category":0,"footnotes":""},"yoast_head":"<!-- This site is optimized with the Yoast SEO plugin v21.0 - https:\/\/yoast.com\/wordpress\/plugins\/seo\/ -->\n<title>Atins ist der Endpunkt er Rota das Emo\u00e7\u00f5es<\/title>\n<meta name=\"description\" content=\"Mit der Rota das Emo\u00e7\u00f5es wurde eine Tourismusinitiative ins Leben gerufen, welche Atins und den Len\u00e7\u00f3is Maranhenses mit Jericoacoara verbindet.\" \/>\n<meta name=\"robots\" content=\"index, follow, max-snippet:-1, max-image-preview:large, max-video-preview:-1\" \/>\n<link rel=\"canonical\" href=\"https:\/\/www.atins.me\/de\/die-region\/\" \/>\n<meta property=\"og:locale\" content=\"de_DE\" \/>\n<meta property=\"og:type\" content=\"article\" \/>\n<meta property=\"og:title\" content=\"Atins ist der Endpunkt er Rota das Emo\u00e7\u00f5es\" \/>\n<meta property=\"og:description\" content=\"Mit der Rota das Emo\u00e7\u00f5es wurde eine Tourismusinitiative ins Leben gerufen, welche Atins und den Len\u00e7\u00f3is Maranhenses mit Jericoacoara verbindet.\" \/>\n<meta property=\"og:url\" content=\"https:\/\/www.atins.me\/de\/die-region\/\" \/>\n<meta property=\"og:site_name\" content=\"Atins\" \/>\n<meta property=\"article:publisher\" content=\"http:\/\/www.facebook.com\/conventoarcadia\" \/>\n<meta property=\"article:modified_time\" content=\"2016-05-24T15:38:22+00:00\" \/>\n<meta property=\"og:image\" content=\"https:\/\/www.atins.me\/wp-content\/uploads\/2011\/01\/Rota-das-Emocoes-Logo.png\" \/>\n\t<meta property=\"og:image:width\" content=\"350\" \/>\n\t<meta property=\"og:image:height\" content=\"291\" \/>\n\t<meta property=\"og:image:type\" content=\"image\/png\" \/>\n<meta name=\"twitter:card\" content=\"summary_large_image\" \/>\n<meta name=\"twitter:site\" content=\"@atinsme\" \/>\n<meta name=\"twitter:label1\" content=\"Est. reading time\" \/>\n\t<meta name=\"twitter:data1\" content=\"1 minute\" \/>\n<script type=\"application\/ld+json\" class=\"yoast-schema-graph\">{\"@context\":\"https:\/\/schema.org\",\"@graph\":[{\"@type\":\"WebPage\",\"@id\":\"https:\/\/www.atins.me\/de\/die-region\/\",\"url\":\"https:\/\/www.atins.me\/de\/die-region\/\",\"name\":\"Atins ist der Endpunkt er Rota das Emo\u00e7\u00f5es\",\"isPartOf\":{\"@id\":\"https:\/\/www.atins.me\/es\/#website\"},\"datePublished\":\"2011-01-05T17:57:22+00:00\",\"dateModified\":\"2016-05-24T15:38:22+00:00\",\"description\":\"Mit der Rota das Emo\u00e7\u00f5es wurde eine Tourismusinitiative ins Leben gerufen, welche Atins und den Len\u00e7\u00f3is Maranhenses mit Jericoacoara verbindet.\",\"breadcrumb\":{\"@id\":\"https:\/\/www.atins.me\/de\/die-region\/#breadcrumb\"},\"inLanguage\":\"de\",\"potentialAction\":[{\"@type\":\"ReadAction\",\"target\":[\"https:\/\/www.atins.me\/de\/die-region\/\"]}]},{\"@type\":\"BreadcrumbList\",\"@id\":\"https:\/\/www.atins.me\/de\/die-region\/#breadcrumb\",\"itemListElement\":[{\"@type\":\"ListItem\",\"position\":1,\"name\":\"Home\",\"item\":\"https:\/\/www.atins.me\/de\/\"},{\"@type\":\"ListItem\",\"position\":2,\"name\":\"Die Region\"}]},{\"@type\":\"WebSite\",\"@id\":\"https:\/\/www.atins.me\/es\/#website\",\"url\":\"https:\/\/www.atins.me\/es\/\",\"name\":\"Atins\",\"description\":\"Len\u00e7\u00f3is Maranhenses\",\"potentialAction\":[{\"@type\":\"SearchAction\",\"target\":{\"@type\":\"EntryPoint\",\"urlTemplate\":\"https:\/\/www.atins.me\/es\/?s={search_term_string}\"},\"query-input\":\"required name=search_term_string\"}],\"inLanguage\":\"de\"}]}<\/script>\n<!-- \/ Yoast SEO plugin. -->","yoast_head_json":{"title":"Atins ist der Endpunkt er Rota das Emo\u00e7\u00f5es","description":"Mit der Rota das Emo\u00e7\u00f5es wurde eine Tourismusinitiative ins Leben gerufen, welche Atins und den Len\u00e7\u00f3is Maranhenses mit Jericoacoara verbindet.","robots":{"index":"index","follow":"follow","max-snippet":"max-snippet:-1","max-image-preview":"max-image-preview:large","max-video-preview":"max-video-preview:-1"},"canonical":"https:\/\/www.atins.me\/de\/die-region\/","og_locale":"de_DE","og_type":"article","og_title":"Atins ist der Endpunkt er Rota das Emo\u00e7\u00f5es","og_description":"Mit der Rota das Emo\u00e7\u00f5es wurde eine Tourismusinitiative ins Leben gerufen, welche Atins und den Len\u00e7\u00f3is Maranhenses mit Jericoacoara verbindet.","og_url":"https:\/\/www.atins.me\/de\/die-region\/","og_site_name":"Atins","article_publisher":"http:\/\/www.facebook.com\/conventoarcadia","article_modified_time":"2016-05-24T15:38:22+00:00","og_image":[{"width":350,"height":291,"url":"https:\/\/www.atins.me\/wp-content\/uploads\/2011\/01\/Rota-das-Emocoes-Logo.png","type":"image\/png"}],"twitter_card":"summary_large_image","twitter_site":"@atinsme","twitter_misc":{"Est. reading time":"1 minute"},"schema":{"@context":"https:\/\/schema.org","@graph":[{"@type":"WebPage","@id":"https:\/\/www.atins.me\/de\/die-region\/","url":"https:\/\/www.atins.me\/de\/die-region\/","name":"Atins ist der Endpunkt er Rota das Emo\u00e7\u00f5es","isPartOf":{"@id":"https:\/\/www.atins.me\/es\/#website"},"datePublished":"2011-01-05T17:57:22+00:00","dateModified":"2016-05-24T15:38:22+00:00","description":"Mit der Rota das Emo\u00e7\u00f5es wurde eine Tourismusinitiative ins Leben gerufen, welche Atins und den Len\u00e7\u00f3is Maranhenses mit Jericoacoara verbindet.","breadcrumb":{"@id":"https:\/\/www.atins.me\/de\/die-region\/#breadcrumb"},"inLanguage":"de","potentialAction":[{"@type":"ReadAction","target":["https:\/\/www.atins.me\/de\/die-region\/"]}]},{"@type":"BreadcrumbList","@id":"https:\/\/www.atins.me\/de\/die-region\/#breadcrumb","itemListElement":[{"@type":"ListItem","position":1,"name":"Home","item":"https:\/\/www.atins.me\/de\/"},{"@type":"ListItem","position":2,"name":"Die Region"}]},{"@type":"WebSite","@id":"https:\/\/www.atins.me\/es\/#website","url":"https:\/\/www.atins.me\/es\/","name":"Atins","description":"Len\u00e7\u00f3is Maranhenses","potentialAction":[{"@type":"SearchAction","target":{"@type":"EntryPoint","urlTemplate":"https:\/\/www.atins.me\/es\/?s={search_term_string}"},"query-input":"required name=search_term_string"}],"inLanguage":"de"}]}},"jetpack_sharing_enabled":true,"_links":{"self":[{"href":"https:\/\/www.atins.me\/de\/wp-json\/wp\/v2\/pages\/1609"}],"collection":[{"href":"https:\/\/www.atins.me\/de\/wp-json\/wp\/v2\/pages"}],"about":[{"href":"https:\/\/www.atins.me\/de\/wp-json\/wp\/v2\/types\/page"}],"author":[{"embeddable":true,"href":"https:\/\/www.atins.me\/de\/wp-json\/wp\/v2\/users\/2"}],"replies":[{"embeddable":true,"href":"https:\/\/www.atins.me\/de\/wp-json\/wp\/v2\/comments?post=1609"}],"version-history":[{"count":0,"href":"https:\/\/www.atins.me\/de\/wp-json\/wp\/v2\/pages\/1609\/revisions"}],"wp:featuredmedia":[{"embeddable":true,"href":"https:\/\/www.atins.me\/de\/wp-json\/wp\/v2\/media\/5872"}],"wp:attachment":[{"href":"https:\/\/www.atins.me\/de\/wp-json\/wp\/v2\/media?parent=1609"}],"curies":[{"name":"wp","href":"https:\/\/api.w.org\/{rel}","templated":true}]}}