{"id":1594,"date":"2011-01-05T15:53:33","date_gmt":"2011-01-05T17:53:33","guid":{"rendered":"https:\/\/www.atins.me\/?page_id=1594"},"modified":"2016-04-01T12:34:01","modified_gmt":"2016-04-01T15:34:01","slug":"atins","status":"publish","type":"page","link":"https:\/\/www.atins.me\/de\/atins\/","title":{"rendered":"Atins"},"content":{"rendered":"<p><a href=\"https:\/\/www.atins.me\/wp-content\/uploads\/2011\/01\/X-Atins-RPB_007_Roberto-Bandeira_952x535.jpg\"><img decoding=\"async\" loading=\"lazy\" class=\"alignnone wp-image-8911 size-full\" src=\"https:\/\/www.atins.me\/wp-content\/uploads\/2011\/01\/X-Atins-RPB_007_Roberto-Bandeira_952x535.jpg\" alt=\"Atins und seine Fischer\" width=\"952\" height=\"535\" srcset=\"https:\/\/www.atins.me\/wp-content\/uploads\/2011\/01\/X-Atins-RPB_007_Roberto-Bandeira_952x535.jpg 952w, https:\/\/www.atins.me\/wp-content\/uploads\/2011\/01\/X-Atins-RPB_007_Roberto-Bandeira_952x535-300x169.jpg 300w\" sizes=\"(max-width: 952px) 100vw, 952px\" \/><\/a><\/p>\n<p>Atins ist ein kleines Fischerd\u00f6rfchen an der K\u00fcste Maranh\u00e3os, einer der \u00e4rmsten Bundesstaaten im Nordosten Brasiliens. Gemeinsam mit der Nachbarssiedlung St In\u00e1cio kommt der Ort auf um die 2.000 Einwohner, wobei sich dies als Aussenstehender nur schwerlich erkennen liesse. Das Dorf liegt eingebettet zwischen den D\u00fcnen des Nationalparks Len\u00e7\u00f3is Maranhenses, dem M\u00fcndungsgebiet des Rio Pregui\u00e7as, und der Atlantikk\u00fcste, ungef\u00e4hr zwei Stunden Fahrt per Boot oder Gel\u00e4ndewagen entfernt von dem Hauptort, Barreirinhas, des lokalen Landkreises.<\/p>\n<p>Das Dorf pr\u00e4sentiert sich als langgezogene Ansammlung von H\u00fctten und einst\u00f6ckigen H\u00e4usern, sp\u00e4rlich angesiedelt entlang einer Vielzahl von tiefen Sandwegen; ein paar hundert Meter zur\u00fcckgesetzt vom Meer und somit gesch\u00fctzt von den starken Passatwinden und der sich unerm\u00fcdlich ver\u00e4ndernden K\u00fcstenlinie.<\/p>\n<p>Die vom Wind geformten Sandb\u00e4nke, die sich aus den Sedimentablagerungen des Rio Pregui\u00e7as bilden, formen eine nat\u00fcrliche Lagune, welche die Str\u00e4nde Atins vor gr\u00f6sserem See- und Wellengang bewahrt und somit ideale Bedingungen zum Kiteboarden bietet.<\/p>\n<p>F\u00fcr den abenteuerlustigen Reisenden ist der Ort aufgrund seiner r\u00e4umlichen N\u00e4he zu den D\u00fcnen des Nationalparks sowie seiner Seelage ein geeigneteres Basislager, um den Len\u00e7\u00f3is Maranhenses zu erkunden, als beispielsweise Barreirinhas.<\/p>\n<p>W\u00e4hrend Barreirinhas eine rasante touristische Entwicklung durchl\u00e4uft, bleibt der Lebensstil in Atins eher einfach gehalten. Reisende, die ein F\u00fclle von Erlebnisangeboten oder ein ausgepr\u00e4gtes Nachtlebe vergleichbar etwa zu denen Jericoacoaras erwarten, k\u00f6nnten sich in Atins fehl am Platz f\u00fchlen. Atins in seinem heutigen Entwicklungsstadium ist eher mit brasilianischen Orten wie Jericoacoara, Praia da Pipa oder Trancoso von vor etwa 20 Jahren zu vergleichen.<\/p>\n<p>Die Dorfbewohner Atins verdienen ihren Lebensunterhalt in erster Linie mit der Fischerei. In der kurzen fruchtbaren Periode, die der Regenzeit nachfolgt, wird zudem Ackerbau auf den kleinfl\u00e4chigen Parzellen betrieben. Alles und jeder bewegt sich einen Tick langsamer in Atins.<\/p>\n","protected":false},"excerpt":{"rendered":"<p>Atins ist ein kleines Fischerd\u00f6rfchen an der K\u00fcste Maranh\u00e3os, einer der \u00e4rmsten Bundesstaaten im Nordosten Brasiliens. Gemeinsam mit der Nachbarssiedlung St In\u00e1cio kommt der Ort auf um die 2.000 Einwohner, wobei sich dies als Aussenstehender nur schwerlich erkennen liesse. Das Dorf liegt eingebettet zwischen den D\u00fcnen des Nationalparks Len\u00e7\u00f3is Maranhenses, dem M\u00fcndungsgebiet des Rio Pregui\u00e7as,\u2026<\/p>\n","protected":false},"author":2,"featured_media":8911,"parent":0,"menu_order":3,"comment_status":"open","ping_status":"open","template":"","meta":{"_mi_skip_tracking":false,"_monsterinsights_sitenote_active":false,"_monsterinsights_sitenote_note":"","_monsterinsights_sitenote_category":0,"footnotes":""},"yoast_head":"<!-- This site is optimized with the Yoast SEO plugin v21.0 - https:\/\/yoast.com\/wordpress\/plugins\/seo\/ -->\n<title>Atins - der beste Ort um den Len\u00e7\u00f3is Maranhenses zu erkunden<\/title>\n<meta name=\"description\" content=\"Atins ist ein kleines Fischerd\u00f6rfchen an der K\u00fcste Maranh\u00e3os, gelegen am Rande des Len\u00e7\u00f3is Maranhenses Nationalparks und nahe Barreirinhas\" \/>\n<meta name=\"robots\" content=\"index, follow, max-snippet:-1, max-image-preview:large, max-video-preview:-1\" \/>\n<link rel=\"canonical\" href=\"https:\/\/www.atins.me\/de\/atins\/\" \/>\n<meta property=\"og:locale\" content=\"de_DE\" \/>\n<meta property=\"og:type\" content=\"article\" \/>\n<meta property=\"og:title\" content=\"Atins - der beste Ort um den Len\u00e7\u00f3is Maranhenses zu erkunden\" \/>\n<meta property=\"og:description\" content=\"Atins ist ein kleines Fischerd\u00f6rfchen an der K\u00fcste Maranh\u00e3os, gelegen am Rande des Len\u00e7\u00f3is Maranhenses Nationalparks und nahe Barreirinhas\" \/>\n<meta property=\"og:url\" content=\"https:\/\/www.atins.me\/de\/atins\/\" \/>\n<meta property=\"og:site_name\" content=\"Atins\" \/>\n<meta property=\"article:publisher\" content=\"http:\/\/www.facebook.com\/conventoarcadia\" \/>\n<meta property=\"article:modified_time\" content=\"2016-04-01T15:34:01+00:00\" \/>\n<meta property=\"og:image\" content=\"https:\/\/www.atins.me\/wp-content\/uploads\/2011\/01\/X-Atins-RPB_007_Roberto-Bandeira_952x535.jpg\" \/>\n\t<meta property=\"og:image:width\" content=\"952\" \/>\n\t<meta property=\"og:image:height\" content=\"535\" \/>\n\t<meta property=\"og:image:type\" content=\"image\/jpeg\" \/>\n<meta name=\"twitter:card\" content=\"summary_large_image\" \/>\n<meta name=\"twitter:site\" content=\"@atinsme\" \/>\n<meta name=\"twitter:label1\" content=\"Est. reading time\" \/>\n\t<meta name=\"twitter:data1\" content=\"2 minutes\" \/>\n<script type=\"application\/ld+json\" class=\"yoast-schema-graph\">{\"@context\":\"https:\/\/schema.org\",\"@graph\":[{\"@type\":\"WebPage\",\"@id\":\"https:\/\/www.atins.me\/de\/atins\/\",\"url\":\"https:\/\/www.atins.me\/de\/atins\/\",\"name\":\"Atins - der beste Ort um den Len\u00e7\u00f3is Maranhenses zu erkunden\",\"isPartOf\":{\"@id\":\"https:\/\/www.atins.me\/es\/#website\"},\"datePublished\":\"2011-01-05T17:53:33+00:00\",\"dateModified\":\"2016-04-01T15:34:01+00:00\",\"description\":\"Atins ist ein kleines Fischerd\u00f6rfchen an der K\u00fcste Maranh\u00e3os, gelegen am Rande des Len\u00e7\u00f3is Maranhenses Nationalparks und nahe Barreirinhas\",\"breadcrumb\":{\"@id\":\"https:\/\/www.atins.me\/de\/atins\/#breadcrumb\"},\"inLanguage\":\"de\",\"potentialAction\":[{\"@type\":\"ReadAction\",\"target\":[\"https:\/\/www.atins.me\/de\/atins\/\"]}]},{\"@type\":\"BreadcrumbList\",\"@id\":\"https:\/\/www.atins.me\/de\/atins\/#breadcrumb\",\"itemListElement\":[{\"@type\":\"ListItem\",\"position\":1,\"name\":\"Home\",\"item\":\"https:\/\/www.atins.me\/de\/\"},{\"@type\":\"ListItem\",\"position\":2,\"name\":\"Atins\"}]},{\"@type\":\"WebSite\",\"@id\":\"https:\/\/www.atins.me\/es\/#website\",\"url\":\"https:\/\/www.atins.me\/es\/\",\"name\":\"Atins\",\"description\":\"Len\u00e7\u00f3is Maranhenses\",\"potentialAction\":[{\"@type\":\"SearchAction\",\"target\":{\"@type\":\"EntryPoint\",\"urlTemplate\":\"https:\/\/www.atins.me\/es\/?s={search_term_string}\"},\"query-input\":\"required name=search_term_string\"}],\"inLanguage\":\"de\"}]}<\/script>\n<!-- \/ Yoast SEO plugin. -->","yoast_head_json":{"title":"Atins - der beste Ort um den Len\u00e7\u00f3is Maranhenses zu erkunden","description":"Atins ist ein kleines Fischerd\u00f6rfchen an der K\u00fcste Maranh\u00e3os, gelegen am Rande des Len\u00e7\u00f3is Maranhenses Nationalparks und nahe Barreirinhas","robots":{"index":"index","follow":"follow","max-snippet":"max-snippet:-1","max-image-preview":"max-image-preview:large","max-video-preview":"max-video-preview:-1"},"canonical":"https:\/\/www.atins.me\/de\/atins\/","og_locale":"de_DE","og_type":"article","og_title":"Atins - der beste Ort um den Len\u00e7\u00f3is Maranhenses zu erkunden","og_description":"Atins ist ein kleines Fischerd\u00f6rfchen an der K\u00fcste Maranh\u00e3os, gelegen am Rande des Len\u00e7\u00f3is Maranhenses Nationalparks und nahe Barreirinhas","og_url":"https:\/\/www.atins.me\/de\/atins\/","og_site_name":"Atins","article_publisher":"http:\/\/www.facebook.com\/conventoarcadia","article_modified_time":"2016-04-01T15:34:01+00:00","og_image":[{"width":952,"height":535,"url":"https:\/\/www.atins.me\/wp-content\/uploads\/2011\/01\/X-Atins-RPB_007_Roberto-Bandeira_952x535.jpg","type":"image\/jpeg"}],"twitter_card":"summary_large_image","twitter_site":"@atinsme","twitter_misc":{"Est. reading time":"2 minutes"},"schema":{"@context":"https:\/\/schema.org","@graph":[{"@type":"WebPage","@id":"https:\/\/www.atins.me\/de\/atins\/","url":"https:\/\/www.atins.me\/de\/atins\/","name":"Atins - der beste Ort um den Len\u00e7\u00f3is Maranhenses zu erkunden","isPartOf":{"@id":"https:\/\/www.atins.me\/es\/#website"},"datePublished":"2011-01-05T17:53:33+00:00","dateModified":"2016-04-01T15:34:01+00:00","description":"Atins ist ein kleines Fischerd\u00f6rfchen an der K\u00fcste Maranh\u00e3os, gelegen am Rande des Len\u00e7\u00f3is Maranhenses Nationalparks und nahe Barreirinhas","breadcrumb":{"@id":"https:\/\/www.atins.me\/de\/atins\/#breadcrumb"},"inLanguage":"de","potentialAction":[{"@type":"ReadAction","target":["https:\/\/www.atins.me\/de\/atins\/"]}]},{"@type":"BreadcrumbList","@id":"https:\/\/www.atins.me\/de\/atins\/#breadcrumb","itemListElement":[{"@type":"ListItem","position":1,"name":"Home","item":"https:\/\/www.atins.me\/de\/"},{"@type":"ListItem","position":2,"name":"Atins"}]},{"@type":"WebSite","@id":"https:\/\/www.atins.me\/es\/#website","url":"https:\/\/www.atins.me\/es\/","name":"Atins","description":"Len\u00e7\u00f3is Maranhenses","potentialAction":[{"@type":"SearchAction","target":{"@type":"EntryPoint","urlTemplate":"https:\/\/www.atins.me\/es\/?s={search_term_string}"},"query-input":"required name=search_term_string"}],"inLanguage":"de"}]}},"jetpack_sharing_enabled":true,"_links":{"self":[{"href":"https:\/\/www.atins.me\/de\/wp-json\/wp\/v2\/pages\/1594"}],"collection":[{"href":"https:\/\/www.atins.me\/de\/wp-json\/wp\/v2\/pages"}],"about":[{"href":"https:\/\/www.atins.me\/de\/wp-json\/wp\/v2\/types\/page"}],"author":[{"embeddable":true,"href":"https:\/\/www.atins.me\/de\/wp-json\/wp\/v2\/users\/2"}],"replies":[{"embeddable":true,"href":"https:\/\/www.atins.me\/de\/wp-json\/wp\/v2\/comments?post=1594"}],"version-history":[{"count":0,"href":"https:\/\/www.atins.me\/de\/wp-json\/wp\/v2\/pages\/1594\/revisions"}],"wp:featuredmedia":[{"embeddable":true,"href":"https:\/\/www.atins.me\/de\/wp-json\/wp\/v2\/media\/8911"}],"wp:attachment":[{"href":"https:\/\/www.atins.me\/de\/wp-json\/wp\/v2\/media?parent=1594"}],"curies":[{"name":"wp","href":"https:\/\/api.w.org\/{rel}","templated":true}]}}