{"id":1310,"date":"2011-01-05T15:54:14","date_gmt":"2011-01-05T17:54:14","guid":{"rendered":"https:\/\/www.atins.me\/?page_id=1310"},"modified":"2016-04-01T12:33:00","modified_gmt":"2016-04-01T15:33:00","slug":"der-lencois-maranhenses-nationalpark","status":"publish","type":"page","link":"https:\/\/www.atins.me\/de\/der-lencois-maranhenses-nationalpark\/","title":{"rendered":"Der Len\u00e7\u00f3is Maranhenses Nationalpark"},"content":{"rendered":"<p><a href=\"https:\/\/www.atins.me\/wp-content\/uploads\/2011\/01\/photo-01_Tony-Galvez_682x383.jpg\"><img decoding=\"async\" loading=\"lazy\" class=\"alignnone wp-image-8879 size-full\" title=\"Len\u00e7\u00f3is Maranhenses Nationalpark\" src=\"https:\/\/www.atins.me\/wp-content\/uploads\/2011\/01\/photo-01_Tony-Galvez_682x383.jpg\" alt=\"Len\u00e7\u00f3is Maranhenses Nationalpark \u00a9Tony Galvez\" width=\"682\" height=\"383\" srcset=\"https:\/\/www.atins.me\/wp-content\/uploads\/2011\/01\/photo-01_Tony-Galvez_682x383.jpg 682w, https:\/\/www.atins.me\/wp-content\/uploads\/2011\/01\/photo-01_Tony-Galvez_682x383-300x168.jpg 300w\" sizes=\"(max-width: 682px) 100vw, 682px\" \/><\/a><\/p>\n<h1>Eine Welt der D\u00fcnen<\/h1>\n<p>Aus der Luft betrachtet, kommen einem die D\u00fcnen des Len\u00e7\u00f3is Maranhenses Nationalparks vor wie wei\u00dfe, im Wind flatternde Laken. Und genau das bedeutet der Name dieser Landschaft im brasilianischen Bundestaat Maranh\u00e3o ja auch: Len\u00e7\u00f3is Maranhenses \u2013 die \u201eBettlaken von Maranh\u00e3o\u201c. Diese Gegend, doppelt so gro\u00df wie das Stadtgebiet von Hamburg, ist eine magische W\u00fcste von schimmerndem Sand. Schw\u00e4rme silbriger Fische schwimmen in den leuchtend blauen oder gr\u00fcnen Lagunen. Sch\u00e4fer f\u00fchren Ziegen \u00fcber die Sandberge. Fischer fahren auf den Atlantik, mit nichts als Sternen und schaurigen Schiffswracks zur Orientierung. \u201eEs ist eine fremde, magische Welt\u201c, sagt meine Begleiterin Carolina Alvite.<\/p>\n<p>Streng genommen, sind die Len\u00e7\u00f3is Maranhenses keine W\u00fcste. Jedes Jahr fallen hier etwa 120 Zentimeter Regen \u2013 in einer richtigen W\u00fcste w\u00e4ren es per Definition nicht mehr als 25. Ohne Wasser w\u00fcrde es diese Landschaft gar nicht geben. Zwei angrenzende Fl\u00fcsse, der Parna\u00edba und der Pregui\u00e7as, schwemmen Sand aus dem Landesinnern in den Atlantik, wo er von der Str\u00f6mung nach Nordwesten verfrachtet wird. Ein Gro\u00dfteil der Sedimente lagert sich entlang dem 70 Kilometer langen Ufer dieses Schutzgebiets ab. In der Trockenzeit, vor allem im Oktober und November, weht ein st\u00e4ndiger Nordostwind sie dann bis zu 50 Kilometer weit ins Landesinnere und modelliert bis zu 40 Meter hohe, sichelf\u00f6rmige D\u00fcnen. Wie ein Meer aus Sand verlaufen sie bis zum Horizont. Und sie wandern \u2013 manche an die 20 Meter im Jahr.<\/p>\n<p>Im Wandel der Jahreszeiten bekommt diese Landschaft ein immer neues Gesicht. Zwischen Januar und Juni sammelt sich das Regenwasser in lagunenartigen Mulden. Manche dieser Seen sind mehr als 90 Meter lang und bis zu drei Meter tief. Anfang Juli erreicht das Wasser den h\u00f6chsten Stand. Wenn sich dann ein Fluss, etwa der R\u00edo Negro, seinen Weg durch die D\u00fcnen bahnt, entsteht manchmal sogar ein zusammenh\u00e4ngendes Gew\u00e4sser. Auf diese Weise gelangen Fische in die Seen, wo ihnen andere Fische oder Insektenlarven als Nahrung dienen. Es gibt sogar einige Arten wie den Gemeinen Wolfssalmler (Hoplias malabaricus), die sich vor Beginn der Trockenzeit in den Schlamm eingraben und erst wieder hervorkommen, wenn Monate sp\u00e4ter die folgende Regenzeit einsetzt. Ist sie vorbei, l\u00e4sst die hier in \u00c4quatorn\u00e4he besonders ausgepr\u00e4gte Hitze die Lagunen schnell verschwinden. Innerhalb eines Monats kann der Wasserspiegel um bis zu einen Meter fallen.<\/p>\n<p>Fische und Insekten sind nicht die einzigen Bewohner dieser Landschaft. Mitten in den D\u00fcnen gibt es zwei Oasen, Queimada dos Britos und Baixa Grande, deren Lehmbauten mit Palmwedeln gedeckt sind. 90 Menschen leben hier. Auch ihr Rhythmus wird von den Jahreszeiten bestimmt: In der Trockenperiode halten sie H\u00fchner, Ziegen und Rinder und bauen Maniok, Bohnen und Cashewn\u00fcsse an. Zudem sammeln sie die Bl\u00e4tter der Buriti- und der Carnaubapalme, aus denen Seile, H\u00e4ngematten sowie Wachs hergestellt werden. Bei Beginn der Regenzeit, wenn die Landwirtschaft schwieriger wird, ziehen die Leute aus den Oasen in ihre tempor\u00e4ren Fischersiedlungen am Strand. Sie verkaufen gesalzenen und getrockneten Atlantischen Tarpun und anderen Fisch an Zwischenh\u00e4ndler, die ihn in die St\u00e4dte bringen.<\/p>\n<p>Im Jahr 2002 wurde eine Fernstra\u00dfe von S\u00e3o Lu\u00eds, der Hauptstadt des Bundesstaats Maranh\u00e3o, nach Barreirinhas fertig gestellt. Dieses St\u00e4dtchen nennt sich stolz das Tor zum Nationalpark. Seither hat der Tourismus zugenommen: Mehr als 60000 Besucher kommen jedes Jahr \u2013 nicht zur Freude aller. Die Parkw\u00e4chter \u00e4rgern sich vor allem \u00fcber G\u00e4ste, die diese Landschaft als Spielwiese f\u00fcr ihre Gel\u00e4ndewagen betrachten. \u201eDas ist nat\u00fcrlich verboten\u201c, sagt Carolina Alvite. Sie sorgt sich besonders um Zugv\u00f6gel wie Schnepfen und Seeschwalben, die dort nisten. Stattdessen hofft sie auf weniger sch\u00e4dlichen, naturnahen Tourismus. Im vergangenen Jahr wanderte sie mit einer Gruppe durch den gesamten Park \u2013 insgesamt 65 Kilometer \u2013 und machte die Besucher auf die besondere Tierwelt aufmerksam: die Maranh\u00e3o-Schmuckschildkr\u00f6te (Trachemys adiutrix), das Sechsbinden-G\u00fcrteltier (Euphractus sexcinctus) oder das putzige Wei\u00dfohr-Opossum (Didelphis albiventris).<\/p>\n<p>Es \u00fcberrascht nicht, dass Naturfreunde von weit her kommen, um diese gr\u00f6\u00dfte D\u00fcnenlandschaft an der K\u00fcste Brasiliens zu erleben. Selbst Kenner sind \u00fcberrascht, wie sie sich wandelt und st\u00e4ndig neue, ungeahnte Reize offenbart. Wann immer Manuel Brito, der inzwischen verstorbene Ortsgr\u00fcnder der Oase Queimada dos Britos, mit seinen 500 Ziegen durch die D\u00fcnen des\u00a0Len\u00e7\u00f3is Maranhenses Nationalpark zog, staunte er dar\u00fcber, dass der Sand in st\u00e4ndiger Bewegung ist. \u201eAlles hier sieht stets gleich aus\u201c, sagte er mir einmal. \u201eAber wenn du genau hinschaust, stellst du fest, dass der Sand pl\u00f6tzlich ganz woanders liegt. Der Herr hat diese wei\u00dfen Berge erschaffen, und er sorgt daf\u00fcr, dass der Wind auf ewig mit ihnen spielt.\u201c<\/p>\n<p>\u00a9 Autor: Ronaldo Ribeiro\/National Geographic, 07\/2010 \u00fcber \u00a0Len\u00e7\u00f3is Maranhenses<\/p>\n","protected":false},"excerpt":{"rendered":"<p>Eine Welt der D\u00fcnen Aus der Luft betrachtet, kommen einem die D\u00fcnen des Len\u00e7\u00f3is Maranhenses Nationalparks vor wie wei\u00dfe, im Wind flatternde Laken. Und genau das bedeutet der Name dieser Landschaft im brasilianischen Bundestaat Maranh\u00e3o ja auch: Len\u00e7\u00f3is Maranhenses \u2013 die \u201eBettlaken von Maranh\u00e3o\u201c. Diese Gegend, doppelt so gro\u00df wie das Stadtgebiet von Hamburg, ist\u2026<\/p>\n","protected":false},"author":2,"featured_media":8879,"parent":0,"menu_order":2,"comment_status":"open","ping_status":"open","template":"template-with-sidebar.php","meta":{"_mi_skip_tracking":false,"_monsterinsights_sitenote_active":false,"_monsterinsights_sitenote_note":"","_monsterinsights_sitenote_category":0,"footnotes":""},"yoast_head":"<!-- This site is optimized with the Yoast SEO plugin v21.0 - https:\/\/yoast.com\/wordpress\/plugins\/seo\/ -->\n<title>Der Len\u00e7\u00f3is Maranhenses Nationalpark bei Atins in Brasilien<\/title>\n<meta name=\"description\" content=\"Der Len\u00e7\u00f3is Maranhenses Nationalpark, die \u201eBettlaken von Maranh\u00e3o\u201c ist doppelt so gro\u00df wie Hamburg liegt im Bundesstaat Maranh\u00e3o nahe der Stadt Barreirinhas\" \/>\n<meta name=\"robots\" content=\"index, follow, max-snippet:-1, max-image-preview:large, max-video-preview:-1\" \/>\n<link rel=\"canonical\" href=\"https:\/\/www.atins.me\/de\/der-lencois-maranhenses-nationalpark\/\" \/>\n<meta property=\"og:locale\" content=\"de_DE\" \/>\n<meta property=\"og:type\" content=\"article\" \/>\n<meta property=\"og:title\" content=\"Der Len\u00e7\u00f3is Maranhenses Nationalpark bei Atins\" \/>\n<meta property=\"og:description\" content=\"Len\u00e7\u00f3is Maranhenses \u2013 die \u201eBettlaken von Maranh\u00e3o\u201c. Die Gegend, doppelt so gro\u00df wie Hamburg liegt im Bundesstaats Maranh\u00e3o und der Stadt Barreirinhas\" \/>\n<meta property=\"og:url\" content=\"https:\/\/www.atins.me\/de\/der-lencois-maranhenses-nationalpark\/\" \/>\n<meta property=\"og:site_name\" content=\"Atins\" \/>\n<meta property=\"article:publisher\" content=\"http:\/\/www.facebook.com\/conventoarcadia\" \/>\n<meta property=\"article:modified_time\" content=\"2016-04-01T15:33:00+00:00\" \/>\n<meta property=\"og:image\" content=\"https:\/\/www.atins.me\/wp-content\/uploads\/2011\/01\/photo-01_Tony-Galvez_682x383.jpg\" \/>\n\t<meta property=\"og:image:width\" content=\"682\" \/>\n\t<meta property=\"og:image:height\" content=\"383\" \/>\n\t<meta property=\"og:image:type\" content=\"image\/jpeg\" \/>\n<meta name=\"twitter:card\" content=\"summary_large_image\" \/>\n<meta name=\"twitter:title\" content=\"Der Len\u00e7\u00f3is Maranhenses Nationalpark bei Atins\" \/>\n<meta name=\"twitter:description\" content=\"Len\u00e7\u00f3is Maranhenses \u2013 die \u201eBettlaken von Maranh\u00e3o\u201c. Die Gegend, doppelt so gro\u00df wie Hamburg liegt im Bundesstaats Maranh\u00e3o und der Stadt Barreirinhas\" \/>\n<meta name=\"twitter:image\" content=\"https:\/\/www.atins.me\/wp-content\/uploads\/2011\/01\/photo-01_Tony-Galvez_682x383.jpg\" \/>\n<meta name=\"twitter:site\" content=\"@atinsme\" \/>\n<meta name=\"twitter:label1\" content=\"Est. reading time\" \/>\n\t<meta name=\"twitter:data1\" content=\"4 minutes\" \/>\n<script type=\"application\/ld+json\" class=\"yoast-schema-graph\">{\"@context\":\"https:\/\/schema.org\",\"@graph\":[{\"@type\":\"WebPage\",\"@id\":\"https:\/\/www.atins.me\/de\/der-lencois-maranhenses-nationalpark\/\",\"url\":\"https:\/\/www.atins.me\/de\/der-lencois-maranhenses-nationalpark\/\",\"name\":\"Der Len\u00e7\u00f3is Maranhenses Nationalpark bei Atins in Brasilien\",\"isPartOf\":{\"@id\":\"https:\/\/www.atins.me\/es\/#website\"},\"datePublished\":\"2011-01-05T17:54:14+00:00\",\"dateModified\":\"2016-04-01T15:33:00+00:00\",\"description\":\"Der Len\u00e7\u00f3is Maranhenses Nationalpark, die \u201eBettlaken von Maranh\u00e3o\u201c ist doppelt so gro\u00df wie Hamburg liegt im Bundesstaat Maranh\u00e3o nahe der Stadt Barreirinhas\",\"breadcrumb\":{\"@id\":\"https:\/\/www.atins.me\/de\/der-lencois-maranhenses-nationalpark\/#breadcrumb\"},\"inLanguage\":\"de\",\"potentialAction\":[{\"@type\":\"ReadAction\",\"target\":[\"https:\/\/www.atins.me\/de\/der-lencois-maranhenses-nationalpark\/\"]}]},{\"@type\":\"BreadcrumbList\",\"@id\":\"https:\/\/www.atins.me\/de\/der-lencois-maranhenses-nationalpark\/#breadcrumb\",\"itemListElement\":[{\"@type\":\"ListItem\",\"position\":1,\"name\":\"Home\",\"item\":\"https:\/\/www.atins.me\/de\/\"},{\"@type\":\"ListItem\",\"position\":2,\"name\":\"Der Len\u00e7\u00f3is Maranhenses Nationalpark\"}]},{\"@type\":\"WebSite\",\"@id\":\"https:\/\/www.atins.me\/es\/#website\",\"url\":\"https:\/\/www.atins.me\/es\/\",\"name\":\"Atins\",\"description\":\"Len\u00e7\u00f3is Maranhenses\",\"potentialAction\":[{\"@type\":\"SearchAction\",\"target\":{\"@type\":\"EntryPoint\",\"urlTemplate\":\"https:\/\/www.atins.me\/es\/?s={search_term_string}\"},\"query-input\":\"required name=search_term_string\"}],\"inLanguage\":\"de\"}]}<\/script>\n<!-- \/ Yoast SEO plugin. -->","yoast_head_json":{"title":"Der Len\u00e7\u00f3is Maranhenses Nationalpark bei Atins in Brasilien","description":"Der Len\u00e7\u00f3is Maranhenses Nationalpark, die \u201eBettlaken von Maranh\u00e3o\u201c ist doppelt so gro\u00df wie Hamburg liegt im Bundesstaat Maranh\u00e3o nahe der Stadt Barreirinhas","robots":{"index":"index","follow":"follow","max-snippet":"max-snippet:-1","max-image-preview":"max-image-preview:large","max-video-preview":"max-video-preview:-1"},"canonical":"https:\/\/www.atins.me\/de\/der-lencois-maranhenses-nationalpark\/","og_locale":"de_DE","og_type":"article","og_title":"Der Len\u00e7\u00f3is Maranhenses Nationalpark bei Atins","og_description":"Len\u00e7\u00f3is Maranhenses \u2013 die \u201eBettlaken von Maranh\u00e3o\u201c. Die Gegend, doppelt so gro\u00df wie Hamburg liegt im Bundesstaats Maranh\u00e3o und der Stadt Barreirinhas","og_url":"https:\/\/www.atins.me\/de\/der-lencois-maranhenses-nationalpark\/","og_site_name":"Atins","article_publisher":"http:\/\/www.facebook.com\/conventoarcadia","article_modified_time":"2016-04-01T15:33:00+00:00","og_image":[{"width":682,"height":383,"url":"https:\/\/www.atins.me\/wp-content\/uploads\/2011\/01\/photo-01_Tony-Galvez_682x383.jpg","type":"image\/jpeg"}],"twitter_card":"summary_large_image","twitter_title":"Der Len\u00e7\u00f3is Maranhenses Nationalpark bei Atins","twitter_description":"Len\u00e7\u00f3is Maranhenses \u2013 die \u201eBettlaken von Maranh\u00e3o\u201c. Die Gegend, doppelt so gro\u00df wie Hamburg liegt im Bundesstaats Maranh\u00e3o und der Stadt Barreirinhas","twitter_image":"https:\/\/www.atins.me\/wp-content\/uploads\/2011\/01\/photo-01_Tony-Galvez_682x383.jpg","twitter_site":"@atinsme","twitter_misc":{"Est. reading time":"4 minutes"},"schema":{"@context":"https:\/\/schema.org","@graph":[{"@type":"WebPage","@id":"https:\/\/www.atins.me\/de\/der-lencois-maranhenses-nationalpark\/","url":"https:\/\/www.atins.me\/de\/der-lencois-maranhenses-nationalpark\/","name":"Der Len\u00e7\u00f3is Maranhenses Nationalpark bei Atins in Brasilien","isPartOf":{"@id":"https:\/\/www.atins.me\/es\/#website"},"datePublished":"2011-01-05T17:54:14+00:00","dateModified":"2016-04-01T15:33:00+00:00","description":"Der Len\u00e7\u00f3is Maranhenses Nationalpark, die \u201eBettlaken von Maranh\u00e3o\u201c ist doppelt so gro\u00df wie Hamburg liegt im Bundesstaat Maranh\u00e3o nahe der Stadt Barreirinhas","breadcrumb":{"@id":"https:\/\/www.atins.me\/de\/der-lencois-maranhenses-nationalpark\/#breadcrumb"},"inLanguage":"de","potentialAction":[{"@type":"ReadAction","target":["https:\/\/www.atins.me\/de\/der-lencois-maranhenses-nationalpark\/"]}]},{"@type":"BreadcrumbList","@id":"https:\/\/www.atins.me\/de\/der-lencois-maranhenses-nationalpark\/#breadcrumb","itemListElement":[{"@type":"ListItem","position":1,"name":"Home","item":"https:\/\/www.atins.me\/de\/"},{"@type":"ListItem","position":2,"name":"Der Len\u00e7\u00f3is Maranhenses Nationalpark"}]},{"@type":"WebSite","@id":"https:\/\/www.atins.me\/es\/#website","url":"https:\/\/www.atins.me\/es\/","name":"Atins","description":"Len\u00e7\u00f3is Maranhenses","potentialAction":[{"@type":"SearchAction","target":{"@type":"EntryPoint","urlTemplate":"https:\/\/www.atins.me\/es\/?s={search_term_string}"},"query-input":"required name=search_term_string"}],"inLanguage":"de"}]}},"jetpack_sharing_enabled":true,"_links":{"self":[{"href":"https:\/\/www.atins.me\/de\/wp-json\/wp\/v2\/pages\/1310"}],"collection":[{"href":"https:\/\/www.atins.me\/de\/wp-json\/wp\/v2\/pages"}],"about":[{"href":"https:\/\/www.atins.me\/de\/wp-json\/wp\/v2\/types\/page"}],"author":[{"embeddable":true,"href":"https:\/\/www.atins.me\/de\/wp-json\/wp\/v2\/users\/2"}],"replies":[{"embeddable":true,"href":"https:\/\/www.atins.me\/de\/wp-json\/wp\/v2\/comments?post=1310"}],"version-history":[{"count":0,"href":"https:\/\/www.atins.me\/de\/wp-json\/wp\/v2\/pages\/1310\/revisions"}],"wp:featuredmedia":[{"embeddable":true,"href":"https:\/\/www.atins.me\/de\/wp-json\/wp\/v2\/media\/8879"}],"wp:attachment":[{"href":"https:\/\/www.atins.me\/de\/wp-json\/wp\/v2\/media?parent=1310"}],"curies":[{"name":"wp","href":"https:\/\/api.w.org\/{rel}","templated":true}]}}