{"id":10788,"date":"2016-02-18T23:22:06","date_gmt":"2016-02-19T01:22:06","guid":{"rendered":"https:\/\/www.atins.me\/de\/map\/"},"modified":"2019-06-25T09:23:45","modified_gmt":"2019-06-25T12:23:45","slug":"karte","status":"publish","type":"page","link":"https:\/\/www.atins.me\/de\/lies-dies\/karte\/","title":{"rendered":"Karte"},"content":{"rendered":"<p><iframe loading=\"lazy\" src=\"https:\/\/www.google.com\/maps\/d\/embed?mid=1ZJOQbu2eBoH5_7LargqjEK4JZPoyX_YE\" width=\"640\" height=\"480\"><\/iframe><\/p>\n<p style=\"text-align: right;\"><a class=\"button\" href=\"https:\/\/www.atins.me\/wp-content\/uploads\/2016\/02\/Mapa-Atins-Sustenta\u0301vel.pdf\" target=\"_blank\" rel=\"noopener noreferrer\">Karte ausdrucken<\/a><\/p>\n","protected":false},"excerpt":{"rendered":"<p>Karte ausdrucken<\/p>\n","protected":false},"author":2,"featured_media":0,"parent":1767,"menu_order":2,"comment_status":"closed","ping_status":"closed","template":"","meta":{"_mi_skip_tracking":false,"_monsterinsights_sitenote_active":false,"_monsterinsights_sitenote_note":"","_monsterinsights_sitenote_category":0,"footnotes":""},"yoast_head":"<!-- This site is optimized with the Yoast SEO plugin v21.0 - https:\/\/yoast.com\/wordpress\/plugins\/seo\/ -->\n<title>Wo liegt Atins?<\/title>\n<meta name=\"description\" content=\"Atins ist ein kleines Fischerd\u00f6rfchen an der K\u00fcste Maranh\u00e3os und liegt am Rande des Nationalparks Len\u00e7\u00f3is Maranhenses, ca. 2 Stunden von Barreirinhas.\" \/>\n<meta name=\"robots\" content=\"index, follow, max-snippet:-1, max-image-preview:large, max-video-preview:-1\" \/>\n<link rel=\"canonical\" href=\"https:\/\/www.atins.me\/de\/lies-dies\/karte\/\" \/>\n<meta property=\"og:locale\" content=\"de_DE\" \/>\n<meta property=\"og:type\" content=\"article\" \/>\n<meta property=\"og:title\" content=\"Wo liegt Atins?\" \/>\n<meta property=\"og:description\" content=\"Atins ist ein kleines Fischerd\u00f6rfchen an der K\u00fcste Maranh\u00e3os und liegt am Rande des Nationalparks Len\u00e7\u00f3is Maranhenses, ca. 2 Stunden von Barreirinhas.\" \/>\n<meta property=\"og:url\" content=\"https:\/\/www.atins.me\/de\/lies-dies\/karte\/\" \/>\n<meta property=\"og:site_name\" content=\"Atins\" \/>\n<meta property=\"article:publisher\" content=\"http:\/\/www.facebook.com\/conventoarcadia\" \/>\n<meta property=\"article:modified_time\" content=\"2019-06-25T12:23:45+00:00\" \/>\n<meta name=\"twitter:card\" content=\"summary_large_image\" \/>\n<meta name=\"twitter:site\" content=\"@atinsme\" \/>\n<script type=\"application\/ld+json\" class=\"yoast-schema-graph\">{\"@context\":\"https:\/\/schema.org\",\"@graph\":[{\"@type\":\"WebPage\",\"@id\":\"https:\/\/www.atins.me\/de\/lies-dies\/karte\/\",\"url\":\"https:\/\/www.atins.me\/de\/lies-dies\/karte\/\",\"name\":\"Wo liegt Atins?\",\"isPartOf\":{\"@id\":\"https:\/\/www.atins.me\/es\/#website\"},\"datePublished\":\"2016-02-19T01:22:06+00:00\",\"dateModified\":\"2019-06-25T12:23:45+00:00\",\"description\":\"Atins ist ein kleines Fischerd\u00f6rfchen an der K\u00fcste Maranh\u00e3os und liegt am Rande des Nationalparks Len\u00e7\u00f3is Maranhenses, ca. 2 Stunden von Barreirinhas.\",\"breadcrumb\":{\"@id\":\"https:\/\/www.atins.me\/de\/lies-dies\/karte\/#breadcrumb\"},\"inLanguage\":\"de\",\"potentialAction\":[{\"@type\":\"ReadAction\",\"target\":[\"https:\/\/www.atins.me\/de\/lies-dies\/karte\/\"]}]},{\"@type\":\"BreadcrumbList\",\"@id\":\"https:\/\/www.atins.me\/de\/lies-dies\/karte\/#breadcrumb\",\"itemListElement\":[{\"@type\":\"ListItem\",\"position\":1,\"name\":\"Home\",\"item\":\"https:\/\/www.atins.me\/de\/\"},{\"@type\":\"ListItem\",\"position\":2,\"name\":\"Lies&#8217; dies\",\"item\":\"https:\/\/www.atins.me\/de\/lies-dies\/\"},{\"@type\":\"ListItem\",\"position\":3,\"name\":\"Karte\"}]},{\"@type\":\"WebSite\",\"@id\":\"https:\/\/www.atins.me\/es\/#website\",\"url\":\"https:\/\/www.atins.me\/es\/\",\"name\":\"Atins\",\"description\":\"Len\u00e7\u00f3is Maranhenses\",\"potentialAction\":[{\"@type\":\"SearchAction\",\"target\":{\"@type\":\"EntryPoint\",\"urlTemplate\":\"https:\/\/www.atins.me\/es\/?s={search_term_string}\"},\"query-input\":\"required name=search_term_string\"}],\"inLanguage\":\"de\"}]}<\/script>\n<!-- \/ Yoast SEO plugin. -->","yoast_head_json":{"title":"Wo liegt Atins?","description":"Atins ist ein kleines Fischerd\u00f6rfchen an der K\u00fcste Maranh\u00e3os und liegt am Rande des Nationalparks Len\u00e7\u00f3is Maranhenses, ca. 2 Stunden von Barreirinhas.","robots":{"index":"index","follow":"follow","max-snippet":"max-snippet:-1","max-image-preview":"max-image-preview:large","max-video-preview":"max-video-preview:-1"},"canonical":"https:\/\/www.atins.me\/de\/lies-dies\/karte\/","og_locale":"de_DE","og_type":"article","og_title":"Wo liegt Atins?","og_description":"Atins ist ein kleines Fischerd\u00f6rfchen an der K\u00fcste Maranh\u00e3os und liegt am Rande des Nationalparks Len\u00e7\u00f3is Maranhenses, ca. 2 Stunden von Barreirinhas.","og_url":"https:\/\/www.atins.me\/de\/lies-dies\/karte\/","og_site_name":"Atins","article_publisher":"http:\/\/www.facebook.com\/conventoarcadia","article_modified_time":"2019-06-25T12:23:45+00:00","twitter_card":"summary_large_image","twitter_site":"@atinsme","schema":{"@context":"https:\/\/schema.org","@graph":[{"@type":"WebPage","@id":"https:\/\/www.atins.me\/de\/lies-dies\/karte\/","url":"https:\/\/www.atins.me\/de\/lies-dies\/karte\/","name":"Wo liegt Atins?","isPartOf":{"@id":"https:\/\/www.atins.me\/es\/#website"},"datePublished":"2016-02-19T01:22:06+00:00","dateModified":"2019-06-25T12:23:45+00:00","description":"Atins ist ein kleines Fischerd\u00f6rfchen an der K\u00fcste Maranh\u00e3os und liegt am Rande des Nationalparks Len\u00e7\u00f3is Maranhenses, ca. 2 Stunden von Barreirinhas.","breadcrumb":{"@id":"https:\/\/www.atins.me\/de\/lies-dies\/karte\/#breadcrumb"},"inLanguage":"de","potentialAction":[{"@type":"ReadAction","target":["https:\/\/www.atins.me\/de\/lies-dies\/karte\/"]}]},{"@type":"BreadcrumbList","@id":"https:\/\/www.atins.me\/de\/lies-dies\/karte\/#breadcrumb","itemListElement":[{"@type":"ListItem","position":1,"name":"Home","item":"https:\/\/www.atins.me\/de\/"},{"@type":"ListItem","position":2,"name":"Lies&#8217; dies","item":"https:\/\/www.atins.me\/de\/lies-dies\/"},{"@type":"ListItem","position":3,"name":"Karte"}]},{"@type":"WebSite","@id":"https:\/\/www.atins.me\/es\/#website","url":"https:\/\/www.atins.me\/es\/","name":"Atins","description":"Len\u00e7\u00f3is Maranhenses","potentialAction":[{"@type":"SearchAction","target":{"@type":"EntryPoint","urlTemplate":"https:\/\/www.atins.me\/es\/?s={search_term_string}"},"query-input":"required name=search_term_string"}],"inLanguage":"de"}]}},"jetpack_sharing_enabled":true,"_links":{"self":[{"href":"https:\/\/www.atins.me\/de\/wp-json\/wp\/v2\/pages\/10788"}],"collection":[{"href":"https:\/\/www.atins.me\/de\/wp-json\/wp\/v2\/pages"}],"about":[{"href":"https:\/\/www.atins.me\/de\/wp-json\/wp\/v2\/types\/page"}],"author":[{"embeddable":true,"href":"https:\/\/www.atins.me\/de\/wp-json\/wp\/v2\/users\/2"}],"replies":[{"embeddable":true,"href":"https:\/\/www.atins.me\/de\/wp-json\/wp\/v2\/comments?post=10788"}],"version-history":[{"count":0,"href":"https:\/\/www.atins.me\/de\/wp-json\/wp\/v2\/pages\/10788\/revisions"}],"up":[{"embeddable":true,"href":"https:\/\/www.atins.me\/de\/wp-json\/wp\/v2\/pages\/1767"}],"wp:attachment":[{"href":"https:\/\/www.atins.me\/de\/wp-json\/wp\/v2\/media?parent=10788"}],"curies":[{"name":"wp","href":"https:\/\/api.w.org\/{rel}","templated":true}]}}